{"id":10237,"date":"2022-09-06T10:05:25","date_gmt":"2022-09-06T08:05:25","guid":{"rendered":"https:\/\/www.ensapc.fr\/francois-aubart\/"},"modified":"2025-10-02T12:13:10","modified_gmt":"2025-10-02T10:13:10","slug":"francois-aubart","status":"publish","type":"page","link":"https:\/\/www.ensapc.fr\/en\/francois-aubart\/","title":{"rendered":"FRAN\u00c7OIS AUBART"},"content":{"rendered":"<div class=\"wpb-content-wrapper\"><p>[vc_row][vc_column][vc_column_text]Fran\u00e7ois Aubart is a doctor in aesthetics, art critic, independent curator and editor. He has organized numerous exhibitions, the most recent of which is a double presentation of Judith Hopf&#8217;s work, Energies, co-curated with Xavier Franceschi and \u00c9milie Renard at Plateau-FRAC Ile-de France and B\u00e9tonsalon. In 2019, he defended a PhD thesis on the Pictures Generation, an American artistic movement that emerged in the late 1970s and was composed of artists who manipulated images from advertising and cinema. He is preparing a book on the same subject, entitled <em>L&#8217;attitude de la Pictures Generation<\/em> to be published by Les Presses du r\u00e9el. With Fran\u00e7ois Piron, he published a book of interviews with Sylv\u00e8re Lotringer about his editorial work (<em>Ce que Sylv\u00e8re Lotringer n&#8217;\u00e9crivait pas<\/em>, Paris, Paraguay Press). With Camille Pageard, he co-founded the publishing house M\u00eame pas l&#8217;hiver which publishes books on art and poetry.[\/vc_column_text][vc_btn title=&#8221;Contact&#8221; css=&#8221;&#8221; link=&#8221;url:mailto%3Afrancois.aubart%40ensapc.fr%20&#8243;][vc_btn title=&#8221;Learn more&#8221; css=&#8221;&#8221; link=&#8221;url:https%3A%2F%2Fwww.lespressesdureel.com%2Fauteur.php%3Fid%3D4670%26menu%3D0&#8243;][vc_empty_space height=&#8221;52px&#8221;][\/vc_column][\/vc_row]<\/p>\n<\/div>","protected":false},"excerpt":{"rendered":"<p>[vc_row][vc_column][vc_column_text]Fran\u00e7ois Aubart is a doctor in aesthetics, art critic, independent curator and editor. He has organized numerous exhibitions, the most recent of which is a double presentation of Judith Hopf&#8217;s work, Energies, co-curated with Xavier Franceschi and \u00c9milie Renard at Plateau-FRAC Ile-de France and B\u00e9tonsalon. In 2019, he defended a PhD thesis on the Pictures&#8230;  <a class=\"excerpt-read-more\" href=\"https:\/\/www.ensapc.fr\/en\/francois-aubart\/\" title=\"Read FRAN\u00c7OIS AUBART\">Read more &raquo;<\/a><\/p>\n","protected":false},"author":1,"featured_media":0,"parent":0,"menu_order":73,"comment_status":"closed","ping_status":"closed","template":"","meta":{"footnotes":""},"class_list":["post-10237","page","type-page","status-publish","hentry"],"_links":{"self":[{"href":"https:\/\/www.ensapc.fr\/en\/wp-json\/wp\/v2\/pages\/10237","targetHints":{"allow":["GET"]}}],"collection":[{"href":"https:\/\/www.ensapc.fr\/en\/wp-json\/wp\/v2\/pages"}],"about":[{"href":"https:\/\/www.ensapc.fr\/en\/wp-json\/wp\/v2\/types\/page"}],"author":[{"embeddable":true,"href":"https:\/\/www.ensapc.fr\/en\/wp-json\/wp\/v2\/users\/1"}],"replies":[{"embeddable":true,"href":"https:\/\/www.ensapc.fr\/en\/wp-json\/wp\/v2\/comments?post=10237"}],"version-history":[{"count":3,"href":"https:\/\/www.ensapc.fr\/en\/wp-json\/wp\/v2\/pages\/10237\/revisions"}],"predecessor-version":[{"id":14221,"href":"https:\/\/www.ensapc.fr\/en\/wp-json\/wp\/v2\/pages\/10237\/revisions\/14221"}],"wp:attachment":[{"href":"https:\/\/www.ensapc.fr\/en\/wp-json\/wp\/v2\/media?parent=10237"}],"curies":[{"name":"wp","href":"https:\/\/api.w.org\/{rel}","templated":true}]}}