{"id":12879,"date":"2024-09-18T16:54:44","date_gmt":"2024-09-18T14:54:44","guid":{"rendered":"https:\/\/www.ensapc.fr\/?page_id=12879"},"modified":"2025-10-02T11:36:56","modified_gmt":"2025-10-02T09:36:56","slug":"carla-adra","status":"publish","type":"page","link":"https:\/\/www.ensapc.fr\/en\/carla-adra\/","title":{"rendered":"Carla Adra"},"content":{"rendered":"<div class=\"wpb-content-wrapper\"><p>[vc_row][vc_column][vc_column_text css=&#8221;&#8221;]<strong>Carla Adra <\/strong>is a French and Canadian artist born in 1993 in Toronto (Canada). She lives and works in Paris. She is represented by the Galerie Valeria Cetraro, Paris. She studied at l\u2019\u00c9cole Nationale des Beaux-Arts de Lyon, 2020, the l\u2019\u00c9cole Nationale d\u2019Art et de Design de Reims in Reims, 2018, the Ontario College of Art and Design of Toronto in 2014. Her work was shown in group shows at the Palais de Tokyo, Paris), the 66<sup>th<\/sup> Montrouge Salon, the Marina Abramovic Institute (Amsterdam), the CAPC of Bordeaux, the 15th Lyon Biennale, FRAC Champagne-Ardenne, the Cit\u00e9 Internationale des Arts (International City of Arts) Paris, the Centre des Livres d\u2019Artistes (Artists Books Centre) (St-Yrieix- la-Perche), the Niemeyer Space (Paris).<\/p>\n<p>She is part of the 2024 shows \u00ab Power Up, technical imaginaries and social utopias \u00bb (at the Kunsthalle, Mulhouse), \u00ab Approaching Unreason \u00bb at the Palais de Tokyo (Paris), \u00abRevenir du pr\u00e9sent, regards crois\u00e9s sur la sc\u00e8ne actuelle (\u00ab Back from the Past, Converging views on the contemporary scene \u00bb), Collection Lambert (Avignon).<\/p>\n<p>Some solo shows include : in 2022 \u00ab Paroles chaudes \u00bb (\u00ab Warm Words \u00bb) La Galerie, Contemporary Art Centre in Noisy-le-Sec; en 2023 \u00ab \u00c7a te colle \u00e0 la peau (\u00ab It gets in your Blood \u00bb)\u00bb exhibition space M\u00e9c\u00e8nes du Sud Montpellier-S\u00e8te- B\u00e9ziers (Montpellier); in 2024 \u00abSe perdre sans peur\u00bb (\u00ab Lost without Fear \u00bb) 40mcube Art Centre (Rennes) and \u00ab Carnaval de chambre \u00bb (\u00ab Room Carnival \u00bb Galerie Valeria Cetraro (Paris). Carla Adra regularly produces performances in various institutions such as the Palais de Tokyo (Paris) or the Mus\u00e9e d\u2019art Moderne et Contemporain (Strasbourg). Her work has recently integrated the FMAC Fonds d\u2019art contemporain Paris collections, FRAC MECA Aquitaine, FRAC Artoth\u00e8que Nouvelle Aquitaine, FRAC Lorraine, and FRAC Les Abattoirs.<\/p>\n<p>Tales of the self and the experience of reciprocity are at the heart of Carla Adra\u2019s practice. She sets up moments of encounters through collective and performative experiments in which she lets the other have a voice and allows it to be heard when that same voice is often disqualified within the domestic, the urban or the institutional spheres. In public spaces or inside structures, she collects words in return for a real-life story, and suggests moving the situation of utterance, taking on a personal story the way we put someone else\u2019s clothes on, whilst individual testimonies resonate with shared experiences. Carla Adra simultaneously develops an intimist sculptural practice opening a dialogue between inner speech and subterranean shapes. Carla Adra also channels her practice into transmitting via workshops, sessions and meetings with mixed publics through collaborating with various collectives and institutions such as: TIMMY \u2013 Soutien aux Mineurs Exil\u00e9s \u00e0 Paris, Art en Partage \u00e0 Romainville, Les Ateliers M\u00e9dicis, Orange Rouge.[\/vc_column_text][vc_btn title=&#8221;Contact&#8221; css=&#8221;&#8221; link=&#8221;url:mailto%3Acarla.adra%40ensapc.fr%20&#8243;][vc_btn title=&#8221;Learn more&#8221; css=&#8221;&#8221; link=&#8221;url:https%3A%2F%2Fwww.carlaadra.com%2F&#8221;][vc_empty_space height=&#8221;52px&#8221;][\/vc_column][\/vc_row]<\/p>\n<\/div>","protected":false},"excerpt":{"rendered":"<p>[vc_row][vc_column][vc_column_text css=&#8221;&#8221;]Carla Adra is a French and Canadian artist born in 1993 in Toronto (Canada). She lives and works in Paris. She is represented by the Galerie Valeria Cetraro, Paris. She studied at l\u2019\u00c9cole Nationale des Beaux-Arts de Lyon, 2020, the l\u2019\u00c9cole Nationale d\u2019Art et de Design de Reims in Reims, 2018, the Ontario College&#8230;  <a class=\"excerpt-read-more\" href=\"https:\/\/www.ensapc.fr\/en\/carla-adra\/\" title=\"Read Carla Adra\">Read more &raquo;<\/a><\/p>\n","protected":false},"author":1,"featured_media":0,"parent":0,"menu_order":42,"comment_status":"closed","ping_status":"closed","template":"","meta":{"footnotes":""},"class_list":["post-12879","page","type-page","status-publish","hentry"],"_links":{"self":[{"href":"https:\/\/www.ensapc.fr\/en\/wp-json\/wp\/v2\/pages\/12879","targetHints":{"allow":["GET"]}}],"collection":[{"href":"https:\/\/www.ensapc.fr\/en\/wp-json\/wp\/v2\/pages"}],"about":[{"href":"https:\/\/www.ensapc.fr\/en\/wp-json\/wp\/v2\/types\/page"}],"author":[{"embeddable":true,"href":"https:\/\/www.ensapc.fr\/en\/wp-json\/wp\/v2\/users\/1"}],"replies":[{"embeddable":true,"href":"https:\/\/www.ensapc.fr\/en\/wp-json\/wp\/v2\/comments?post=12879"}],"version-history":[{"count":4,"href":"https:\/\/www.ensapc.fr\/en\/wp-json\/wp\/v2\/pages\/12879\/revisions"}],"predecessor-version":[{"id":14209,"href":"https:\/\/www.ensapc.fr\/en\/wp-json\/wp\/v2\/pages\/12879\/revisions\/14209"}],"wp:attachment":[{"href":"https:\/\/www.ensapc.fr\/en\/wp-json\/wp\/v2\/media?parent=12879"}],"curies":[{"name":"wp","href":"https:\/\/api.w.org\/{rel}","templated":true}]}}