{"id":13583,"date":"2025-06-19T09:56:55","date_gmt":"2025-06-19T07:56:55","guid":{"rendered":"https:\/\/www.ensapc.fr\/?page_id=13583"},"modified":"2025-06-19T10:00:54","modified_gmt":"2025-06-19T08:00:54","slug":"2025-2","status":"publish","type":"page","link":"https:\/\/www.ensapc.fr\/en\/ygrec\/archives\/2025-2\/","title":{"rendered":"2025"},"content":{"rendered":"<div class=\"wpb-content-wrapper\"><p>[vc_row][vc_column width=&#8221;1\/2&#8243;][vc_column_text css=&#8221;&#8221;]<strong><em>LES AVANT-CHOSES PR\u00c9-HISTOIRE D&#8217;UN LIEU<\/em><\/strong><\/p>\n<p dir=\"ltr\">Group Show<\/p>\n<p dir=\"ltr\"><strong>From the 5th of February to 17th of May 2025<br \/>\nOpening 1rst February 2025, 5pm to 9pm<\/strong><\/p>\n<p><strong>With : <\/strong>Lorena Almario Rojas, Dylan Altamiranda, Emma Bougaeff, Paul Caillard, Lou Dalifard, Emma Fleury-Cancouet, Kwama Frigaux, Elias Galindo Lopez, Louise Guegan, Myriam Houri, Lou-Pepita Iribarne-Carpentier, Soli Jeon, Yeongseo Jee, Shumeng Li, Ga\u00ebtane Martinot, Luciano Ortiz, Elea Roussel, Camille Simon Baudry, Greta Tessitore, Yu-Wen Wang.<\/p>\n<p><strong>Curators : <\/strong>Alejandra Riera, Laurence Vidil, Samuel Garland et Nicolas Charbonnier.<\/p>\n<p>[this text hasn&#8217;t been translated yet]<\/p>\n<p dir=\"ltr\">De l\u2019automne 2020 \u00e0 l\u2019hiver 2024, nous avons rencontr\u00e9 un lieu que nous avons nomm\u00e9, assez vite\u00a0: <em>la parcelle\u00a0<a title=\"\" href=\"#_ftn1\" name=\"_ftnref1\" data-cke-saved-href=\"#_ftn1\" data-cke-saved-name=\"_ftnref1\">[1]<\/a><\/em>.\u00a0Se concentrer sur ce qui \u00e9tait peu observ\u00e9 \u2014une parcelle de terre d\u00e9laiss\u00e9e, peupl\u00e9e en arbres et v\u00e9g\u00e9taux qui poussaient inlassablement autour des grilles de deux terrains de tennis \u00e0 l\u2019acc\u00e8s libre, et m\u00eame sur les sols d\u2019un parking entrecoup\u00e9 par les longues all\u00e9es des tilleuls\u2014, a permis de cr\u00e9er un temps <em>autre, <\/em>presque suspendu, r\u00eav\u00e9. Et d\u2019approcher en m\u00eame temps l\u2019existence et la r\u00e9alit\u00e9 propre de ce <em>lieu-parcelle<\/em>, tout comme celle de son pass\u00e9 paysan, d\u2019une terre d\u2019un village rural enseveli sous une cit\u00e9 administrative. Nous avons ainsi arpent\u00e9 \u00e0 diff\u00e9rentes saisons de ces quatre ann\u00e9es, ses quelques 7000 m\u00b2 de terre o\u00f9 le coucher du soleil pouvait encore \u00eatre appr\u00e9ci\u00e9 depuis le parc adjacent et o\u00f9 les ombres d\u2019arbres \u2014des plus anciens au plus jeunes\u2014, procuraient leur fra\u00eecheur.<\/p>\n<div>\n<hr align=\"left\" size=\"1\" width=\"33%\" \/>\n<div id=\"ftn1\"><a title=\"\" href=\"#_ftnref1\" name=\"_ftn1\" data-cke-saved-href=\"#_ftnref1\" data-cke-saved-name=\"_ftn1\">[1]<\/a> La parcelle est actuellement en chantier, c\u2019est la terre destin\u00e9e \u00e0 accueillir le nouveau b\u00e2timent de l\u2019\u00c9cole Nationale Sup\u00e9rieure d\u2019Arts de Paris-Cergy, en 2026.<\/div>\n<\/div>\n<p>[\/vc_column_text][vc_single_image image=&#8221;13226&#8243; img_size=&#8221;Medium&#8221; css=&#8221;.vc_custom_1750319803562{padding-left: 50px !important;}&#8221;][vc_empty_space][vc_btn title=&#8221;En savoir plus&#8221; css=&#8221;.vc_custom_1750320050736{padding-left: 25px !important;}&#8221; link=&#8221;url:https%3A%2F%2Fwww.ensapc.fr%2Fen%2Fygrec%2Farchives%2F2025-2%2Fles-avant-choses-pre-histoire-dun-lieu%2F&#8221;][vc_empty_space][\/vc_column][vc_column width=&#8221;1\/2&#8243;][vc_column_text css=&#8221;&#8221;][\/vc_column_text][\/vc_column][\/vc_row]<\/p>\n<\/div>","protected":false},"excerpt":{"rendered":"<p>[vc_row][vc_column width=&#8221;1\/2&#8243;][vc_column_text css=&#8221;&#8221;]LES AVANT-CHOSES PR\u00c9-HISTOIRE D&#8217;UN LIEU Group Show From the 5th of February to 17th of May 2025 Opening 1rst February 2025, 5pm to 9pm With : Lorena Almario Rojas, Dylan Altamiranda, Emma Bougaeff, Paul Caillard, Lou Dalifard, Emma Fleury-Cancouet, Kwama Frigaux, Elias Galindo Lopez, Louise Guegan, Myriam Houri, Lou-Pepita Iribarne-Carpentier, Soli Jeon, Yeongseo&#8230;  <a class=\"excerpt-read-more\" href=\"https:\/\/www.ensapc.fr\/en\/ygrec\/archives\/2025-2\/\" title=\"Read 2025\">Read more &raquo;<\/a><\/p>\n","protected":false},"author":1,"featured_media":0,"parent":5332,"menu_order":28,"comment_status":"closed","ping_status":"closed","template":"","meta":{"footnotes":""},"class_list":["post-13583","page","type-page","status-publish","hentry"],"_links":{"self":[{"href":"https:\/\/www.ensapc.fr\/en\/wp-json\/wp\/v2\/pages\/13583","targetHints":{"allow":["GET"]}}],"collection":[{"href":"https:\/\/www.ensapc.fr\/en\/wp-json\/wp\/v2\/pages"}],"about":[{"href":"https:\/\/www.ensapc.fr\/en\/wp-json\/wp\/v2\/types\/page"}],"author":[{"embeddable":true,"href":"https:\/\/www.ensapc.fr\/en\/wp-json\/wp\/v2\/users\/1"}],"replies":[{"embeddable":true,"href":"https:\/\/www.ensapc.fr\/en\/wp-json\/wp\/v2\/comments?post=13583"}],"version-history":[{"count":3,"href":"https:\/\/www.ensapc.fr\/en\/wp-json\/wp\/v2\/pages\/13583\/revisions"}],"predecessor-version":[{"id":13628,"href":"https:\/\/www.ensapc.fr\/en\/wp-json\/wp\/v2\/pages\/13583\/revisions\/13628"}],"up":[{"embeddable":true,"href":"https:\/\/www.ensapc.fr\/en\/wp-json\/wp\/v2\/pages\/5332"}],"wp:attachment":[{"href":"https:\/\/www.ensapc.fr\/en\/wp-json\/wp\/v2\/media?parent=13583"}],"curies":[{"name":"wp","href":"https:\/\/api.w.org\/{rel}","templated":true}]}}