{"id":13635,"date":"2025-06-19T14:06:51","date_gmt":"2025-06-19T12:06:51","guid":{"rendered":"https:\/\/www.ensapc.fr\/?page_id=13635"},"modified":"2025-06-19T14:06:51","modified_gmt":"2025-06-19T12:06:51","slug":"who-put-bella-in-the-witch-elm","status":"publish","type":"page","link":"https:\/\/www.ensapc.fr\/en\/ygrec\/archives\/2024-2\/who-put-bella-in-the-witch-elm\/","title":{"rendered":"WHO PUT BELLA IN THE WITCH ELM ?"},"content":{"rendered":"<div class=\"wpb-content-wrapper\"><p>[vc_row][vc_column][vc_single_image image=&#8221;13288&#8243; img_size=&#8221;Large&#8221; alignment=&#8221;center&#8221; css=&#8221;&#8221;][vc_column_text css=&#8221;&#8221;]Exhibition view, photo \u00a9 Objets Pointus[\/vc_column_text][\/vc_column][\/vc_row][vc_row][vc_column][vc_column_text css=&#8221;&#8221;]<strong>WHO PUT BELLA IN THE WITCH ELM?<\/strong><\/p>\n<p><strong>Group Show at Ygrec-ENSAPC Art Center<\/strong><br \/>\nFrom 04.12.2024 to 18.01.2025<br \/>\nOpening Saturday the 30th of November, 5 pm to 9 pm<\/p>\n<p><strong>With : <\/strong>Mathis Collins, Raphae\u0308l Delannoy, Le\u0301ontine Deslandes, Sveva Diolaiti, Gral et Isadora Guzniczak.<\/p>\n<p><strong>Curator :<\/strong> Gral<\/p>\n<p>The art Center Ygrec hands over the keys to a group of artists and ENSAPC students to manage a project from A to Z: they are responsible for the creation of their works, as well as curating, setting up and mediating the exhibition.<\/p>\n<p>The exhibition has its origins in a news item: the corpse of a woman is discovered one morning in April 1943, in the hollow of a tree planted in the middle of the Worcestershire English countryside. Soon after, anonymous graffities start to appear on the walls of the nearby village, all repeating the same question over a century: \u00ab Who put Bella in the Wych Elm? \u00bb<\/p>\n<p>Imbued by the surrounding mystery and the rural context in which they are found, those writings evoke the horrific possibilities set in folklore, starting point to the exhibition\u2019s proposition: exploring horror movies artistic heritage. Indeed, despite being unable to find Bella\u2019s murderer, the artists united here take on the transgressive qualities of \u00ab\u00a0horror folk\u00a0\u00bb, movie genre that fantasizes about a return to paganism whilst confronting our modern sensibilities to isolated communities with strange beliefs. From then on, the works on display offer a dark folklore, at ease with provocation and disturbance as political tool, outlining the landscapes of a new system in which nature and bodies all dance over the old-world ruins .<\/p>\n<p>&nbsp;<\/p>\n<p><strong>Mathis Collins<\/strong><\/p>\n<p>Born in 1986, lives and works in Paris.<br \/>\nRepresented by Cr\u00e8vecoeur Gallery, Paris.<\/p>\n<p>Mathis Collins studied art in Cergy, Metz, Montreal and Brussels before attending Open School East in London. A Franco-Canadian sculptor and performer, he organises collective workshops and public events around popular and grotesque objects and craft practices that attempt to rethink the ways in which popular art is exhibited. The subjects and materials explored in his work range from harvesting cork oak to decorating a bottle of spirits, from coffee tables to clown shoes, from polychrome bas-reliefs to Poulbots de Paris, from Second Empire caricatures to contemporary experimental art education methods. His work has been shown at the Palais de Tokyo, the Mus\u00e9e d&#8217;Art Moderne de la Ville de Paris, the Fondation Lafayette Anticipations, Paris, the Friche Belle de Mai in Marseille, the Rijksakademie in Amsterdam, 1m3 in Lausanne and Longtang, Z\u00fcrich.<\/p>\n<p><strong>Rapha\u00ebl Delannoy<\/strong><br \/>\nBorn in 2001, lives and works in Paris.<\/p>\n<p>Composed of sculptures and videos, Rapha\u00ebl Delannoy&#8217;s practice approaches blurry universes where symbols (characters, places) from traditional mythological tales are hijacked, henceforth seeking their contemporary connotations. Using \ufb01gures drawn from folklore, mythology or video games, his practice proposes stagings where di\ufb00erent characters mingle to form new narratives, halfway between satire and exquisite corpse. His work has been presented at The Koppel Project in London, Topic space in Geneva, Central Saint Martins College of Art and Design in London, and Points communs, new national scene de Cergy-Pontoise. He studied at the \u00c9cole nationale sup\u00e9rieure des beaux-arts de Lyon and is currently studying at the \u00c9cole nationale sup\u00e9rieure d&#8217;arts de Paris-Cergy.<\/p>\n<p><strong>L\u00e9ontine Deslandes<\/strong><br \/>\nBorn in 2000, lives and works in Greater Paris.<\/p>\n<p>Her artistic approach is in the tradition of figurative painting. Using photographic models inspired by everyday life, news images or images from her own imagination, her pictorial process raises questions about representation and the plastic transformations inherent in it. The result of this abundance of images is a syncretism. The artist uses the photographic image as a source to give free rein to her technical imagination and to intensify a form of distancing from reality. This is achieved through the use of stencils, painting knives, scotch tape, irregular brushstrokes, a serif system\u2026 According to the artist, this allows for a form of contingency in his process, from which emanates a haptic dimension. She obtained her DNSEP in 2024 from the \u00c9cole nationale sup\u00e9rieure d&#8217;arts de Paris-Cergy. Her paintings were exhibited during a residency at the Villa Josa in Namur in 2023, and she has taken part in several group exhibitions, including two at the Halle Roublot in Fontenay-sous-Bois in 2022. She is currently exhibiting at the Tour Orion in Montreuil, as part of the ENSAPC graduates&#8217; exhibition, La Roue de la Fortune.<\/p>\n<p><strong>Sveva Diolaiti<\/strong><br \/>\nBorn in 2001, lives and works in Greater Paris.<\/p>\n<p>Sveva Diolaiti works mainly with wax, which she uses to agglomerate objects related to the body and healthcare in her installations. Wax, melted and modelled, is one of her favourite materials due to its great versatility. Its malleability allows fragile bonds that are liable to change with each variation in temperature or handling. Through wax, she explores the notion of memory, collecting the residues of our passage and observing the traces we leave behind. She seeks to understand, reconstruct and preserve lost moments, suggesting that we interpret memories hidden in matter. Sveva Diolaiti is Italian and currently a fourth-year student at the \u00c9cole nationale sup\u00e9rieure d&#8217;arts de Paris-Cergy.<\/p>\n<p><strong>Gral<\/strong><br \/>\nBorn in 1998, lives and works in Greater Paris.<\/p>\n<p>As an artist-researcher, Gral explores the troubled spaces present in our normative systems, using gender, sexuality and the staging of the self as tools for transgression and the reconstruction of representations. Through their practice of photography, performance and academic research, they question the gaze itself, as well as its structural role in our collective imaginations and the future of our identities. Their work has recently been shown at the Sample (2023), the Ygrec Art Centre (2022), the Orion Tower (2024) and as part of the Art au Centre exhibition programme in Li\u00e8ge (2025). They also spoke at scientific events at the Universit\u00e9 Panth\u00e9on-Sorbonne (2023), the Paris campus of New York University (2023), the Universit\u00e9 Rennes 2 (2024) and the Mus\u00e9e de l&#8217;Homme (2024). Their research has been published in a number of journals. Gral graduated from the \u00c9cole nationale sup\u00e9rieure d&#8217;arts de Paris-Cergy in 2024 and from the Universit\u00e9 Panth\u00e9on-Sorbonne in 2021.<\/p>\n<p><strong>Isadora Guzniczak<\/strong><br \/>\nBorn in 2001, lives and works in Greater Paris.<\/p>\n<p>Isadora Guzniczak&#8217;s artistic and digital practice is inspired by archetypes, folklore, representations of identity and myths. Using objects from her personal life and symbolic representations, she adds complexity to traditional forms, bringing together new technologies and ritual gestures. She creates hybrid sculptures, jewellery and fetishes where the bestial and the funereal meet. She also works in writing, installation and performance. She obtained her DNSEP from the \u00c9cole nationale sup\u00e9rieure d&#8217;arts de Paris-Cergy in 2024.<\/p>\n<p>&nbsp;<\/p>\n<div class=\"carousel-slider-outer carousel-slider-outer-image-carousel carousel-slider-outer-13256\" style=\"--carousel-slider-nav-color:#f1f1f1;--carousel-slider-active-nav-color:#00d1b2;--carousel-slider-arrow-size:48px;--carousel-slider-bullet-size:10px\">\n<div id=\"&#039;id-13256\" class=\"carousel-slider carousel-slider-13256 arrows-visibility-hover dots-visibility-never arrows-outside dots-center dots-circle owl-carousel\" data-slide-type=\"image-carousel\" data-owl-settings='{\"nav\":true,\"dots\":false,\"slideBy\":1,\"stagePadding\":50,\"margin\":10,\"loop\":true,\"lazyLoad\":false,\"autoplay\":true,\"autoplayTimeout\":5000,\"autoplaySpeed\":500,\"autoplayHoverPause\":true,\"autoWidth\":false,\"responsive\":{\"300\":{\"items\":1},\"576\":{\"items\":1},\"768\":{\"items\":1},\"1024\":{\"items\":1},\"1280\":{\"items\":1},\"1536\":{\"items\":1}}}'>\n<div class=\"carousel-slider__item\">\n\t<img decoding=\"async\" width=\"3500\" height=\"2625\" src=\"https:\/\/www.ensapc.fr\/wp-content\/uploads\/2025\/01\/1-1-e1773156447509.jpg\" class=\"attachment-full size-full\" alt=\"\" \/><div class=\"carousel-slider__caption\"><p class=\"caption\">Photo \u00a9 objets pointus<\/p><\/div><\/a><\/div>\n\n<div class=\"carousel-slider__item\">\n\t<img decoding=\"async\" width=\"8238\" height=\"6179\" src=\"https:\/\/www.ensapc.fr\/wp-content\/uploads\/2025\/01\/2-1.jpg\" class=\"attachment-full size-full\" alt=\"\" srcset=\"https:\/\/www.ensapc.fr\/wp-content\/uploads\/2025\/01\/2-1.jpg 8238w, https:\/\/www.ensapc.fr\/wp-content\/uploads\/2025\/01\/2-1-300x225.jpg 300w, https:\/\/www.ensapc.fr\/wp-content\/uploads\/2025\/01\/2-1-1024x768.jpg 1024w, https:\/\/www.ensapc.fr\/wp-content\/uploads\/2025\/01\/2-1-768x576.jpg 768w\" sizes=\"(max-width: 8238px) 100vw, 8238px\" \/><div class=\"carousel-slider__caption\"><p class=\"caption\">Photo \u00a9 objets pointus<\/p><\/div><\/a><\/div>\n\n<div class=\"carousel-slider__item\">\n\t<img decoding=\"async\" width=\"3000\" height=\"2250\" src=\"https:\/\/www.ensapc.fr\/wp-content\/uploads\/2025\/01\/3-bis-1-e1773156341871.jpg\" class=\"attachment-full size-full\" alt=\"\" \/><div class=\"carousel-slider__caption\"><p class=\"caption\">Photo \u00a9 objets pointus<\/p><\/div><\/a><\/div>\n\n<div class=\"carousel-slider__item\">\n\t<img decoding=\"async\" width=\"3000\" height=\"2264\" src=\"https:\/\/www.ensapc.fr\/wp-content\/uploads\/2025\/01\/4-1-e1773156320427.jpg\" class=\"attachment-full size-full\" alt=\"\" \/><div class=\"carousel-slider__caption\"><p class=\"caption\">Photo \u00a9 objets pointus<\/p><\/div><\/a><\/div>\n\n<div class=\"carousel-slider__item\">\n\t<img decoding=\"async\" width=\"8256\" height=\"6192\" src=\"https:\/\/www.ensapc.fr\/wp-content\/uploads\/2025\/01\/5-1.jpg\" class=\"attachment-full size-full\" alt=\"\" srcset=\"https:\/\/www.ensapc.fr\/wp-content\/uploads\/2025\/01\/5-1.jpg 8256w, https:\/\/www.ensapc.fr\/wp-content\/uploads\/2025\/01\/5-1-300x225.jpg 300w, https:\/\/www.ensapc.fr\/wp-content\/uploads\/2025\/01\/5-1-1024x768.jpg 1024w, https:\/\/www.ensapc.fr\/wp-content\/uploads\/2025\/01\/5-1-768x576.jpg 768w\" sizes=\"(max-width: 8256px) 100vw, 8256px\" \/><div class=\"carousel-slider__caption\"><p class=\"caption\">Photo \u00a9 objets pointus<\/p><\/div><\/a><\/div>\n\n<div class=\"carousel-slider__item\">\n\t<img decoding=\"async\" width=\"8256\" height=\"6192\" src=\"https:\/\/www.ensapc.fr\/wp-content\/uploads\/2025\/01\/6-1.jpg\" class=\"attachment-full size-full\" alt=\"\" srcset=\"https:\/\/www.ensapc.fr\/wp-content\/uploads\/2025\/01\/6-1.jpg 8256w, https:\/\/www.ensapc.fr\/wp-content\/uploads\/2025\/01\/6-1-300x225.jpg 300w, https:\/\/www.ensapc.fr\/wp-content\/uploads\/2025\/01\/6-1-1024x768.jpg 1024w, https:\/\/www.ensapc.fr\/wp-content\/uploads\/2025\/01\/6-1-768x576.jpg 768w\" sizes=\"(max-width: 8256px) 100vw, 8256px\" \/><div class=\"carousel-slider__caption\"><p class=\"caption\">Photo \u00a9 objets pointus<\/p><\/div><\/a><\/div>\n\n<div class=\"carousel-slider__item\">\n\t<img decoding=\"async\" width=\"6022\" height=\"8030\" src=\"https:\/\/www.ensapc.fr\/wp-content\/uploads\/2025\/01\/7-1.jpg\" class=\"attachment-full size-full\" alt=\"\" srcset=\"https:\/\/www.ensapc.fr\/wp-content\/uploads\/2025\/01\/7-1.jpg 6022w, https:\/\/www.ensapc.fr\/wp-content\/uploads\/2025\/01\/7-1-225x300.jpg 225w, https:\/\/www.ensapc.fr\/wp-content\/uploads\/2025\/01\/7-1-768x1024.jpg 768w\" sizes=\"(max-width: 6022px) 100vw, 6022px\" \/><div class=\"carousel-slider__caption\"><p class=\"caption\">Photo \u00a9 objets pointus<\/p><\/div><\/a><\/div>\n\n<div class=\"carousel-slider__item\">\n\t<img decoding=\"async\" width=\"6022\" height=\"8030\" src=\"https:\/\/www.ensapc.fr\/wp-content\/uploads\/2025\/01\/8-1.jpg\" class=\"attachment-full size-full\" alt=\"\" srcset=\"https:\/\/www.ensapc.fr\/wp-content\/uploads\/2025\/01\/8-1.jpg 6022w, https:\/\/www.ensapc.fr\/wp-content\/uploads\/2025\/01\/8-1-225x300.jpg 225w, https:\/\/www.ensapc.fr\/wp-content\/uploads\/2025\/01\/8-1-768x1024.jpg 768w\" sizes=\"(max-width: 6022px) 100vw, 6022px\" \/><div class=\"carousel-slider__caption\"><p class=\"caption\">Photo \u00a9 objets pointus<\/p><\/div><\/a><\/div>\n\n<div class=\"carousel-slider__item\">\n\t<img decoding=\"async\" width=\"8256\" height=\"6192\" src=\"https:\/\/www.ensapc.fr\/wp-content\/uploads\/2025\/01\/9-1.jpg\" class=\"attachment-full size-full\" alt=\"\" srcset=\"https:\/\/www.ensapc.fr\/wp-content\/uploads\/2025\/01\/9-1.jpg 8256w, https:\/\/www.ensapc.fr\/wp-content\/uploads\/2025\/01\/9-1-300x225.jpg 300w, https:\/\/www.ensapc.fr\/wp-content\/uploads\/2025\/01\/9-1-1024x768.jpg 1024w, https:\/\/www.ensapc.fr\/wp-content\/uploads\/2025\/01\/9-1-768x576.jpg 768w\" sizes=\"(max-width: 8256px) 100vw, 8256px\" \/><div class=\"carousel-slider__caption\"><p class=\"caption\">Photo \u00a9 objets pointus<\/p><\/div><\/a><\/div>\n\n<div class=\"carousel-slider__item\">\n\t<img decoding=\"async\" width=\"8256\" height=\"6192\" src=\"https:\/\/www.ensapc.fr\/wp-content\/uploads\/2025\/01\/11-1.jpg\" class=\"attachment-full size-full\" alt=\"\" srcset=\"https:\/\/www.ensapc.fr\/wp-content\/uploads\/2025\/01\/11-1.jpg 8256w, https:\/\/www.ensapc.fr\/wp-content\/uploads\/2025\/01\/11-1-300x225.jpg 300w, https:\/\/www.ensapc.fr\/wp-content\/uploads\/2025\/01\/11-1-1024x768.jpg 1024w, https:\/\/www.ensapc.fr\/wp-content\/uploads\/2025\/01\/11-1-768x576.jpg 768w\" sizes=\"(max-width: 8256px) 100vw, 8256px\" \/><div class=\"carousel-slider__caption\"><p class=\"caption\">Photo \u00a9 objets pointus<\/p><\/div><\/a><\/div>\n\n<div class=\"carousel-slider__item\">\n\t<img decoding=\"async\" width=\"2514\" height=\"2560\" src=\"https:\/\/www.ensapc.fr\/wp-content\/uploads\/2025\/01\/12-1-scaled.jpg\" class=\"attachment-full size-full\" alt=\"\" srcset=\"https:\/\/www.ensapc.fr\/wp-content\/uploads\/2025\/01\/12-1-scaled.jpg 2514w, https:\/\/www.ensapc.fr\/wp-content\/uploads\/2025\/01\/12-1-295x300.jpg 295w, https:\/\/www.ensapc.fr\/wp-content\/uploads\/2025\/01\/12-1-1006x1024.jpg 1006w, https:\/\/www.ensapc.fr\/wp-content\/uploads\/2025\/01\/12-1-768x782.jpg 768w, https:\/\/www.ensapc.fr\/wp-content\/uploads\/2025\/01\/12-1-1508x1536.jpg 1508w, https:\/\/www.ensapc.fr\/wp-content\/uploads\/2025\/01\/12-1-2011x2048.jpg 2011w\" sizes=\"(max-width: 2514px) 100vw, 2514px\" \/><div class=\"carousel-slider__caption\"><p class=\"caption\">Photo \u00a9 objets pointus<\/p><\/div><\/a><\/div>\n\n<div class=\"carousel-slider__item\">\n\t<img decoding=\"async\" width=\"8030\" height=\"6022\" src=\"https:\/\/www.ensapc.fr\/wp-content\/uploads\/2025\/01\/13-1.jpg\" class=\"attachment-full size-full\" alt=\"\" srcset=\"https:\/\/www.ensapc.fr\/wp-content\/uploads\/2025\/01\/13-1.jpg 8030w, https:\/\/www.ensapc.fr\/wp-content\/uploads\/2025\/01\/13-1-300x225.jpg 300w, https:\/\/www.ensapc.fr\/wp-content\/uploads\/2025\/01\/13-1-1024x768.jpg 1024w, https:\/\/www.ensapc.fr\/wp-content\/uploads\/2025\/01\/13-1-768x576.jpg 768w\" sizes=\"(max-width: 8030px) 100vw, 8030px\" \/><div class=\"carousel-slider__caption\"><p class=\"caption\">Photo \u00a9 objets pointus<\/p><\/div><\/a><\/div>\n\n<div class=\"carousel-slider__item\">\n\t<img decoding=\"async\" width=\"8039\" height=\"6029\" src=\"https:\/\/www.ensapc.fr\/wp-content\/uploads\/2025\/01\/14-1.jpg\" class=\"attachment-full size-full\" alt=\"\" srcset=\"https:\/\/www.ensapc.fr\/wp-content\/uploads\/2025\/01\/14-1.jpg 8039w, https:\/\/www.ensapc.fr\/wp-content\/uploads\/2025\/01\/14-1-300x225.jpg 300w, https:\/\/www.ensapc.fr\/wp-content\/uploads\/2025\/01\/14-1-1024x768.jpg 1024w, https:\/\/www.ensapc.fr\/wp-content\/uploads\/2025\/01\/14-1-768x576.jpg 768w\" sizes=\"(max-width: 8039px) 100vw, 8039px\" \/><div class=\"carousel-slider__caption\"><p class=\"caption\">Photo \u00a9 objets pointus<\/p><\/div><\/a><\/div>\n\n<div class=\"carousel-slider__item\">\n\t<img decoding=\"async\" width=\"8093\" height=\"6070\" src=\"https:\/\/www.ensapc.fr\/wp-content\/uploads\/2025\/01\/15-1.jpg\" class=\"attachment-full size-full\" alt=\"\" srcset=\"https:\/\/www.ensapc.fr\/wp-content\/uploads\/2025\/01\/15-1.jpg 8093w, https:\/\/www.ensapc.fr\/wp-content\/uploads\/2025\/01\/15-1-300x225.jpg 300w, https:\/\/www.ensapc.fr\/wp-content\/uploads\/2025\/01\/15-1-1024x768.jpg 1024w, https:\/\/www.ensapc.fr\/wp-content\/uploads\/2025\/01\/15-1-768x576.jpg 768w\" sizes=\"(max-width: 8093px) 100vw, 8093px\" \/><div class=\"carousel-slider__caption\"><p class=\"caption\">Photo \u00a9 objets pointus<\/p><\/div><\/a><\/div>\n\n<\/div><!-- .carousel-slider-13256 -->\n<\/div><!-- .carousel-slider-outer-13256 -->\n[\/vc_column_text][\/vc_column][\/vc_row][vc_row][vc_column][vc_single_image image=&#8221;13123&#8243; img_size=&#8221;Full&#8221; alignment=&#8221;center&#8221; css=&#8221;&#8221;][\/vc_column][\/vc_row]<\/p>\n<\/div>","protected":false},"excerpt":{"rendered":"<p>[vc_row][vc_column][vc_single_image image=&#8221;13288&#8243; img_size=&#8221;Large&#8221; alignment=&#8221;center&#8221; css=&#8221;&#8221;][vc_column_text css=&#8221;&#8221;]Exhibition view, photo \u00a9 Objets Pointus[\/vc_column_text][\/vc_column][\/vc_row][vc_row][vc_column][vc_column_text css=&#8221;&#8221;]WHO PUT BELLA IN THE WITCH ELM? Group Show at Ygrec-ENSAPC Art Center From 04.12.2024 to 18.01.2025 Opening Saturday the 30th of November, 5 pm to 9 pm With : Mathis Collins, Raphae\u0308l Delannoy, Le\u0301ontine Deslandes, Sveva Diolaiti, Gral et Isadora Guzniczak. Curator :&#8230;  <a class=\"excerpt-read-more\" href=\"https:\/\/www.ensapc.fr\/en\/ygrec\/archives\/2024-2\/who-put-bella-in-the-witch-elm\/\" title=\"Read WHO PUT BELLA IN THE WITCH ELM ?\">Read more &raquo;<\/a><\/p>\n","protected":false},"author":1,"featured_media":0,"parent":12891,"menu_order":13,"comment_status":"closed","ping_status":"closed","template":"","meta":{"footnotes":""},"class_list":["post-13635","page","type-page","status-publish","hentry"],"_links":{"self":[{"href":"https:\/\/www.ensapc.fr\/en\/wp-json\/wp\/v2\/pages\/13635","targetHints":{"allow":["GET"]}}],"collection":[{"href":"https:\/\/www.ensapc.fr\/en\/wp-json\/wp\/v2\/pages"}],"about":[{"href":"https:\/\/www.ensapc.fr\/en\/wp-json\/wp\/v2\/types\/page"}],"author":[{"embeddable":true,"href":"https:\/\/www.ensapc.fr\/en\/wp-json\/wp\/v2\/users\/1"}],"replies":[{"embeddable":true,"href":"https:\/\/www.ensapc.fr\/en\/wp-json\/wp\/v2\/comments?post=13635"}],"version-history":[{"count":5,"href":"https:\/\/www.ensapc.fr\/en\/wp-json\/wp\/v2\/pages\/13635\/revisions"}],"predecessor-version":[{"id":13640,"href":"https:\/\/www.ensapc.fr\/en\/wp-json\/wp\/v2\/pages\/13635\/revisions\/13640"}],"up":[{"embeddable":true,"href":"https:\/\/www.ensapc.fr\/en\/wp-json\/wp\/v2\/pages\/12891"}],"wp:attachment":[{"href":"https:\/\/www.ensapc.fr\/en\/wp-json\/wp\/v2\/media?parent=13635"}],"curies":[{"name":"wp","href":"https:\/\/api.w.org\/{rel}","templated":true}]}}