{"id":14235,"date":"2025-10-02T13:07:48","date_gmt":"2025-10-02T11:07:48","guid":{"rendered":"https:\/\/www.ensapc.fr\/?page_id=14235"},"modified":"2025-10-02T13:07:48","modified_gmt":"2025-10-02T11:07:48","slug":"christophe-manon","status":"publish","type":"page","link":"https:\/\/www.ensapc.fr\/en\/christophe-manon\/","title":{"rendered":"Christophe Manon"},"content":{"rendered":"<div class=\"wpb-content-wrapper\"><p>[vc_row][vc_column][vc_column_text css=&#8221;&#8221;][this page hasn&#8217;t been translated yet]<\/p>\n<p>Christophe Manon m\u00e8ne des ateliers d\u2019\u00e9criture et cr\u00e9ation litt\u00e9raire \u00e0 l\u2019ENSAPC. Il a publi\u00e9 une vingtaine de livres parmi lesquels\u00a0<em>Au nord du futur<\/em>\u00a0(Nous, 2016),\u00a0<em>Jours redoutables\u00a0<\/em>(Les Inaper\u00e7us, 2017),\u00a0<em>Vie &amp; opinions de Gottfried Gr\u00f6ll<\/em>\u00a0(Dernier t\u00e9l\u00e9gramme, 2017),\u00a0<em>Testament, d\u2019apr\u00e8s F. Villon\u00a0<\/em>(Dernier t\u00e9l\u00e9gramme, 2020),\u00a0<em>Provisoires<\/em>\u00a0(Nous, 2022),\u00a0<em>Signes des temps<\/em>\u00a0(H\u00e9ros-Limite, 2024). Il est \u00e9galement l\u2019auteur d\u2019une trilogie aux \u00e9ditions Verdier\u00a0:\u00a0<em>Extr\u00eames et lumineux<\/em>\u00a0(2015),\u00a0<em>P\u00e2ture de vent<\/em>\u00a0(2019) et\u00a0<em>Porte du Soleil<\/em>\u00a0(2023). Il se produit r\u00e9guli\u00e8rement dans de nombreux pays dans le cadre de lectures publiques. En 2015, il re\u00e7oit le prix R\u00e9v\u00e9lation de la Soci\u00e9t\u00e9 des gens de lettres \u00e0 l\u2019occasion de la parution d\u2019<em>Extr\u00eames et lumineux<\/em>\u00a0aux \u00e9ditions Verdier. Il est en 2023 le 25<sup>e<\/sup>\u00a0laur\u00e9at du prix des D\u00e9couvreurs pour\u00a0<em>Provisoires<\/em>.[\/vc_column_text][vc_btn title=&#8221;Contact&#8221; css=&#8221;&#8221; link=&#8221;url:mailto%3Achristophe.manon%40ensapc.fr%20&#8243;][vc_btn title=&#8221;En savoir plus&#8221; css=&#8221;&#8221; link=&#8221;url:https%3A%2F%2Ffr.wikipedia.org%2Fwiki%2FChristophe_Manon&#8221;][vc_empty_space height=&#8221;52px&#8221;][\/vc_column][\/vc_row]<\/p>\n<\/div>","protected":false},"excerpt":{"rendered":"<p>[vc_row][vc_column][vc_column_text css=&#8221;&#8221;][this page hasn&#8217;t been translated yet] Christophe Manon m\u00e8ne des ateliers d\u2019\u00e9criture et cr\u00e9ation litt\u00e9raire \u00e0 l\u2019ENSAPC. Il a publi\u00e9 une vingtaine de livres parmi lesquels\u00a0Au nord du futur\u00a0(Nous, 2016),\u00a0Jours redoutables\u00a0(Les Inaper\u00e7us, 2017),\u00a0Vie &amp; opinions de Gottfried Gr\u00f6ll\u00a0(Dernier t\u00e9l\u00e9gramme, 2017),\u00a0Testament, d\u2019apr\u00e8s F. Villon\u00a0(Dernier t\u00e9l\u00e9gramme, 2020),\u00a0Provisoires\u00a0(Nous, 2022),\u00a0Signes des temps\u00a0(H\u00e9ros-Limite, 2024). Il est \u00e9galement l\u2019auteur d\u2019une&#8230;  <a class=\"excerpt-read-more\" href=\"https:\/\/www.ensapc.fr\/en\/christophe-manon\/\" title=\"Read Christophe Manon\">Read more &raquo;<\/a><\/p>\n","protected":false},"author":1,"featured_media":0,"parent":0,"menu_order":46,"comment_status":"closed","ping_status":"closed","template":"","meta":{"footnotes":""},"class_list":["post-14235","page","type-page","status-publish","hentry"],"_links":{"self":[{"href":"https:\/\/www.ensapc.fr\/en\/wp-json\/wp\/v2\/pages\/14235","targetHints":{"allow":["GET"]}}],"collection":[{"href":"https:\/\/www.ensapc.fr\/en\/wp-json\/wp\/v2\/pages"}],"about":[{"href":"https:\/\/www.ensapc.fr\/en\/wp-json\/wp\/v2\/types\/page"}],"author":[{"embeddable":true,"href":"https:\/\/www.ensapc.fr\/en\/wp-json\/wp\/v2\/users\/1"}],"replies":[{"embeddable":true,"href":"https:\/\/www.ensapc.fr\/en\/wp-json\/wp\/v2\/comments?post=14235"}],"version-history":[{"count":1,"href":"https:\/\/www.ensapc.fr\/en\/wp-json\/wp\/v2\/pages\/14235\/revisions"}],"predecessor-version":[{"id":14236,"href":"https:\/\/www.ensapc.fr\/en\/wp-json\/wp\/v2\/pages\/14235\/revisions\/14236"}],"wp:attachment":[{"href":"https:\/\/www.ensapc.fr\/en\/wp-json\/wp\/v2\/media?parent=14235"}],"curies":[{"name":"wp","href":"https:\/\/api.w.org\/{rel}","templated":true}]}}