{"id":14701,"date":"2025-03-05T09:12:20","date_gmt":"2025-03-05T08:12:20","guid":{"rendered":"https:\/\/www.ensapc.fr\/research\/candidatures-2026\/"},"modified":"2026-03-19T14:43:51","modified_gmt":"2026-03-19T13:43:51","slug":"call-for-applications-2026","status":"publish","type":"page","link":"https:\/\/www.ensapc.fr\/en\/research\/call-for-applications-2026\/","title":{"rendered":"APPLICATION 2026"},"content":{"rendered":"<div class=\"wpb-content-wrapper\"><p>[vc_row][vc_column][vc_column_text css=&#8221;&#8221;]The doctorate is a graduate degree conferred by a doctoral school\u2014in this case\u00a0<a href=\"https:\/\/www.u-cergy.fr\/fr\/recherche-et-valorisation\/ied\/equipe-de-l-eur.html\">CY Cergy Paris University Graduate School of Humanities, Creation, and Heritage<\/a>. Candidates must possess a master\u2019s degree or equivalent master\u2019s-level credential. After preparing and successfully defending a dissertation, candidates are awarded the doctoral degree.[\/vc_column_text][vc_column_text css=&#8221;&#8221;]<\/p>\n<h3>2026 CALL FOR APPLICATIONS<\/h3>\n<p>Applications are welcome from artists, creators, and authors active in the art world and holding a French 2-year master\u2019s degree or the equivalent. Complete information is presented in the program description available for download below.<\/p>\n<p>The complete PDF file must be sent as a single compiled file to the following email address:<\/p>\n<p>Applications must be sent as a single compiled file to the following email address: <a href=\"mailto:candidature-aac-eur@cyu.fr\">candidature-aac-eur@cyu.fr<\/a>,\u00a0<strong>from 2am on March 2, 2026, through 2am on April 13, 2026.<\/strong><\/p>\n<p>&nbsp;<\/p>\n<p><strong>For further information about the Practice-led doctorate at ENSAPC contact :<\/strong><br \/>\nEUG\u00c9NIE P\u00c9RON-DOUT\u00c9<br \/>\nResponsable des \u00e9tudes et de la recherche<br \/>\n<a href=\"mailto:eugenie.peron-doute@ensapc.fr\" target=\"_blank\" rel=\"noopener\">eugenie.peron-doute@ensapc.fr<\/a><br \/>\n<a href=\"tel:+330130308669\">+33 01 30 30 86 69<\/a><\/p>\n<p>or<\/p>\n<p>CY Cergy Paris University: <span id=\"m_1295859014062848233OBJ_PREFIX_DWT157_ZmEmailObjectHandler\" role=\"link\"><span id=\"m_1295859014062848233OBJ_PREFIX_DWT165_ZmEmailObjectHandler\" role=\"link\"><a href=\"mailto:doctoratparprojet@cyu.fr\" target=\"_blank\" rel=\"noopener\">doctoratparprojet@cyu.fr<\/a><\/span><\/span>[\/vc_column_text][vc_empty_space][\/vc_column][\/vc_row][vc_row][vc_column width=&#8221;1\/2&#8243;][vc_single_image image=&#8221;14199&#8243; alignment=&#8221;center&#8221; onclick=&#8221;custom_link&#8221; css=&#8221;&#8221; link=&#8221;https:\/\/www.ensapc.fr\/wp-content\/uploads\/2026\/03\/AAC2026_EUR_PSGS_HCH_dossier_candidat_ENG.pdf&#8221;][vc_column_text css=&#8221;&#8221;]<\/p>\n<p style=\"text-align: center;\">2026 Practice-led doctorate application form<\/p>\n<p>[\/vc_column_text][vc_empty_space height=&#8221;152px&#8221;][\/vc_column][vc_column width=&#8221;1\/2&#8243;][vc_single_image image=&#8221;14199&#8243; alignment=&#8221;center&#8221; onclick=&#8221;custom_link&#8221; css=&#8221;&#8221; link=&#8221;https:\/\/www.ensapc.fr\/wp-content\/uploads\/2026\/03\/AAC2026_EUR_PSGS_HCH_Reglement_ENG-2.pdf&#8221;][vc_column_text css=&#8221;&#8221;]<\/p>\n<p style=\"text-align: center;\">Rules for 2026 practice-led doctorate call for applications<\/p>\n<p>[\/vc_column_text][vc_empty_space height=&#8221;152px&#8221;][\/vc_column][\/vc_row]<\/p>\n<\/div>","protected":false},"excerpt":{"rendered":"<p>[vc_row][vc_column][vc_column_text css=&#8221;&#8221;]The doctorate is a graduate degree conferred by a doctoral school\u2014in this case\u00a0CY Cergy Paris University Graduate School of Humanities, Creation, and Heritage. Candidates must possess a master\u2019s degree or equivalent master\u2019s-level credential. After preparing and successfully defending a dissertation, candidates are awarded the doctoral degree.[\/vc_column_text][vc_column_text css=&#8221;&#8221;] 2026 CALL FOR APPLICATIONS Applications are welcome&#8230;  <a class=\"excerpt-read-more\" href=\"https:\/\/www.ensapc.fr\/en\/research\/call-for-applications-2026\/\" title=\"Read APPLICATION 2026\">Read more &raquo;<\/a><\/p>\n","protected":false},"author":1,"featured_media":0,"parent":1591,"menu_order":21,"comment_status":"closed","ping_status":"closed","template":"","meta":{"footnotes":""},"class_list":["post-14701","page","type-page","status-publish","hentry"],"_links":{"self":[{"href":"https:\/\/www.ensapc.fr\/en\/wp-json\/wp\/v2\/pages\/14701","targetHints":{"allow":["GET"]}}],"collection":[{"href":"https:\/\/www.ensapc.fr\/en\/wp-json\/wp\/v2\/pages"}],"about":[{"href":"https:\/\/www.ensapc.fr\/en\/wp-json\/wp\/v2\/types\/page"}],"author":[{"embeddable":true,"href":"https:\/\/www.ensapc.fr\/en\/wp-json\/wp\/v2\/users\/1"}],"replies":[{"embeddable":true,"href":"https:\/\/www.ensapc.fr\/en\/wp-json\/wp\/v2\/comments?post=14701"}],"version-history":[{"count":9,"href":"https:\/\/www.ensapc.fr\/en\/wp-json\/wp\/v2\/pages\/14701\/revisions"}],"predecessor-version":[{"id":14763,"href":"https:\/\/www.ensapc.fr\/en\/wp-json\/wp\/v2\/pages\/14701\/revisions\/14763"}],"up":[{"embeddable":true,"href":"https:\/\/www.ensapc.fr\/en\/wp-json\/wp\/v2\/pages\/1591"}],"wp:attachment":[{"href":"https:\/\/www.ensapc.fr\/en\/wp-json\/wp\/v2\/media?parent=14701"}],"curies":[{"name":"wp","href":"https:\/\/api.w.org\/{rel}","templated":true}]}}