{"id":1546,"date":"2016-09-20T16:40:40","date_gmt":"2016-09-20T14:40:40","guid":{"rendered":"https:\/\/www.ensapc.fr\/en\/school\/equipe"},"modified":"2025-10-02T14:24:40","modified_gmt":"2025-10-02T12:24:40","slug":"faculty-and-staff","status":"publish","type":"page","link":"https:\/\/www.ensapc.fr\/en\/school\/faculty-and-staff\/","title":{"rendered":"faculty and staff"},"content":{"rendered":"<div class=\"wpb-content-wrapper\"><p>[vc_row][vc_column][vc_single_image image=&#8221;1185&#8243; img_size=&#8221;full&#8221; alignment=&#8221;center&#8221; css_animation=&#8221;left-to-right&#8221;][\/vc_column][\/vc_row][vc_row el_id=&#8221;enseignants&#8221;][vc_column width=&#8221;1\/3&#8243;][vc_column_text]<\/p>\n<h3>Professors<\/h3>\n<p>[\/vc_column_text][\/vc_column][vc_column width=&#8221;1\/3&#8243;][\/vc_column][vc_column width=&#8221;1\/3&#8243;][\/vc_column][\/vc_row][vc_row][vc_column width=&#8221;1\/3&#8243;][vc_column_text css=&#8221;&#8221;]<a href=\"https:\/\/www.ensapc.fr\/en\/boris-achour\/\">BORIS ACHOUR<\/a><br \/>\nMultidisciplinary practices<\/p>\n<p><a href=\"https:\/\/www.ensapc.fr\/en\/carla-adra\/\" target=\"_blank\" rel=\"noopener\">CARLA ADRA<\/a><br \/>\nPerformance, sculpture, installation<\/p>\n<p><a href=\"https:\/\/www.ensapc.fr\/en\/francois-aubart\/\" target=\"_blank\" rel=\"noopener\">FRAN\u00c7OIS AUBART<\/a><br \/>\nHistory and theory of the arts<\/p>\n<p><a href=\"https:\/\/www.ensapc.fr\/en\/renaud-auguste-dormeuil\/\">RENAUD AUGUSTE-DORMEUIL<\/a><br \/>\nPhotography, imagery<\/p>\n<p><a href=\"https:\/\/www.ensapc.fr\/en\/carole-benzaken\/\">CAROLE BENZAKEN<\/a><br \/>\nPainting<\/p>\n<p><a href=\"https:\/\/www.ensapc.fr\/en\/carole-boulbes\/\">CAROLE BOULBES<\/a><br \/>\nHistory and theory of the arts<\/p>\n<p><a href=\"https:\/\/www.ensapc.fr\/en\/florent-caron-darras\/\">FLORENT CARON DARRAS<\/a><br \/>\nSound<\/p>\n<p><a href=\"https:\/\/www.ensapc.fr\/en\/marielle-chabal\/\">MARIELLE CHABAL<\/a><br \/>\nMultidisciplinary practices<\/p>\n<p><a href=\"https:\/\/www.ensapc.fr\/en\/charlotte-charbonnel\/\" target=\"_blank\" rel=\"noopener\">CHARLOTTE CHARBONNEL<\/a><br \/>\nArtistic research and experimentation, hybridization of knowledge<\/p>\n<p><a href=\"https:\/\/www.ensapc.fr\/fr\/jagna-ciuchta\/\">JAGNA CIUCHTA<\/a><br \/>\nInstallation, painting[\/vc_column_text][\/vc_column][vc_column width=&#8221;1\/3&#8243;][vc_column_text css=&#8221;&#8221;]<a href=\"https:\/\/www.ensapc.fr\/fr\/chuong-dai-vo\/\">CH\u01af\u01a0NG-\u0110\u00c0I V\u00d5<\/a><br \/>\nHistoire de l&#8217;art et des pratiques curatoriales<\/p>\n<p><a href=\"https:\/\/www.ensapc.fr\/en\/eric-dalbis\/\">\u00c9RIC DALBIS<\/a><br \/>\nPainting, drawing<\/p>\n<p><a href=\"https:\/\/www.ensapc.fr\/en\/gallien-dejean\/\">GALLIEN D\u00c9JEAN<\/a><br \/>\nCuratorial practice and critical writing<\/p>\n<p><a href=\"https:\/\/www.ensapc.fr\/en\/david-douard\/\" target=\"_blank\" rel=\"noopener\">DAVID DOUARD<\/a><br \/>\nSculpture<\/p>\n<p><a href=\"https:\/\/www.ensapc.fr\/en\/vincent-gerard\/\">VINCENT G\u00c9RARD<\/a><br \/>\nFilm<\/p>\n<p><a href=\"https:\/\/www.ensapc.fr\/en\/jeff-guess\/\">JEFF GUESS<\/a><br \/>\nOld and new media<\/p>\n<p><a href=\"https:\/\/www.ensapc.fr\/en\/veronique-joumard\/\">V\u00c9RONIQUE JOUMARD<\/a><br \/>\nMultidisciplinary practices, image and drawing<\/p>\n<p><a href=\"https:\/\/www.ensapc.fr\/en\/geoffroy-de-lagasnerie\/\">GEOFFROY DE LAGASNERIE<\/a><br \/>\nPhilosophy, sociology<\/p>\n<p><a href=\"https:\/\/www.ensapc.fr\/en\/luc-lang\/\">LUC LANG<\/a><br \/>\nAesthetics<\/p>\n<p><a href=\"https:\/\/www.ensapc.fr\/en\/corinne-le-neun\/\">CORINNE LE NE\u00dcN<\/a><br \/>\nHistory of art[\/vc_column_text][\/vc_column][vc_column width=&#8221;1\/3&#8243;][vc_column_text css=&#8221;&#8221;]<a href=\"https:\/\/www.ensapc.fr\/en\/laure-limongi\/\">LAURE LIMONGI<\/a><br \/>\nLiterary creation<\/p>\n<p><a href=\"https:\/\/www.ensapc.fr\/en\/eric-maillet\/\">\u00c9RIC MAILLET<\/a><a href=\"https:\/\/www.ensapc.fr\/fr\/federico-nicolao\"><br \/>\n<\/a>New media, installation<\/p>\n<p><a href=\"https:\/\/www.ensapc.fr\/fr\/christophe-manon\/\">CHRISTOPHE MANON<\/a><br \/>\nLiterary creation<\/p>\n<p><a href=\"https:\/\/www.ensapc.fr\/en\/judith-perron\/\">JUDITH PERRON<\/a><br \/>\nDance<\/p>\n<p><a href=\"https:\/\/www.ensapc.fr\/en\/alejandra-riera\/\">ALEJANDRA RIERA<\/a><br \/>\nTransversal and documentary practices and poetics<\/p>\n<p><a href=\"https:\/\/www.ensapc.fr\/en\/claudia-triozzi\/\">CLAUDIA TRIOZZI<\/a><br \/>\nDance, performance<\/p>\n<p><a href=\"https:\/\/www.ensapc.fr\/en\/jean-luc-verna\/\">JEAN-LUC VERNA<\/a><br \/>\nDrawing, multidisciplinary practices[\/vc_column_text][\/vc_column][\/vc_row][vc_row][vc_column width=&#8221;1\/3&#8243;][vc_column_text]<\/p>\n<h3>Visiting Professors<\/h3>\n<p>[\/vc_column_text][\/vc_column][vc_column width=&#8221;1\/3&#8243;][\/vc_column][vc_column width=&#8221;1\/3&#8243;][\/vc_column][\/vc_row][vc_row el_id=&#8221;visitingprofessors&#8221;][vc_column width=&#8221;1\/3&#8243;][vc_column_text]SHIRIN BARGHNAVARD<br \/>\nSept-December 2023<\/p>\n<p>MONICA NARULA<br \/>\n2022-2023<\/p>\n<p>ANRI SALA<br \/>\n2021-2022[\/vc_column_text][\/vc_column][vc_column width=&#8221;1\/3&#8243;][vc_column_text]BABAK AFRASSIABI et NASRIN TABATABAI<br \/>\n2019-2021<\/p>\n<p>ELISABETH SUBRIN (Fullbright scholar)<br \/>\n2019-2020[\/vc_column_text][\/vc_column][vc_column width=&#8221;1\/3&#8243;][vc_column_text]<a href=\"http:\/\/www.okudzeto.org\/\" target=\"_blank\" rel=\"noopener noreferrer\">SENAM OKUDZETO<\/a><br \/>\n2018-2019<\/p>\n<p>CL\u00c9MENTINE DELISS<br \/>\n2017-2018[\/vc_column_text][\/vc_column][\/vc_row][vc_row el_id=&#8221;chefs-ateliers&#8221;][vc_column width=&#8221;1\/3&#8243;][vc_column_text]<\/p>\n<h3>Workshop heads<\/h3>\n<p>[\/vc_column_text][\/vc_column][vc_column width=&#8221;1\/3&#8243;][\/vc_column][vc_column width=&#8221;1\/3&#8243;][\/vc_column][\/vc_row][vc_row][vc_column width=&#8221;1\/3&#8243;][vc_column_text]DAVID COUSINARD<br \/>\n<a href=\"https:\/\/www.ensapc.fr\/en\/school\/ressources\/\">Volume<\/a> \/ metal<br \/>\n<a href=\"mailto:david.cousinard@ensapc.fr\">david.cousinard@ensapc.fr<\/a><\/p>\n<p>SAMUEL GARLAND<br \/>\n<a href=\"https:\/\/www.ensapc.fr\/fr\/ecole\/ressources#volume\">Volume<\/a> \/ wood<br \/>\n<a href=\"mailto:samuel.garland@ensapc.fr\">samuel.garland@ensapc.fr<\/a><\/p>\n<p>NICOLAS CHARBONNIER<br \/>\n<a href=\"https:\/\/www.ensapc.fr\/en\/school\/ressources\/\">Sound<\/a><br \/>\n<a href=\"mailto:nicolas.charbonnier@ensapc.fr\"><span class=\"original\">nicolas.charbonnier@ensapc.fr<\/span><\/a>[\/vc_column_text][\/vc_column][vc_column width=&#8221;1\/3&#8243;][vc_column_text]CHRISTIAN GENTY<br \/>\n<a href=\"https:\/\/www.ensapc.fr\/en\/school\/ressources\/\">Photography<\/a><br \/>\n<a href=\"mailto:christian.genty@ensapc.fr\"><span class=\"original\">christian.genty@ensapc.fr<\/span><\/a><\/p>\n<p>B\u00c9R\u00c9NICE LEBFEVRE<br \/>\n<a href=\"https:\/\/www.ensapc.fr\/en\/school\/ressources\/\">Silk-screen, prints<\/a><br \/>\n<a href=\"mailto:benjamin.grafmeyer@ensapc.fr\"><span class=\"original\">berenice.lefebvre@ensapc.fr<\/span><\/a>[\/vc_column_text][\/vc_column][vc_column width=&#8221;1\/3&#8243;][vc_column_text]JEAN-LUC JUSSEAU<br \/>\n<a href=\"https:\/\/www.ensapc.fr\/en\/school\/ressources\/\">Video<\/a><br \/>\n<a href=\"mailto:jean-luc.oyama-jusseau@ensapc.fr\"><span class=\"original\">jean-luc.jusseau@ensapc.fr<\/span><\/a><\/p>\n<p>LIONEL CATELAN<br \/>\n<a href=\"https:\/\/www.ensapc.fr\/en\/school\/ressources\/\">Publishing and web design<br \/>\n<\/a><a href=\"mailto:lionel.catelan@ensapc.fr\">lionel.catelan@ensapc.fr<\/a>[\/vc_column_text][\/vc_column][\/vc_row][vc_row el_id=&#8221;administration&#8221;][vc_column width=&#8221;1\/3&#8243;][vc_column_text]<\/p>\n<h3>Administration<\/h3>\n<p>[\/vc_column_text][\/vc_column][vc_column width=&#8221;1\/3&#8243;][\/vc_column][vc_column width=&#8221;1\/3&#8243;][\/vc_column][\/vc_row][vc_row][vc_column width=&#8221;1\/3&#8243;][vc_column_text]<strong>DIRECTION<\/strong><\/p>\n<p>CHARLOTTE FOUCHET ISHII<br \/>\nDirector<\/p>\n<p>FLORENCE ARNOULT<br \/>\nExecutive secretariat<br \/>\n<a href=\"mailto:florence.arnoult@ensapc.fr\">florence.arnoult@ensapc.fr<\/a><br \/>\n<a href=\"tel:+33130307898\"> + 33 (0)1 30 30 78 98<\/a><\/p>\n<p><strong>GENERAL SECRETARIAT<\/strong><\/p>\n<p>CLARISSE AWEY<br \/>\nSecretary General<br \/>\n<a href=\"mailto:clarisse.awey@ensapc.fr\">clarisse.awey@ensapc.fr<\/a><\/p>\n<p>FRAN\u00c7OISE BRIE<br \/>\nAccounting and budget<br \/>\n<a href=\"mailto:francoise.brie@ensapc.fr\">francoise.brie@ensapc.fr<\/a><br \/>\n<a href=\"tel:+33130305444\"> + 33 (0)1 30 30 54 44 <\/a><\/p>\n<p>DAVID TAIEB<br \/>\nAccounting and budget<br \/>\n<a href=\"mailto:david.taieb@ensapc.fr\">david.taieb@ensapc.fr<\/a><\/p>\n<p>SYLVIE SEBBAH<br \/>\nHuman ressources<br \/>\n<a href=\"mailto:sylvie.sebbah@ensapc.fr\">sylvie.sebbah@ensapc.fr <\/a><br \/>\n<a href=\"tel:+33130307881\"> + 33 (0)1 30 30 78 81<\/a>[\/vc_column_text][\/vc_column][vc_column width=&#8221;1\/3&#8243;][vc_column_text]<strong>TEACHING AND RESEARCH<\/strong><\/p>\n<p>MARTINA OLIVERO<br \/>\nHead of Studies and Research<br \/>\n<a href=\"mailto:martina.olivero@ensapc.fr\">martina.olivero@ensapc.fr<\/a><br \/>\n+33 (0)1 30 30 88 99<\/p>\n<p>KARDELEN AYHAN<br \/>\nEducation Officer<br \/>\n<a href=\"mailto:kardelen.ayhan@ensapc.fr\" target=\"_blank\" rel=\"noopener\">kardelen.ayhan@ensapc.fr<\/a><br \/>\n<a href=\"tel:+33130307887\"> + 33 (0)1 30 30 78 87 <\/a><\/p>\n<p>MARIE-LISE DUMESNIL<br \/>\nEducation Officer<br \/>\n<a href=\"mailto:marie-lise.dumesnil@ensapc.fr\">marie-lise.dumesnil@ensapc.fr<\/a><br \/>\n<a href=\"tel:+33130307893\"> + 33 (0)1 30 30 78 93 <\/a><\/p>\n<p>VINCENT GAILLARD<br \/>\nEducation Officer<a href=\"tel:+33130308809\"><br \/>\nvincent.gaillard@ensapc.fr<br \/>\n<\/a><a href=\"tel:+33130307546\"> + 33 (0)1 30 30 75 46<\/a><\/p>\n<p>&nbsp;<\/p>\n<p><strong>INTERNATIONAL RELATIONS AND CAREER DEVELOPMENT<\/strong><\/p>\n<p>CAMILLE KINGU\u00c9<br \/>\nHead of department<br \/>\n<a href=\"mailto:camille.kingue@ensapc.fr\">camille.kingue@ensapc.fr<\/a><br \/>\n<a href=\"tel:+33130308809\"> + 33 (0)1 30 30 88 09 <\/a><\/p>\n<p>LAMIA\u00c2 SAJID-SOLIMAN<br \/>\nIn charge of international relations and professionalization<br \/>\n<a href=\"mailto:lamiaa.sajid-soliman@ensapc.fr\" target=\"_blank\" rel=\"noopener noreferrer\">lamiaa.sajid-soliman@ensapc.fr<\/a><br \/>\n<a href=\"tel:+33130308809\">+ 33 (0)<\/a><a href=\"tel:01%2030%2030%2086%2069\" target=\"_blank\" rel=\"noopener noreferrer\">1 30 30 86 69<\/a>[\/vc_column_text][\/vc_column][vc_column width=&#8221;1\/3&#8243;][vc_column_text]<strong>YGREC ART CENTER<\/strong><\/p>\n<p>GUILLAUME BRETON<br \/>\nDirector<br \/>\n<a href=\"mailto:guillaume.breton@ensapc.fr\">guillaume.breton@ensapc.fr <\/a><\/p>\n<p><strong><a href=\"https:\/\/www.ensapc.fr\/fr\/ecole\/ressources#cdi\">DOCUMENTATION CENTER<\/a><\/strong><\/p>\n<p>NADINE LE RIGOLEUR<br \/>\nHead of documentation center<br \/>\n<a href=\"mailto:nadine.le-rigoleur@ensapc.fr\">nadine.le-rigoleur@ensapc.fr<\/a><br \/>\n<a href=\"tel:+33130 07891\"> + 33 (0)1 30 30 78 91<\/a><\/p>\n<p><strong>SUPPORT<\/strong><\/p>\n<p>LYDIE PACILLY<br \/>\nStore<br \/>\n<a href=\"mailto:lydie.pacilly@ensapc.fr\">lydie.pacilly@ensapc.fr <\/a><br \/>\n<a href=\"tel:+33130307888\"> + 33 (0)1 30 30 78 88 <\/a><\/p>\n<p>ALBERIC CHABANON<br \/>\nBuilding operations and maintenance<br \/>\n<a href=\"mailto:alberic.chabanon@ensapc.fr\">alberic.chabanon@ensapc.fr<\/a><br \/>\n<a href=\"tel:+33130305444\"> + 33 (0)1 30 30 54 44 <\/a><\/p>\n<p><strong>FRONT DESK<\/strong><\/p>\n<p>STEEVE GANDOSSI<br \/>\nReception, switchboard<br \/>\n<a href=\"mailto:accueil@ensapc.fr\">accueil@ensapc.fr<\/a><br \/>\n<a href=\"tel:+33130305444\"> + 33 (0)1 30 30 54 44 <\/a>[\/vc_column_text][\/vc_column][\/vc_row]<\/p>\n<\/div>","protected":false},"excerpt":{"rendered":"<p>[vc_row][vc_column][vc_single_image image=&#8221;1185&#8243; img_size=&#8221;full&#8221; alignment=&#8221;center&#8221; css_animation=&#8221;left-to-right&#8221;][\/vc_column][\/vc_row][vc_row el_id=&#8221;enseignants&#8221;][vc_column width=&#8221;1\/3&#8243;][vc_column_text] Professors [\/vc_column_text][\/vc_column][vc_column width=&#8221;1\/3&#8243;][\/vc_column][vc_column width=&#8221;1\/3&#8243;][\/vc_column][\/vc_row][vc_row][vc_column width=&#8221;1\/3&#8243;][vc_column_text css=&#8221;&#8221;]BORIS ACHOUR Multidisciplinary practices CARLA ADRA Performance, sculpture, installation FRAN\u00c7OIS AUBART History and theory of the arts RENAUD AUGUSTE-DORMEUIL Photography, imagery CAROLE BENZAKEN Painting CAROLE BOULBES History and theory of the arts FLORENT CARON DARRAS Sound MARIELLE CHABAL Multidisciplinary practices CHARLOTTE CHARBONNEL Artistic&#8230;  <a class=\"excerpt-read-more\" href=\"https:\/\/www.ensapc.fr\/en\/school\/faculty-and-staff\/\" title=\"Read faculty and staff\">Read more &raquo;<\/a><\/p>\n","protected":false},"author":1,"featured_media":0,"parent":1542,"menu_order":214,"comment_status":"closed","ping_status":"closed","template":"","meta":{"footnotes":""},"class_list":["post-1546","page","type-page","status-publish","hentry"],"_links":{"self":[{"href":"https:\/\/www.ensapc.fr\/en\/wp-json\/wp\/v2\/pages\/1546","targetHints":{"allow":["GET"]}}],"collection":[{"href":"https:\/\/www.ensapc.fr\/en\/wp-json\/wp\/v2\/pages"}],"about":[{"href":"https:\/\/www.ensapc.fr\/en\/wp-json\/wp\/v2\/types\/page"}],"author":[{"embeddable":true,"href":"https:\/\/www.ensapc.fr\/en\/wp-json\/wp\/v2\/users\/1"}],"replies":[{"embeddable":true,"href":"https:\/\/www.ensapc.fr\/en\/wp-json\/wp\/v2\/comments?post=1546"}],"version-history":[{"count":13,"href":"https:\/\/www.ensapc.fr\/en\/wp-json\/wp\/v2\/pages\/1546\/revisions"}],"predecessor-version":[{"id":14248,"href":"https:\/\/www.ensapc.fr\/en\/wp-json\/wp\/v2\/pages\/1546\/revisions\/14248"}],"up":[{"embeddable":true,"href":"https:\/\/www.ensapc.fr\/en\/wp-json\/wp\/v2\/pages\/1542"}],"wp:attachment":[{"href":"https:\/\/www.ensapc.fr\/en\/wp-json\/wp\/v2\/media?parent=1546"}],"curies":[{"name":"wp","href":"https:\/\/api.w.org\/{rel}","templated":true}]}}