{"id":1583,"date":"2016-09-20T16:53:11","date_gmt":"2016-09-20T14:53:11","guid":{"rendered":"https:\/\/www.ensapc.fr\/en\/admissions\/premiere-annee"},"modified":"2026-01-07T11:38:36","modified_gmt":"2026-01-07T10:38:36","slug":"premiere-annee","status":"publish","type":"page","link":"https:\/\/www.ensapc.fr\/en\/admissions\/premiere-annee\/","title":{"rendered":"FIRST-YEAR ADMISSIONS"},"content":{"rendered":"<div class=\"wpb-content-wrapper\"><p>[vc_row][vc_column][vc_single_image image=&#8221;3596&#8243; img_size=&#8221;full&#8221; alignment=&#8221;center&#8221; css_animation=&#8221;bottom-to-top&#8221;][\/vc_column][\/vc_row][vc_row el_id=&#8221;g\u00e9n\u00e9ral&#8221;][vc_column][vc_column_text css=&#8221;&#8221;]Students of any nationality may apply for admission into the first year of the ENSAPC curriculum. There is no age limit. Annual tuition for 2025\/26 is set by law at \u20ac451 ( Decree of June 4th, 2023). <strong>ENSAPC does not charge non-EU students more than EU students. <\/strong><\/p>\n<p>Registration fees for the entrance examinations (for both initial and transfer admissions) are set each year by the Ministry of Culture. In 2025\/26, they are \u20ac39 euros. Scholarship students are exempted from the examination fees.[\/vc_column_text][\/vc_column][\/vc_row][vc_row el_id=&#8221;conditions&#8221;][vc_column][vc_column_text css=&#8221;&#8221;]<\/p>\n<h3><strong>ADMISSION REQUIREMENTS<\/strong><\/h3>\n<p>The French <em>baccalaur\u00e9at<\/em> or an equivalent secondary-school diploma is required for admission. All applicants of all nationalities\u2014those still working toward their diploma, those who already have it, and those already enrolled in a postsecondary program\u2014must apply online using the Parcoursup portal. Applications received through any other channel will be disregarded.<\/p>\n<p>Applicants who do not hold a secondary-school diploma may request an exemption allowing them to sit for the first-year entrance examination. To request the exemption, they should contact the school directly at <a href=\"mailto:concours.1annee@ensapc.fr\">concours.1annee@ensapc.fr\u00a0 <\/a>before the<strong> 08 of March 2026.<\/strong>[\/vc_column_text][\/vc_column][\/vc_row][vc_row el_id=&#8221;epreuves&#8221;][vc_column][vc_column_text]<\/p>\n<h3><strong>ENTRANCE EXAMINATION<\/strong><\/h3>\n<p>Eligibility phase :<\/p>\n<p>1. Application file with the requested documents and a statement of free form indicating your motivations<br \/>\n2. Portfolio<br \/>\n3. Creative exercise<br \/>\n4. Freeform text on a work, event or artistic issue of your choice<\/p>\n<p>Admission phase :<\/p>\n<p>Interview (about 15 minutes) with a jury of at least two professors, during which the candidate presents a selection of personal works. The interview is set to evaluate the candidate&#8217;s capacity for analysis, motivation, autonomy and knowledge of the stakes of contemporary creation.[\/vc_column_text][\/vc_column][\/vc_row][vc_row el_id=&#8221;resultats&#8221;][vc_column][vc_column_text css=&#8221;&#8221;]<\/p>\n<h3><strong>EXAMINATION RESULTS<\/strong><\/h3>\n<p>Following the announcement of the examination results and prior to July 31 of the year of enrollment, successful applicants will be mailed a registration form that is to be completed and submitted to the school with the required documentation during registration week in September. Upon submission of their registration form, new students are to pay their tuition and fees, including the cost of membership in the national student health insurance system. These amounts are set each year by the Ministry of Culture.[\/vc_column_text][\/vc_column][\/vc_row][vc_row el_id=&#8221;calendrier&#8221;][vc_column][vc_column_text css=&#8221;&#8221;]<\/p>\n<h3><strong>2026 ADMISSIONS CALENDAR<\/strong><\/h3>\n<p>The application form for admission may be downloaded from this page between January 19th and April 1st 2026.<br \/>\nThe calendar follows <a href=\"https:\/\/www.parcoursup.fr\/index.php?desc=calendrier\" target=\"_blank\" rel=\"noopener\">Parcoursup&#8217;s calendar<\/a>.<br \/>\nThe deadline for submission of applications is 1 April, 2026 (<span class=\"Y2IQFc\" lang=\"en\">midnight<\/span>).<br \/>\nThe dates of the interviews with the jury on the basis of the dossier will take place from May 4 to 7, 2026.[\/vc_column_text][\/vc_column][\/vc_row][vc_row el_id=&#8221;dossier&#8221;][vc_column][vc_column_text css=&#8221;&#8221;]<\/p>\n<h3>APPLICATION FORM<\/h3>\n<p>Application form for the first year entrance exam has to be returned to the school at the same time as the registration on Parcoursup. Downloadable as of January, 19th and until April 1st, 2026.[\/vc_column_text][\/vc_column][\/vc_row][vc_row el_id=&#8221;apa&#8221;][vc_column][vc_column_text]<\/p>\n<h3><strong>COMMON FIRST YEAR IN ARTS, ARCHITECTURE, AND LANDSCAPE DESIGN<\/strong><\/h3>\n<p>Beginning in fall 2020, ENSAPC, the \u00c9cole Nationale Sup\u00e9rieure de Paysage (National School of Landscape Design), and the \u00c9cole Nationale Sup\u00e9rieure d\u2019Architecture de Versailles will offer a common first-year undergraduate curriculum for incoming first-year students. The common curriculum will begin to prepare them for the degrees offered by the three institutions: respectively, the Dipl\u00f4me National d\u2019Art (DNA) and Dipl\u00f4me National Sup\u00e9rieur d\u2019Expression Plastique (DNSEP); the Dipl\u00f4me d\u2019Etat de Paysagiste; and the Dipl\u00f4me d\u2019\u00c9tat d\u2019Architecte. The common first year will be center on a cross-cutting, multidisciplinary program of study that allows students to develop a better idea of their educational goals and professional interests. The bulk of the program takes place at the historic Potager du Roi in Versailles, the site of the \u00c9cole Nationale Sup\u00e9rieure de Paysage.<\/p>\n<p>The French <em>baccalaur\u00e9at<\/em> or equivalent secondary-school diploma is required. All applicants of all nationalities\u2014those still working toward their diploma, those who already have it, and those already enrolled in a postsecondary program\u2014must apply online using the Parcoursup portal. Applications received through any other channel will be disregarded.<\/p>\n<p>Applicants not holding a secondary-school diploma may request an exemption allowing them to sit for the first-year entrance examination. To request the exemption, they should contact the \u00c9cole Nationale Sup\u00e9rieure de Paysage directly (<a href=\"mailto:admission@ecole-paysage.fr\">admission@ecole-paysage.fr<\/a>).<\/p>\n<p><a href=\"http:\/\/www.ecole-paysage.fr\/site\/formation_paysagiste\/Premiere-annee-du-cycle-preparatoire.htm\" target=\"_blank\" rel=\"noopener\">Click<\/a> here for more information on the admissions calendar.[\/vc_column_text][\/vc_column][\/vc_row]<\/p>\n<\/div>","protected":false},"excerpt":{"rendered":"<p>[vc_row][vc_column][vc_single_image image=&#8221;3596&#8243; img_size=&#8221;full&#8221; alignment=&#8221;center&#8221; css_animation=&#8221;bottom-to-top&#8221;][\/vc_column][\/vc_row][vc_row el_id=&#8221;g\u00e9n\u00e9ral&#8221;][vc_column][vc_column_text css=&#8221;&#8221;]Students of any nationality may apply for admission into the first year of the ENSAPC curriculum. There is no age limit. Annual tuition for 2025\/26 is set by law at \u20ac451 ( Decree of June 4th, 2023). ENSAPC does not charge non-EU students more than EU students. Registration fees&#8230;  <a class=\"excerpt-read-more\" href=\"https:\/\/www.ensapc.fr\/en\/admissions\/premiere-annee\/\" title=\"Read FIRST-YEAR ADMISSIONS\">Read more &raquo;<\/a><\/p>\n","protected":false},"author":1,"featured_media":0,"parent":1582,"menu_order":82,"comment_status":"closed","ping_status":"closed","template":"","meta":{"footnotes":""},"class_list":["post-1583","page","type-page","status-publish","hentry"],"_links":{"self":[{"href":"https:\/\/www.ensapc.fr\/en\/wp-json\/wp\/v2\/pages\/1583","targetHints":{"allow":["GET"]}}],"collection":[{"href":"https:\/\/www.ensapc.fr\/en\/wp-json\/wp\/v2\/pages"}],"about":[{"href":"https:\/\/www.ensapc.fr\/en\/wp-json\/wp\/v2\/types\/page"}],"author":[{"embeddable":true,"href":"https:\/\/www.ensapc.fr\/en\/wp-json\/wp\/v2\/users\/1"}],"replies":[{"embeddable":true,"href":"https:\/\/www.ensapc.fr\/en\/wp-json\/wp\/v2\/comments?post=1583"}],"version-history":[{"count":9,"href":"https:\/\/www.ensapc.fr\/en\/wp-json\/wp\/v2\/pages\/1583\/revisions"}],"predecessor-version":[{"id":14495,"href":"https:\/\/www.ensapc.fr\/en\/wp-json\/wp\/v2\/pages\/1583\/revisions\/14495"}],"up":[{"embeddable":true,"href":"https:\/\/www.ensapc.fr\/en\/wp-json\/wp\/v2\/pages\/1582"}],"wp:attachment":[{"href":"https:\/\/www.ensapc.fr\/en\/wp-json\/wp\/v2\/media?parent=1583"}],"curies":[{"name":"wp","href":"https:\/\/api.w.org\/{rel}","templated":true}]}}