{"id":1783,"date":"2016-08-29T18:56:28","date_gmt":"2016-08-29T16:56:28","guid":{"rendered":"https:\/\/www.ensapc.fr\/en\/school\/partenaires"},"modified":"2024-09-18T15:34:01","modified_gmt":"2024-09-18T13:34:01","slug":"partenaires","status":"publish","type":"page","link":"https:\/\/www.ensapc.fr\/en\/school\/partenaires\/","title":{"rendered":"Partners"},"content":{"rendered":"<div class=\"wpb-content-wrapper\"><p>[vc_row][vc_column][vc_single_image image=&#8221;1182&#8243; img_size=&#8221;full&#8221; alignment=&#8221;center&#8221; css_animation=&#8221;appear&#8221;][\/vc_column][\/vc_row][vc_row][vc_column][vc_column_text]ENSAPC is a partner member of CY Cergy Paris University Graduate School Humanities, Creation and Heritage, which brings together the UFRs in Human and Social Sciences of CY Cergy Paris University, and 4 partner schools: the Ecole nationale sup\u00e9rieure d&#8217;architecture de Versailles, the Ecole nationale sup\u00e9rieure de paysage de Versailles, the Ecole nationale sup\u00e9rieure d&#8217;arts de Paris Cergy and the Institut national du patrimoine. With the support of the Fondation des sciences du patrimoine, the Ministry of culture and communication and the CNRS.[\/vc_column_text][\/vc_column][\/vc_row][vc_row el_id=&#8221;universite&#8221; css=&#8221;.vc_custom_1590569173265{padding-left: 15px !important;}&#8221;][vc_column width=&#8221;1\/2&#8243; css=&#8221;.vc_custom_1590569729588{padding-left: 20px !important;}&#8221;][vc_column_text]<\/p>\n<h3>Schools, research institutes, laboratories and universities<\/h3>\n<p>&nbsp;<\/p>\n<p>Centre National de la Recherche Scientifique, Paris<\/p>\n<p>Chaire \u00ab\u00a0Walter Benjamin, M\u00e9moire et Exil\u00a0\u00bb<\/p>\n<p>CY Cergy Paris Universit\u00e9<\/p>\n<p>L\u2019\u00e9cole des vivants, Alpes de Haute-Provence<\/p>\n<p>L\u2019\u00e9cole de la Terre, Verfeil-sur-Seye<\/p>\n<p>\u00c9cole du Louvre, Paris<\/p>\n<p>\u00c9cole nationale sup\u00e9rieure d\u2019architecture de Versailles<\/p>\n<p>\u00c9cole nationale sup\u00e9rieure de paysage de Versailles<\/p>\n<p>\u00c9cole sup\u00e9rieure d\u2019art et de design TALM-Angers<\/p>\n<p>ESAJ, \u00e9cole des paysages et de la transition \u00e9cologique, Paris<\/p>\n<p>Le Fresnoy, studio des arts contemporains, Tourcoing<\/p>\n<p>Institut National du Patrimoine, Paris<\/p>\n<p>Massachussetts Institute of Technology, Boston<\/p>\n<p>St\u00e4delschule, Francfort-sur-le-Main<\/p>\n<p>Universit\u00e9 de Girone<\/p>\n<p>Universidad Nacional de las Artes, Buenos Aires<\/p>\n<p>Universidad Nacional de la Plata<\/p>\n<p>Universit\u00e9 Paris 8, Nanterre[\/vc_column_text][vc_column_text]<\/p>\n<h3>Structures dedicated to cinema, literature, music, publishing and production<\/h3>\n<p>&nbsp;<\/p>\n<p>Centre International de Po\u00e9sie, Marseille<\/p>\n<p>Cin\u00e9ma Archipel, Paris<\/p>\n<p>Cin\u00e9ma Grand Action, Paris<\/p>\n<p>Cin\u00e9ma L\u2019entrep\u00f4t, Paris<\/p>\n<p>Cin\u00e9math\u00e8que fran\u00e7aise, Paris<\/p>\n<p><em>Delashin\u00e9 !,\u00a0<\/em>Presses du R\u00e9el, Dijon<\/p>\n<p>Les Disques en Rotin R\u00e9unis<\/p>\n<p>Festival Arte Mare, Bastia<\/p>\n<p>Festival Sonic Protest, Paris<\/p>\n<p>Navire Argo, \u00c9pinay<\/p>\n<p>Perspective Films, Paris<\/p>\n<p>Polygone Etoil\u00e9, Marseille<\/p>\n<p>Prix du roman d\u2019\u00e9cologie, Paris<\/p>\n<p>Re:Voir, Paris[\/vc_column_text][vc_column_text]<\/p>\n<h3>Associations and public instances<\/h3>\n<p>&nbsp;<\/p>\n<p>Agglom\u00e9ration de Cergy-Pontoise<\/p>\n<p>Association Feu, Faux-la-Montagne<\/p>\n<p>Ambassade de France en Argentine<\/p>\n<p>Association Le Cartel<\/p>\n<p>D\u00e9partement du Val d\u2019Oise<\/p>\n<p>DRAC \u00cele-de-France<\/p>\n<p>Maison centrale de Poissy<\/p>\n<p>Municipalit\u00e9 de Portbou<\/p>\n<p>Nouveaux Espaces Latinos, Lyon<\/p>\n<p>La Source du Lion, Casablanca<\/p>\n<p>SPIP 78<\/p>\n<p>Ville d\u2019Aubervilliers<\/p>\n<p>Ville de Cergy<\/p>\n<p>Ville de Conflans-Sainte-Honorine[\/vc_column_text][\/vc_column][vc_column width=&#8221;1\/2&#8243;][vc_column_text]<\/p>\n<h3>Art centres, exhibition spaces, foundations, festivals, museums, residencies, theaters<\/h3>\n<p>&nbsp;<\/p>\n<p>Abbaye de Maubuisson<\/p>\n<p>Anis Gras \u2013 le lieu de l\u2019Autre, Arcueil<\/p>\n<p>arc en r\u00eave centre d\u2019architecture, Bordeaux<\/p>\n<p>Biblioth\u00e8que Kandinsky, Paris<\/p>\n<p>Centre national de la danse, Pantin<\/p>\n<p>Mus\u00e9e national d\u2019art moderne \u2013 Centre Pompidou, Paris<\/p>\n<p>Cin\u00e9math\u00e8que fran\u00e7aise, Paris<\/p>\n<p>Cit\u00e9 internationale des Arts, Paris<\/p>\n<p>Cit\u00e9 de la musique, Paris<\/p>\n<p>Centre National des Arts Plastiques, Paris<\/p>\n<p>Cr\u00e9dac, Ivry<\/p>\n<p>documenta 15, Kassel<\/p>\n<p>Festival d\u2019Automne, Paris<\/p>\n<p>Fondation Angelus Novus, Portbou<\/p>\n<p>Institut du monde arabe, Paris<\/p>\n<p>Les Laboratoires d\u2019Aubervilliers<\/p>\n<p>MUCEM, Marseille<\/p>\n<p>Mus\u00e9e\u00a0d\u2019Art et d\u2019Histoire Louis-Senlecq, L\u2019Isle-Adam\u00a0?<\/p>\n<p>Mus\u00e9e d\u00e9partemental Albert Kahn, Boulogne-Billancourt<\/p>\n<p>Mus\u00e9e du Louvre, Paris<\/p>\n<p>Mus\u00e9e du Petit Palais, Paris<\/p>\n<p>Mus\u00e9um national d\u2019histoire naturelle, Paris<\/p>\n<p>M\u00e9morial Acte, Point-\u00e0-Pitre<\/p>\n<p>Palais de Tokyo, Paris<\/p>\n<p>Points communs, Nouvelle sc\u00e8ne nationale de Cergy-Pontoise et du Val d\u2019Oise<\/p>\n<p>Sakiya Art\/Science\/Agriculture initiative, Ramallah<\/p>\n<p>Treize, Paris<\/p>\n<p>Villa Arson, Nice<\/p>\n<p>Villa Kujoyama, Kyoto<\/p>\n<p>Villa Savoye[\/vc_column_text][vc_column_text]<\/p>\n<h3><strong>Other<\/strong><\/h3>\n<p>&nbsp;<\/p>\n<p>Atelier c\u00e9ramique Clay, Paris<\/p>\n<p>Bords de l\u2019Oise<\/p>\n<p>Jardin botanique de M\u00e9ry-sur-Oise<\/p>\n<p>Transilien SNCF[\/vc_column_text][\/vc_column][\/vc_row]<\/p>\n<\/div>","protected":false},"excerpt":{"rendered":"<p>[vc_row][vc_column][vc_single_image image=&#8221;1182&#8243; img_size=&#8221;full&#8221; alignment=&#8221;center&#8221; css_animation=&#8221;appear&#8221;][\/vc_column][\/vc_row][vc_row][vc_column][vc_column_text]ENSAPC is a partner member of CY Cergy Paris University Graduate School Humanities, Creation and Heritage, which brings together the UFRs in Human and Social Sciences of CY Cergy Paris University, and 4 partner schools: the Ecole nationale sup\u00e9rieure d&#8217;architecture de Versailles, the Ecole nationale sup\u00e9rieure de paysage de Versailles, the&#8230;  <a class=\"excerpt-read-more\" href=\"https:\/\/www.ensapc.fr\/en\/school\/partenaires\/\" title=\"Read Partners\">Read more &raquo;<\/a><\/p>\n","protected":false},"author":1,"featured_media":0,"parent":1542,"menu_order":224,"comment_status":"closed","ping_status":"closed","template":"","meta":{"footnotes":""},"class_list":["post-1783","page","type-page","status-publish","hentry"],"_links":{"self":[{"href":"https:\/\/www.ensapc.fr\/en\/wp-json\/wp\/v2\/pages\/1783","targetHints":{"allow":["GET"]}}],"collection":[{"href":"https:\/\/www.ensapc.fr\/en\/wp-json\/wp\/v2\/pages"}],"about":[{"href":"https:\/\/www.ensapc.fr\/en\/wp-json\/wp\/v2\/types\/page"}],"author":[{"embeddable":true,"href":"https:\/\/www.ensapc.fr\/en\/wp-json\/wp\/v2\/users\/1"}],"replies":[{"embeddable":true,"href":"https:\/\/www.ensapc.fr\/en\/wp-json\/wp\/v2\/comments?post=1783"}],"version-history":[{"count":5,"href":"https:\/\/www.ensapc.fr\/en\/wp-json\/wp\/v2\/pages\/1783\/revisions"}],"predecessor-version":[{"id":10536,"href":"https:\/\/www.ensapc.fr\/en\/wp-json\/wp\/v2\/pages\/1783\/revisions\/10536"}],"up":[{"embeddable":true,"href":"https:\/\/www.ensapc.fr\/en\/wp-json\/wp\/v2\/pages\/1542"}],"wp:attachment":[{"href":"https:\/\/www.ensapc.fr\/en\/wp-json\/wp\/v2\/media?parent=1783"}],"curies":[{"name":"wp","href":"https:\/\/api.w.org\/{rel}","templated":true}]}}