{"id":5053,"date":"2020-05-13T10:29:06","date_gmt":"2020-05-13T08:29:06","guid":{"rendered":"https:\/\/www.ensapc.fr\/fr\/?page_id=5053"},"modified":"2025-07-08T09:55:37","modified_gmt":"2025-07-08T07:55:37","slug":"s","status":"publish","type":"page","link":"https:\/\/www.ensapc.fr\/en\/artists\/a-z\/s\/","title":{"rendered":"S"},"content":{"rendered":"<div class=\"wpb-content-wrapper\"><p>[vc_row][vc_column width=&#8221;1\/3&#8243;][vc_column_text css=&#8221;&#8221;]<a href=\"https:\/\/www.ricochet-jeunes.org\/auteurs\/marie-saada\">Marie SAADA<\/a><\/p>\n<p><a href=\"https:\/\/www.leilasaadna.com\/\" target=\"_blank\" rel=\"noopener\">Leila SAADNA<\/a><\/p>\n<p><a href=\"https:\/\/arakssahakyan.tumblr.com\/\" target=\"_blank\" rel=\"noopener noreferrer\">Araks\u00a0SAHAKYAN<\/a><\/p>\n<p>Petra\u00a0SAHM<\/p>\n<p><a href=\"https:\/\/zszsvzszs.com\/\">Sylvain\u00a0SAILLY<\/a><\/p>\n<p><a href=\"https:\/\/manonsaintjours.wordpress.com\/\">Manon\u00a0SAINT-JOURS<\/a><\/p>\n<p><a href=\"https:\/\/francoiseartmemo.fr\/artiste\/andres-salgado\/\" target=\"_blank\" rel=\"noopener noreferrer\">Andr\u00e8s\u00a0SALGADO<\/a><\/p>\n<p>Vanina\u00a0SALAME<\/p>\n<p>Virginie\u00a0SALOT<\/p>\n<p>Karyn\u00a0SALVAN<\/p>\n<p><a href=\"http:\/\/bohorschamp.free.fr\/index.php?\/events\/juillet---tiphany-salza\/\">Tiphany\u00a0SALZA<\/a><\/p>\n<p class=\"p1\"><a href=\"https:\/\/www.instagram.com\/zzor_ok.ruy\/\">Yourko SALZARD\u00a0<\/a><\/p>\n<p><a href=\"http:\/\/documentsdartistes.org\/artistes\/samakh\/repro.html\" target=\"_blank\" rel=\"noopener noreferrer\">Eric\u00a0SAMAKH<\/a><\/p>\n<p><a href=\"https:\/\/www.instagram.com\/nhat_minh1983\/\">Fr\u00e9d\u00e9ric SANCHEZ<\/a><\/p>\n<p><a href=\"https:\/\/www.instagram.com\/leossd\/\">L\u00e9o SANCHEZ-DIALLO<\/a><\/p>\n<p><a href=\"https:\/\/magalisanheira.org\/travaux\/\">Magali\u00a0SANHEIRA<\/a><\/p>\n<p>Thierry\u00a0SANJUAN<\/p>\n<p><a href=\"https:\/\/www.instagram.com\/maevaasanz\/?hl=fr\">Ma\u00e9va SANZ<\/a><\/p>\n<p><a href=\"https:\/\/www.capucinevever.com\/\">Capucine SARKOZY<\/a><\/p>\n<p><a href=\"https:\/\/tempsetrangers.wordpress.com\/artistes\/diego-sarramon\/\">Di\u00e9go\u00a0SARRAMON<\/a>[\/vc_column_text][\/vc_column][vc_column width=&#8221;1\/3&#8243;][vc_column_text css=&#8221;&#8221;]Anne\u00a0SAUVAGEOT<\/p>\n<p><a href=\"https:\/\/www.u-picardie.fr\/crae\/wp-content\/uploads\/2024\/03\/SIDRE_Base-de-donnees-des-theses-memoires-sur-lanimation-en-France-janvier2024.xlsx\">Sauveur SCAL\u00c8SE<\/a><\/p>\n<p><a href=\"https:\/\/www.entrepriseculturelle.org\/artiste\/schaak.html\">Katalin\u00a0SCHAAK<\/a><\/p>\n<p><a href=\"https:\/\/www.cnap.fr\/arthur-schalit\">Arthur\u00a0SCHALIT<\/a><\/p>\n<p><a href=\"https:\/\/www.instagram.com\/coletteursula\/?hl=fr\">Colette SCHULTZ<\/a><\/p>\n<p><a href=\"https:\/\/www.instagram.com\/andreascippe\/\">Andr\u00e9a SCIPPE<\/a><\/p>\n<p><a href=\"https:\/\/livschulman.com\/\" target=\"_blank\" rel=\"noopener noreferrer\">Liv\u00a0SCHULMAN<\/a><\/p>\n<p><a href=\"https:\/\/forcedevente.tumblr.com\/baricades\">Catherine\u00a0SCHWARTZ<\/a><\/p>\n<p><a href=\"https:\/\/www.instagram.com\/tristan.sebenne\/\">Tristan S\u00c9BENNE<\/a><\/p>\n<p><a href=\"https:\/\/www.facebook.com\/p\/Chlo%C3%A9-Serina-100071961266998\/\">Chlo\u00e9\u00a0SERINA<\/a><\/p>\n<p>Pierre-Jean\u00a0SERRES<\/p>\n<p><a href=\"https:\/\/www.linkedin.com\/in\/julien-serve-69b7722b\/?originalSubdomain=fr\">Julien\u00a0SERVE<\/a><\/p>\n<p>Fotima\u00a0SHARIPOVA<\/p>\n<p><a href=\"https:\/\/www.zukhrasharipova.com\/projects-4\">Zukhra\u00a0SHARIPOVA<\/a><\/p>\n<p><a href=\"https:\/\/sephorashebabo.tumblr.com\/\" target=\"_blank\" rel=\"noopener\">Sephora SHEBABO<\/a><\/p>\n<p>Hong-Chin\u00a0SHEN<\/p>\n<p><a href=\"https:\/\/www.paris-ateliers.org\/actualites\/portrait-d-intervenante-qi-shi-peinture-chinoise\/\">Qi\u00a0SHI<\/a><\/p>\n<p>Jun Hee SHIM<\/p>\n<p>Allister\u00a0SINCLAIR[\/vc_column_text][\/vc_column][vc_column width=&#8221;1\/3&#8243;][vc_column_text css=&#8221;&#8221;]<a href=\"http:\/\/www.alinevidal.com\/Sigurdur-Arni-Sigurdsson.html\" target=\"_blank\" rel=\"noopener noreferrer\">Sigurdur Arni SIRGURDSSON<\/a><\/p>\n<p><a href=\"https:\/\/www.unifrance.org\/annuaires\/personne\/390113\/achinoam-sivan\">Achinoam\u00a0SIVAN<\/a><\/p>\n<p><a href=\"http:\/\/www.samahslim.net\/\">Samah\u00a0SLIM<\/a><\/p>\n<p><a href=\"http:\/\/www.slonina.com\/\" target=\"_blank\" rel=\"noopener noreferrer\">Aur\u00e9lie\u00a0SLONINA<\/a><\/p>\n<p><a href=\"http:\/\/macdarasmith.com\/\" target=\"_blank\" rel=\"noopener noreferrer\">Macdara\u00a0SMITH<\/a><\/p>\n<p><a href=\"https:\/\/www.instagram.com\/drownedboys\/\">Woo Sung\u00a0SOHN<\/a><\/p>\n<p><a href=\"http:\/\/wanrongsong.com\/\" target=\"_blank\" rel=\"noopener\">Wanrong SONG<\/a><\/p>\n<p>Wei\u00a0SONG<\/p>\n<p><a href=\"https:\/\/constancesorel.com\/\" target=\"_blank\" rel=\"noopener noreferrer\">Constance\u00a0SOREL<\/a><\/p>\n<p><a href=\"https:\/\/www.instagram.com\/suzannemarcelle_art\/\">St\u00e9phanie\u00a0SOUDRAIN<\/a><\/p>\n<p><a href=\"http:\/\/www.salondemontrouge.com\/2117-victorien-soufflet.htm\">Victorien SOUFFLET<\/a><\/p>\n<p><a href=\"https:\/\/www.artmajeur.com\/gwenaelle-souffez\">Gw\u00e9na\u00eblle\u00a0SOUFFEZ<\/a><\/p>\n<p><a href=\"https:\/\/www.linkedin.com\/in\/susanne-strassmann-43402a25\/?originalSubdomain=fr\">Suzanne\u00a0STRASSMANN<\/a><\/p>\n<p>Quentin\u00a0STRAUSS<\/p>\n<p><a href=\"https:\/\/christinesuchaud.com\/fr\/accueil\">Christine\u00a0SUCHAUD<\/a><\/p>\n<p><a href=\"https:\/\/ocula.com\/artists\/suh-dong-wook\/\">Dong Wook\u00a0SUH<\/a><\/p>\n<p><a href=\"https:\/\/rhizome.mjctorcy.fr\/les-deplacants-residence-linda-suthiry-suk-artiste-plasticienne\/\">Linda\u00a0SUK SUTHIRY<\/a><\/p>\n<p><a href=\"https:\/\/www.mathildesupe.com\/\">Mathilde\u00a0SUPE<\/a><\/p>\n<p><a href=\"https:\/\/www.linkedin.com\/in\/alexandre-szames-7647a61\/?originalSubdomain=fr\">Alexandre\u00a0SZAMES<\/a>[\/vc_column_text][\/vc_column][\/vc_row]<\/p>\n<\/div>","protected":false},"excerpt":{"rendered":"<p>[vc_row][vc_column width=&#8221;1\/3&#8243;][vc_column_text css=&#8221;&#8221;]Marie SAADA Leila SAADNA Araks\u00a0SAHAKYAN Petra\u00a0SAHM Sylvain\u00a0SAILLY Manon\u00a0SAINT-JOURS Andr\u00e8s\u00a0SALGADO Vanina\u00a0SALAME Virginie\u00a0SALOT Karyn\u00a0SALVAN Tiphany\u00a0SALZA Yourko SALZARD\u00a0 Eric\u00a0SAMAKH Fr\u00e9d\u00e9ric SANCHEZ L\u00e9o SANCHEZ-DIALLO Magali\u00a0SANHEIRA Thierry\u00a0SANJUAN Ma\u00e9va SANZ Capucine SARKOZY Di\u00e9go\u00a0SARRAMON[\/vc_column_text][\/vc_column][vc_column width=&#8221;1\/3&#8243;][vc_column_text css=&#8221;&#8221;]Anne\u00a0SAUVAGEOT Sauveur SCAL\u00c8SE Katalin\u00a0SCHAAK Arthur\u00a0SCHALIT Colette SCHULTZ Andr\u00e9a SCIPPE Liv\u00a0SCHULMAN Catherine\u00a0SCHWARTZ Tristan S\u00c9BENNE Chlo\u00e9\u00a0SERINA Pierre-Jean\u00a0SERRES Julien\u00a0SERVE Fotima\u00a0SHARIPOVA Zukhra\u00a0SHARIPOVA Sephora SHEBABO Hong-Chin\u00a0SHEN Qi\u00a0SHI Jun Hee SHIM&#8230;  <a class=\"excerpt-read-more\" href=\"https:\/\/www.ensapc.fr\/en\/artists\/a-z\/s\/\" title=\"Read S\">Read more &raquo;<\/a><\/p>\n","protected":false},"author":1,"featured_media":0,"parent":5320,"menu_order":156,"comment_status":"closed","ping_status":"closed","template":"","meta":{"footnotes":""},"class_list":["post-5053","page","type-page","status-publish","hentry"],"_links":{"self":[{"href":"https:\/\/www.ensapc.fr\/en\/wp-json\/wp\/v2\/pages\/5053","targetHints":{"allow":["GET"]}}],"collection":[{"href":"https:\/\/www.ensapc.fr\/en\/wp-json\/wp\/v2\/pages"}],"about":[{"href":"https:\/\/www.ensapc.fr\/en\/wp-json\/wp\/v2\/types\/page"}],"author":[{"embeddable":true,"href":"https:\/\/www.ensapc.fr\/en\/wp-json\/wp\/v2\/users\/1"}],"replies":[{"embeddable":true,"href":"https:\/\/www.ensapc.fr\/en\/wp-json\/wp\/v2\/comments?post=5053"}],"version-history":[{"count":6,"href":"https:\/\/www.ensapc.fr\/en\/wp-json\/wp\/v2\/pages\/5053\/revisions"}],"predecessor-version":[{"id":13727,"href":"https:\/\/www.ensapc.fr\/en\/wp-json\/wp\/v2\/pages\/5053\/revisions\/13727"}],"up":[{"embeddable":true,"href":"https:\/\/www.ensapc.fr\/en\/wp-json\/wp\/v2\/pages\/5320"}],"wp:attachment":[{"href":"https:\/\/www.ensapc.fr\/en\/wp-json\/wp\/v2\/media?parent=5053"}],"curies":[{"name":"wp","href":"https:\/\/api.w.org\/{rel}","templated":true}]}}