{"id":5340,"date":"2016-09-29T14:36:06","date_gmt":"2016-09-29T12:36:06","guid":{"rendered":"https:\/\/www.ensapc.fr\/en\/2009-2"},"modified":"2020-05-14T10:41:27","modified_gmt":"2020-05-14T08:41:27","slug":"2009-2","status":"publish","type":"page","link":"https:\/\/www.ensapc.fr\/en\/ygrec\/archives\/2009-2\/","title":{"rendered":"2009"},"content":{"rendered":"<div class=\"wpb-content-wrapper\"><p>[vc_row][vc_column width=&#8221;1\/2&#8243;][vc_row_inner][vc_column_inner][vc_column_text]<strong>Hospitalit\u00e9s<\/strong><\/p>\n<p>12 December 2009<br \/>\nExhibition<\/p>\n<p>On the occasion of Hospitality Day, which Le Cr\u00e9dac and B\u00e9tonsalon were associated with, the students of the ARC &#8220;Kiss me deadly&#8221; offered performances at La Vitrine.[\/vc_column_text][vc_separator color=&#8221;pink&#8221; border_width=&#8221;5&#8243; el_width=&#8221;90&#8243;][\/vc_column_inner][\/vc_row_inner][vc_row_inner][vc_column_inner][vc_column_text]<strong>La collection du XX\u00e8me si\u00e8cle<\/strong><span class=\"date-display-start\"><br \/>\n<\/span><\/p>\n<p>14 June 2009 &#8211; 27 June 2009<br \/>\nExhibition<\/p>\n<p>Opening on Wednesday, May 13, 2009 at 6 pm<\/p>\n<p><span class=\"date-display-start\">\u00a0<\/span>[\/vc_column_text][vc_single_image image=&#8221;500&#8243; img_size=&#8221;full&#8221; add_caption=&#8221;yes&#8221; alignment=&#8221;center&#8221;][\/vc_column_inner][\/vc_row_inner][vc_row_inner][vc_column_inner][vc_separator color=&#8221;pink&#8221; border_width=&#8221;5&#8243; el_width=&#8221;90&#8243;][vc_column_text]<strong>Herv\u00e9 Coqueret, SuperG\u00e9antPlus<\/strong><span class=\"date-display-start\"><br \/>\n<\/span><\/p>\n<p>15 January 2009 &#8211; 21 February 2009<br \/>\nExhibition<\/p>\n<p>Vernissage Wednesday, January 14, 2009 at 7pm[\/vc_column_text][vc_single_image image=&#8221;486&#8243; img_size=&#8221;full&#8221; add_caption=&#8221;yes&#8221; alignment=&#8221;center&#8221;][\/vc_column_inner][\/vc_row_inner][\/vc_column][vc_column width=&#8221;1\/2&#8243;][vc_row_inner][vc_column_inner][vc_column_text]<strong>Historytellers<\/strong><\/p>\n<p>16 October 2009 &#8211; 6 December 2009<br \/>\nExhibition<\/p>\n<p>Art describes reality and rewrites history. It proposes decoding grids, offers filters and tools of the gaze, makes visualization systems that open up breaches in the linear narrative that is usually delivered to us.[\/vc_column_text][vc_single_image image=&#8221;507&#8243; img_size=&#8221;full&#8221; add_caption=&#8221;yes&#8221; alignment=&#8221;center&#8221;][vc_separator color=&#8221;pink&#8221; border_width=&#8221;5&#8243; el_width=&#8221;90&#8243;][\/vc_column_inner][\/vc_row_inner][vc_row_inner][vc_column_inner][vc_column_text]<strong>R\u00e9pertoire pour une forme<\/strong><\/p>\n<p>Exhibition from 5 March 2009 &#8211; 28 April 2009<br \/>\nOpening March 4, 2009<br \/>\nwith works by Guillaume Constantin, Isabelle Cornaro, David Evrard, Charlotte Moth.[\/vc_column_text][vc_single_image image=&#8221;498&#8243; img_size=&#8221;full&#8221; add_caption=&#8221;yes&#8221; alignment=&#8221;center&#8221;][\/vc_column_inner][\/vc_row_inner][\/vc_column][\/vc_row]<\/p>\n<\/div>","protected":false},"excerpt":{"rendered":"<p>[vc_row][vc_column width=&#8221;1\/2&#8243;][vc_row_inner][vc_column_inner][vc_column_text]Hospitalit\u00e9s 12 December 2009 Exhibition On the occasion of Hospitality Day, which Le Cr\u00e9dac and B\u00e9tonsalon were associated with, the students of the ARC &#8220;Kiss me deadly&#8221; offered performances at La Vitrine.[\/vc_column_text][vc_separator color=&#8221;pink&#8221; border_width=&#8221;5&#8243; el_width=&#8221;90&#8243;][\/vc_column_inner][\/vc_row_inner][vc_row_inner][vc_column_inner][vc_column_text]La collection du XX\u00e8me si\u00e8cle 14 June 2009 &#8211; 27 June 2009 Exhibition Opening on Wednesday, May 13, 2009 at&#8230;  <a class=\"excerpt-read-more\" href=\"https:\/\/www.ensapc.fr\/en\/ygrec\/archives\/2009-2\/\" title=\"Read 2009\">Read more &raquo;<\/a><\/p>\n","protected":false},"author":1,"featured_media":0,"parent":5332,"menu_order":450,"comment_status":"closed","ping_status":"closed","template":"","meta":{"footnotes":""},"class_list":["post-5340","page","type-page","status-publish","hentry"],"_links":{"self":[{"href":"https:\/\/www.ensapc.fr\/en\/wp-json\/wp\/v2\/pages\/5340","targetHints":{"allow":["GET"]}}],"collection":[{"href":"https:\/\/www.ensapc.fr\/en\/wp-json\/wp\/v2\/pages"}],"about":[{"href":"https:\/\/www.ensapc.fr\/en\/wp-json\/wp\/v2\/types\/page"}],"author":[{"embeddable":true,"href":"https:\/\/www.ensapc.fr\/en\/wp-json\/wp\/v2\/users\/1"}],"replies":[{"embeddable":true,"href":"https:\/\/www.ensapc.fr\/en\/wp-json\/wp\/v2\/comments?post=5340"}],"version-history":[{"count":2,"href":"https:\/\/www.ensapc.fr\/en\/wp-json\/wp\/v2\/pages\/5340\/revisions"}],"predecessor-version":[{"id":5342,"href":"https:\/\/www.ensapc.fr\/en\/wp-json\/wp\/v2\/pages\/5340\/revisions\/5342"}],"up":[{"embeddable":true,"href":"https:\/\/www.ensapc.fr\/en\/wp-json\/wp\/v2\/pages\/5332"}],"wp:attachment":[{"href":"https:\/\/www.ensapc.fr\/en\/wp-json\/wp\/v2\/media?parent=5340"}],"curies":[{"name":"wp","href":"https:\/\/api.w.org\/{rel}","templated":true}]}}