{"id":5373,"date":"2017-03-06T16:30:42","date_gmt":"2017-03-06T15:30:42","guid":{"rendered":"https:\/\/www.ensapc.fr\/en\/2017-2"},"modified":"2020-05-19T10:59:45","modified_gmt":"2020-05-19T08:59:45","slug":"2017-2","status":"publish","type":"page","link":"https:\/\/www.ensapc.fr\/en\/ygrec\/archives\/2017-2\/","title":{"rendered":"2017"},"content":{"rendered":"<div class=\"wpb-content-wrapper\"><p>[vc_row gap=&#8221;30&#8243;][vc_column width=&#8221;1\/2&#8243;][vc_row_inner][vc_column_inner][vc_column_text]<strong>PRIX BIC<\/strong><strong><sup>\u00ae<\/sup><\/strong><strong>\u00a0<\/strong><strong>POUR L\u2019ENSAPC 2017<\/strong><\/p>\n<p>December 4th to 22nd<\/p>\n<p>Soci\u00e9t\u00e9 BIC and the Ecole Nationale Sup\u00e9rieure d&#8217;Arts de Paris-Cergy are pleased to announce the second edition of the BIC\u00ae Prize for Contemporary Creation for the ENSAPC. The purpose of this prize is to encourage the creation of new artistic forms by highlighting emerging artists who are studying at the ENSAPC. The BIC\u00ae Prize offers young artists the opportunity to explore, deepen, appropriate and reinvent all the artistic potential and imagination offered by the brand.[\/vc_column_text][vc_btn title=&#8221;Learn more &#8221; link=&#8221;url:%20https%3A%2F%2Fwww.ensapc.fr%2Fen%2Fygrec%2Farchives%2F2017-2%2Fprix-bic-lensapc-2017||target:%20_blank|&#8221;][vc_single_image image=&#8221;2559&#8243; img_size=&#8221;medium&#8221; alignment=&#8221;center&#8221;][\/vc_column_inner][\/vc_row_inner][vc_column_text]<strong>MERIS ANGIOLETTI, L\u2019ANNEAU ET LE LIVRE (UN PROC\u00c8S)<\/strong><\/p>\n<p>October 12 to November 26, 2017<\/p>\n<p>Meris Angioletti&#8217;s works emanate from the need to reread a deadly story or to touch on the occult arts. Through her installations combining film, sound and plastic objects, the artist summons and intertwines characters and stories in a process that gives body and space to an unfinished story, whose entire esoteric dimension is destined to emerge.<\/p>\n<p>For this new personal project, the artist&#8217;s research was guided by the story of the heretic Giordano Bruno (1548-1600), burned alive in Rome after eight years of trial. A prodigious mnemonist, this predecessor of great thinkers such as Kepler and Spinoza, had attracted the wrath of the ecclesiastical circle because of his marginality, leaning towards magic and other practices considered blasphemous at the time.[\/vc_column_text][vc_btn title=&#8221;Learn more &#8221; link=&#8221;url:https%3A%2F%2Fwww.ensapc.fr%2Fen%2Fygrec%2Farchives%2F2017-2%2Fmeris-angioletti||target:%20_blank|&#8221;][vc_single_image image=&#8221;2284&#8243; img_size=&#8221;medium&#8221; alignment=&#8221;center&#8221;][vc_column_text]<\/p>\n<p class=\"p1\"><strong>La pens\u00e9e du tremblement<\/strong><\/p>\n<p><strong>September 15 to October 5, 2017, Wednesday to Sunday, 1pm &#8211; 7pm<\/strong><\/p>\n<p><strong>Opening on September 14 from 6 pm<\/strong><\/p>\n<p><em>La pens\u00e9e du tremblement surgit de partout [\u2026] Elle nous pr\u00e9serve des pens\u00e9es de syst\u00e8me et des syst\u00e8mes de pens\u00e9e. Elle ne suppose pas la peur ou l\u2019irr\u00e9solu, elle s\u2019\u00e9tend infiniment comme un oiseau innum\u00e9rable, les ailes sem\u00e9es du sel noir de la terre. Elle nous r\u00e9assemble dans l\u2019absolue diversit\u00e9, en un tourbillon de rencontres. Utopie qui jamais ne se fixe et qui ouvre demain, comme un soleil et un fruit partag\u00e9s.<\/em><\/p>\n<p><span style=\"font-weight: 400;\">\u00c9douard Glissant, <\/span><em><span style=\"font-weight: 400;\">La Coh\u00e9e du Lamentin<\/span><span style=\"font-weight: 400;\">. <\/span><span style=\"font-weight: 400;\">Po\u00e9tique V<\/span><\/em><span style=\"font-weight: 400;\"><em>,<\/em> Gallimard, 2005.<\/span>[\/vc_column_text][vc_btn title=&#8221;Learn more&#8221; link=&#8221;url:https%3A%2F%2Fwww.ensapc.fr%2Fen%2Fygrec%2Farchives%2F2017-2%2Fla-pensee-du-tremblement||target:%20_blank|&#8221;][vc_single_image image=&#8221;2253&#8243; img_size=&#8221;medium&#8221; alignment=&#8221;center&#8221;][\/vc_column][vc_column width=&#8221;1\/2&#8243;][vc_row_inner][vc_column_inner][vc_column_text]<strong>Le Secret<\/strong><\/p>\n<p>May 5th to 28th<\/p>\n<p>Thought as a conclusion to the &#8220;Exhibiting Research in Art&#8221; program, the exhibition &#8220;The Secret&#8221; invites us to link the questions of the exhibition and those of secrecy as if it were a question of putting on view what is unknowable or confidential, or even incomprehensible or what cannot be said. It is therefore without being able to say what secrecy stands for, that the exhibition proposes to focus on its forms and effects: from singular identity to intimate dreams, through family stories or those of great history and state secrets, to the hermeneutics of deciphering works.[\/vc_column_text][vc_btn title=&#8221;Learn more&#8221; link=&#8221;url:https%3A%2F%2Fwww.ensapc.fr%2Fen%2Fygrec%2Farchives%2F2017-2%2Fle-secret||target:%20_blank|&#8221;][vc_single_image image=&#8221;1730&#8243; img_size=&#8221;medium&#8221; alignment=&#8221;center&#8221;][\/vc_column_inner][\/vc_row_inner][vc_row_inner][vc_column_inner][vc_column_text]<strong>Ostran\u00e9nie !<\/strong><\/p>\n<p>June 7 to July 9, 2017<\/p>\n<p>At the beginning of the twentieth century, Russian formalists made strangeness a key operation in art and literature: &#8220;The process of art is the process of strangeness of objects, a process that consists in complicating the form, which increases the difficulty and duration of perception, because in art the perceptive process is an end in itself and must be prolonged. Art is a means of reliving the realization of the object, what has been realized does not matter in art&#8221;. (Victor Shklovsky, Art as Process, 1917)[\/vc_column_text][vc_btn title=&#8221;Learn more &#8221; link=&#8221;url:https%3A%2F%2Fwww.ensapc.fr%2Fen%2Fygrec%2Farchives%2F2017-2%2Fostranenie||target:%20_blank|&#8221;][vc_single_image image=&#8221;1881&#8243; img_size=&#8221;medium&#8221; add_caption=&#8221;yes&#8221; alignment=&#8221;center&#8221;][vc_column_text]<strong>Images Mobiles<br \/>\n<\/strong><\/p>\n<p>March 13 to April 23<\/p>\n<p>The Moving Images exhibition consists of a confrontation in a hanging of works by photographers from the Ecole Nationale Sup\u00e9rieure d&#8217;Arts de Paris Cergy. It is about experimenting thought and photographs as a real experience, extended to hanging as a collective artistic practice.[\/vc_column_text][vc_single_image image=&#8221;1492&#8243; img_size=&#8221;medium&#8221; alignment=&#8221;center&#8221; css=&#8221;.vc_custom_1587632812442{padding-left: 10px !important;}&#8221;][\/vc_column_inner][\/vc_row_inner][\/vc_column][\/vc_row][vc_row gap=&#8221;30&#8243;][vc_column width=&#8221;1\/2&#8243;][vc_row_inner][vc_column_inner][vc_column_text]<\/p>\n<p class=\"p1\"><strong>Viens, mais ne viens pas quand je serai seule<\/strong><\/p>\n<p>from 13 July to 10 September 2017<\/p>\n<p>A summer festival (exhibitions, events, concerts, performances, dj sets) &#8211; a collective project of the ENSAPC 2016 graduates<br \/>\nCome and join us &#8211; it&#8217;s party time at YGREC!<\/p>\n<p>We are a group of artists who lived together for 2, 3, 4, 5 or 6 years in the same artistic education structure, the Ecole Nationale Sup\u00e9rieure d&#8217;Art de Paris-Cergy, and came out of it mainly in the summer of 2016.<br \/>\n&#8220;When the curtain one day falls \/ I want it to fall behind me&#8221;[\/vc_column_text][vc_btn title=&#8221;Learn more &#8221; link=&#8221;url:https%3A%2F%2Fwww.ensapc.fr%2Fen%2Fygrec%2Farchives%2F2017-2%2Fviens-mais-ne-viens-pas-quand-je-serai-seule||target:%20_blank|&#8221;][vc_single_image image=&#8221;2163&#8243; img_size=&#8221;medium&#8221; add_caption=&#8221;yes&#8221; alignment=&#8221;center&#8221;][\/vc_column_inner][\/vc_row_inner][\/vc_column][vc_column width=&#8221;1\/2&#8243;][vc_row_inner][vc_column_inner][vc_column_text]<strong>Haunted by Algorithms<\/strong><\/p>\n<p>January 21 to March 5<\/p>\n<p>Haunted by Algorithms summons a multitude of non-human entities, organic and artificial life forms that communicate and act in the world &#8211; animals, plants, machines, robots, spirits, aliens. How can we give shape to this infinity of inter-species relations, translate sensoriums so different from ours? Against the backdrop of a generalized algorithmization, a diversity of writing modes will attempt to answer this question, weaving links between these different universes.[\/vc_column_text][vc_btn title=&#8221;Learn more&#8221; link=&#8221;url:https%3A%2F%2Fwww.ensapc.fr%2Fen%2Fygrec%2Farchives%2F2017-2%2Fhaunted-by-algorithms||target:%20_blank|&#8221;][vc_single_image image=&#8221;1302&#8243; img_size=&#8221;medium&#8221; add_caption=&#8221;yes&#8221; alignment=&#8221;center&#8221;][\/vc_column_inner][\/vc_row_inner][\/vc_column][\/vc_row]<\/p>\n<\/div>","protected":false},"excerpt":{"rendered":"<p>[vc_row gap=&#8221;30&#8243;][vc_column width=&#8221;1\/2&#8243;][vc_row_inner][vc_column_inner][vc_column_text]PRIX BIC\u00ae\u00a0POUR L\u2019ENSAPC 2017 December 4th to 22nd Soci\u00e9t\u00e9 BIC and the Ecole Nationale Sup\u00e9rieure d&#8217;Arts de Paris-Cergy are pleased to announce the second edition of the BIC\u00ae Prize for Contemporary Creation for the ENSAPC. The purpose of this prize is to encourage the creation of new artistic forms by highlighting emerging artists&#8230;  <a class=\"excerpt-read-more\" href=\"https:\/\/www.ensapc.fr\/en\/ygrec\/archives\/2017-2\/\" title=\"Read 2017\">Read more &raquo;<\/a><\/p>\n","protected":false},"author":1,"featured_media":0,"parent":5332,"menu_order":416,"comment_status":"closed","ping_status":"closed","template":"","meta":{"footnotes":""},"class_list":["post-5373","page","type-page","status-publish","hentry"],"_links":{"self":[{"href":"https:\/\/www.ensapc.fr\/en\/wp-json\/wp\/v2\/pages\/5373","targetHints":{"allow":["GET"]}}],"collection":[{"href":"https:\/\/www.ensapc.fr\/en\/wp-json\/wp\/v2\/pages"}],"about":[{"href":"https:\/\/www.ensapc.fr\/en\/wp-json\/wp\/v2\/types\/page"}],"author":[{"embeddable":true,"href":"https:\/\/www.ensapc.fr\/en\/wp-json\/wp\/v2\/users\/1"}],"replies":[{"embeddable":true,"href":"https:\/\/www.ensapc.fr\/en\/wp-json\/wp\/v2\/comments?post=5373"}],"version-history":[{"count":5,"href":"https:\/\/www.ensapc.fr\/en\/wp-json\/wp\/v2\/pages\/5373\/revisions"}],"predecessor-version":[{"id":5624,"href":"https:\/\/www.ensapc.fr\/en\/wp-json\/wp\/v2\/pages\/5373\/revisions\/5624"}],"up":[{"embeddable":true,"href":"https:\/\/www.ensapc.fr\/en\/wp-json\/wp\/v2\/pages\/5332"}],"wp:attachment":[{"href":"https:\/\/www.ensapc.fr\/en\/wp-json\/wp\/v2\/media?parent=5373"}],"curies":[{"name":"wp","href":"https:\/\/api.w.org\/{rel}","templated":true}]}}