{"id":5377,"date":"2020-04-23T10:18:10","date_gmt":"2020-04-23T08:18:10","guid":{"rendered":"https:\/\/www.ensapc.fr\/en\/2018-3"},"modified":"2020-05-19T11:27:55","modified_gmt":"2020-05-19T09:27:55","slug":"2018-3","status":"publish","type":"page","link":"https:\/\/www.ensapc.fr\/en\/ygrec\/archives\/2018-3\/","title":{"rendered":"2018"},"content":{"rendered":"<div class=\"wpb-content-wrapper\"><p>[vc_row gap=&#8221;30&#8243;][vc_column width=&#8221;1\/2&#8243;][vc_row_inner][vc_column_inner][vc_column_text]<strong>BIC\u00ae Prize for the ENSAPC 2018<\/strong><\/p>\n<p>December 13, 2018<\/p>\n<p>SOCI\u00c9T\u00c9 BIC and the \u00c9cole Nationale Sup\u00e9rieure d&#8217;Arts de Paris-Cergy joined forces again on Thursday, December 13, 2018 for the third BIC\u00ae Prize for Contemporary Creation for the ENSAPC.<\/p>\n<p>This prize encourages creation and new artistic forms around the universe of the BIC\u00ae brand, highlighting an emerging artist studying at ENSAPC.<\/p>\n<p>Araks Sahakyan (born in 1990, artist of Spanish and Armenian origin) is the winner of the 3rd edition of the BIC\u00ae Prize for ENSAPC 2018. Her work Paper carpet is an installation of 121 sheets assembled in a box; once unfolded, they form a 213 x 301 cm carpet. This work was created using paper, leather, BIC\u00ae VISA and Cont\u00e9\u00ae markers, BIC\u00ae ballpoint pens, BIC\u00ae India ink and BIC\u00ae pencils.<\/p>\n<p>All of the works submitted for this competition were exhibited at the new ENSAPC YGREC space in spring 2019.[\/vc_column_text][vc_btn title=&#8221;Learn more &#8221; link=&#8221;url:https%3A%2F%2Fwww.ensapc.fr%2Fen%2Fygrec%2Farchives%2F2018-3%2Fprix-bic-2018||target:%20_blank|&#8221;][vc_single_image image=&#8221;4972&#8243; img_size=&#8221;medium&#8221; add_caption=&#8221;yes&#8221; alignment=&#8221;center&#8221;][\/vc_column_inner][\/vc_row_inner][\/vc_column][vc_column width=&#8221;1\/2&#8243;][vc_row_inner][vc_column_inner][vc_column_text]<b>Mythe en place\u00a0<\/b><\/p>\n<p>From 15 March to 06 April 2018<\/p>\n<p>As part of the YGREC nomadic program, the \u00c9cole Nationale Sup\u00e9rieure d&#8217;Arts de Paris-Cergy presents with the Cit\u00e9 Internationale des Arts the exhibition &#8220;Mythe en place&#8221; with the artists Regine Rode, Niko Abramidis &amp;NE and Susi Gelb. For this project, they create a space dedicated to the irrepressible human need to research, believe and reform. Through various mediums, such as objects, drawings and installations, the exhibition seeks the inter-correlation between myth and Man. Through these materials used for their conceptual and aesthetic value, the artists seek to open up a parallel world for the viewer. Through fictitious models, reality is interrupted and allows to go beyond a systemic approach.[\/vc_column_text][vc_btn title=&#8221;Learn more &#8221; link=&#8221;url:%20https%3A%2F%2Fwww.ensapc.fr%2Fen%2Fygrec%2Farchives%2F2018-3%2Fmythe-en-place||target:%20_blank|&#8221;][vc_single_image image=&#8221;4970&#8243; img_size=&#8221;medium&#8221; add_caption=&#8221;yes&#8221; alignment=&#8221;center&#8221;][\/vc_column_inner][\/vc_row_inner][\/vc_column][\/vc_row]<\/p>\n<\/div>","protected":false},"excerpt":{"rendered":"<p>[vc_row gap=&#8221;30&#8243;][vc_column width=&#8221;1\/2&#8243;][vc_row_inner][vc_column_inner][vc_column_text]BIC\u00ae Prize for the ENSAPC 2018 December 13, 2018 SOCI\u00c9T\u00c9 BIC and the \u00c9cole Nationale Sup\u00e9rieure d&#8217;Arts de Paris-Cergy joined forces again on Thursday, December 13, 2018 for the third BIC\u00ae Prize for Contemporary Creation for the ENSAPC. This prize encourages creation and new artistic forms around the universe of the BIC\u00ae brand,&#8230;  <a class=\"excerpt-read-more\" href=\"https:\/\/www.ensapc.fr\/en\/ygrec\/archives\/2018-3\/\" title=\"Read 2018\">Read more &raquo;<\/a><\/p>\n","protected":false},"author":1,"featured_media":0,"parent":5332,"menu_order":411,"comment_status":"closed","ping_status":"closed","template":"","meta":{"footnotes":""},"class_list":["post-5377","page","type-page","status-publish","hentry"],"_links":{"self":[{"href":"https:\/\/www.ensapc.fr\/en\/wp-json\/wp\/v2\/pages\/5377","targetHints":{"allow":["GET"]}}],"collection":[{"href":"https:\/\/www.ensapc.fr\/en\/wp-json\/wp\/v2\/pages"}],"about":[{"href":"https:\/\/www.ensapc.fr\/en\/wp-json\/wp\/v2\/types\/page"}],"author":[{"embeddable":true,"href":"https:\/\/www.ensapc.fr\/en\/wp-json\/wp\/v2\/users\/1"}],"replies":[{"embeddable":true,"href":"https:\/\/www.ensapc.fr\/en\/wp-json\/wp\/v2\/comments?post=5377"}],"version-history":[{"count":4,"href":"https:\/\/www.ensapc.fr\/en\/wp-json\/wp\/v2\/pages\/5377\/revisions"}],"predecessor-version":[{"id":5634,"href":"https:\/\/www.ensapc.fr\/en\/wp-json\/wp\/v2\/pages\/5377\/revisions\/5634"}],"up":[{"embeddable":true,"href":"https:\/\/www.ensapc.fr\/en\/wp-json\/wp\/v2\/pages\/5332"}],"wp:attachment":[{"href":"https:\/\/www.ensapc.fr\/en\/wp-json\/wp\/v2\/media?parent=5377"}],"curies":[{"name":"wp","href":"https:\/\/api.w.org\/{rel}","templated":true}]}}