{"id":5382,"date":"2020-04-23T10:56:52","date_gmt":"2020-04-23T08:56:52","guid":{"rendered":"https:\/\/www.ensapc.fr\/en\/2019-2"},"modified":"2020-05-19T11:22:05","modified_gmt":"2020-05-19T09:22:05","slug":"2019-2","status":"publish","type":"page","link":"https:\/\/www.ensapc.fr\/en\/ygrec\/archives\/2019-2\/","title":{"rendered":"2019"},"content":{"rendered":"<div class=\"wpb-content-wrapper\"><p>[vc_row gap=&#8221;30&#8243;][vc_column width=&#8221;1\/2&#8243;][vc_row_inner][vc_column_inner][vc_column_text]<strong>BIC\u00ae Prize for the ENSAPC 2019<\/strong><\/p>\n<p>December 11, 2019 to February 8, 2020<\/p>\n<p>Soci\u00e9t\u00e9 BIC and the Ecole Nationale Sup\u00e9rieure d&#8217;Arts de Paris-Cergy are pleased to announce the fourth edition of the BIC\u00ae Prize for Contemporary Creation for the ENSAPC. This year, the CRR 93 is pleased to host the exhibition, in partnership with Ygrec and the Visual Arts Pole of the Cultural Affairs Department of Aubervilliers.<\/p>\n<p>The BIC\u00ae prize aims to encourage contemporary creation by highlighting an emerging artist studying at ENSAPC. It offers all students the opportunity to explore potential artistic relationships and imaginary worlds based on BIC\u00ae products through a process of appropriation and embezzlement. By supporting the field of experimental art education, which is committed to issues of diversity and equality, the prize aims to reward a production selected by a jury of art world professionals.<\/p>\n<p>For the 4th edition of the Bic Prize for Contemporary Creation for the ENSAPC (Ecole nationale sup\u00e9rieure d&#8217;arts de Paris-Cergy), Vincent Rasclard was awarded the prize for his monochrome black work &#8220;Teilapubel&#8221;. The artist has cumulated, gathered in a thick layer and made the ink of the black Bic Cristal pen reflect on this 4 x 37 cm panel. It evokes a memory of schoolchildren&#8217;s kits, letters, written words, spread out on a single support.[\/vc_column_text][vc_btn title=&#8221;Learn more&#8221; link=&#8221;url:%20https%3A%2F%2Fwww.ensapc.fr%2Fen%2Fygrec%2Farchives%2F2019-2%2Fprix-bic-2019||target:%20_blank|&#8221;][vc_single_image image=&#8221;4978&#8243; img_size=&#8221;medium&#8221; add_caption=&#8221;yes&#8221; alignment=&#8221;center&#8221;][\/vc_column_inner][\/vc_row_inner][\/vc_column][vc_column width=&#8221;1\/2&#8243;][vc_row_inner][vc_column_inner][vc_column_text]<b>100% Performance, Villette<\/b><\/p>\n<p>From 20 to 31 March 2019<\/p>\n<p>Showcase of French know-how, 100% EXPO initiates a new regular appointment in the contemporary art calendar. The Grande Halle and the Folies de La Villette become the playground for more than 100 young artists, who have graduated from schools within the last 4 years. Visual arts, installations, films, videos, design, fashion, performances&#8230;<\/p>\n<p>A place of research and experimentation renowned for the emergence of innovative artistic forms, the ENSAPC (in collaboration with its art centre YGREC) builds a programme of performances tailored to the spaces of the Grande Halle: strolling forms, readings, dance performances and sound poetry.<\/p>\n<p>With the participation of ENSAPC alumni: M\u00e9ryll Ampe, Nana Benamer, Dominique Gilliot, Louise Herv\u00e9 et Chlo\u00e9 Maillet, Violaine Lochu, Josefa Ntjam, La Verbe, Jisoo Yoo[\/vc_column_text][vc_btn title=&#8221;Learn more &#8221; link=&#8221;url:https%3A%2F%2Fwww.ensapc.fr%2Fen%2Fygrec%2Farchives%2F2019-2%2Ffestival-100-performance-la-villette||target:%20_blank|&#8221;][vc_single_image image=&#8221;4977&#8243; img_size=&#8221;medium&#8221; add_caption=&#8221;yes&#8221; alignment=&#8221;center&#8221;][\/vc_column_inner][\/vc_row_inner][\/vc_column][\/vc_row]<\/p>\n<\/div>","protected":false},"excerpt":{"rendered":"<p>[vc_row gap=&#8221;30&#8243;][vc_column width=&#8221;1\/2&#8243;][vc_row_inner][vc_column_inner][vc_column_text]BIC\u00ae Prize for the ENSAPC 2019 December 11, 2019 to February 8, 2020 Soci\u00e9t\u00e9 BIC and the Ecole Nationale Sup\u00e9rieure d&#8217;Arts de Paris-Cergy are pleased to announce the fourth edition of the BIC\u00ae Prize for Contemporary Creation for the ENSAPC. This year, the CRR 93 is pleased to host the exhibition, in partnership&#8230;  <a class=\"excerpt-read-more\" href=\"https:\/\/www.ensapc.fr\/en\/ygrec\/archives\/2019-2\/\" title=\"Read 2019\">Read more &raquo;<\/a><\/p>\n","protected":false},"author":1,"featured_media":0,"parent":5332,"menu_order":404,"comment_status":"closed","ping_status":"closed","template":"","meta":{"footnotes":""},"class_list":["post-5382","page","type-page","status-publish","hentry"],"_links":{"self":[{"href":"https:\/\/www.ensapc.fr\/en\/wp-json\/wp\/v2\/pages\/5382","targetHints":{"allow":["GET"]}}],"collection":[{"href":"https:\/\/www.ensapc.fr\/en\/wp-json\/wp\/v2\/pages"}],"about":[{"href":"https:\/\/www.ensapc.fr\/en\/wp-json\/wp\/v2\/types\/page"}],"author":[{"embeddable":true,"href":"https:\/\/www.ensapc.fr\/en\/wp-json\/wp\/v2\/users\/1"}],"replies":[{"embeddable":true,"href":"https:\/\/www.ensapc.fr\/en\/wp-json\/wp\/v2\/comments?post=5382"}],"version-history":[{"count":5,"href":"https:\/\/www.ensapc.fr\/en\/wp-json\/wp\/v2\/pages\/5382\/revisions"}],"predecessor-version":[{"id":5630,"href":"https:\/\/www.ensapc.fr\/en\/wp-json\/wp\/v2\/pages\/5382\/revisions\/5630"}],"up":[{"embeddable":true,"href":"https:\/\/www.ensapc.fr\/en\/wp-json\/wp\/v2\/pages\/5332"}],"wp:attachment":[{"href":"https:\/\/www.ensapc.fr\/en\/wp-json\/wp\/v2\/media?parent=5382"}],"curies":[{"name":"wp","href":"https:\/\/api.w.org\/{rel}","templated":true}]}}