{"id":5429,"date":"2016-10-07T13:05:21","date_gmt":"2016-10-07T11:05:21","guid":{"rendered":"https:\/\/www.ensapc.fr\/en\/carole-boulbes"},"modified":"2020-05-18T09:31:45","modified_gmt":"2020-05-18T07:31:45","slug":"carole-boulbes","status":"publish","type":"page","link":"https:\/\/www.ensapc.fr\/en\/carole-boulbes\/","title":{"rendered":"CAROLE BOULB\u00c8S"},"content":{"rendered":"<div class=\"wpb-content-wrapper\"><p>[vc_row][vc_column][vc_column_text]* Author, independent researcher, interested in the Dadaist and Surrealist avant-gardes,<\/p>\n<p>* organized the colloquiums &#8220;Women, performative attitudes&#8221; at the Andr\u00e9 Malraux Cultural Centre in Vand\u0153uvre-l\u00e8s-nancy (2012), &#8220;Temps danses&#8221; at the Matisse Museum in Cateau Cambr\u00e9sis (2006), and the round table &#8220;Itin\u00e9raires num\u00e9riques&#8221; at the Ecole Sup\u00e9rieure d&#8217;Art de Cambrai (2001),<\/p>\n<p>* is the author of a doctoral thesis of Arts and Sciences of Art on The Aesthetic Writings of Francis Picabia, defended under the direction of Gilbert Lascault at the University of Paris I- Panth\u00e9on-Sorbonne (1993),<\/p>\n<p>* edited an essay entitled &#8220;Picabia, le saint masqu\u00e9&#8221; (Picabia, the masked saint) published by Jean-Michel Place (1998),<\/p>\n<p>* directed the reprinting of Picabia&#8217;s poems and critical writings for M\u00e9moire du Livre (in 2002 and 2005),<\/p>\n<p>* has published &#8220;Picabia avec Nietzsche, r\u00e9flexion sur l&#8217;art, l&#8217;amour et le plagiat philosophique&#8221;,\u00a0at\u00a0Les Presses du R\u00e9el (September 2010),<\/p>\n<p>* has written numerous exhibition reviews on international modern and contemporary art and conducted interviews for the magazines Art Press, Synesthesia and Mudam,<\/p>\n<p>* is the author of &#8220;Voyage \u00e0 Syracuse&#8221;, a short story available online at publie.net<\/p>\n<p>* carried out book reviews for the journal Critique d&#8217;art between 2007 and 2012,<\/p>\n<p>* also wrote articles for exhibition catalogues and monographs by Nina Childress, Claude Closky, Nathalie Elemento, Anthony Freestone, Jan Kopp, Monique Frydman, Fr\u00e9d\u00e9rique Lucien, Orlan, Fran\u00e7ois Morellet&#8230;[\/vc_column_text][vc_btn title=&#8221;Contact&#8221; link=&#8221;url:mailto%3Acarole.boulbes%40ensapc.fr|||&#8221;][vc_btn title=&#8221;Learn more about Carole Boulbes&#8221; link=&#8221;url:http%3A%2F%2Fcaroleboulbes.blogspot.fr%2F||target:%20_blank|&#8221;][\/vc_column][\/vc_row]<\/p>\n<\/div>","protected":false},"excerpt":{"rendered":"<p>[vc_row][vc_column][vc_column_text]* Author, independent researcher, interested in the Dadaist and Surrealist avant-gardes, * organized the colloquiums &#8220;Women, performative attitudes&#8221; at the Andr\u00e9 Malraux Cultural Centre in Vand\u0153uvre-l\u00e8s-nancy (2012), &#8220;Temps danses&#8221; at the Matisse Museum in Cateau Cambr\u00e9sis (2006), and the round table &#8220;Itin\u00e9raires num\u00e9riques&#8221; at the Ecole Sup\u00e9rieure d&#8217;Art de Cambrai (2001), * is the author&#8230;  <a class=\"excerpt-read-more\" href=\"https:\/\/www.ensapc.fr\/en\/carole-boulbes\/\" title=\"Read CAROLE BOULB\u00c8S\">Read more &raquo;<\/a><\/p>\n","protected":false},"author":1,"featured_media":0,"parent":0,"menu_order":181,"comment_status":"closed","ping_status":"closed","template":"","meta":{"footnotes":""},"class_list":["post-5429","page","type-page","status-publish","hentry"],"_links":{"self":[{"href":"https:\/\/www.ensapc.fr\/en\/wp-json\/wp\/v2\/pages\/5429","targetHints":{"allow":["GET"]}}],"collection":[{"href":"https:\/\/www.ensapc.fr\/en\/wp-json\/wp\/v2\/pages"}],"about":[{"href":"https:\/\/www.ensapc.fr\/en\/wp-json\/wp\/v2\/types\/page"}],"author":[{"embeddable":true,"href":"https:\/\/www.ensapc.fr\/en\/wp-json\/wp\/v2\/users\/1"}],"replies":[{"embeddable":true,"href":"https:\/\/www.ensapc.fr\/en\/wp-json\/wp\/v2\/comments?post=5429"}],"version-history":[{"count":2,"href":"https:\/\/www.ensapc.fr\/en\/wp-json\/wp\/v2\/pages\/5429\/revisions"}],"predecessor-version":[{"id":5431,"href":"https:\/\/www.ensapc.fr\/en\/wp-json\/wp\/v2\/pages\/5429\/revisions\/5431"}],"wp:attachment":[{"href":"https:\/\/www.ensapc.fr\/en\/wp-json\/wp\/v2\/media?parent=5429"}],"curies":[{"name":"wp","href":"https:\/\/api.w.org\/{rel}","templated":true}]}}