{"id":5439,"date":"2016-10-10T11:21:23","date_gmt":"2016-10-10T09:21:23","guid":{"rendered":"https:\/\/www.ensapc.fr\/en\/eric-dalbis"},"modified":"2020-05-18T09:42:43","modified_gmt":"2020-05-18T07:42:43","slug":"eric-dalbis","status":"publish","type":"page","link":"https:\/\/www.ensapc.fr\/en\/eric-dalbis\/","title":{"rendered":"\u00c9RIC DALBIS"},"content":{"rendered":"<div class=\"wpb-content-wrapper\"><p>[vc_row][vc_column][vc_column_text]<\/p>\n<p style=\"text-align: justify;\">Artist, particularly attached to the medium of painting, its history, its techniques. Winner of the F\u00e9lix F\u00e9n\u00e9on (Sorbonne) prize for painting in 1985, of the Villa M\u00e9dicis Hors les Murs for Venice in 1987, of the Villa M\u00e9dicis in Rome in 1991-92, his work is regularly exhibited in France and abroad. His works are present in public and private collections.<\/p>\n<p>[\/vc_column_text][vc_btn title=&#8221;Contact&#8221; link=&#8221;url:mailto%3Aeric.dalbis%40ensapc.fr|||&#8221;][vc_btn title=&#8221;Learn more about \u00c9ric Dalbis&#8221; link=&#8221;url:http%3A%2F%2Fwww.ericdalbis.com%2F||target:%20_blank|&#8221;][\/vc_column][\/vc_row]<\/p>\n<\/div>","protected":false},"excerpt":{"rendered":"<p>[vc_row][vc_column][vc_column_text] Artist, particularly attached to the medium of painting, its history, its techniques. Winner of the F\u00e9lix F\u00e9n\u00e9on (Sorbonne) prize for painting in 1985, of the Villa M\u00e9dicis Hors les Murs for Venice in 1987, of the Villa M\u00e9dicis in Rome in 1991-92, his work is regularly exhibited in France and abroad. His works are&#8230;  <a class=\"excerpt-read-more\" href=\"https:\/\/www.ensapc.fr\/en\/eric-dalbis\/\" title=\"Read \u00c9RIC DALBIS\">Read more &raquo;<\/a><\/p>\n","protected":false},"author":1,"featured_media":0,"parent":0,"menu_order":191,"comment_status":"closed","ping_status":"closed","template":"","meta":{"footnotes":""},"class_list":["post-5439","page","type-page","status-publish","hentry"],"_links":{"self":[{"href":"https:\/\/www.ensapc.fr\/en\/wp-json\/wp\/v2\/pages\/5439","targetHints":{"allow":["GET"]}}],"collection":[{"href":"https:\/\/www.ensapc.fr\/en\/wp-json\/wp\/v2\/pages"}],"about":[{"href":"https:\/\/www.ensapc.fr\/en\/wp-json\/wp\/v2\/types\/page"}],"author":[{"embeddable":true,"href":"https:\/\/www.ensapc.fr\/en\/wp-json\/wp\/v2\/users\/1"}],"replies":[{"embeddable":true,"href":"https:\/\/www.ensapc.fr\/en\/wp-json\/wp\/v2\/comments?post=5439"}],"version-history":[{"count":2,"href":"https:\/\/www.ensapc.fr\/en\/wp-json\/wp\/v2\/pages\/5439\/revisions"}],"predecessor-version":[{"id":5441,"href":"https:\/\/www.ensapc.fr\/en\/wp-json\/wp\/v2\/pages\/5439\/revisions\/5441"}],"wp:attachment":[{"href":"https:\/\/www.ensapc.fr\/en\/wp-json\/wp\/v2\/media?parent=5439"}],"curies":[{"name":"wp","href":"https:\/\/api.w.org\/{rel}","templated":true}]}}