{"id":5446,"date":"2016-10-10T11:27:15","date_gmt":"2016-10-10T09:27:15","guid":{"rendered":"https:\/\/www.ensapc.fr\/en\/vincent-gerard"},"modified":"2020-05-18T09:52:03","modified_gmt":"2020-05-18T07:52:03","slug":"vincent-gerard","status":"publish","type":"page","link":"https:\/\/www.ensapc.fr\/en\/vincent-gerard\/","title":{"rendered":"VINCENT G\u00c9RARD"},"content":{"rendered":"<div class=\"wpb-content-wrapper\"><p>[vc_row][vc_column][vc_column_text]Since 1997 he has written, directed and produced several fiction films, documentaries, videos and installations. He regularly collaborates with director C\u00e9dric Laty, with whom he is associate producer of Lamplighter Films and Lamplighter Kamera.<br \/>\nHe is also an independent curator.<\/p>\n<p><strong><br \/>\nFilmography:<\/strong><\/p>\n<p>2016 &#8211; The fisherman&#8217;s whispers &#8211; Feature film \/ in post-production<\/p>\n<p>2015 &#8211; Barthes* &#8211; a film by Vincent G\u00e9rard, C\u00e9dric Laty, Bernard Marcad\u00e9, Camille Z\u00e9henne \/ release, 2015-2016<\/p>\n<p>2015 &#8211; William Eggleston&#8217;s shooting Dunkerque &#8211; a &#8216;shotgun film&#8217; by Vincent G\u00e9rard<\/p>\n<p>2015 &#8211; L&#8217;homme-Fum\u00e9e &#8211; Feature film co-written and co-directed with C\u00e9dric Laty \/ release, 2015-2016<\/p>\n<p>2013 &#8211;\u00a0Le Plan social &#8211; Ep. 9\/16 of the series &#8216;Le travail ne rend pas libre&#8217;.<\/p>\n<p>2013 &#8211; L&#8217;homme-Fum\u00e9e &#8211; Feature film co-written and co-directed with C\u00e9dric Laty\/out, 2014<\/p>\n<p>2012 &#8211; Catastrophe en M\u00e9diterran\u00e9e &#8211; video\/ broadcast, Lamplighter program #2<\/p>\n<p>2011 &#8211;\u00a0Jeux documentaires\u00a0&#8211; documentary essay \/ production and distribution, La fabrique du Regard\/ Le BAL, Magnum Foundation<\/p>\n<p>2010 &#8211; Les doublons d&#8217;or (pilot of the series) &#8211; co-directed with C\u00e9dric Laty &#8211; screenplay Vincent G\u00e9rard<\/p>\n<p>2009\/2013 &#8211; Fusillade\u00a0&#8211; fiction essay, co-written and co-directed with C\u00e9dric Laty \/ release 2014<\/p>\n<p>2008\/2009 &#8211;\u00a0L&#8217;affaire du faux poisson\u00a0&#8211; doc tv \/ diffusion TNT<\/p>\n<p>2007 &#8211; By the ways, a journey with William Eggleston &#8211; LM doc, co-written and co-directed with C\u00e9dric Laty \/ theatrical release France 2007 &amp; international release, 2008\/2009<\/p>\n<p><strong><br \/>\nAt the moment:<\/strong><\/p>\n<p>Shooting: Le dernier cri movie &#8211; LM documentary, co-written and co-directed with C\u00e9dric Laty<\/p>\n<p>In editing: The fisherman&#8217;s whispers &#8211; LM fiction (2014)<\/p>\n<p>In production: H\u00e9l\u00e8ne Cixous &#8211; documentary essay by Catherine Lobstein and Maria Chevska &#8211; associate producer (2014-2016)<\/p>\n<p>In production: Th\u00e9\u00e2tres (the 2 young ladies of the bali sunset) &#8211; film-installation, co-written and co-directed with C\u00e9dric Laty<\/p>\n<p><strong><br \/>\nAssociate producer :<\/strong><\/p>\n<p>2016 &#8211; Sounds of silence &#8211; LM of fiction, written and directed by Pradeepan Raveendran \/ co-production, Bald Anders Films, Jar Pictures (India)<\/p>\n<p>2014 &#8211; Take me to the water &#8211; Fiction short film, written and directed by Nelson Bourrec Carter<\/p>\n<p>2012 &#8211; Maj&#8217;noun &#8211; Fiction CM, written and directed by Hazem Berrabah<\/p>\n<p>2011 &#8211; Armor &#8211; documentary essay, written and directed by Jean Anouilh<\/p>\n<p>2010 &#8211; Shadows of silence &#8211; Fiction CM, written and directed by Pradeepan Raveendran<\/p>\n<p>2007 &#8211; L&#8217;ingrat\u00a0&#8211; Fiction CM, written and directed by Niav Conty<\/p>\n<p><strong><br \/>\nOffice of the Commissioner, texts and drawings:<\/strong><\/p>\n<p>2015 &#8211; Exhibition &#8216;American Journey&#8217; &#8211; Galerie La r\u00e9tine (Marseille) \/ photographs by William Eggleston and Mark Lyon, drawings by Vincent G\u00e9rard \/ Curator, Vincent G\u00e9rard &amp; Caroline H\u00e9rard<\/p>\n<p>2009 &#8211; Mark Lyon, The Collector &#8211; curator of the exhibition &#8211; Fondation Zervos, V\u00e9zelay (Ed. catalogue, Fondation Zervos &#8211; texts, V. G\u00e9rard, E. Perruchot, J-M. Bustamante)<\/p>\n<p>2007 &#8211; &#8220;Le documentaire d\u00e9passe la r\u00e9alit\u00e9 documentaire&#8221; &#8211; essay published in the collection Pensar El Documental (Ed. Edoc 7 &#8211; Encuentros del otro cine festival internacional de cine documental, Quito)<\/p>\n<p>2006 &#8211; William Eggleston, Spirit of Dunkerque &#8211; curator of the exhibition &#8211; LAAC de dunkerque (Ed. catalogue, Biro editeur &#8211; texts, V. G\u00e9rard, J-P. rehm)[\/vc_column_text][vc_btn title=&#8221;Contact&#8221; link=&#8221;url:mailto%3Avincent.gerard%40ensapc.fr|||&#8221;][\/vc_column][\/vc_row]<\/p>\n<\/div>","protected":false},"excerpt":{"rendered":"<p>[vc_row][vc_column][vc_column_text]Since 1997 he has written, directed and produced several fiction films, documentaries, videos and installations. He regularly collaborates with director C\u00e9dric Laty, with whom he is associate producer of Lamplighter Films and Lamplighter Kamera. He is also an independent curator. Filmography: 2016 &#8211; The fisherman&#8217;s whispers &#8211; Feature film \/ in post-production 2015 &#8211; Barthes*&#8230;  <a class=\"excerpt-read-more\" href=\"https:\/\/www.ensapc.fr\/en\/vincent-gerard\/\" title=\"Read VINCENT G\u00c9RARD\">Read more &raquo;<\/a><\/p>\n","protected":false},"author":1,"featured_media":0,"parent":0,"menu_order":328,"comment_status":"closed","ping_status":"closed","template":"","meta":{"footnotes":""},"class_list":["post-5446","page","type-page","status-publish","hentry"],"_links":{"self":[{"href":"https:\/\/www.ensapc.fr\/en\/wp-json\/wp\/v2\/pages\/5446","targetHints":{"allow":["GET"]}}],"collection":[{"href":"https:\/\/www.ensapc.fr\/en\/wp-json\/wp\/v2\/pages"}],"about":[{"href":"https:\/\/www.ensapc.fr\/en\/wp-json\/wp\/v2\/types\/page"}],"author":[{"embeddable":true,"href":"https:\/\/www.ensapc.fr\/en\/wp-json\/wp\/v2\/users\/1"}],"replies":[{"embeddable":true,"href":"https:\/\/www.ensapc.fr\/en\/wp-json\/wp\/v2\/comments?post=5446"}],"version-history":[{"count":2,"href":"https:\/\/www.ensapc.fr\/en\/wp-json\/wp\/v2\/pages\/5446\/revisions"}],"predecessor-version":[{"id":5448,"href":"https:\/\/www.ensapc.fr\/en\/wp-json\/wp\/v2\/pages\/5446\/revisions\/5448"}],"wp:attachment":[{"href":"https:\/\/www.ensapc.fr\/en\/wp-json\/wp\/v2\/media?parent=5446"}],"curies":[{"name":"wp","href":"https:\/\/api.w.org\/{rel}","templated":true}]}}