{"id":5457,"date":"2016-10-10T11:24:26","date_gmt":"2016-10-10T09:24:26","guid":{"rendered":"https:\/\/www.ensapc.fr\/en\/geoffroy-de-lagasnerie"},"modified":"2020-05-18T10:01:38","modified_gmt":"2020-05-18T08:01:38","slug":"geoffroy-de-lagasnerie","status":"publish","type":"page","link":"https:\/\/www.ensapc.fr\/en\/geoffroy-de-lagasnerie\/","title":{"rendered":"GEOFFROY DE LAGASNERIE"},"content":{"rendered":"<div class=\"wpb-content-wrapper\"><p>[vc_row][vc_column][vc_column_text]Geoffroy de Lagasnerie is a philosopher and sociologist. His work focuses on art, culture and intellectuals, social and political philosophy and critical theory.<\/p>\n<p>He is the author of :<br \/>\nL&#8217;Art de la r\u00e9volte Snowden, Assange, Manning, (Fayard 2015)<br \/>\nJuger,\u00a0L&#8217;Etat p\u00e9nal face \u00e0 la sociologie (Fayard, 2016)<br \/>\nLa derni\u00e8re le\u00e7on de Michel Foucault (Fayard, 2012),<br \/>\nLogique de la cr\u00e9ation (Fayard, 2011),<br \/>\nSur la science des \u0153uvres (Cartouche, 2011)<br \/>\nL\u2019empire de l\u2019universit\u00e9 (Amsterdam, 2007)<\/p>\n<p>He directs the &#8220;\u00e0 venir&#8221; collection at Fayard publishing.[\/vc_column_text][vc_btn title=&#8221;Contact&#8221; link=&#8221;url:mailto%3Ageoffroy.delagasnerie%40ensapc.fr|||&#8221;][vc_btn title=&#8221;Learn more about Geoffroy de Lagasnerie&#8221; link=&#8221;url:http%3A%2F%2Fwww.geoffroydelagasnerie.com||target:%20_blank|&#8221;][\/vc_column][\/vc_row]<\/p>\n<\/div>","protected":false},"excerpt":{"rendered":"<p>[vc_row][vc_column][vc_column_text]Geoffroy de Lagasnerie is a philosopher and sociologist. His work focuses on art, culture and intellectuals, social and political philosophy and critical theory. He is the author of : L&#8217;Art de la r\u00e9volte Snowden, Assange, Manning, (Fayard 2015) Juger,\u00a0L&#8217;Etat p\u00e9nal face \u00e0 la sociologie (Fayard, 2016) La derni\u00e8re le\u00e7on de Michel Foucault (Fayard, 2012), Logique&#8230;  <a class=\"excerpt-read-more\" href=\"https:\/\/www.ensapc.fr\/en\/geoffroy-de-lagasnerie\/\" title=\"Read GEOFFROY DE LAGASNERIE\">Read more &raquo;<\/a><\/p>\n","protected":false},"author":1,"featured_media":0,"parent":0,"menu_order":198,"comment_status":"closed","ping_status":"closed","template":"","meta":{"footnotes":""},"class_list":["post-5457","page","type-page","status-publish","hentry"],"_links":{"self":[{"href":"https:\/\/www.ensapc.fr\/en\/wp-json\/wp\/v2\/pages\/5457","targetHints":{"allow":["GET"]}}],"collection":[{"href":"https:\/\/www.ensapc.fr\/en\/wp-json\/wp\/v2\/pages"}],"about":[{"href":"https:\/\/www.ensapc.fr\/en\/wp-json\/wp\/v2\/types\/page"}],"author":[{"embeddable":true,"href":"https:\/\/www.ensapc.fr\/en\/wp-json\/wp\/v2\/users\/1"}],"replies":[{"embeddable":true,"href":"https:\/\/www.ensapc.fr\/en\/wp-json\/wp\/v2\/comments?post=5457"}],"version-history":[{"count":2,"href":"https:\/\/www.ensapc.fr\/en\/wp-json\/wp\/v2\/pages\/5457\/revisions"}],"predecessor-version":[{"id":5459,"href":"https:\/\/www.ensapc.fr\/en\/wp-json\/wp\/v2\/pages\/5457\/revisions\/5459"}],"wp:attachment":[{"href":"https:\/\/www.ensapc.fr\/en\/wp-json\/wp\/v2\/media?parent=5457"}],"curies":[{"name":"wp","href":"https:\/\/api.w.org\/{rel}","templated":true}]}}