{"id":5470,"date":"2016-10-10T11:54:32","date_gmt":"2016-10-10T09:54:32","guid":{"rendered":"https:\/\/www.ensapc.fr\/en\/federico-nicolao"},"modified":"2020-05-18T10:18:29","modified_gmt":"2020-05-18T08:18:29","slug":"federico-nicolao","status":"publish","type":"page","link":"https:\/\/www.ensapc.fr\/en\/federico-nicolao\/","title":{"rendered":"FEDERICO NICOLAO"},"content":{"rendered":"<div class=\"wpb-content-wrapper\"><p>[vc_row][vc_column][vc_column_text]A resident of the Villa M\u00e9dicis in literature (2005 and 2006), he was programme director at the Mus\u00e9e d&#8217;Art Moderne de la Ville de Paris (2004) and at the Mus\u00e9e Picasso, Antibes (2005) and has collaborated as curator, speaker or moderator of debates with many international institutions: the ECAL in Lausanne, the Akademie Schloss Solitude in Stuttgart, the CCA in Kytakyushu, Japan, the Centre International d&#8217;Art et du Paysage in Vassivi\u00e8re and the Mus\u00e9e national Marc Chagall in Nice. He is the author of numerous essays on arts and literature.<\/p>\n<p>Among his latest publications:<\/p>\n<p>Nicolas de Sta\u00ebl, lumi\u00e8res du nord, lumi\u00e8res du sud(Gallimard, Paris 2014),<br \/>\nSta\u00ebl la figure \u00e0 nu (Hazan, Paris 2014)<br \/>\nKoo Jeong-A (D.I.A. Foundation, New York 2012),<br \/>\nGiuseppe Penone (ENSBA, Paris 2009),<br \/>\nLa figure dans l\u2019art (Bordeaux, William Blake &amp; Co. 2008),<br \/>\nGilles Aillaud (Paris, Hazan, 2007)<br \/>\nNicolas de Sta\u00ebl, un automne, un hiver(Paris, Hazan, 2006) et Celia Misteriosa, a three-volume work for the moment designed with the artists Koo Jeong-A, Laura Erber and Jean Sabrier (Rome, Villa Medici 2007-2010)<br \/>\nHe founded and directs the magazine &#8220;Chorus una costellazione&#8221;.<\/p>\n<p>He has translated many authors into Italian (Jean-Christophe Bailly, Edmond Jab\u00e8s, Alain de Libera, Gherasim Luca, Philippe Lacoue-Labarthe, Roger Laporte, Michel Leiris, Tomas Maia, Jean-Luc Nancy, Jean-Marie Pontevia) and, with Philippe Lacoue-Labarthe, into French, the auschwitz stories of the Italian poet Giorgio Caproni, Cartes postales d&#8217;un voyage en pologne (Bordeaux, 2004).<br \/>\nAs a member of the association artistes &amp; associ\u00e9s, he has for several years pursued a policy of direct collaboration with authors and has thus participated in several artists&#8217; projects (with Koo Jeong-A, Jer\u00f4me Combier, Elein Fleiss, M\/M, Eryck Rocha, to name but a few examples).[\/vc_column_text][vc_btn title=&#8221;Contact&#8221; link=&#8221;url:mailto%3Afederico.nicolao%40ensapc.fr|||&#8221;][vc_btn title=&#8221;Learn more about Federico Nicolao&#8221; link=&#8221;url:http%3A%2F%2Fwww.nicolao.org%2F||target:%20_blank|&#8221;][\/vc_column][\/vc_row]<\/p>\n<\/div>","protected":false},"excerpt":{"rendered":"<p>[vc_row][vc_column][vc_column_text]A resident of the Villa M\u00e9dicis in literature (2005 and 2006), he was programme director at the Mus\u00e9e d&#8217;Art Moderne de la Ville de Paris (2004) and at the Mus\u00e9e Picasso, Antibes (2005) and has collaborated as curator, speaker or moderator of debates with many international institutions: the ECAL in Lausanne, the Akademie Schloss Solitude&#8230;  <a class=\"excerpt-read-more\" href=\"https:\/\/www.ensapc.fr\/en\/federico-nicolao\/\" title=\"Read FEDERICO NICOLAO\">Read more &raquo;<\/a><\/p>\n","protected":false},"author":1,"featured_media":0,"parent":0,"menu_order":196,"comment_status":"closed","ping_status":"closed","template":"","meta":{"footnotes":""},"class_list":["post-5470","page","type-page","status-publish","hentry"],"_links":{"self":[{"href":"https:\/\/www.ensapc.fr\/en\/wp-json\/wp\/v2\/pages\/5470","targetHints":{"allow":["GET"]}}],"collection":[{"href":"https:\/\/www.ensapc.fr\/en\/wp-json\/wp\/v2\/pages"}],"about":[{"href":"https:\/\/www.ensapc.fr\/en\/wp-json\/wp\/v2\/types\/page"}],"author":[{"embeddable":true,"href":"https:\/\/www.ensapc.fr\/en\/wp-json\/wp\/v2\/users\/1"}],"replies":[{"embeddable":true,"href":"https:\/\/www.ensapc.fr\/en\/wp-json\/wp\/v2\/comments?post=5470"}],"version-history":[{"count":2,"href":"https:\/\/www.ensapc.fr\/en\/wp-json\/wp\/v2\/pages\/5470\/revisions"}],"predecessor-version":[{"id":5472,"href":"https:\/\/www.ensapc.fr\/en\/wp-json\/wp\/v2\/pages\/5470\/revisions\/5472"}],"wp:attachment":[{"href":"https:\/\/www.ensapc.fr\/en\/wp-json\/wp\/v2\/media?parent=5470"}],"curies":[{"name":"wp","href":"https:\/\/api.w.org\/{rel}","templated":true}]}}