{"id":5571,"date":"2020-05-05T09:38:48","date_gmt":"2020-05-05T07:38:48","guid":{"rendered":"https:\/\/www.ensapc.fr\/en\/ygrec\/archives\/2019-2\/prix-bic-2019"},"modified":"2020-05-18T16:32:26","modified_gmt":"2020-05-18T14:32:26","slug":"prix-bic-2019","status":"publish","type":"page","link":"https:\/\/www.ensapc.fr\/en\/ygrec\/archives\/2019-2\/prix-bic-2019\/","title":{"rendered":"BIC PRIZE FOR THE ENSAPC 2019"},"content":{"rendered":"<div class=\"wpb-content-wrapper\"><p>[vc_row][vc_column][vc_images_carousel images=&#8221;4978,5158,5157,5155,5161&#8243; img_size=&#8221;large&#8221; autoplay=&#8221;yes&#8221; hide_pagination_control=&#8221;yes&#8221; wrap=&#8221;yes&#8221; css=&#8221;.vc_custom_1588668130193{padding-right: 40px !important;padding-left: 40px !important;}&#8221;][\/vc_column][\/vc_row][vc_row][vc_column][vc_column_text]<\/p>\n<h3>\u00a0<strong>BIC\u00ae Prize for the ENSAPC 2019<\/strong><\/h3>\n<p><strong>December 11, 2019 to February 8, 2020<\/strong><\/p>\n<p><strong>Vernissage and\u00a0award ceremony: Tuesday, December 10, 2019 from 6:30 to 8:30 p.m.<br \/>\n<\/strong><\/p>\n<p>Soci\u00e9t\u00e9 BIC and the Ecole Nationale Sup\u00e9rieure d\u2019Arts de Paris-Cergy are pleased to announce the fourth edition of the BIC\u00ae Prize for Contemporary Creation for the ENSAPC. This year, the CRR 93 is pleased to host the exhibition, in partnership with Ygrec and the Visual Arts Pole of the Cultural Affairs Department of Aubervilliers.<\/p>\n<p>The BIC\u00ae prize aims to encourage contemporary creation by highlighting an emerging artist studying at ENSAPC. It offers all students the opportunity to explore potential artistic relationships and imaginary worlds based on BIC\u00ae products through a process of appropriation and embezzlement. By supporting the field of experimental art education, which is committed to issues of diversity and equality, the prize aims to reward a production selected by a jury of art world professionals composed of :<\/p>\n<p>Carole Benzaken (artist and teacher at ENSAPC), Marie-Charlotte Bich (BIC Collection), Florence &amp; Daniel Guerlain (collectors), Sandra Heged\u00fcs (founder of SAM Art Projects), Herv\u00e9 Mikaeloff (curator and contemporary art consultant), Marie-Ange Moulonguet (member of the artistic committee of the Marcel Duchamp Prize, member of the Paris art selection committee and consultant) and Carine Tissot (director of Drawing Now Art Fair).<\/p>\n<p>The exhibition brings together, on the one hand, the works of the 2018 winner Araks Sahakyan and Camille Joffroy who participated in last year\u2019s award and, on the other hand, the productions of the sixteen students (first to fifth year) participating in the 2019 prize: Morgane Baffier, Deniz Doruk, Diana Faksh, Sirine Germani, Carla Gueye, Selma Hyka, Cl\u00e9mence Le Boucher d\u2019H\u00e9rouville, H\u00e9l\u00e8ne Marcon, Amine Merhoum, Mathis Philippe, Mickey Pujolar, Vincent Rasclard, Victorien Soufflet, Fauve Tintigner, Alexandre Veretennikov, Arthur Yaya. An ensemble of drawings, sculptures, videos, installations and performances is deployed in the building of the Aubervilliers Conservatory, in dialogue with its architecture.<\/p>\n<p>For the 4th edition of the Bic Prize for Contemporary Creation for the ENSAPC (Ecole nationale sup\u00e9rieure d\u2019arts de Paris-Cergy), Vincent Rasclard was awarded the prize for his monochrome black work \u201cTeilapubel\u201d. The artist has cumulated, gathered in a thick layer and made the ink of the black Bic Cristal pen reflect on this 4 x 37 cm panel. It evokes a memory of schoolchildren\u2019s kits, letters, written words, spread out on a single support.<\/p>\n<p><b><i>With the support of\u00a0BIC.<\/i><\/b><\/p>\n<p><b><i>\u00a0<a href=\"https:\/\/www.ensapc.fr\/wp-content\/uploads\/2017\/05\/19457541_10212968817599908_1329841301_o.png\"><img decoding=\"async\" class=\"wp-image-2166 alignleft\" src=\"https:\/\/www.ensapc.fr\/wp-content\/uploads\/2017\/05\/19457541_10212968817599908_1329841301_o-300x100.png\" alt=\"19457541_10212968817599908_1329841301_o\" width=\"123\" height=\"41\" srcset=\"https:\/\/www.ensapc.fr\/wp-content\/uploads\/2017\/05\/19457541_10212968817599908_1329841301_o-300x100.png 300w, https:\/\/www.ensapc.fr\/wp-content\/uploads\/2017\/05\/19457541_10212968817599908_1329841301_o-768x256.png 768w, https:\/\/www.ensapc.fr\/wp-content\/uploads\/2017\/05\/19457541_10212968817599908_1329841301_o-1024x342.png 1024w, https:\/\/www.ensapc.fr\/wp-content\/uploads\/2017\/05\/19457541_10212968817599908_1329841301_o.png 2000w\" sizes=\"(max-width: 123px) 100vw, 123px\" \/><\/a><\/i><\/b>[\/vc_column_text][\/vc_column][\/vc_row]<\/p>\n<\/div>","protected":false},"excerpt":{"rendered":"<p>[vc_row][vc_column][vc_images_carousel images=&#8221;4978,5158,5157,5155,5161&#8243; img_size=&#8221;large&#8221; autoplay=&#8221;yes&#8221; hide_pagination_control=&#8221;yes&#8221; wrap=&#8221;yes&#8221; css=&#8221;.vc_custom_1588668130193{padding-right: 40px !important;padding-left: 40px !important;}&#8221;][\/vc_column][\/vc_row][vc_row][vc_column][vc_column_text] \u00a0BIC\u00ae Prize for the ENSAPC 2019 December 11, 2019 to February 8, 2020 Vernissage and\u00a0award ceremony: Tuesday, December 10, 2019 from 6:30 to 8:30 p.m. Soci\u00e9t\u00e9 BIC and the Ecole Nationale Sup\u00e9rieure d\u2019Arts de Paris-Cergy are pleased to announce the fourth edition of the&#8230;  <a class=\"excerpt-read-more\" href=\"https:\/\/www.ensapc.fr\/en\/ygrec\/archives\/2019-2\/prix-bic-2019\/\" title=\"Read BIC PRIZE FOR THE ENSAPC 2019\">Read more &raquo;<\/a><\/p>\n","protected":false},"author":1,"featured_media":0,"parent":5382,"menu_order":419,"comment_status":"closed","ping_status":"closed","template":"","meta":{"footnotes":""},"class_list":["post-5571","page","type-page","status-publish","hentry"],"_links":{"self":[{"href":"https:\/\/www.ensapc.fr\/en\/wp-json\/wp\/v2\/pages\/5571","targetHints":{"allow":["GET"]}}],"collection":[{"href":"https:\/\/www.ensapc.fr\/en\/wp-json\/wp\/v2\/pages"}],"about":[{"href":"https:\/\/www.ensapc.fr\/en\/wp-json\/wp\/v2\/types\/page"}],"author":[{"embeddable":true,"href":"https:\/\/www.ensapc.fr\/en\/wp-json\/wp\/v2\/users\/1"}],"replies":[{"embeddable":true,"href":"https:\/\/www.ensapc.fr\/en\/wp-json\/wp\/v2\/comments?post=5571"}],"version-history":[{"count":2,"href":"https:\/\/www.ensapc.fr\/en\/wp-json\/wp\/v2\/pages\/5571\/revisions"}],"predecessor-version":[{"id":5573,"href":"https:\/\/www.ensapc.fr\/en\/wp-json\/wp\/v2\/pages\/5571\/revisions\/5573"}],"up":[{"embeddable":true,"href":"https:\/\/www.ensapc.fr\/en\/wp-json\/wp\/v2\/pages\/5382"}],"wp:attachment":[{"href":"https:\/\/www.ensapc.fr\/en\/wp-json\/wp\/v2\/media?parent=5571"}],"curies":[{"name":"wp","href":"https:\/\/api.w.org\/{rel}","templated":true}]}}