{"id":5582,"date":"2020-05-05T10:59:29","date_gmt":"2020-05-05T08:59:29","guid":{"rendered":"https:\/\/www.ensapc.fr\/en\/ygrec\/archives\/2018-3\/mythe-en-place"},"modified":"2020-05-18T16:44:57","modified_gmt":"2020-05-18T14:44:57","slug":"mythe-en-place","status":"publish","type":"page","link":"https:\/\/www.ensapc.fr\/en\/ygrec\/archives\/2018-3\/mythe-en-place\/","title":{"rendered":"MYTHE EN PLACE"},"content":{"rendered":"<div class=\"wpb-content-wrapper\"><p>[vc_row][vc_column css=&#8221;.vc_custom_1588669076397{padding-right: 50px !important;padding-left: 50px !important;}&#8221;][vc_images_carousel images=&#8221;5165,4970,5163,5166,5169,5171,5172,5173&#8243; img_size=&#8221;large&#8221; autoplay=&#8221;yes&#8221; hide_pagination_control=&#8221;yes&#8221; wrap=&#8221;yes&#8221;][\/vc_column][\/vc_row][vc_row][vc_column][vc_column_text]<\/p>\n<h3><b>Mythe en place\u00a0<\/b><\/h3>\n<p><strong>From 15 March to 06 April 2018<\/strong><\/p>\n<p><strong>Opening: Thursday, March 15, 2018, from 6 to 9 p.m.<\/strong><\/p>\n<p>As part of the YGREC nomadic program, the \u00c9cole Nationale Sup\u00e9rieure d\u2019Arts de Paris-Cergy presents with the Cit\u00e9 Internationale des Arts the exhibition \u201cMythe en place\u201d with the artists Regine Rode, Niko Abramidis &amp;NE and Susi Gelb. For this project, they create a space dedicated to the irrepressible human need to research, believe and reform. Through various mediums, such as objects, drawings and installations, the exhibition seeks the inter-correlation between myth and Man. Through these materials used for their conceptual and aesthetic value, the artists seek to open up a parallel world for the viewer. Through fictitious models, reality is interrupted and allows to go beyond a systemic approach.<\/p>\n<p>Regine Rode (Germany) is in residence at the Cit\u00e9 internationale des arts in the framework of the partnership with the \u00c9cole Nationale Sup\u00e9rieure d\u2019Arts de Paris-Cergy (ENSAPC) and their exchange program with the Otis College of Art and Design, USA. Niko Abramidis &amp;NE and Susi Gelb (Germany) are both in residence via the programme of the Bavarian Ministry of Education, Culture, Science and Arts, Germany.[\/vc_column_text][\/vc_column][\/vc_row]<\/p>\n<\/div>","protected":false},"excerpt":{"rendered":"<p>[vc_row][vc_column css=&#8221;.vc_custom_1588669076397{padding-right: 50px !important;padding-left: 50px !important;}&#8221;][vc_images_carousel images=&#8221;5165,4970,5163,5166,5169,5171,5172,5173&#8243; img_size=&#8221;large&#8221; autoplay=&#8221;yes&#8221; hide_pagination_control=&#8221;yes&#8221; wrap=&#8221;yes&#8221;][\/vc_column][\/vc_row][vc_row][vc_column][vc_column_text] Mythe en place\u00a0 From 15 March to 06 April 2018 Opening: Thursday, March 15, 2018, from 6 to 9 p.m. As part of the YGREC nomadic program, the \u00c9cole Nationale Sup\u00e9rieure d\u2019Arts de Paris-Cergy presents with the Cit\u00e9 Internationale des Arts the exhibition \u201cMythe&#8230;  <a class=\"excerpt-read-more\" href=\"https:\/\/www.ensapc.fr\/en\/ygrec\/archives\/2018-3\/mythe-en-place\/\" title=\"Read MYTHE EN PLACE\">Read more &raquo;<\/a><\/p>\n","protected":false},"author":1,"featured_media":0,"parent":5377,"menu_order":414,"comment_status":"closed","ping_status":"closed","template":"","meta":{"footnotes":""},"class_list":["post-5582","page","type-page","status-publish","hentry"],"_links":{"self":[{"href":"https:\/\/www.ensapc.fr\/en\/wp-json\/wp\/v2\/pages\/5582","targetHints":{"allow":["GET"]}}],"collection":[{"href":"https:\/\/www.ensapc.fr\/en\/wp-json\/wp\/v2\/pages"}],"about":[{"href":"https:\/\/www.ensapc.fr\/en\/wp-json\/wp\/v2\/types\/page"}],"author":[{"embeddable":true,"href":"https:\/\/www.ensapc.fr\/en\/wp-json\/wp\/v2\/users\/1"}],"replies":[{"embeddable":true,"href":"https:\/\/www.ensapc.fr\/en\/wp-json\/wp\/v2\/comments?post=5582"}],"version-history":[{"count":2,"href":"https:\/\/www.ensapc.fr\/en\/wp-json\/wp\/v2\/pages\/5582\/revisions"}],"predecessor-version":[{"id":5584,"href":"https:\/\/www.ensapc.fr\/en\/wp-json\/wp\/v2\/pages\/5582\/revisions\/5584"}],"up":[{"embeddable":true,"href":"https:\/\/www.ensapc.fr\/en\/wp-json\/wp\/v2\/pages\/5377"}],"wp:attachment":[{"href":"https:\/\/www.ensapc.fr\/en\/wp-json\/wp\/v2\/media?parent=5582"}],"curies":[{"name":"wp","href":"https:\/\/api.w.org\/{rel}","templated":true}]}}