{"id":5586,"date":"2020-05-05T11:13:38","date_gmt":"2020-05-05T09:13:38","guid":{"rendered":"https:\/\/www.ensapc.fr\/en\/ygrec\/archives\/2018-3\/prix-bic-2018"},"modified":"2020-05-18T16:49:42","modified_gmt":"2020-05-18T14:49:42","slug":"prix-bic-2018","status":"publish","type":"page","link":"https:\/\/www.ensapc.fr\/en\/ygrec\/archives\/2018-3\/prix-bic-2018\/","title":{"rendered":"BIC\u00ae Prize for the ENSAPC 2018"},"content":{"rendered":"<div class=\"wpb-content-wrapper\"><p>[vc_row][vc_column][vc_images_carousel images=&#8221;4972,5179,5180&#8243; img_size=&#8221;large&#8221; autoplay=&#8221;yes&#8221; hide_pagination_control=&#8221;yes&#8221; wrap=&#8221;yes&#8221; css=&#8221;.vc_custom_1588669826483{padding-left: 50px !important;}&#8221;][\/vc_column][\/vc_row][vc_row][vc_column][vc_column_text]<\/p>\n<h3><strong>BIC\u00ae Prize for the ENSAPC 2018<\/strong><\/h3>\n<p><strong>December 13, 2018<\/strong><\/p>\n<p>SOCI\u00c9T\u00c9 BIC and the \u00c9cole Nationale Sup\u00e9rieure d&#8217;Arts de Paris-Cergy joined forces again on Thursday, December 13, 2018 for the third BIC\u00ae Prize for Contemporary Creation for the ENSAPC.<\/p>\n<p>This prize encourages creation and new artistic forms around the universe of the BIC\u00ae brand, highlighting an emerging artist studying at ENSAPC.<\/p>\n<p>Araks Sahakyan (born in 1990, artist of Spanish and Armenian origin) is the winner of the 3rd edition of the BIC\u00ae Prize for ENSAPC 2018. Her work Paper carpet is an installation of 121 sheets assembled in a box; once unfolded, they form a 213 x 301 cm carpet. This work was created using paper, leather, BIC\u00ae VISA and Cont\u00e9\u00ae markers, BIC\u00ae ballpoint pens, BIC\u00ae India ink and BIC\u00ae pencils.<\/p>\n<p>Camille Joffroy won second prize with Judith triumphant, a 50 x 110 cm. triptych, BIC\u00ae pen on paper, and Jun Kim won third prize with Atlas bleu, an installation of two videos, one of dance and the other of digital drawing using BIC\u00ae Cristal\u00ae blue pen.<\/p>\n<p>All of the works submitted for this competition were exhibited at the new ENSAPC YGREC space in spring 2019.<\/p>\n<p>The members of the jury are : Sandra Heged\u00fcs, Founder of SAM Art Projects, Herv\u00e9 Mikaeloff, curator, Marie-Ange Moulonguet, member of the Selection Committee for the Prix Duchamp 2018 and of the Selection Committee for Art Paris 2019, who was director of the Louis Vuitton cultural space at 60 rue Bassano, Jean-Luc Verna, artist and professor at ENSAPC, Marie-Ann Yemsi, cultural consultant and curator, and Marie-Charlotte Bich for the BIC Collection.<\/p>\n<p><a href=\"https:\/\/www.ensapc.fr\/wp-content\/uploads\/2017\/11\/bic.png\"><img decoding=\"async\" class=\"wp-image-2487 alignleft\" src=\"https:\/\/www.ensapc.fr\/wp-content\/uploads\/2017\/11\/bic.png\" alt=\"bic\" width=\"192\" height=\"57\" \/><\/a>[\/vc_column_text][\/vc_column][\/vc_row]<\/p>\n<\/div>","protected":false},"excerpt":{"rendered":"<p>[vc_row][vc_column][vc_images_carousel images=&#8221;4972,5179,5180&#8243; img_size=&#8221;large&#8221; autoplay=&#8221;yes&#8221; hide_pagination_control=&#8221;yes&#8221; wrap=&#8221;yes&#8221; css=&#8221;.vc_custom_1588669826483{padding-left: 50px !important;}&#8221;][\/vc_column][\/vc_row][vc_row][vc_column][vc_column_text] BIC\u00ae Prize for the ENSAPC 2018 December 13, 2018 SOCI\u00c9T\u00c9 BIC and the \u00c9cole Nationale Sup\u00e9rieure d&#8217;Arts de Paris-Cergy joined forces again on Thursday, December 13, 2018 for the third BIC\u00ae Prize for Contemporary Creation for the ENSAPC. This prize encourages creation and new artistic forms&#8230;  <a class=\"excerpt-read-more\" href=\"https:\/\/www.ensapc.fr\/en\/ygrec\/archives\/2018-3\/prix-bic-2018\/\" title=\"Read BIC\u00ae Prize for the ENSAPC 2018\">Read more &raquo;<\/a><\/p>\n","protected":false},"author":1,"featured_media":0,"parent":5377,"menu_order":412,"comment_status":"closed","ping_status":"closed","template":"","meta":{"footnotes":""},"class_list":["post-5586","page","type-page","status-publish","hentry"],"_links":{"self":[{"href":"https:\/\/www.ensapc.fr\/en\/wp-json\/wp\/v2\/pages\/5586","targetHints":{"allow":["GET"]}}],"collection":[{"href":"https:\/\/www.ensapc.fr\/en\/wp-json\/wp\/v2\/pages"}],"about":[{"href":"https:\/\/www.ensapc.fr\/en\/wp-json\/wp\/v2\/types\/page"}],"author":[{"embeddable":true,"href":"https:\/\/www.ensapc.fr\/en\/wp-json\/wp\/v2\/users\/1"}],"replies":[{"embeddable":true,"href":"https:\/\/www.ensapc.fr\/en\/wp-json\/wp\/v2\/comments?post=5586"}],"version-history":[{"count":3,"href":"https:\/\/www.ensapc.fr\/en\/wp-json\/wp\/v2\/pages\/5586\/revisions"}],"predecessor-version":[{"id":5589,"href":"https:\/\/www.ensapc.fr\/en\/wp-json\/wp\/v2\/pages\/5586\/revisions\/5589"}],"up":[{"embeddable":true,"href":"https:\/\/www.ensapc.fr\/en\/wp-json\/wp\/v2\/pages\/5377"}],"wp:attachment":[{"href":"https:\/\/www.ensapc.fr\/en\/wp-json\/wp\/v2\/media?parent=5586"}],"curies":[{"name":"wp","href":"https:\/\/api.w.org\/{rel}","templated":true}]}}