{"id":5592,"date":"2018-03-07T11:15:29","date_gmt":"2018-03-07T10:15:29","guid":{"rendered":"https:\/\/www.ensapc.fr\/en\/ygrec\/archives\/2017-2\/prix-bic-lensapc-2017"},"modified":"2020-05-18T17:01:38","modified_gmt":"2020-05-18T15:01:38","slug":"prix-bic-lensapc-2017","status":"publish","type":"page","link":"https:\/\/www.ensapc.fr\/en\/ygrec\/archives\/2017-2\/prix-bic-lensapc-2017\/","title":{"rendered":"BIC\u00ae PRIZE FOR ENSAPC 2017"},"content":{"rendered":"<div class=\"wpb-content-wrapper\"><p>[vc_row][vc_column][vc_single_image image=&#8221;2559&#8243; img_size=&#8221;large&#8221; add_caption=&#8221;yes&#8221; alignment=&#8221;center&#8221; css_animation=&#8221;top-to-bottom&#8221;][\/vc_column][\/vc_row][vc_row content_placement=&#8221;middle&#8221;][vc_column][vc_column_text]<strong>Exhibition<\/strong><\/p>\n<h3>BIC\u00ae AWARDS FOR THE ENSAPC\u00a02017<\/h3>\n<p><strong>\u00a0<\/strong><\/p>\n<p><strong>\u00a0<\/strong>[\/vc_column_text][vc_separator color=&#8221;pink&#8221; style=&#8221;dashed&#8221; el_width=&#8221;90&#8243;][vc_column_text]<\/p>\n<div class=\"wpb_text_column wpb_content_element \">\n<div class=\"wpb_wrapper\">\n<h3>BIC\u00ae AWARDS FOR THE ENSAPC\u00a02017<\/h3>\n<p><strong>Opening\u00a0: December 4th at 7 pm<\/strong><\/p>\n<p><strong>Award Ceremony: 7 pm<\/strong><\/p>\n<p><strong>Exhibition: from Monday 4 December 2017 to 22 December 2017<\/strong><br \/>\nSoci\u00e9t\u00e9 BIC and the Ecole Nationale Sup\u00e9rieure d&#8217;Arts de Paris-Cergy are pleased to announce the second edition of the BIC\u00ae Prize for Contemporary Creation for the ENSAPC.<\/p>\n<p>The purpose of this prize is to encourage the creation of new artistic forms by highlighting emerging artists who are students at ENSAPC.<\/p>\n<p>The BIC\u00ae prize offers young artists the opportunity to explore, deepen, appropriate and reinvent all the artistic potential and imagination offered by the brand.<\/p>\n<p>BIC wanted to include this award within the ENSAPC in order to support a dynamic and innovative, open and demanding world of education, as well as a symbol of cultural diversity. The prize, open to all students, aims to reward their work by allowing them to present it to a jury of professionals from the art world. The only request of the call for projects is to use, to put into situation, or to represent one or more BIC\u00ae brand product(s).<\/p>\n<p>Jisoo Yoo is the winner of the 2nd edition of the ENSAPC 2017 Award with her artwork &#8220;Metamorphosis&#8221; (107 x 52 cm, 2017), a drawing made with 3 BIC\u00ae pens: BIC\u00ae Intensity\u00ae fine Felt pen BIC\u00ae Intensity\u00ae fine Roller Glide pro 0.5mm and BIC\u00aeCristal\u00ae classic. Jisoo Yoo is a Korean artist born in Seoul in 1990 who lives and works in Paris (http:\/\/jisooyoo.com\/).<\/p>\n<p>The second prize was won by Mickey Pujolar with his work &#8220;Ink&#8221; (ink from 250 BIC\u00ae Cristal\u00ae pens on paper, collage, 150\u00d7220 cm) and the third prize &#8211; by Benjamin Zaragoza &#8211; with &#8220;Strates&#8221; (installation of 3 panels of polystyrene recovered from BIC\u00ae Cristal\u00ae blue pens, variable dimensions). The works of the winners will be presented at the exhibition &#8220;The Bic Collection&#8221; at the CENTQUATRE from April 14 to May 13, 2018.<\/p>\n<p>The jury was composed of : Bruno Bich, Chairman and CEO of Soci\u00e9t\u00e9 BIC; Agata Boetti; Florence &amp; Daniel Guerlain, Collectors; Sandra Heged\u00fcs, Founder of Sam Arts Projects; Herv\u00e9 Mikaeloff, Curator and Marie-Ange Moulonguet, Member of the Artistic Committee of the Prix Duchamp and Art Paris.<\/p>\n<p>All the works presented for this competition are exhibited at the Espace ENSAPC YGREC.<\/p>\n<p style=\"font-weight: 400;\"><strong>PRESS\u00a0<\/strong><\/p>\n<p>BIC\u00a0:<br \/>\nBenjamin Durand<br \/>\n<a href=\"tel:+33%201%2045%2019%2051%2055\">+33 1 45 19 51 55<\/a><br \/>\n<a href=\"mailto:benjamin.durand@bicworld.com\">benjamin.durand@bicworld.com<\/a><\/p>\n<p style=\"font-weight: 400;\"><strong>Image 7 :<\/strong><br \/>\nIsabelle de Segonzac<br \/>\n<a href=\"tel:+33%201%2053%2070%2074%2070\">+ 33 1 53 70 74 70<\/a><br \/>\n<a href=\"mailto:isegonzac@image7.fr\">isegonzac@image7.fr<\/a><\/p>\n<p style=\"font-weight: 400;\"><strong>ENSAPC :\u00a0<\/strong><br \/>\nTatiana Nedelskaya<br \/>\n<u>+33 6 10 35 02 89<br \/>\ntatiana.nedelskaya@ensapc.fr<\/u><\/p>\n<p style=\"font-weight: 400;\"><a href=\"https:\/\/www.ensapc.fr\/wp-content\/uploads\/2017\/11\/bic.png\"><img decoding=\"async\" class=\"wp-image-2487 alignleft\" src=\"https:\/\/www.ensapc.fr\/wp-content\/uploads\/2017\/11\/bic.png\" alt=\"bic\" width=\"192\" height=\"57\" \/><\/a><\/p>\n<\/div>\n<\/div>\n<p style=\"font-weight: 400;\"><link rel=\"stylesheet\" href=\"https:\/\/cdnjs.cloudflare.com\/ajax\/libs\/fancybox\/3.1.25\/jquery.fancybox.min.css\" \/>\r\n\t\t\t\t\t\t\t\t\t\t\t\t\t\t\t\t\t\t\t<script src=\"https:\/\/cdnjs.cloudflare.com\/ajax\/libs\/fancybox\/3.1.25\/jquery.fancybox.min.js\"><\/script><div id=\"slider_diapo\" class=\"modeLB\"><a data-fancybox=\"gallery\" href=\"https:\/\/www.ensapc.fr\/wp-content\/uploads\/2017\/12\/M\u00e9tamorphose-Jisoo-Yoo-2017.jpg\" style=\"display:block; position: absolute; width: 100%; height: 100%;  z-index: 5000\" class=\"\" data-caption=\"\"><\/a><ul id=\"slider_page\"><li class=\"img_1\"><img decoding=\"async\" src=\"https:\/\/www.ensapc.fr\/wp-content\/uploads\/2017\/12\/M\u00e9tamorphose-Jisoo-Yoo-2017.jpg\" alt=\"M\u00e9tamorphose, Jisoo Yoo, 2017\" title=\"M\u00e9tamorphose, Jisoo Yoo, 2017\"  \/><\/li><\/ul><\/div><a  data-fancybox=\"gallery\" href=\"https:\/\/www.ensapc.fr\/wp-content\/uploads\/2017\/12\/Mickey-Pujolar-Encre-2017-Copie.jpg\" class=\"d_n\" data-caption=\"\"><img decoding=\"async\" src=\"https:\/\/www.ensapc.fr\/wp-content\/uploads\/2017\/12\/Mickey-Pujolar-Encre-2017-Copie.jpg\" alt=\"Mickey Pujolar, Encre, 2017 - Copie\" title=\"Mickey Pujolar, Encre, 2017 - Copie\" \/><\/a><a  data-fancybox=\"gallery\" href=\"https:\/\/www.ensapc.fr\/wp-content\/uploads\/2017\/12\/Prix-BIC-pour-lENSAPC-2017.jpg\" class=\"d_n\" data-caption=\"\"><img decoding=\"async\" src=\"https:\/\/www.ensapc.fr\/wp-content\/uploads\/2017\/12\/Prix-BIC-pour-lENSAPC-2017.jpg\" alt=\"Prix-BIC-pour- l'ENSAPC-2017\" title=\"Prix-BIC-pour- l'ENSAPC-2017\" \/><\/a><a  data-fancybox=\"gallery\" href=\"https:\/\/www.ensapc.fr\/wp-content\/uploads\/2017\/12\/Prix-BIC-pour-lENSAPC-2017_1.jpg\" class=\"d_n\" data-caption=\"\"><img decoding=\"async\" src=\"https:\/\/www.ensapc.fr\/wp-content\/uploads\/2017\/12\/Prix-BIC-pour-lENSAPC-2017_1.jpg\" alt=\"Prix-BIC-pour- l'ENSAPC-2017_1\" title=\"Prix-BIC-pour- l'ENSAPC-2017_1\" \/><\/a><a  data-fancybox=\"gallery\" href=\"https:\/\/www.ensapc.fr\/wp-content\/uploads\/2017\/12\/Prix-BIC-pour-lENSAPC-2017_2.jpg\" class=\"d_n\" data-caption=\"\"><img decoding=\"async\" src=\"https:\/\/www.ensapc.fr\/wp-content\/uploads\/2017\/12\/Prix-BIC-pour-lENSAPC-2017_2.jpg\" alt=\"Prix-BIC-pour- l'ENSAPC-2017_2\" title=\"Prix-BIC-pour- l'ENSAPC-2017_2\" \/><\/a><a  data-fancybox=\"gallery\" href=\"https:\/\/www.ensapc.fr\/wp-content\/uploads\/2017\/12\/Prix-BIC-pour-lENSAPC-2017_3.jpg\" class=\"d_n\" data-caption=\"\"><img decoding=\"async\" src=\"https:\/\/www.ensapc.fr\/wp-content\/uploads\/2017\/12\/Prix-BIC-pour-lENSAPC-2017_3.jpg\" alt=\"Prix-BIC-pour- l'ENSAPC-2017_3\" title=\"Prix-BIC-pour- l'ENSAPC-2017_3\" \/><\/a><a  data-fancybox=\"gallery\" href=\"https:\/\/www.ensapc.fr\/wp-content\/uploads\/2017\/12\/Prix-BIC-pour-lENSAPC-2017_4.jpg\" class=\"d_n\" data-caption=\"\"><img decoding=\"async\" src=\"https:\/\/www.ensapc.fr\/wp-content\/uploads\/2017\/12\/Prix-BIC-pour-lENSAPC-2017_4.jpg\" alt=\"Prix-BIC-pour- l'ENSAPC-2017_4\" title=\"Prix-BIC-pour- l'ENSAPC-2017_4\" \/><\/a><a  data-fancybox=\"gallery\" href=\"https:\/\/www.ensapc.fr\/wp-content\/uploads\/2017\/12\/Prix-BIC-pour-lENSAPC-2017_5.jpg\" class=\"d_n\" data-caption=\"\"><img decoding=\"async\" src=\"https:\/\/www.ensapc.fr\/wp-content\/uploads\/2017\/12\/Prix-BIC-pour-lENSAPC-2017_5.jpg\" alt=\"Prix-BIC-pour- l'ENSAPC-2017_5\" title=\"Prix-BIC-pour- l'ENSAPC-2017_5\" \/><\/a><a  data-fancybox=\"gallery\" href=\"https:\/\/www.ensapc.fr\/wp-content\/uploads\/2017\/12\/Prix-BIC-pour-lENSAPC-2017_6.jpg\" class=\"d_n\" data-caption=\"\"><img decoding=\"async\" src=\"https:\/\/www.ensapc.fr\/wp-content\/uploads\/2017\/12\/Prix-BIC-pour-lENSAPC-2017_6.jpg\" alt=\"Prix-BIC-pour- l'ENSAPC-2017_6\" title=\"Prix-BIC-pour- l'ENSAPC-2017_6\" \/><\/a><a  data-fancybox=\"gallery\" href=\"https:\/\/www.ensapc.fr\/wp-content\/uploads\/2017\/12\/Prix-BIC-pour-lENSAPC-2017_7.jpg\" class=\"d_n\" data-caption=\"\"><img decoding=\"async\" src=\"https:\/\/www.ensapc.fr\/wp-content\/uploads\/2017\/12\/Prix-BIC-pour-lENSAPC-2017_7.jpg\" alt=\"Prix-BIC-pour- l'ENSAPC-2017_7\" title=\"Prix-BIC-pour- l'ENSAPC-2017_7\" \/><\/a><a  data-fancybox=\"gallery\" href=\"https:\/\/www.ensapc.fr\/wp-content\/uploads\/2017\/12\/Prix-BIC-pour-lENSAPC-2017_8.jpg\" class=\"d_n\" data-caption=\"\"><img decoding=\"async\" src=\"https:\/\/www.ensapc.fr\/wp-content\/uploads\/2017\/12\/Prix-BIC-pour-lENSAPC-2017_8.jpg\" alt=\"Prix-BIC-pour- l'ENSAPC-2017_8\" title=\"Prix-BIC-pour- l'ENSAPC-2017_8\" \/><\/a><a  data-fancybox=\"gallery\" href=\"https:\/\/www.ensapc.fr\/wp-content\/uploads\/2017\/12\/Prix-BIC-pour-lENSAPC-2017_9.jpg\" class=\"d_n\" data-caption=\"\"><img decoding=\"async\" src=\"https:\/\/www.ensapc.fr\/wp-content\/uploads\/2017\/12\/Prix-BIC-pour-lENSAPC-2017_9.jpg\" alt=\"Prix-BIC-pour- l'ENSAPC-2017_9\" title=\"Prix-BIC-pour- l'ENSAPC-2017_9\" \/><\/a><a  data-fancybox=\"gallery\" href=\"https:\/\/www.ensapc.fr\/wp-content\/uploads\/2017\/12\/Prix-BIC-pour-lENSAPC-2017_10.jpg\" class=\"d_n\" data-caption=\"\"><img decoding=\"async\" src=\"https:\/\/www.ensapc.fr\/wp-content\/uploads\/2017\/12\/Prix-BIC-pour-lENSAPC-2017_10.jpg\" alt=\"Prix-BIC-pour- l'ENSAPC-2017_10\" title=\"Prix-BIC-pour- l'ENSAPC-2017_10\" \/><\/a><a  data-fancybox=\"gallery\" href=\"https:\/\/www.ensapc.fr\/wp-content\/uploads\/2017\/12\/Prix-BIC-pour-lENSAPC-2017_11.jpg\" class=\"d_n\" data-caption=\"\"><img decoding=\"async\" src=\"https:\/\/www.ensapc.fr\/wp-content\/uploads\/2017\/12\/Prix-BIC-pour-lENSAPC-2017_11.jpg\" alt=\"Prix-BIC-pour- l'ENSAPC-2017_11\" title=\"Prix-BIC-pour- l'ENSAPC-2017_11\" \/><\/a><a  data-fancybox=\"gallery\" href=\"https:\/\/www.ensapc.fr\/wp-content\/uploads\/2017\/12\/Prix-BIC-pour-lENSAPC-2017_11-par-Gabriella-Benk\u0151-1.jpg\" class=\"d_n\" data-caption=\"\"><img decoding=\"async\" src=\"https:\/\/www.ensapc.fr\/wp-content\/uploads\/2017\/12\/Prix-BIC-pour-lENSAPC-2017_11-par-Gabriella-Benk\u0151-1.jpg\" alt=\"Prix-BIC-pour- l'ENSAPC-2017_11-par Gabriella Benk\u0151 1\" title=\"Prix-BIC-pour- l'ENSAPC-2017_11-par Gabriella Benk\u0151 1\" \/><\/a><a  data-fancybox=\"gallery\" href=\"https:\/\/www.ensapc.fr\/wp-content\/uploads\/2017\/12\/Prix-BIC-pour-lENSAPC-2017_12.jpg\" class=\"d_n\" data-caption=\"\"><img decoding=\"async\" src=\"https:\/\/www.ensapc.fr\/wp-content\/uploads\/2017\/12\/Prix-BIC-pour-lENSAPC-2017_12.jpg\" alt=\"Prix-BIC-pour- l'ENSAPC-2017_12\" title=\"Prix-BIC-pour- l'ENSAPC-2017_12\" \/><\/a><a  data-fancybox=\"gallery\" href=\"https:\/\/www.ensapc.fr\/wp-content\/uploads\/2017\/12\/Prix-BIC-pour-lENSAPC-2017_13.jpg\" class=\"d_n\" data-caption=\"\"><img decoding=\"async\" src=\"https:\/\/www.ensapc.fr\/wp-content\/uploads\/2017\/12\/Prix-BIC-pour-lENSAPC-2017_13.jpg\" alt=\"Prix-BIC-pour- l'ENSAPC-2017_13\" title=\"Prix-BIC-pour- l'ENSAPC-2017_13\" \/><\/a><a  data-fancybox=\"gallery\" href=\"https:\/\/www.ensapc.fr\/wp-content\/uploads\/2017\/12\/Prix-BIC-pour-lENSAPC-2017_14.jpg\" class=\"d_n\" data-caption=\"\"><img decoding=\"async\" src=\"https:\/\/www.ensapc.fr\/wp-content\/uploads\/2017\/12\/Prix-BIC-pour-lENSAPC-2017_14.jpg\" alt=\"Prix-BIC-pour- l'ENSAPC-2017_14\" title=\"Prix-BIC-pour- l'ENSAPC-2017_14\" \/><\/a><a  data-fancybox=\"gallery\" href=\"https:\/\/www.ensapc.fr\/wp-content\/uploads\/2017\/12\/Prix-BIC-pour-lENSAPC-2017_15.jpg\" class=\"d_n\" data-caption=\"\"><img decoding=\"async\" src=\"https:\/\/www.ensapc.fr\/wp-content\/uploads\/2017\/12\/Prix-BIC-pour-lENSAPC-2017_15.jpg\" alt=\"Prix-BIC-pour- l'ENSAPC-2017_15\" title=\"Prix-BIC-pour- l'ENSAPC-2017_15\" \/><\/a><a  data-fancybox=\"gallery\" href=\"https:\/\/www.ensapc.fr\/wp-content\/uploads\/2017\/12\/Prix-BIC-pour-lENSAPC-2017_16.jpg\" class=\"d_n\" data-caption=\"\"><img decoding=\"async\" src=\"https:\/\/www.ensapc.fr\/wp-content\/uploads\/2017\/12\/Prix-BIC-pour-lENSAPC-2017_16.jpg\" alt=\"Prix-BIC-pour- l'ENSAPC-2017_16\" title=\"Prix-BIC-pour- l'ENSAPC-2017_16\" \/><\/a><a  data-fancybox=\"gallery\" href=\"https:\/\/www.ensapc.fr\/wp-content\/uploads\/2017\/12\/Prix-BIC-pour-lENSAPC-2017_18.jpg\" class=\"d_n\" data-caption=\"\"><img decoding=\"async\" src=\"https:\/\/www.ensapc.fr\/wp-content\/uploads\/2017\/12\/Prix-BIC-pour-lENSAPC-2017_18.jpg\" alt=\"Prix-BIC-pour- l'ENSAPC-2017_18\" title=\"Prix-BIC-pour- l'ENSAPC-2017_18\" \/><\/a><a  data-fancybox=\"gallery\" href=\"https:\/\/www.ensapc.fr\/wp-content\/uploads\/2017\/12\/Prix-BIC-pour-lENSAPC-2017_19.jpg\" class=\"d_n\" data-caption=\"\"><img decoding=\"async\" src=\"https:\/\/www.ensapc.fr\/wp-content\/uploads\/2017\/12\/Prix-BIC-pour-lENSAPC-2017_19.jpg\" alt=\"Prix-BIC-pour- l'ENSAPC-2017_19\" title=\"Prix-BIC-pour- l'ENSAPC-2017_19\" \/><\/a><a  data-fancybox=\"gallery\" href=\"https:\/\/www.ensapc.fr\/wp-content\/uploads\/2017\/12\/Prix-BIC-pour-lENSAPC-2017_20.jpg\" class=\"d_n\" data-caption=\"\"><img decoding=\"async\" src=\"https:\/\/www.ensapc.fr\/wp-content\/uploads\/2017\/12\/Prix-BIC-pour-lENSAPC-2017_20.jpg\" alt=\"Prix-BIC-pour- l'ENSAPC-2017_20\" title=\"Prix-BIC-pour- l'ENSAPC-2017_20\" \/><\/a><a  data-fancybox=\"gallery\" href=\"https:\/\/www.ensapc.fr\/wp-content\/uploads\/2017\/12\/Prix-BIC-pour-lENSAPC-2017_21.jpg\" class=\"d_n\" data-caption=\"\"><img decoding=\"async\" src=\"https:\/\/www.ensapc.fr\/wp-content\/uploads\/2017\/12\/Prix-BIC-pour-lENSAPC-2017_21.jpg\" alt=\"Prix-BIC-pour- l'ENSAPC-2017_21\" title=\"Prix-BIC-pour- l'ENSAPC-2017_21\" \/><\/a><a  data-fancybox=\"gallery\" href=\"https:\/\/www.ensapc.fr\/wp-content\/uploads\/2017\/12\/Prix-BIC-pour-lENSAPC-2017_22.jpg\" class=\"d_n\" data-caption=\"\"><img decoding=\"async\" src=\"https:\/\/www.ensapc.fr\/wp-content\/uploads\/2017\/12\/Prix-BIC-pour-lENSAPC-2017_22.jpg\" alt=\"Prix-BIC-pour- l'ENSAPC-2017_22\" title=\"Prix-BIC-pour- l'ENSAPC-2017_22\" \/><\/a><a  data-fancybox=\"gallery\" href=\"https:\/\/www.ensapc.fr\/wp-content\/uploads\/2017\/12\/Prix-BIC-pour-lENSAPC-2017_23.jpg\" class=\"d_n\" data-caption=\"\"><img decoding=\"async\" src=\"https:\/\/www.ensapc.fr\/wp-content\/uploads\/2017\/12\/Prix-BIC-pour-lENSAPC-2017_23.jpg\" alt=\"Prix-BIC-pour- l'ENSAPC-2017_23\" title=\"Prix-BIC-pour- l'ENSAPC-2017_23\" \/><\/a><a  data-fancybox=\"gallery\" href=\"https:\/\/www.ensapc.fr\/wp-content\/uploads\/2017\/12\/Prix-BIC-pour-lENSAPC-2017_24.jpg\" class=\"d_n\" data-caption=\"\"><img decoding=\"async\" src=\"https:\/\/www.ensapc.fr\/wp-content\/uploads\/2017\/12\/Prix-BIC-pour-lENSAPC-2017_24.jpg\" alt=\"Prix-BIC-pour- l'ENSAPC-2017_24\" title=\"Prix-BIC-pour- l'ENSAPC-2017_24\" \/><\/a><a  data-fancybox=\"gallery\" href=\"https:\/\/www.ensapc.fr\/wp-content\/uploads\/2017\/12\/Prix-BIC-pour-lENSAPC-2017_25.jpg\" class=\"d_n\" data-caption=\"\"><img decoding=\"async\" src=\"https:\/\/www.ensapc.fr\/wp-content\/uploads\/2017\/12\/Prix-BIC-pour-lENSAPC-2017_25.jpg\" alt=\"Prix-BIC-pour- l'ENSAPC-2017_25\" title=\"Prix-BIC-pour- l'ENSAPC-2017_25\" \/><\/a><a  data-fancybox=\"gallery\" href=\"https:\/\/www.ensapc.fr\/wp-content\/uploads\/2017\/12\/Prix-BIC-pour-lENSAPC-2017_26.jpg\" class=\"d_n\" data-caption=\"\"><img decoding=\"async\" src=\"https:\/\/www.ensapc.fr\/wp-content\/uploads\/2017\/12\/Prix-BIC-pour-lENSAPC-2017_26.jpg\" alt=\"Prix-BIC-pour- l'ENSAPC-2017_26\" title=\"Prix-BIC-pour- l'ENSAPC-2017_26\" \/><\/a><a  data-fancybox=\"gallery\" href=\"https:\/\/www.ensapc.fr\/wp-content\/uploads\/2017\/12\/Prix-BIC-pour-lENSAPC-2017_28.jpg\" class=\"d_n\" data-caption=\"\"><img decoding=\"async\" src=\"https:\/\/www.ensapc.fr\/wp-content\/uploads\/2017\/12\/Prix-BIC-pour-lENSAPC-2017_28.jpg\" alt=\"Prix-BIC-pour- l'ENSAPC-2017_28\" title=\"Prix-BIC-pour- l'ENSAPC-2017_28\" \/><\/a><a  data-fancybox=\"gallery\" href=\"https:\/\/www.ensapc.fr\/wp-content\/uploads\/2017\/12\/Prix-BIC-pour-lENSAPC-2017_29.jpg\" class=\"d_n\" data-caption=\"\"><img decoding=\"async\" src=\"https:\/\/www.ensapc.fr\/wp-content\/uploads\/2017\/12\/Prix-BIC-pour-lENSAPC-2017_29.jpg\" alt=\"Prix-BIC-pour- l'ENSAPC-2017_29\" title=\"Prix-BIC-pour- l'ENSAPC-2017_29\" \/><\/a><a  data-fancybox=\"gallery\" href=\"https:\/\/www.ensapc.fr\/wp-content\/uploads\/2017\/12\/Prix-BIC-pour-lENSAPC-2017-Benjamin-Zaragoza-Strates-2017.jpg\" class=\"d_n\" data-caption=\"\"><img decoding=\"async\" src=\"https:\/\/www.ensapc.fr\/wp-content\/uploads\/2017\/12\/Prix-BIC-pour-lENSAPC-2017-Benjamin-Zaragoza-Strates-2017.jpg\" alt=\"Prix-BIC-pour- l'ENSAPC-2017-Benjamin Zaragoza, Strates, 2017\" title=\"Prix-BIC-pour- l'ENSAPC-2017-Benjamin Zaragoza, Strates, 2017\" \/><\/a><\/p>\n<p>[\/vc_column_text][vc_separator color=&#8221;pink&#8221; style=&#8221;dashed&#8221; el_width=&#8221;90&#8243;][vc_separator color=&#8221;pink&#8221; style=&#8221;dashed&#8221; el_width=&#8221;90&#8243;][vc_column_text][\/vc_column_text][\/vc_column][\/vc_row][vc_row][vc_column][\/vc_column][\/vc_row]<\/p>\n<\/div>","protected":false},"excerpt":{"rendered":"<p>[vc_row][vc_column][vc_single_image image=&#8221;2559&#8243; img_size=&#8221;large&#8221; add_caption=&#8221;yes&#8221; alignment=&#8221;center&#8221; css_animation=&#8221;top-to-bottom&#8221;][\/vc_column][\/vc_row][vc_row content_placement=&#8221;middle&#8221;][vc_column][vc_column_text]Exhibition BIC\u00ae AWARDS FOR THE ENSAPC\u00a02017 \u00a0 \u00a0[\/vc_column_text][vc_separator color=&#8221;pink&#8221; style=&#8221;dashed&#8221; el_width=&#8221;90&#8243;][vc_column_text] BIC\u00ae AWARDS FOR THE ENSAPC\u00a02017 Opening\u00a0: December 4th at 7 pm Award Ceremony: 7 pm Exhibition: from Monday 4 December 2017 to 22 December 2017 Soci\u00e9t\u00e9 BIC and the Ecole Nationale Sup\u00e9rieure d&#8217;Arts de Paris-Cergy are pleased to&#8230;  <a class=\"excerpt-read-more\" href=\"https:\/\/www.ensapc.fr\/en\/ygrec\/archives\/2017-2\/prix-bic-lensapc-2017\/\" title=\"Read BIC\u00ae PRIZE FOR ENSAPC 2017\">Read more &raquo;<\/a><\/p>\n","protected":false},"author":1,"featured_media":0,"parent":5373,"menu_order":420,"comment_status":"closed","ping_status":"closed","template":"","meta":{"footnotes":""},"class_list":["post-5592","page","type-page","status-publish","hentry"],"_links":{"self":[{"href":"https:\/\/www.ensapc.fr\/en\/wp-json\/wp\/v2\/pages\/5592","targetHints":{"allow":["GET"]}}],"collection":[{"href":"https:\/\/www.ensapc.fr\/en\/wp-json\/wp\/v2\/pages"}],"about":[{"href":"https:\/\/www.ensapc.fr\/en\/wp-json\/wp\/v2\/types\/page"}],"author":[{"embeddable":true,"href":"https:\/\/www.ensapc.fr\/en\/wp-json\/wp\/v2\/users\/1"}],"replies":[{"embeddable":true,"href":"https:\/\/www.ensapc.fr\/en\/wp-json\/wp\/v2\/comments?post=5592"}],"version-history":[{"count":2,"href":"https:\/\/www.ensapc.fr\/en\/wp-json\/wp\/v2\/pages\/5592\/revisions"}],"predecessor-version":[{"id":5594,"href":"https:\/\/www.ensapc.fr\/en\/wp-json\/wp\/v2\/pages\/5592\/revisions\/5594"}],"up":[{"embeddable":true,"href":"https:\/\/www.ensapc.fr\/en\/wp-json\/wp\/v2\/pages\/5373"}],"wp:attachment":[{"href":"https:\/\/www.ensapc.fr\/en\/wp-json\/wp\/v2\/media?parent=5592"}],"curies":[{"name":"wp","href":"https:\/\/api.w.org\/{rel}","templated":true}]}}