{"id":5607,"date":"2017-07-28T16:26:30","date_gmt":"2017-07-28T14:26:30","guid":{"rendered":"https:\/\/www.ensapc.fr\/en\/ygrec\/archives\/2017-2\/ostranenie"},"modified":"2020-05-19T10:13:04","modified_gmt":"2020-05-19T08:13:04","slug":"ostranenie","status":"publish","type":"page","link":"https:\/\/www.ensapc.fr\/en\/ygrec\/archives\/2017-2\/ostranenie\/","title":{"rendered":"OSTRAN\u00c9NIE !"},"content":{"rendered":"<div class=\"wpb-content-wrapper\"><p>[vc_row][vc_column][vc_single_image image=&#8221;1881&#8243; img_size=&#8221;large&#8221; add_caption=&#8221;yes&#8221; alignment=&#8221;center&#8221; css_animation=&#8221;top-to-bottom&#8221;][\/vc_column][\/vc_row][vc_row content_placement=&#8221;middle&#8221;][vc_column][vc_column_text]<strong>Exhibition<br \/>\n<span class=\"_5gmx\">Ostran\u00e9nie!<\/span><br \/>\n<\/strong>[\/vc_column_text][vc_separator color=&#8221;pink&#8221; style=&#8221;dashed&#8221; el_width=&#8221;90&#8243;][vc_column_text]<strong>June 7 to July 9, 2017<\/strong><\/p>\n<p><strong>Opening: 6 June 2017 from 6 pm<\/strong><br \/>\n<strong>Press visit on 6 June at 12.30 pm<\/strong><\/p>\n<p><strong>Curators:\u00a0Anne Bonnin et Corinne Digard<\/strong><\/p>\n<p><strong>Artists: \u00c5b\u00e4ke et Eve Chabanon, Bruno Botella, Gregory Buchert, Julien Creuzet, Mimosa Echard, Florian Fouch\u00e9, Fran\u00e7ois Lancien-Guilberteau, Marie Preston, Samuel Richardot, Anne-Lise Seusse, Thu Van Tran,<\/strong><\/p>\n<p><strong>and teenagers from ULIS* and SEGPA** classes in secondary schools in Paris, Seine-et-Marne and Seine-Saint-Denis.<\/strong><\/p>\n<p>At the beginning of the twentieth century, Russian formalists made strangeness a key operation in art and literature: &#8220;The process of art is the process of strangeness of objects, a process that consists in complicating the form, which increases the difficulty and duration of perception, because in art the perceptive process is an end in itself and must be prolonged. Art is a means of reliving the realization of the object, what has been realized does not matter in art&#8221;. (Victor Shklovski, Art as Process, 1917) In that it aims to remove what we live, see, feel from the &#8220;world of automated perception&#8221;, defamiliarization constitutes &#8220;an effective antidote to a risk that threatens us all: that of keeping reality (including ourselves) safe&#8221;.<\/p>\n<p>Ostran\u00e9nie! evokes a country where each company is a stranger, each gesture is a beginning and a step forward. Difficulty is natural and leads to simplicity: it puts us face to face with the feeling of things that makes a stone a stone, of a thing a thing, of a blade of grass a blade of grass. It is then that one thing becomes the same and another, new, multiple in its uses or aspects. Orange Rouge takes the artists into an experience of strangeness, and the artists in turn take the students away from their everyday school life, in which they are, in a way, like nomads travelling from one class to another, within their college. Word for word, step by step, hour after hour, a succession of gestures becomes a chain of operations.<\/p>\n<p>&#8211; Anne Bonnin<\/p>\n<p>The Ostran\u00e9nie! exhibition echoes the eleven artistic adventures of Orange Rouge that took place in 2016, and an edition accompanies the exhibition. Anne Bonnin&#8217;s text and the artists&#8217; contributions attempt to make sensitive the creative process that preceded the works presented.<\/p>\n<p>* The Localized Units for Inclusive Education (ULIS), devices for the schooling of students with disabilities in primary and secondary education.<br \/>\n** In middle schools, the Adapted General and Vocational Education Sections (Segpa) cater for pupils with serious and persistent academic difficulties.[\/vc_column_text][vc_separator color=&#8221;pink&#8221; style=&#8221;dashed&#8221; el_width=&#8221;90&#8243;][vc_column_text]<strong>Orange Rouge<\/strong><\/p>\n<p>Orange Rouge provokes an unusual encounter between handicapped teenagers and contemporary artists through the creation of a collective work. This unique experience shakes up artistic and educational codes; it reveals the talents and personalities of the teenagers. Presented to the general public during an exhibition, the collective work gives concrete expression to the commitment of all the parties involved: teenagers, artists, families, teachers and partners.<\/p>\n<p>Since 2006, nearly 1,800 teenagers with disabilities and 100 contemporary artists have collaborated to create 94 works, exhibited in 7 contemporary art venues.<\/p>\n<p>Orange Rouge is a public interest association, approved by the French Ministry of Youth and Popular Education, and in 2011 was awarded the &#8220;Orange Rouge&#8221; prize.<\/p>\n<p>Special Prize of the Jury of the City of Paris for its action &#8220;Handicap and<br \/>\nCreations &#8220;.<\/p>\n<p><a href=\"http:\/\/www.orangerouge.org\">www.orangerouge.org<\/a><\/p>\n<p><a href=\"https:\/\/www.ensapc.fr\/wp-content\/uploads\/2017\/05\/OR_logo_HD-petite-taille-e1496065594420.jpg\"><img decoding=\"async\" class=\"size-full wp-image-1969 alignleft\" src=\"https:\/\/www.ensapc.fr\/wp-content\/uploads\/2017\/05\/OR_logo_HD-petite-taille-e1496065594420.jpg\" alt=\"OR_logo_HD-petite-taille\" width=\"200\" height=\"91\" \/><\/a>[\/vc_column_text][vc_separator color=&#8221;pink&#8221; style=&#8221;dashed&#8221; el_width=&#8221;90&#8243;][vc_column_text]Orange Rouge remercie chaleureusement tous ses partenaires.<\/p>\n<a href=\"https:\/\/www.ensapc.fr\/wp-content\/uploads\/2017\/03\/Capture-d\u2019e\u0301cran-2017-06-07-a\u0300-13.40.47.png\"><img decoding=\"async\" class=\" wp-image-1994 alignleft\" src=\"https:\/\/www.ensapc.fr\/wp-content\/uploads\/2017\/03\/Capture-d\u2019e\u0301cran-2017-06-07-a\u0300-13.40.47.png\" alt=\"Capture d\u2019e\u0301cran 2017-06-07 a\u0300 13.40.47\" width=\"664\" height=\"435\" srcset=\"https:\/\/www.ensapc.fr\/wp-content\/uploads\/2017\/03\/Capture-d\u2019e\u0301cran-2017-06-07-a\u0300-13.40.47.png 795w, https:\/\/www.ensapc.fr\/wp-content\/uploads\/2017\/03\/Capture-d\u2019e\u0301cran-2017-06-07-a\u0300-13.40.47-300x197.png 300w, https:\/\/www.ensapc.fr\/wp-content\/uploads\/2017\/03\/Capture-d\u2019e\u0301cran-2017-06-07-a\u0300-13.40.47-768x503.png 768w\" sizes=\"(max-width: 664px) 100vw, 664px\" \/><\/a>\n<p>&nbsp;<\/p>\n<p>L&#8217;association Orange Rouge est soutenue par le D\u00e9partement de la Seine-Saint- Denis dans le cadre du\u00a0dispositif &#8220;La Culture et l&#8217;Art au Coll\u00e8ge&#8221;.<a href=\"https:\/\/www.ensapc.fr\/wp-content\/uploads\/2017\/03\/conseil_departemental_seine-seint-denis.jpg\"><img decoding=\"async\" class=\" wp-image-1995 alignleft\" src=\"https:\/\/www.ensapc.fr\/wp-content\/uploads\/2017\/03\/conseil_departemental_seine-seint-denis-300x200.jpg\" alt=\"conseil_departemental_seine-seint-denis\" width=\"185\" height=\"98\" \/><\/a>[\/vc_column_text][\/vc_column][\/vc_row][vc_row][vc_column][\/vc_column][\/vc_row]<\/p>\n<\/div>","protected":false},"excerpt":{"rendered":"<p>[vc_row][vc_column][vc_single_image image=&#8221;1881&#8243; img_size=&#8221;large&#8221; add_caption=&#8221;yes&#8221; alignment=&#8221;center&#8221; css_animation=&#8221;top-to-bottom&#8221;][\/vc_column][\/vc_row][vc_row content_placement=&#8221;middle&#8221;][vc_column][vc_column_text]Exhibition Ostran\u00e9nie! [\/vc_column_text][vc_separator color=&#8221;pink&#8221; style=&#8221;dashed&#8221; el_width=&#8221;90&#8243;][vc_column_text]June 7 to July 9, 2017 Opening: 6 June 2017 from 6 pm Press visit on 6 June at 12.30 pm Curators:\u00a0Anne Bonnin et Corinne Digard Artists: \u00c5b\u00e4ke et Eve Chabanon, Bruno Botella, Gregory Buchert, Julien Creuzet, Mimosa Echard, Florian Fouch\u00e9, Fran\u00e7ois Lancien-Guilberteau, Marie&#8230;  <a class=\"excerpt-read-more\" href=\"https:\/\/www.ensapc.fr\/en\/ygrec\/archives\/2017-2\/ostranenie\/\" title=\"Read OSTRAN\u00c9NIE !\">Read more &raquo;<\/a><\/p>\n","protected":false},"author":1,"featured_media":0,"parent":5373,"menu_order":427,"comment_status":"closed","ping_status":"closed","template":"","meta":{"footnotes":""},"class_list":["post-5607","page","type-page","status-publish","hentry"],"_links":{"self":[{"href":"https:\/\/www.ensapc.fr\/en\/wp-json\/wp\/v2\/pages\/5607","targetHints":{"allow":["GET"]}}],"collection":[{"href":"https:\/\/www.ensapc.fr\/en\/wp-json\/wp\/v2\/pages"}],"about":[{"href":"https:\/\/www.ensapc.fr\/en\/wp-json\/wp\/v2\/types\/page"}],"author":[{"embeddable":true,"href":"https:\/\/www.ensapc.fr\/en\/wp-json\/wp\/v2\/users\/1"}],"replies":[{"embeddable":true,"href":"https:\/\/www.ensapc.fr\/en\/wp-json\/wp\/v2\/comments?post=5607"}],"version-history":[{"count":2,"href":"https:\/\/www.ensapc.fr\/en\/wp-json\/wp\/v2\/pages\/5607\/revisions"}],"predecessor-version":[{"id":5609,"href":"https:\/\/www.ensapc.fr\/en\/wp-json\/wp\/v2\/pages\/5607\/revisions\/5609"}],"up":[{"embeddable":true,"href":"https:\/\/www.ensapc.fr\/en\/wp-json\/wp\/v2\/pages\/5373"}],"wp:attachment":[{"href":"https:\/\/www.ensapc.fr\/en\/wp-json\/wp\/v2\/media?parent=5607"}],"curies":[{"name":"wp","href":"https:\/\/api.w.org\/{rel}","templated":true}]}}