{"id":5611,"date":"2016-09-26T15:04:29","date_gmt":"2016-09-26T13:04:29","guid":{"rendered":"https:\/\/www.ensapc.fr\/en\/ygrec\/archives\/2017-2\/haunted-by-algorithms"},"modified":"2020-05-19T10:28:59","modified_gmt":"2020-05-19T08:28:59","slug":"haunted-by-algorithms","status":"publish","type":"page","link":"https:\/\/www.ensapc.fr\/en\/ygrec\/archives\/2017-2\/haunted-by-algorithms\/","title":{"rendered":"HAUNTED BY ALGORITHMS"},"content":{"rendered":"<div class=\"wpb-content-wrapper\"><p>[vc_row][vc_column][vc_single_image image=&#8221;1302&#8243; img_size=&#8221;large&#8221; alignment=&#8221;center&#8221; css_animation=&#8221;top-to-bottom&#8221;][\/vc_column][\/vc_row][vc_row content_placement=&#8221;middle&#8221;][vc_column][vc_column_text]<strong>January 21 to March 5, 2017<\/strong><br \/>\n<strong>Exhibition<br \/>\n<a href=\"http:\/\/www.hauntedbyalgorithms.net\">HAUNTED BY ALGORITHMS<\/a><\/strong><\/p>\n<p>Haunted by Algorithms summons a multitude of non-human entities, organic and artificial life forms that communicate and act in the world &#8211; animals, plants, machines, robots, spirits, aliens. How can we give shape to this infinity of inter-species relations, translate sensoriums so different from ours? Against the backdrop of a generalized algorithmization, a diversity of writing modes will attempt to answer this question, weaving links between these different universes.<\/p>\n<p><a href=\"http:\/\/hauntedbyalgorithms.net\/\">http:\/\/hauntedbyalgorithms.net\/ <\/a><\/p>\n<p><strong>Curators &amp; coordinators:<\/strong> Jeff Guess and Gwenola Wagon[\/vc_column_text][vc_separator color=&#8221;pink&#8221; style=&#8221;dashed&#8221; el_width=&#8221;90&#8243;][vc_column_text]<strong>EXHIBITION\u00a0<\/strong><\/p>\n<p><strong>Opening\u00a0&#8211; January 21, 2017, 6pm<br \/>\n<\/strong><br \/>\nA Constructed World, Jean-Louis Boissier, Astrid de la Chapelle, Antoine Chapon et Nicolas Gourault, St\u00e9phane Degoutin et Gwenola Wagon, fleuryfontaine, Nicolas Giret, Jeff Guess, Martin Howse, Lou-Maria Le Brusq, Nicolas Maigret et Maria Roszkowska, Arnaud Mirman, Clara Pacotte, Olivier Perriquet, S\u00e9bastien R\u00e9my, <a href=\"http:\/\/rybn.org\">rybn.org<\/a>, Gauthier Tassart<\/p>\n<p><strong>Furniture:<\/strong> Romain Best<\/p>\n<p><span style=\"text-decoration: underline;\">YGREC ENSAPC<\/span><br \/>\nLes Grands voisins &#8211; B\u00e2timent Lelong<br \/>\n82, avenue Denfert-Rochereau, 75014 Paris<br \/>\nWednesday to Saturday from 1pm to 7pm, Sunday from 1pm to 6pm[\/vc_column_text][vc_separator color=&#8221;pink&#8221; style=&#8221;dashed&#8221; el_width=&#8221;90&#8243;][vc_column_text]<strong>ONLINE PLATFORM &lt;&gt; PUBLICATION<br \/>\n<\/strong><br \/>\n<strong>Designers:<\/strong> Jeff Guess, Lo\u00efc Horellou, J\u00e9r\u00f4me Saint-Loubert Bi\u00e9, Gwenola Wagon<\/p>\n<p><strong>Iconography:<\/strong> Lou-Maria Le Brusq<\/p>\n<p><strong>Contributors:<\/strong> Ang\u00e9lique Buisson, Pierre Cassou-Nogu\u00e8s, Antoine Chapon et Nicolas Gourault, Yves Citton et Anthony Masure, St\u00e9phane Degoutin, Fr\u00e9d\u00e9ric Dumond, fleuryfontaine, Jeff Guess, Emmanuel Guez, Martin Howse, Jean-No\u00ebl Lafargue, Lou-Maria Le Brusq, Marie Lechner, Nicolas Maigret et Maria Roszkowska, Emanuele Quinz, <a href=\"http:\/\/rybn.org\">rybn.org<\/a>, Jeffrey Sconce, Noah Teichner, Suzanne Treister, Gwenola Wagon, Anne Zeitz[\/vc_column_text][vc_separator color=&#8221;pink&#8221; style=&#8221;dashed&#8221; el_width=&#8221;90&#8243;][vc_column_text]<strong>RESEARCH<\/strong><br \/>\nWith participation of students from:<\/p>\n<p>ENSAPC, <em>Conversations: animal and non-human communication<\/em>\u00a0&#8211; Etienne Ackerman, Ismail Alaoui Fdili, Yann Bougaret, Aur\u00e9lia Garay, Sacha Golemanas, \u00c1ngela Jim\u00e9nez, Wanda Kot, Rosalie Le Forestier de Quillien, Arnaud Mirman, Samuel Nicolle, Claire Olivelli, Clara Pacotte, Samah Slim, Charli Tapp<br \/>\nENSAD, Data Fiction, Internet of Ants &#8211; Jean Gegout et Baptiste Lavigne, Hugo Hu<\/p>\n<p>HEAR, <em>Graphic Communication workshop\u00a0&#8211;<\/em> Marie Damageux, Lynne Ea, Basile Fournier, In\u00e8s Hosni, Yi-Chin Lai, Jean Laniau, Magali Lebon, Alexandre Lescieux, Clara Luzolanu, Margaux Montfort, Barbara Oppelt, Elie Partouche, Ambre Quemin, Caroline Sorin, Sophia Streit, \u00c9lise Vallet, Lucile Weber<\/p>\n<p>Paris 8 university, visual arts department &#8211; Alice Caratozzolo, Anna Consonni, Diego Del Rio, Marie Lorieux, Thy Nguyen, Thomas Ren\u00e9[\/vc_column_text][vc_separator color=&#8221;pink&#8221; style=&#8221;dashed&#8221; el_width=&#8221;90&#8243;][vc_column_text]<strong>EVENTS<\/strong><\/p>\n<p>Opening:\u00a0Saturday, January 21, 6 pm<br \/>\nConcert by Gauthier Tassart<br \/>\nPerformance by Martin Howse<\/p>\n<p>Friday, February 24 6- 9:30 pm<br \/>\nConference by Vinciane Despret in dialogue with Cl\u00e9mence Seurat<br \/>\nPerformance of A Constructed World<\/p>\n<p>Friday, March 3, 6 &#8211; 9:30 pm<br \/>\nCybernetic dialogue with Pierre Cassou-Nogu\u00e8s and Julien Pr\u00e9vieux<br \/>\nPerformance\u00a0of\u00a0<a href=\"http:\/\/rybn.org\">rybn.org<\/a><br \/>\nPerformance of Nicolas Maigret\u00a0and Maria Roszkowska (<a href=\"http:\/\/disnovation.org\">disnovation.org<\/a>)<\/p>\n<p><a href=\"https:\/\/www.ensapc.fr\/wp-content\/uploads\/2016\/09\/programme_a5-_hb-3.pdf\">Programme<\/a>[\/vc_column_text][vc_separator color=&#8221;pink&#8221; style=&#8221;dashed&#8221; el_width=&#8221;90&#8243;][vc_column_text]<strong>PARTNERS<\/strong><br \/>\n<a href=\"http:\/\/www.labex-arts-h2h.fr\/\">Labex Arts-H2H<\/a><br \/>\n<a href=\"https:\/\/www.ensapc.fr\/\">\u00c9cole Nationale Sup\u00e9rieure d\u2019Arts de Paris-Cergy<\/a><br \/>\n\u00c9quipe de recherche Th\u00e9orie Exp\u00e9rimentation Arts M\u00e9dias et Design TEAMeD de l\u2019Universit\u00e9 Paris 8<br \/>\nThis project benefits from State aid managed by the French National Research Agency under the Investissements d&#8217;avenir programme (convention attributing ANR-10-LABX-80-01). <a href=\"http:\/\/www.labex-arts-h2h.fr\">http:\/\/www.labex-arts-h2h.fr<\/a><\/p>\n<p><strong>WITH THE SUPPORT OF<\/strong><br \/>\n<a href=\"http:\/\/www.synesthesie.com\/\">Synesth\u00e9sie<\/a><br \/>\n<a href=\"https:\/\/www.hear.fr\/\">Haute \u00c9cole des Arts du Rhin (HEAR)<br \/>\n<\/a>With the help of\u00a0<a href=\"http:\/\/www.cnc.fr\/web\/fr\/dispositif-pour-la-creation-artistique-multimedia-et-numerique-dicream\">DICREAM \u2013 CNC<\/a> pour <a href=\"http:\/\/artbot.space\/\">Predictive Art Bot<\/a><br \/>\n<a href=\"https:\/\/laressourceriecreative.com\/\">La Ressourcerie Cr\u00e9ative des Grands Voisins<\/a>[\/vc_column_text][\/vc_column][\/vc_row][vc_row][vc_column][vc_column_text]<div id=\"slidin\"><h2><span>1<\/span> \/ 26<\/h2><div id=\"slider_diapo\"><ul id=\"slider_page\"><li class=\"img_1\"><img decoding=\"async\" src=\"https:\/\/www.ensapc.fr\/wp-content\/uploads\/2017\/04\/hauntedbyalgorithms-70-1.jpg\" alt=\"hauntedbyalgorithms-70\" title=\"hauntedbyalgorithms-70\" \/><div class=\"descimg\"><\/div><\/li><li class=\"img_2\"><img decoding=\"async\" src=\"https:\/\/www.ensapc.fr\/wp-content\/uploads\/2017\/04\/hauntedbyalgorithms-38.jpg\" alt=\"hauntedbyalgorithms-38\" title=\"hauntedbyalgorithms-38\" \/><div class=\"descimg\"><\/div><\/li><li class=\"img_3\"><img decoding=\"async\" src=\"https:\/\/www.ensapc.fr\/wp-content\/uploads\/2017\/04\/hauntedbyalgorithms-31.jpg\" alt=\"hauntedbyalgorithms-31\" title=\"hauntedbyalgorithms-31\" \/><div class=\"descimg\"><\/div><\/li><li class=\"img_4\"><img decoding=\"async\" src=\"https:\/\/www.ensapc.fr\/wp-content\/uploads\/2017\/04\/hauntedbyalgorithms-2.jpg\" alt=\"hauntedbyalgorithms-2\" title=\"hauntedbyalgorithms-2\" \/><div class=\"descimg\"><\/div><\/li><li class=\"img_5\"><img decoding=\"async\" src=\"https:\/\/www.ensapc.fr\/wp-content\/uploads\/2017\/04\/hauntedbyalgorithms-1.jpg\" alt=\"hauntedbyalgorithms-1\" title=\"hauntedbyalgorithms-1\" \/><div class=\"descimg\"><\/div><\/li><li class=\"img_6\"><img decoding=\"async\" src=\"https:\/\/www.ensapc.fr\/wp-content\/uploads\/2017\/04\/hauntedbyalgorithms-9.jpg\" alt=\"hauntedbyalgorithms-9\" title=\"hauntedbyalgorithms-9\" \/><div class=\"descimg\"><\/div><\/li><li class=\"img_7\"><img decoding=\"async\" src=\"https:\/\/www.ensapc.fr\/wp-content\/uploads\/2017\/04\/hauntedbyalgorithms-7.jpg\" alt=\"hauntedbyalgorithms-7\" title=\"hauntedbyalgorithms-7\" \/><div class=\"descimg\"><\/div><\/li><li class=\"img_8\"><img decoding=\"async\" src=\"https:\/\/www.ensapc.fr\/wp-content\/uploads\/2017\/04\/hauntedbyalgorithms-8.jpg\" alt=\"hauntedbyalgorithms-8\" title=\"hauntedbyalgorithms-8\" \/><div class=\"descimg\"><\/div><\/li><li class=\"img_9\"><img decoding=\"async\" src=\"https:\/\/www.ensapc.fr\/wp-content\/uploads\/2017\/04\/hauntedbyalgorithms-10.jpg\" alt=\"hauntedbyalgorithms-10\" title=\"hauntedbyalgorithms-10\" \/><div class=\"descimg\"><\/div><\/li><li class=\"img_10\"><img decoding=\"async\" src=\"https:\/\/www.ensapc.fr\/wp-content\/uploads\/2017\/04\/hauntedbyalgorithms-69.jpg\" alt=\"hauntedbyalgorithms-69\" title=\"hauntedbyalgorithms-69\" \/><div class=\"descimg\"><\/div><\/li><li class=\"img_11\"><img decoding=\"async\" src=\"https:\/\/www.ensapc.fr\/wp-content\/uploads\/2017\/04\/hauntedbyalgorithms-61.jpg\" alt=\"hauntedbyalgorithms-61\" title=\"hauntedbyalgorithms-61\" \/><div class=\"descimg\"><\/div><\/li><li class=\"img_12\"><img decoding=\"async\" src=\"https:\/\/www.ensapc.fr\/wp-content\/uploads\/2017\/04\/hauntedbyalgorithms-55.jpg\" alt=\"hauntedbyalgorithms-55\" title=\"hauntedbyalgorithms-55\" \/><div class=\"descimg\"><\/div><\/li><li class=\"img_13\"><img decoding=\"async\" src=\"https:\/\/www.ensapc.fr\/wp-content\/uploads\/2017\/04\/hauntedbyalgorithms-40.jpg\" alt=\"hauntedbyalgorithms-40\" title=\"hauntedbyalgorithms-40\" \/><div class=\"descimg\"><\/div><\/li><li class=\"img_14\"><img decoding=\"async\" src=\"https:\/\/www.ensapc.fr\/wp-content\/uploads\/2017\/04\/hauntedbyalgorithms-23.jpg\" alt=\"hauntedbyalgorithms-23\" title=\"hauntedbyalgorithms-23\" \/><div class=\"descimg\"><\/div><\/li><li class=\"img_15\"><img decoding=\"async\" src=\"https:\/\/www.ensapc.fr\/wp-content\/uploads\/2017\/04\/hauntedbyalgorithms-11.jpg\" alt=\"hauntedbyalgorithms-11\" title=\"hauntedbyalgorithms-11\" \/><div class=\"descimg\"><\/div><\/li><li class=\"img_16\"><img decoding=\"async\" src=\"https:\/\/www.ensapc.fr\/wp-content\/uploads\/2017\/04\/hauntedbyalgorithms-4.jpg\" alt=\"hauntedbyalgorithms-4\" title=\"hauntedbyalgorithms-4\" \/><div class=\"descimg\"><\/div><\/li><li class=\"img_17\"><img decoding=\"async\" src=\"https:\/\/www.ensapc.fr\/wp-content\/uploads\/2017\/04\/hauntedbyalgorithms-6.jpg\" alt=\"hauntedbyalgorithms-6\" title=\"hauntedbyalgorithms-6\" \/><div class=\"descimg\"><\/div><\/li><li class=\"img_18\"><img decoding=\"async\" src=\"https:\/\/www.ensapc.fr\/wp-content\/uploads\/2017\/04\/hauntedbyalgorithms-33.jpg\" alt=\"hauntedbyalgorithms-33\" title=\"hauntedbyalgorithms-33\" \/><div class=\"descimg\"><\/div><\/li><li class=\"img_19\"><img decoding=\"async\" src=\"https:\/\/www.ensapc.fr\/wp-content\/uploads\/2017\/04\/hauntedbyalgorithms-36.jpg\" alt=\"hauntedbyalgorithms-36\" title=\"hauntedbyalgorithms-36\" \/><div class=\"descimg\"><\/div><\/li><li class=\"img_20\"><img decoding=\"async\" src=\"https:\/\/www.ensapc.fr\/wp-content\/uploads\/2017\/04\/hauntedbyalgorithms-50.jpg\" alt=\"hauntedbyalgorithms-50\" title=\"hauntedbyalgorithms-50\" \/><div class=\"descimg\"><\/div><\/li><li class=\"img_21\"><img decoding=\"async\" src=\"https:\/\/www.ensapc.fr\/wp-content\/uploads\/2017\/04\/hauntedbyalgorithms-26.jpg\" alt=\"hauntedbyalgorithms-26\" title=\"hauntedbyalgorithms-26\" \/><div class=\"descimg\"><\/div><\/li><li class=\"img_22\"><img decoding=\"async\" src=\"https:\/\/www.ensapc.fr\/wp-content\/uploads\/2017\/04\/hauntedbyalgorithms-25.jpg\" alt=\"hauntedbyalgorithms-25\" title=\"hauntedbyalgorithms-25\" \/><div class=\"descimg\"><\/div><\/li><li class=\"img_23\"><img decoding=\"async\" src=\"https:\/\/www.ensapc.fr\/wp-content\/uploads\/2017\/04\/hauntedbyalgorithms-13.jpg\" alt=\"hauntedbyalgorithms-13\" title=\"hauntedbyalgorithms-13\" \/><div class=\"descimg\"><\/div><\/li><li class=\"img_24\"><img decoding=\"async\" src=\"https:\/\/www.ensapc.fr\/wp-content\/uploads\/2017\/04\/hauntedbyalgorithms-18.jpg\" alt=\"hauntedbyalgorithms-18\" title=\"hauntedbyalgorithms-18\" \/><div class=\"descimg\"><\/div><\/li><li class=\"img_25\"><img decoding=\"async\" src=\"https:\/\/www.ensapc.fr\/wp-content\/uploads\/2017\/04\/hauntedbyalgorithms-20.jpg\" alt=\"hauntedbyalgorithms-20\" title=\"hauntedbyalgorithms-20\" \/><div class=\"descimg\"><\/div><\/li><li class=\"img_26\"><img decoding=\"async\" src=\"https:\/\/www.ensapc.fr\/wp-content\/uploads\/2017\/04\/hauntedbyalgorithms-21.jpg\" alt=\"hauntedbyalgorithms-21\" title=\"hauntedbyalgorithms-21\" \/><div class=\"descimg\"><\/div><\/li><\/ul><div id=\"descimg\"><\/div><\/div><\/div>[\/vc_column_text][\/vc_column][\/vc_row]<\/p>\n<\/div>","protected":false},"excerpt":{"rendered":"<p>[vc_row][vc_column][vc_single_image image=&#8221;1302&#8243; img_size=&#8221;large&#8221; alignment=&#8221;center&#8221; css_animation=&#8221;top-to-bottom&#8221;][\/vc_column][\/vc_row][vc_row content_placement=&#8221;middle&#8221;][vc_column][vc_column_text]January 21 to March 5, 2017 Exhibition HAUNTED BY ALGORITHMS Haunted by Algorithms summons a multitude of non-human entities, organic and artificial life forms that communicate and act in the world &#8211; animals, plants, machines, robots, spirits, aliens. How can we give shape to this infinity of inter-species relations, translate&#8230;  <a class=\"excerpt-read-more\" href=\"https:\/\/www.ensapc.fr\/en\/ygrec\/archives\/2017-2\/haunted-by-algorithms\/\" title=\"Read HAUNTED BY ALGORITHMS\">Read more &raquo;<\/a><\/p>\n","protected":false},"author":1,"featured_media":0,"parent":5373,"menu_order":421,"comment_status":"closed","ping_status":"closed","template":"","meta":{"footnotes":""},"class_list":["post-5611","page","type-page","status-publish","hentry"],"_links":{"self":[{"href":"https:\/\/www.ensapc.fr\/en\/wp-json\/wp\/v2\/pages\/5611","targetHints":{"allow":["GET"]}}],"collection":[{"href":"https:\/\/www.ensapc.fr\/en\/wp-json\/wp\/v2\/pages"}],"about":[{"href":"https:\/\/www.ensapc.fr\/en\/wp-json\/wp\/v2\/types\/page"}],"author":[{"embeddable":true,"href":"https:\/\/www.ensapc.fr\/en\/wp-json\/wp\/v2\/users\/1"}],"replies":[{"embeddable":true,"href":"https:\/\/www.ensapc.fr\/en\/wp-json\/wp\/v2\/comments?post=5611"}],"version-history":[{"count":3,"href":"https:\/\/www.ensapc.fr\/en\/wp-json\/wp\/v2\/pages\/5611\/revisions"}],"predecessor-version":[{"id":5614,"href":"https:\/\/www.ensapc.fr\/en\/wp-json\/wp\/v2\/pages\/5611\/revisions\/5614"}],"up":[{"embeddable":true,"href":"https:\/\/www.ensapc.fr\/en\/wp-json\/wp\/v2\/pages\/5373"}],"wp:attachment":[{"href":"https:\/\/www.ensapc.fr\/en\/wp-json\/wp\/v2\/media?parent=5611"}],"curies":[{"name":"wp","href":"https:\/\/api.w.org\/{rel}","templated":true}]}}