{"id":5617,"date":"2017-09-15T14:58:40","date_gmt":"2017-09-15T12:58:40","guid":{"rendered":"https:\/\/www.ensapc.fr\/en\/ygrec\/archives\/2017-2\/viens-mais-ne-viens-pas-quand-je-serai-seule"},"modified":"2020-05-19T10:42:16","modified_gmt":"2020-05-19T08:42:16","slug":"viens-mais-ne-viens-pas-quand-je-serai-seule","status":"publish","type":"page","link":"https:\/\/www.ensapc.fr\/en\/ygrec\/archives\/2017-2\/viens-mais-ne-viens-pas-quand-je-serai-seule\/","title":{"rendered":"VIENS, MAIS NE VIENS PAS QUAND JE SERAI SEULE"},"content":{"rendered":"<div class=\"wpb-content-wrapper\"><p>[vc_row][vc_column][vc_single_image image=&#8221;2163&#8243; img_size=&#8221;large&#8221; add_caption=&#8221;yes&#8221; alignment=&#8221;center&#8221; css_animation=&#8221;top-to-bottom&#8221;][\/vc_column][\/vc_row][vc_row content_placement=&#8221;middle&#8221;][vc_column][vc_column_text]<strong>Exhibition<br \/>\nViens, mais ne viens pas quand je serai seule<br \/>\n<\/strong>[\/vc_column_text][vc_separator color=&#8221;pink&#8221; style=&#8221;dashed&#8221; el_width=&#8221;90&#8243;][vc_column_text]<strong>from 13 July to 10 September 2017<\/strong><\/p>\n<p>\/\/ Film screenings and performances with Ecran Voisin continue until September 17\/\/<br \/>\n<a href=\"https:\/\/fr.calameo.com\/read\/005249728131764ba5fc0\">Find the program of the festival here<\/a><\/p>\n<p>A summer festival (exhibitions, events, concerts, performances, dj sets) &#8211; a collective project of the ENSAPC 2016 graduates<br \/>\nCome and join us &#8211; it&#8217;s party time at YGREC!<\/p>\n<p>With : Jeanne Bathilde, Hugo Caillaud, Odonchimeg Davaadorj, Anne Destival, Benjamin Dufr\u00eane, Alexandre Erre, Adrien Flament, Laur\u00e8ne Guarneri, Jessica Guez, Margot Hefez, Th\u00e9o Hillion, Cl\u00e9ment Jandard, Laetitia L&#8217;heureux, M\u00e9laine Loison, Angela Ly, Adrian Mabileau Ebrahimi Tajadod, Marie-Claire Manlanbien, Zo\u00e9 Pautet, Jean-Daniel Pellen, Zo\u00e9 Philibert, Tiffanie Pichon, Aurel Port\u00e9, Simon Restino, Noah Teichner, Margot Trutin, Paola Quilici, Zukhra Sharipova, Woosung Sohn, Constance Sorel and Antoine Vall\u00e9 and surprise guests.<\/p>\n<p>Curated by Th\u00e9o Robine-Langlois with the participation of the artists.<\/p>\n<p>* Punctual events, concerts, performances, dj sets &#8230; will be announced throughout the summer.<\/p>\n<p><em><strong>In partnership with BIC.<\/strong><\/em><\/p>\n<p><b><i>\u00a0<a href=\"https:\/\/www.ensapc.fr\/wp-content\/uploads\/2017\/05\/19457541_10212968817599908_1329841301_o.png\"><img decoding=\"async\" class=\"wp-image-2166 alignleft\" src=\"https:\/\/www.ensapc.fr\/wp-content\/uploads\/2017\/05\/19457541_10212968817599908_1329841301_o-300x100.png\" alt=\"19457541_10212968817599908_1329841301_o\" width=\"123\" height=\"41\" srcset=\"https:\/\/www.ensapc.fr\/wp-content\/uploads\/2017\/05\/19457541_10212968817599908_1329841301_o-300x100.png 300w, https:\/\/www.ensapc.fr\/wp-content\/uploads\/2017\/05\/19457541_10212968817599908_1329841301_o-768x256.png 768w, https:\/\/www.ensapc.fr\/wp-content\/uploads\/2017\/05\/19457541_10212968817599908_1329841301_o-1024x342.png 1024w, https:\/\/www.ensapc.fr\/wp-content\/uploads\/2017\/05\/19457541_10212968817599908_1329841301_o.png 2000w\" sizes=\"(max-width: 123px) 100vw, 123px\" \/><\/a><\/i><\/b>[\/vc_column_text][vc_separator color=&#8221;pink&#8221; style=&#8221;dashed&#8221; el_width=&#8221;90&#8243;][vc_column_text]OPENING:\u00a0Thursday 13 July from 6pm to 10pm<\/p>\n<p>6 &#8211; 7 pm &#8211; mix Ao\u00fbtat and Abjure Indemne (from Belladone)<br \/>\n7 &#8211; 9:30 pm\u00a0&#8211; Dj set MARGE! + Yasmimeow &amp; Mrln Miaou Vega<br \/>\n9:30 &#8211;\u00a010 pm -Live BTBB<\/p>\n<p>+ Cocktail[\/vc_column_text][vc_separator color=&#8221;pink&#8221; style=&#8221;dashed&#8221; el_width=&#8221;90&#8243;][vc_column_text]We are a group of artists who lived together for 2, 3, 4, 5 or 6 years in the same artistic education structure, the Ecole Nationale Sup\u00e9rieure d&#8217;Art de Paris-Cergy, and came out of it mainly in the summer of 2016.<\/p>\n<p>&#8220;When the curtain one day falls \/ I want it to fall behind me&#8221;<\/p>\n<p>During these school years, we lived in the same workshops, sometimes developing affinities, and carried out our projects individually or collectively. And often with regular exchanges.<\/p>\n<p>We watched each other&#8217;s works, influenced each other, talked about artists or something else, went to see exhibitions, films, and sometimes invited each other to participate in each other&#8217;s projects.<\/p>\n<p>&#8220;My life has burned under too many lights \/ I can&#8217;t go into the shadows&#8221;<\/p>\n<p>Now that we are no longer students, we propose this series of events based on our artistic activities &#8220;Come, but don&#8217;t come when I&#8217;m alone&#8221;, in Ygrec the off-walls of the school of Cergy, located in Les Grands Voisins.<\/p>\n<p>This series is conceived less as an end-of-year or graduate exhibition than as a project put forward by artists who are voluntarily involved in it, in a desire for co-management.<\/p>\n<p>&#8220;Come, but don&#8217;t come when I&#8217;m alone&#8221;, like a summer festival with several appointments, in several places in Les Grands Voisins. Multi-faceted programming, sometimes wild, of performances, concerts, videos, literature, paintings, sculptures, styling, installations and dances&#8230; fixed, mobile and ephemeral interventions.<\/p>\n<p>&#8220;Pick a gala evening \/ If you want to dance with me&#8221;<\/p>\n<p>&#8220;Come, but don&#8217;t come when I&#8217;m alone,&#8221; present who we are, what we do and with whom. These events welcome and show everything that seems good to us, in this disused Parisian hospital, renamed Les Grands Voisins, where immigrant workers, craftsmen, apprentice midwives, artists, volunteers, salaried workers, soup kitchen subscribers, eternal chasers and so many others coexist.<\/p>\n<p>&#8220;The two of us already know each other \/ We&#8217;ve seen each other up close remember&#8221;<\/p>\n<p>&#8220;Come, but don&#8217;t come when I am alone&#8221;, a mixture of common desires, necessities, intentions and coincidences, of living together and for oneself.<br \/>\n&#8220;Yes I want to die on stage \/ With an open heart full of colour&#8221;<\/p>\n<p>Extract from the press release written by Jessica Guez, Aur\u00e9lien Port\u00e9, Th\u00e9o Robine-Langlois and the voice of Dalida<\/p>\n<div id=\"slidin\"><h2><span>1<\/span> \/ 70<\/h2><div id=\"slider_diapo\"><ul id=\"slider_page\"><li class=\"img_1\"><img decoding=\"async\" src=\"https:\/\/www.ensapc.fr\/wp-content\/uploads\/2017\/07\/DOUBLE-PORTRAIT-15.jpg\" alt=\"DOUBLE PORTRAIT 15\" title=\"DOUBLE PORTRAIT 15\" \/><div class=\"descimg\"><\/div><\/li><li class=\"img_2\"><img decoding=\"async\" src=\"https:\/\/www.ensapc.fr\/wp-content\/uploads\/2017\/07\/DOUBLE-PORTRAIT-14.jpg\" alt=\"DOUBLE PORTRAIT 14\" title=\"DOUBLE PORTRAIT 14\" \/><div class=\"descimg\"><\/div><\/li><li class=\"img_3\"><img decoding=\"async\" src=\"https:\/\/www.ensapc.fr\/wp-content\/uploads\/2017\/07\/DOUBLE-PORTRAIT-12.jpg\" alt=\"DOUBLE PORTRAIT 12\" title=\"DOUBLE PORTRAIT 12\" \/><div class=\"descimg\"><\/div><\/li><li class=\"img_4\"><img decoding=\"async\" src=\"https:\/\/www.ensapc.fr\/wp-content\/uploads\/2017\/07\/DOUBLE-PORTRAIT-11.jpg\" alt=\"DOUBLE PORTRAIT 11\" title=\"DOUBLE PORTRAIT 11\" \/><div class=\"descimg\"><\/div><\/li><li class=\"img_5\"><img decoding=\"async\" src=\"https:\/\/www.ensapc.fr\/wp-content\/uploads\/2017\/07\/DOUBLE-PORTRAIT-13.jpg\" alt=\"DOUBLE PORTRAIT 13\" title=\"DOUBLE PORTRAIT 13\" \/><div class=\"descimg\"><\/div><\/li><li class=\"img_6\"><img decoding=\"async\" src=\"https:\/\/www.ensapc.fr\/wp-content\/uploads\/2017\/07\/DOUBLE-PORTRAIT-01.jpg\" alt=\"DOUBLE PORTRAIT 01\" title=\"DOUBLE PORTRAIT 01\" \/><div class=\"descimg\"><\/div><\/li><li class=\"img_7\"><img decoding=\"async\" src=\"https:\/\/www.ensapc.fr\/wp-content\/uploads\/2017\/07\/DOUBLE-PORTRAIT-02.jpg\" alt=\"DOUBLE PORTRAIT 02\" title=\"DOUBLE PORTRAIT 02\" \/><div class=\"descimg\"><\/div><\/li><li class=\"img_8\"><img decoding=\"async\" src=\"https:\/\/www.ensapc.fr\/wp-content\/uploads\/2017\/07\/DOUBLE-PORTRAIT-03.jpg\" alt=\"DOUBLE PORTRAIT 03\" title=\"DOUBLE PORTRAIT 03\" \/><div class=\"descimg\"><\/div><\/li><li class=\"img_9\"><img decoding=\"async\" src=\"https:\/\/www.ensapc.fr\/wp-content\/uploads\/2017\/07\/DOUBLE-PORTRAIT-04.jpg\" alt=\"DOUBLE PORTRAIT 04\" title=\"DOUBLE PORTRAIT 04\" \/><div class=\"descimg\"><\/div><\/li><li class=\"img_10\"><img decoding=\"async\" src=\"https:\/\/www.ensapc.fr\/wp-content\/uploads\/2017\/07\/DOUBLE-PORTRAIT-05.jpg\" alt=\"DOUBLE PORTRAIT 05\" title=\"DOUBLE PORTRAIT 05\" \/><div class=\"descimg\"><\/div><\/li><li class=\"img_11\"><img decoding=\"async\" src=\"https:\/\/www.ensapc.fr\/wp-content\/uploads\/2017\/07\/DOUBLE-PORTRAIT-06.jpg\" alt=\"DOUBLE PORTRAIT 06\" title=\"DOUBLE PORTRAIT 06\" \/><div class=\"descimg\"><\/div><\/li><li class=\"img_12\"><img decoding=\"async\" src=\"https:\/\/www.ensapc.fr\/wp-content\/uploads\/2017\/07\/DOUBLE-PORTRAIT-07.jpg\" alt=\"DOUBLE PORTRAIT 07\" title=\"DOUBLE PORTRAIT 07\" \/><div class=\"descimg\"><\/div><\/li><li class=\"img_13\"><img decoding=\"async\" src=\"https:\/\/www.ensapc.fr\/wp-content\/uploads\/2017\/07\/DOUBLE-PORTRAIT-08.jpg\" alt=\"DOUBLE PORTRAIT 08\" title=\"DOUBLE PORTRAIT 08\" \/><div class=\"descimg\"><\/div><\/li><li class=\"img_14\"><img decoding=\"async\" src=\"https:\/\/www.ensapc.fr\/wp-content\/uploads\/2017\/07\/DOUBLE-PORTRAIT-09.jpg\" alt=\"DOUBLE PORTRAIT 09\" title=\"DOUBLE PORTRAIT 09\" \/><div class=\"descimg\"><\/div><\/li><li class=\"img_15\"><img decoding=\"async\" src=\"https:\/\/www.ensapc.fr\/wp-content\/uploads\/2017\/03\/1.jpg\" alt=\"1\" title=\"1\" \/><div class=\"descimg\"><\/div><\/li><li class=\"img_16\"><img decoding=\"async\" src=\"https:\/\/www.ensapc.fr\/wp-content\/uploads\/2017\/03\/2.jpg\" alt=\"2\" title=\"2\" \/><div class=\"descimg\"><\/div><\/li><li class=\"img_17\"><img decoding=\"async\" src=\"https:\/\/www.ensapc.fr\/wp-content\/uploads\/2017\/03\/3.jpg\" alt=\"3\" title=\"3\" \/><div class=\"descimg\"><\/div><\/li><li class=\"img_18\"><img decoding=\"async\" src=\"https:\/\/www.ensapc.fr\/wp-content\/uploads\/2017\/03\/4.jpg\" alt=\"4\" title=\"4\" \/><div class=\"descimg\"><\/div><\/li><li class=\"img_19\"><img decoding=\"async\" src=\"https:\/\/www.ensapc.fr\/wp-content\/uploads\/2017\/03\/5.jpg\" alt=\"5\" title=\"5\" \/><div class=\"descimg\"><\/div><\/li><li class=\"img_20\"><img decoding=\"async\" src=\"https:\/\/www.ensapc.fr\/wp-content\/uploads\/2017\/03\/6.jpg\" alt=\"6\" title=\"6\" \/><div class=\"descimg\"><\/div><\/li><li class=\"img_21\"><img decoding=\"async\" src=\"https:\/\/www.ensapc.fr\/wp-content\/uploads\/2017\/03\/8.jpg\" alt=\"8\" title=\"8\" \/><div class=\"descimg\"><\/div><\/li><li class=\"img_22\"><img decoding=\"async\" src=\"https:\/\/www.ensapc.fr\/wp-content\/uploads\/2017\/03\/9.jpg\" alt=\"9\" title=\"9\" \/><div class=\"descimg\"><\/div><\/li><li class=\"img_23\"><img decoding=\"async\" src=\"https:\/\/www.ensapc.fr\/wp-content\/uploads\/2017\/03\/10.jpg\" alt=\"10\" title=\"10\" \/><div class=\"descimg\"><\/div><\/li><li class=\"img_24\"><img decoding=\"async\" src=\"https:\/\/www.ensapc.fr\/wp-content\/uploads\/2017\/03\/12.jpg\" alt=\"12\" title=\"12\" \/><div class=\"descimg\"><\/div><\/li><li class=\"img_25\"><img decoding=\"async\" src=\"https:\/\/www.ensapc.fr\/wp-content\/uploads\/2017\/03\/13.jpg\" alt=\"13\" title=\"13\" \/><div class=\"descimg\"><\/div><\/li><li class=\"img_26\"><img decoding=\"async\" src=\"https:\/\/www.ensapc.fr\/wp-content\/uploads\/2017\/03\/14.jpg\" alt=\"14\" title=\"14\" \/><div class=\"descimg\"><\/div><\/li><li class=\"img_27\"><img decoding=\"async\" src=\"https:\/\/www.ensapc.fr\/wp-content\/uploads\/2017\/03\/15.jpg\" alt=\"15\" title=\"15\" \/><div class=\"descimg\"><\/div><\/li><li class=\"img_28\"><img decoding=\"async\" src=\"https:\/\/www.ensapc.fr\/wp-content\/uploads\/2017\/03\/16.jpg\" alt=\"16\" title=\"16\" \/><div class=\"descimg\"><\/div><\/li><li class=\"img_29\"><img decoding=\"async\" src=\"https:\/\/www.ensapc.fr\/wp-content\/uploads\/2017\/03\/17.jpg\" alt=\"17\" title=\"17\" \/><div class=\"descimg\"><\/div><\/li><li class=\"img_30\"><img decoding=\"async\" src=\"https:\/\/www.ensapc.fr\/wp-content\/uploads\/2017\/03\/18.jpg\" alt=\"18\" title=\"18\" \/><div class=\"descimg\"><\/div><\/li><li class=\"img_31\"><img decoding=\"async\" src=\"https:\/\/www.ensapc.fr\/wp-content\/uploads\/2017\/03\/19.jpg\" alt=\"19\" title=\"19\" \/><div class=\"descimg\"><\/div><\/li><li class=\"img_32\"><img decoding=\"async\" src=\"https:\/\/www.ensapc.fr\/wp-content\/uploads\/2017\/03\/20.jpg\" alt=\"20\" title=\"20\" \/><div class=\"descimg\"><\/div><\/li><li class=\"img_33\"><img decoding=\"async\" src=\"https:\/\/www.ensapc.fr\/wp-content\/uploads\/2017\/03\/21.jpg\" alt=\"21\" title=\"21\" \/><div class=\"descimg\"><\/div><\/li><li class=\"img_34\"><img decoding=\"async\" src=\"https:\/\/www.ensapc.fr\/wp-content\/uploads\/2017\/03\/22.jpg\" alt=\"22\" title=\"22\" \/><div class=\"descimg\"><\/div><\/li><li class=\"img_35\"><img decoding=\"async\" src=\"https:\/\/www.ensapc.fr\/wp-content\/uploads\/2017\/03\/23.jpg\" alt=\"23\" title=\"23\" \/><div class=\"descimg\"><\/div><\/li><li class=\"img_36\"><img decoding=\"async\" src=\"https:\/\/www.ensapc.fr\/wp-content\/uploads\/2017\/03\/24.jpg\" alt=\"24\" title=\"24\" \/><div class=\"descimg\"><\/div><\/li><li class=\"img_37\"><img decoding=\"async\" src=\"https:\/\/www.ensapc.fr\/wp-content\/uploads\/2017\/03\/25.jpg\" alt=\"25\" title=\"25\" \/><div class=\"descimg\"><\/div><\/li><li class=\"img_38\"><img decoding=\"async\" src=\"https:\/\/www.ensapc.fr\/wp-content\/uploads\/2017\/03\/26.jpg\" alt=\"26\" title=\"26\" \/><div class=\"descimg\"><\/div><\/li><li class=\"img_39\"><img decoding=\"async\" src=\"https:\/\/www.ensapc.fr\/wp-content\/uploads\/2017\/03\/27.jpg\" alt=\"27\" title=\"27\" \/><div class=\"descimg\"><\/div><\/li><li class=\"img_40\"><img decoding=\"async\" src=\"https:\/\/www.ensapc.fr\/wp-content\/uploads\/2017\/03\/28.jpg\" alt=\"28\" title=\"28\" \/><div class=\"descimg\"><\/div><\/li><li class=\"img_41\"><img decoding=\"async\" src=\"https:\/\/www.ensapc.fr\/wp-content\/uploads\/2017\/03\/29.jpg\" alt=\"29\" title=\"29\" \/><div class=\"descimg\"><\/div><\/li><li class=\"img_42\"><img decoding=\"async\" src=\"https:\/\/www.ensapc.fr\/wp-content\/uploads\/2017\/03\/30.jpg\" alt=\"30\" title=\"30\" \/><div class=\"descimg\"><\/div><\/li><li class=\"img_43\"><img decoding=\"async\" src=\"https:\/\/www.ensapc.fr\/wp-content\/uploads\/2017\/03\/31.jpg\" alt=\"31\" title=\"31\" \/><div class=\"descimg\"><\/div><\/li><li class=\"img_44\"><img decoding=\"async\" src=\"https:\/\/www.ensapc.fr\/wp-content\/uploads\/2017\/03\/1-1.jpg\" alt=\"1\" title=\"1\" \/><div class=\"descimg\"><\/div><\/li><li class=\"img_45\"><img decoding=\"async\" src=\"https:\/\/www.ensapc.fr\/wp-content\/uploads\/2017\/03\/2-1.jpg\" alt=\"2\" title=\"2\" \/><div class=\"descimg\"><\/div><\/li><li class=\"img_46\"><img decoding=\"async\" src=\"https:\/\/www.ensapc.fr\/wp-content\/uploads\/2017\/03\/3-1.jpg\" alt=\"3\" title=\"3\" \/><div class=\"descimg\"><\/div><\/li><li class=\"img_47\"><img decoding=\"async\" src=\"https:\/\/www.ensapc.fr\/wp-content\/uploads\/2017\/03\/4-1.jpg\" alt=\"4\" title=\"4\" \/><div class=\"descimg\"><\/div><\/li><li class=\"img_48\"><img decoding=\"async\" src=\"https:\/\/www.ensapc.fr\/wp-content\/uploads\/2017\/03\/5-1.jpg\" alt=\"5\" title=\"5\" \/><div class=\"descimg\"><\/div><\/li><li class=\"img_49\"><img decoding=\"async\" src=\"https:\/\/www.ensapc.fr\/wp-content\/uploads\/2017\/03\/6-1.jpg\" alt=\"6\" title=\"6\" \/><div class=\"descimg\"><\/div><\/li><li class=\"img_50\"><img decoding=\"async\" src=\"https:\/\/www.ensapc.fr\/wp-content\/uploads\/2017\/03\/7.jpg\" alt=\"7\" title=\"7\" \/><div class=\"descimg\"><\/div><\/li><li class=\"img_51\"><img decoding=\"async\" src=\"https:\/\/www.ensapc.fr\/wp-content\/uploads\/2017\/03\/8-1.jpg\" alt=\"8\" title=\"8\" \/><div class=\"descimg\"><\/div><\/li><li class=\"img_52\"><img decoding=\"async\" src=\"https:\/\/www.ensapc.fr\/wp-content\/uploads\/2017\/09\/EXPORT-2-2MB-04.jpg\" alt=\"EXPORT 2- 2MB-04\" title=\"EXPORT 2- 2MB-04\" \/><div class=\"descimg\"><\/div><\/li><li class=\"img_53\"><img decoding=\"async\" src=\"https:\/\/www.ensapc.fr\/wp-content\/uploads\/2017\/09\/photo-diplome11.jpg\" alt=\"photo diplome11\" title=\"photo diplome11\" \/><div class=\"descimg\"><\/div><\/li><li class=\"img_54\"><img decoding=\"async\" src=\"https:\/\/www.ensapc.fr\/wp-content\/uploads\/2017\/09\/photo-diplome10.jpg\" alt=\"photo diplome10\" title=\"photo diplome10\" \/><div class=\"descimg\"><\/div><\/li><li class=\"img_55\"><img decoding=\"async\" src=\"https:\/\/www.ensapc.fr\/wp-content\/uploads\/2017\/09\/EXPORT-2-2MB-02.jpg\" alt=\"EXPORT 2- 2MB-02\" title=\"EXPORT 2- 2MB-02\" \/><div class=\"descimg\"><\/div><\/li><li class=\"img_56\"><img decoding=\"async\" src=\"https:\/\/www.ensapc.fr\/wp-content\/uploads\/2017\/09\/EXPORT-2-2MB-08.jpg\" alt=\"EXPORT 2- 2MB-08\" title=\"EXPORT 2- 2MB-08\" \/><div class=\"descimg\"><\/div><\/li><li class=\"img_57\"><img decoding=\"async\" src=\"https:\/\/www.ensapc.fr\/wp-content\/uploads\/2017\/09\/photo-diplome9.jpg\" alt=\"photo diplome9\" title=\"photo diplome9\" \/><div class=\"descimg\"><\/div><\/li><li class=\"img_58\"><img decoding=\"async\" src=\"https:\/\/www.ensapc.fr\/wp-content\/uploads\/2017\/09\/EXPORT-2-2MB-26.jpg\" alt=\"EXPORT 2- 2MB-26\" title=\"EXPORT 2- 2MB-26\" \/><div class=\"descimg\"><\/div><\/li><li class=\"img_59\"><img decoding=\"async\" src=\"https:\/\/www.ensapc.fr\/wp-content\/uploads\/2017\/09\/photo-diplome8.jpg\" alt=\"photo diplome8\" title=\"photo diplome8\" \/><div class=\"descimg\"><\/div><\/li><li class=\"img_60\"><img decoding=\"async\" src=\"https:\/\/www.ensapc.fr\/wp-content\/uploads\/2017\/09\/photo-diplome7.jpg\" alt=\"photo diplome7\" title=\"photo diplome7\" \/><div class=\"descimg\"><\/div><\/li><li class=\"img_61\"><img decoding=\"async\" src=\"https:\/\/www.ensapc.fr\/wp-content\/uploads\/2017\/09\/EXPORT-2-2MB-40.jpg\" alt=\"EXPORT 2- 2MB-40\" title=\"EXPORT 2- 2MB-40\" \/><div class=\"descimg\"><\/div><\/li><li class=\"img_62\"><img decoding=\"async\" src=\"https:\/\/www.ensapc.fr\/wp-content\/uploads\/2017\/09\/EXPORT-2-2MB-59.jpg\" alt=\"EXPORT 2- 2MB-59\" title=\"EXPORT 2- 2MB-59\" \/><div class=\"descimg\"><\/div><\/li><li class=\"img_63\"><img decoding=\"async\" src=\"https:\/\/www.ensapc.fr\/wp-content\/uploads\/2017\/09\/photo-diplome7.jpg\" alt=\"photo diplome7\" title=\"photo diplome7\" \/><div class=\"descimg\"><\/div><\/li><li class=\"img_64\"><img decoding=\"async\" src=\"https:\/\/www.ensapc.fr\/wp-content\/uploads\/2017\/09\/EXPORT-2-2MB-60.jpg\" alt=\"EXPORT 2- 2MB-60\" title=\"EXPORT 2- 2MB-60\" \/><div class=\"descimg\"><\/div><\/li><li class=\"img_65\"><img decoding=\"async\" src=\"https:\/\/www.ensapc.fr\/wp-content\/uploads\/2017\/09\/EXPORT.3.2MB2.jpg\" alt=\"EXPORT.3.2MB2\" title=\"EXPORT.3.2MB2\" \/><div class=\"descimg\"><\/div><\/li><li class=\"img_66\"><img decoding=\"async\" src=\"https:\/\/www.ensapc.fr\/wp-content\/uploads\/2017\/09\/photo-diplome6.jpg\" alt=\"photo diplome6\" title=\"photo diplome6\" \/><div class=\"descimg\"><\/div><\/li><li class=\"img_67\"><img decoding=\"async\" src=\"https:\/\/www.ensapc.fr\/wp-content\/uploads\/2017\/09\/photo-diplome5.jpg\" alt=\"photo diplome5\" title=\"photo diplome5\" \/><div class=\"descimg\"><\/div><\/li><li class=\"img_68\"><img decoding=\"async\" src=\"https:\/\/www.ensapc.fr\/wp-content\/uploads\/2017\/09\/EXPORT.3.2MB17.jpg\" alt=\"EXPORT.3.2MB17\" title=\"EXPORT.3.2MB17\" \/><div class=\"descimg\"><\/div><\/li><li class=\"img_69\"><img decoding=\"async\" src=\"https:\/\/www.ensapc.fr\/wp-content\/uploads\/2017\/09\/photo-diplome.jpg\" alt=\"photo diplome\" title=\"photo diplome\" \/><div class=\"descimg\"><\/div><\/li><li class=\"img_70\"><img decoding=\"async\" src=\"https:\/\/www.ensapc.fr\/wp-content\/uploads\/2017\/09\/photo-diplome2.jpg\" alt=\"photo diplome2\" title=\"photo diplome2\" \/><div class=\"descimg\"><\/div><\/li><\/ul><div id=\"descimg\"><\/div><\/div><\/div>[\/vc_column_text][\/vc_column][\/vc_row][vc_row][vc_column][\/vc_column][\/vc_row]<\/p>\n<\/div>","protected":false},"excerpt":{"rendered":"<p>[vc_row][vc_column][vc_single_image image=&#8221;2163&#8243; img_size=&#8221;large&#8221; add_caption=&#8221;yes&#8221; alignment=&#8221;center&#8221; css_animation=&#8221;top-to-bottom&#8221;][\/vc_column][\/vc_row][vc_row content_placement=&#8221;middle&#8221;][vc_column][vc_column_text]Exhibition Viens, mais ne viens pas quand je serai seule [\/vc_column_text][vc_separator color=&#8221;pink&#8221; style=&#8221;dashed&#8221; el_width=&#8221;90&#8243;][vc_column_text]from 13 July to 10 September 2017 \/\/ Film screenings and performances with Ecran Voisin continue until September 17\/\/ Find the program of the festival here A summer festival (exhibitions, events, concerts, performances, dj sets) &#8211;&#8230;  <a class=\"excerpt-read-more\" href=\"https:\/\/www.ensapc.fr\/en\/ygrec\/archives\/2017-2\/viens-mais-ne-viens-pas-quand-je-serai-seule\/\" title=\"Read VIENS, MAIS NE VIENS PAS QUAND JE SERAI SEULE\">Read more &raquo;<\/a><\/p>\n","protected":false},"author":1,"featured_media":0,"parent":5373,"menu_order":428,"comment_status":"closed","ping_status":"closed","template":"","meta":{"footnotes":""},"class_list":["post-5617","page","type-page","status-publish","hentry"],"_links":{"self":[{"href":"https:\/\/www.ensapc.fr\/en\/wp-json\/wp\/v2\/pages\/5617","targetHints":{"allow":["GET"]}}],"collection":[{"href":"https:\/\/www.ensapc.fr\/en\/wp-json\/wp\/v2\/pages"}],"about":[{"href":"https:\/\/www.ensapc.fr\/en\/wp-json\/wp\/v2\/types\/page"}],"author":[{"embeddable":true,"href":"https:\/\/www.ensapc.fr\/en\/wp-json\/wp\/v2\/users\/1"}],"replies":[{"embeddable":true,"href":"https:\/\/www.ensapc.fr\/en\/wp-json\/wp\/v2\/comments?post=5617"}],"version-history":[{"count":2,"href":"https:\/\/www.ensapc.fr\/en\/wp-json\/wp\/v2\/pages\/5617\/revisions"}],"predecessor-version":[{"id":5619,"href":"https:\/\/www.ensapc.fr\/en\/wp-json\/wp\/v2\/pages\/5617\/revisions\/5619"}],"up":[{"embeddable":true,"href":"https:\/\/www.ensapc.fr\/en\/wp-json\/wp\/v2\/pages\/5373"}],"wp:attachment":[{"href":"https:\/\/www.ensapc.fr\/en\/wp-json\/wp\/v2\/media?parent=5617"}],"curies":[{"name":"wp","href":"https:\/\/api.w.org\/{rel}","templated":true}]}}