{"id":5621,"date":"2017-10-11T15:38:58","date_gmt":"2017-10-11T13:38:58","guid":{"rendered":"https:\/\/www.ensapc.fr\/en\/ygrec\/archives\/2017-2\/la-pensee-du-tremblement"},"modified":"2020-05-19T10:57:07","modified_gmt":"2020-05-19T08:57:07","slug":"la-pensee-du-tremblement","status":"publish","type":"page","link":"https:\/\/www.ensapc.fr\/en\/ygrec\/archives\/2017-2\/la-pensee-du-tremblement\/","title":{"rendered":"La Pens\u00e9e du Tremblement"},"content":{"rendered":"<div class=\"wpb-content-wrapper\"><p>[vc_row][vc_column][vc_single_image image=&#8221;2253&#8243; img_size=&#8221;large&#8221; add_caption=&#8221;yes&#8221; alignment=&#8221;center&#8221; css_animation=&#8221;top-to-bottom&#8221;][\/vc_column][\/vc_row][vc_row content_placement=&#8221;middle&#8221;][vc_column][vc_column_text]<strong>Exhibition<br \/>\nLa pens\u00e9e du tremblement<br \/>\n<\/strong>[\/vc_column_text][vc_separator color=&#8221;pink&#8221; style=&#8221;dashed&#8221; el_width=&#8221;90&#8243;][vc_column_text]<b>Du 15 septembre au 5 octobre \u00a02017, du mercredi au dimanche, 13h &#8211; 19h<\/b><\/p>\n<p><span style=\"font-weight: 400;\">Vernissage le 14 septembre \u00e0 partir de 18h<\/span><\/p>\n<p><i><span style=\"font-weight: 400;\">La pens\u00e9e du tremblement surgit de partout [\u2026] Elle nous pr\u00e9serve des pens\u00e9es de syst\u00e8me et des syst\u00e8mes de pens\u00e9e. Elle ne suppose pas la peur ou l\u2019irr\u00e9solu, elle s\u2019\u00e9tend infiniment comme un oiseau innum\u00e9rable, les ailes sem\u00e9es du sel noir de la terre. Elle nous r\u00e9assemble dans l\u2019absolue diversit\u00e9, en un tourbillon de rencontres. Utopie qui jamais ne se fixe et qui ouvre demain, comme un soleil et un fruit partag\u00e9s.<\/span><\/i><\/p>\n<p><span style=\"font-weight: 400;\">\u00c9douard Glissant, <\/span><i><span style=\"font-weight: 400;\">La Coh\u00e9e du Lamentin<\/span><\/i><span style=\"font-weight: 400;\">. <\/span><i><span style=\"font-weight: 400;\">Po\u00e9tique V<\/span><\/i><span style=\"font-weight: 400;\">, Gallimard, 2005.<\/span><\/p>\n<p>&nbsp;<\/p>\n<p>Taking \u00c9douard Glissant&#8217;s thought as a starting point, Diam\u00e8tre wanted to think about a possible tomorrow. To ideologies and systems, the philosopher and poet contrasts an archipelago of thought, based on discovery, interference and creative disorder. Against any form of uniformization or assimilation, Glissant&#8217;s model of relationship\u00a0produces\u00a0unstable situations, disturbing because they are hybrid, but deeply fertile.<\/p>\n<p>It is in this chaos of the &#8220;Everyman&#8221; that the project fits in; a world no longer governed by great hegemonic movements but by successive jolts on the scale of a territory, the end of globalizing utopias in favor of open and changing utopias. &#8220;Act in your place, think with the world&#8221;, as the Creole thinker says.<\/p>\n<p>Conceived for the Grands Voisins between two islands &#8211; Jeune Cr\u00e9ation and ENSAPC YGREC galleries &#8211; the exhibition aims to reflect a generation of artists for whom identity is necessarily transitory and bodies, diasporic. As fluid as the water that composes us, &#8220;la pens\u00e9e du tremblement&#8221; is an exhibition where the picture rails move and undulate, where the works play with precarious balances, sometimes suspended in the air like specific affected objects.<\/p>\n<p>Diverting the tropical tropes or reinventing a collective language, it is a polyphonic universe that is offered, accompanied by a reading space where words come to mingle with flesh.<\/p>\n<p>with:<\/p>\n<p>Minia Biabiany, Ga\u00eblle Choisne, \u00c9lise Courcol-Roz\u00e8s, Julien Creuzet, Alice Didier Champagne, Kenny Dunkan, R\u00e9mi Duprat, Marco Godoy, Tarek Lakhrissi \/ Aur\u00e8le Nourisson, Hugo Livet, Violaine Lochu, Julie Luzoir, Paul Maheke, Basir Mahmood, Marie-Claire Manlanbien, Nefeli Papadimouli, Sandrine &amp; David, Giuditta Vendrame, Yao Qingmei<\/p>\n<p>The exhibition is also presented at the Jeune Cr\u00e9ation gallery (Grands Voisins, 74 avenue Denfert Rochereau).<\/p>\n<p>The exhibition is supported by ADAGP and private copying, the Thibault Poutrel Endowment Fund, the Buchet-Ponsoye Endowment Fund, Crous Paris, the University Paris 1 Panth\u00e9on Sorbonne, the \u00c9cole du Louvre and the Institut du Tout-Monde.<br \/>\nProgramming :<\/p>\n<p>Wednesday, September 20th<\/p>\n<p>Violaine Lochu&#8217;s workshop with the residents of Le Tremplin<\/p>\n<p>Friday, September 29th<\/p>\n<p>poetic evening in partnership with the Institut du Tout-Monde at the Grands Voisins amphitheatre<\/p>\n<p><b><br \/>\nDiam\u00e8tre<\/b><\/p>\n<p><span style=\"font-weight: 400;\">50, rue des Tournelles<\/span><\/p>\n<p><span style=\"font-weight: 400;\">75003 Paris<\/span><\/p>\n<p><span style=\"font-weight: 400;\">info@diametre.org<\/span><\/p>\n<p><a href=\"http:\/\/diametre.org\/\"><span style=\"font-weight: 400;\">http:\/\/diametre.org<\/span><\/a>[\/vc_column_text][vc_separator color=&#8221;pink&#8221; style=&#8221;dashed&#8221; el_width=&#8221;90&#8243;][vc_column_text][\/vc_column_text][vc_separator color=&#8221;pink&#8221; style=&#8221;dashed&#8221; el_width=&#8221;90&#8243;][vc_column_text][\/vc_column_text][\/vc_column][\/vc_row][vc_row][vc_column][\/vc_column][\/vc_row]<\/p>\n<\/div>","protected":false},"excerpt":{"rendered":"<p>[vc_row][vc_column][vc_single_image image=&#8221;2253&#8243; img_size=&#8221;large&#8221; add_caption=&#8221;yes&#8221; alignment=&#8221;center&#8221; css_animation=&#8221;top-to-bottom&#8221;][\/vc_column][\/vc_row][vc_row content_placement=&#8221;middle&#8221;][vc_column][vc_column_text]Exhibition La pens\u00e9e du tremblement [\/vc_column_text][vc_separator color=&#8221;pink&#8221; style=&#8221;dashed&#8221; el_width=&#8221;90&#8243;][vc_column_text]Du 15 septembre au 5 octobre \u00a02017, du mercredi au dimanche, 13h &#8211; 19h Vernissage le 14 septembre \u00e0 partir de 18h La pens\u00e9e du tremblement surgit de partout [\u2026] Elle nous pr\u00e9serve des pens\u00e9es de syst\u00e8me et des syst\u00e8mes de&#8230;  <a class=\"excerpt-read-more\" href=\"https:\/\/www.ensapc.fr\/en\/ygrec\/archives\/2017-2\/la-pensee-du-tremblement\/\" title=\"Read La Pens\u00e9e du Tremblement\">Read more &raquo;<\/a><\/p>\n","protected":false},"author":1,"featured_media":0,"parent":5373,"menu_order":423,"comment_status":"closed","ping_status":"closed","template":"","meta":{"footnotes":""},"class_list":["post-5621","page","type-page","status-publish","hentry"],"_links":{"self":[{"href":"https:\/\/www.ensapc.fr\/en\/wp-json\/wp\/v2\/pages\/5621","targetHints":{"allow":["GET"]}}],"collection":[{"href":"https:\/\/www.ensapc.fr\/en\/wp-json\/wp\/v2\/pages"}],"about":[{"href":"https:\/\/www.ensapc.fr\/en\/wp-json\/wp\/v2\/types\/page"}],"author":[{"embeddable":true,"href":"https:\/\/www.ensapc.fr\/en\/wp-json\/wp\/v2\/users\/1"}],"replies":[{"embeddable":true,"href":"https:\/\/www.ensapc.fr\/en\/wp-json\/wp\/v2\/comments?post=5621"}],"version-history":[{"count":2,"href":"https:\/\/www.ensapc.fr\/en\/wp-json\/wp\/v2\/pages\/5621\/revisions"}],"predecessor-version":[{"id":5623,"href":"https:\/\/www.ensapc.fr\/en\/wp-json\/wp\/v2\/pages\/5621\/revisions\/5623"}],"up":[{"embeddable":true,"href":"https:\/\/www.ensapc.fr\/en\/wp-json\/wp\/v2\/pages\/5373"}],"wp:attachment":[{"href":"https:\/\/www.ensapc.fr\/en\/wp-json\/wp\/v2\/media?parent=5621"}],"curies":[{"name":"wp","href":"https:\/\/api.w.org\/{rel}","templated":true}]}}