{"id":6532,"date":"2020-10-13T09:35:47","date_gmt":"2020-10-13T07:35:47","guid":{"rendered":"https:\/\/www.ensapc.fr\/ygrec\/exposition\/en-cours\/"},"modified":"2021-02-02T10:23:20","modified_gmt":"2021-02-02T09:23:20","slug":"aphelie-toutes-les-etoiles-sont-deja-mortes-2","status":"publish","type":"page","link":"https:\/\/www.ensapc.fr\/en\/ygrec\/archives\/2021-2\/aphelie-toutes-les-etoiles-sont-deja-mortes-2\/","title":{"rendered":"APH\u00c9LIE, TOUTES LES \u00c9TOILES SONT D\u00c9J\u00c0 MORTES"},"content":{"rendered":"<div class=\"wpb-content-wrapper\"><p>[vc_row css=&#8221;.vc_custom_1612257797070{padding-left: 50px !important;}&#8221;][vc_column][vc_images_carousel images=&#8221;7624,7582,7618,7594,7606,7630,7588&#8243; img_size=&#8221;large&#8221; autoplay=&#8221;yes&#8221; hide_pagination_control=&#8221;yes&#8221; hide_prev_next_buttons=&#8221;yes&#8221; wrap=&#8221;yes&#8221;][\/vc_column][\/vc_row][vc_row][vc_column][vc_column_text]<\/p>\n<h3><i class=\"\">Aph\u00e9lie, toutes les \u00e9toiles sont d\u00e9j\u00e0 mortes<\/i><\/h3>\n<p>[\/vc_column_text][vc_column_text]<strong>With: Communaute\u0301 Be\u0301ta, Ke\u0301vin Blinderman et Azzeazy<\/strong><\/p>\n<p><strong>Curator: Hugo Bausch Belbachir (ENSAPC student)<\/strong><\/p>\n<p>In an article published shortly before his death, Pier Paolo Pasolini evoked, through the luminous and altered image of tiny insects, human bodies filled with love and desire and their inability to survive in a world destroyed by the industrial system. This is how the exhibition <em>Aph\u00e9lie, toutes les \u00e9toiles sont d\u00e9j\u00e0 mortes<\/em> [Aphelia, all the stars are already dead] tends to highlight a worried relationship to the world, upset by climatic, political and social turmoils.<\/p>\n<p>It is intended as a place of refuge with an uncertain status, inhabited by the thermal sculptures of K\u00e9vin Blinderman, the drawing of a disturbing double figure by Azzeazy and a sound installation by Communaut\u00e9 B\u00e9ta with purgatory and contemplative echoes.[\/vc_column_text][\/vc_column][\/vc_row]<\/p>\n<\/div>","protected":false},"excerpt":{"rendered":"<p>[vc_row css=&#8221;.vc_custom_1612257797070{padding-left: 50px !important;}&#8221;][vc_column][vc_images_carousel images=&#8221;7624,7582,7618,7594,7606,7630,7588&#8243; img_size=&#8221;large&#8221; autoplay=&#8221;yes&#8221; hide_pagination_control=&#8221;yes&#8221; hide_prev_next_buttons=&#8221;yes&#8221; wrap=&#8221;yes&#8221;][\/vc_column][\/vc_row][vc_row][vc_column][vc_column_text] Aph\u00e9lie, toutes les \u00e9toiles sont d\u00e9j\u00e0 mortes [\/vc_column_text][vc_column_text]With: Communaute\u0301 Be\u0301ta, Ke\u0301vin Blinderman et Azzeazy Curator: Hugo Bausch Belbachir (ENSAPC student) In an article published shortly before his death, Pier Paolo Pasolini evoked, through the luminous and altered image of tiny insects, human bodies filled with&#8230;  <a class=\"excerpt-read-more\" href=\"https:\/\/www.ensapc.fr\/en\/ygrec\/archives\/2021-2\/aphelie-toutes-les-etoiles-sont-deja-mortes-2\/\" title=\"Read APH\u00c9LIE, TOUTES LES \u00c9TOILES SONT D\u00c9J\u00c0 MORTES\">Read more &raquo;<\/a><\/p>\n","protected":false},"author":1,"featured_media":0,"parent":7858,"menu_order":372,"comment_status":"closed","ping_status":"closed","template":"","meta":{"footnotes":""},"class_list":["post-6532","page","type-page","status-publish","hentry"],"_links":{"self":[{"href":"https:\/\/www.ensapc.fr\/en\/wp-json\/wp\/v2\/pages\/6532","targetHints":{"allow":["GET"]}}],"collection":[{"href":"https:\/\/www.ensapc.fr\/en\/wp-json\/wp\/v2\/pages"}],"about":[{"href":"https:\/\/www.ensapc.fr\/en\/wp-json\/wp\/v2\/types\/page"}],"author":[{"embeddable":true,"href":"https:\/\/www.ensapc.fr\/en\/wp-json\/wp\/v2\/users\/1"}],"replies":[{"embeddable":true,"href":"https:\/\/www.ensapc.fr\/en\/wp-json\/wp\/v2\/comments?post=6532"}],"version-history":[{"count":5,"href":"https:\/\/www.ensapc.fr\/en\/wp-json\/wp\/v2\/pages\/6532\/revisions"}],"predecessor-version":[{"id":6535,"href":"https:\/\/www.ensapc.fr\/en\/wp-json\/wp\/v2\/pages\/6532\/revisions\/6535"}],"up":[{"embeddable":true,"href":"https:\/\/www.ensapc.fr\/en\/wp-json\/wp\/v2\/pages\/7858"}],"wp:attachment":[{"href":"https:\/\/www.ensapc.fr\/en\/wp-json\/wp\/v2\/media?parent=6532"}],"curies":[{"name":"wp","href":"https:\/\/api.w.org\/{rel}","templated":true}]}}