{"id":9148,"date":"2020-05-28T10:48:49","date_gmt":"2020-05-28T08:48:49","guid":{"rendered":"https:\/\/www.ensapc.fr\/2020-2\/"},"modified":"2022-10-27T15:52:15","modified_gmt":"2022-10-27T13:52:15","slug":"2020-2","status":"publish","type":"page","link":"https:\/\/www.ensapc.fr\/en\/research\/publications\/2020-2\/","title":{"rendered":"2020"},"content":{"rendered":"<div class=\"wpb-content-wrapper\"><p>[vc_row gap=&#8221;30&#8243;][vc_column width=&#8221;1\/2&#8243;][vc_row_inner][vc_column_inner][vc_column_text]<strong>S\u00c9MINAIRE DOCTORAL DE L&#8217;ENSAPC<\/strong><br \/>\n<strong>30 OCTOBRE 2020<\/strong><\/p>\n<p>Cette premi\u00e8re session du s\u00e9minaire doctoral de l\u2019ENSAPC propose d\u2019accueillir les travaux et recherches des doctorant\u00b7e\u00b7s en art de notre Graduate School, Humanit\u00e9s, Cr\u00e9ation et Patrimoine, et invite \u00e9galement deux professeures de l\u2019ENSAPC \u00e0 se joindre aux \u00e9changes. Depuis trois ans, les doctorats en art men\u00e9s \u00e0 l\u2019ENSAPC, questionnent les pratiques, les cadres et \u00ab l\u2019excellence \u00bb qu\u2019on attend de ce type de travail.<\/p>\n<p>Plac\u00e9e sous le signe de certains \u00e9nonc\u00e9s forts produits par les artistes qui interviendront, \u00abPour une th\u00e8se vivante\u00bb, \u00abLe cycle des inqui\u00e9tudes\u00bb, \u00ab(Pour) une \u00e9thique-esth\u00e9tique de l&#8217;\u00e9mancipation\u00bb, \u00abPour une litt\u00e9rature de lisi\u00e8res\u00bb\u2026 cette journ\u00e9e entend accueillir des discussions et des r\u00e9flexions nourries par une vari\u00e9t\u00e9 de pratiques, de gestes, de positionnements, de r\u00e9cits, qui n\u2019entendent pas faire syst\u00e8me ni \u00e9tablir des m\u00e9thodologies ou d\u00e9finitions fixes de ce que peut \u00eatre un doctorat par le projet.<\/p>\n<p>Traversant l\u2019\u00e9cole et ses enseignements de 1<sup>er<\/sup>, 2<sup>nd<\/sup> et 3<sup>e<\/sup> cycles, la recherche en art renoue avec une dimension r\u00e9solument ouverte \u00e0 la transmission et au partage qu\u2019il nous importe de d\u00e9fendre \u00e0 l\u2019heure o\u00f9 le monde doit r\u00e9inventer \u00e0 marche forc\u00e9e ses mani\u00e8res de communiquer et de vivre ensemble, tout comme elle interroge, dans une double adresse aux artistes et aux chercheur\u00b7euse\u00b7s, les articulations historiques et strat\u00e9giques de leurs pratiques.[\/vc_column_text][vc_empty_space][vc_column_text]<strong>TRILOGIE DE LA TERRE<\/strong><br \/>\n<strong>ANNUL\u00c9 : COLLOQUE DE RESTITUTION<\/strong><\/p>\n<p><em>Maison Internationale de la Recherche (MIR)<br \/>\nSite universitaire de Neuville-sur-Oise<br \/>\n30 avril 2020<br \/>\n<\/em><br \/>\nCr\u00e9\u00e9 par Agathe Simon et produit par la compagnie de cr\u00e9ation Le Groupe, le projet Trilogie de la Terre propose de recr\u00e9er le portrait d\u2019une humanit\u00e9 disparue afin de mieux appr\u00e9hender le futur de notre plan\u00e8te. Dans un contexte de globalisation et de flux migratoires, son enjeu est de d\u00e9voiler les racines de la mondialisation, pr\u00e9sent\u00e9es \u00e0 travers cinq personnes vivant sur cinq continents.<\/p>\n<p>Il se d\u00e9roule \u00e0 CY Cergy Paris Universit\u00e9 et \u00e0 l&#8217;ENSAPC, en partenariat avec le\u00a0<dfn title=\"Centre National de la Recherche Scientifique\">CNRS<\/dfn>\u00a0et l&#8217;Universit\u00e9 Paris-Seine, durant l&#8217;ann\u00e9e universitaire 2019-2020 et donnera\u00a0lieu \u00e0 un film, une publication, une exposition et des colloques.<\/p>\n<p>Le colloque est propos\u00e9 par le CRI (Centre de Recherche sur l&#8217;Inconnu), compos\u00e9 par des \u00e9tudiant\u00b7e\u00b7s :<br \/>\n&#8211; du laboratoire G\u00e9osciences et Environnement Cergy (<dfn title=\"Laboratoire g\u00e9osciences et environnement Cergy\">GEC<\/dfn>) de l&#8217;UCP, sous la supervision du Professeur Bertrand Maillot,<br \/>\n&#8211; de l\u2019<dfn title=\"Unit\u00e9 de formation et de recherche\">UFR<\/dfn>\u00a0Langues et \u00c9tudes Internationales de l\u2019universit\u00e9 de Cergy-Pontoise, sous la supervision de G\u00e9rald Peloux et C\u00e9cile Doustaly,<br \/>\n&#8211; de l&#8217;\u00c9cole nationale sup\u00e9rieur d&#8217;art de Paris-Cergy (ENSAPC), sous la supervision de Corinne Le N\u00e9\u00fcn,<\/p>\n<p>en pr\u00e9sence de V\u00e9ronique Moulini\u00e9, du laboratoire Lahic du\u00a0<dfn title=\"Centre National de la Recherche Scientifique\">CNRS<\/dfn>\u00a0et d&#8217;Agathe Simon, auteur du projet et artiste en r\u00e9sidence \u00e0 l&#8217;UCP.[\/vc_column_text][vc_btn title=&#8221;En savoir plus&#8221; link=&#8221;url:https%3A%2F%2Fwww.u-cergy.fr%2Ffr%2Fvie-etudiante%2Fculture%2Fagenda-culture%2Ftrilogie-de-la-terre.html||target:%20_blank|&#8221;][vc_empty_space][vc_column_text]<strong>TRILOGIE DE LA TERRE<\/strong><br \/>\n<strong>COLLOQUE #2<\/strong><br \/>\n<strong>PORTRAITS DE\u00a0NUKU ET TIRI (OC\u00c9ANIE) ET SRISTIDHAR KOLAY (ASIE)<\/strong><\/p>\n<p><em>Maison des \u00e9tudiants\u00a0du site universitaire des Ch\u00eanes<br \/>\n31 janvier 2020<br \/>\n<\/em><\/p>\n<p>Cr\u00e9\u00e9 par Agathe Simon et produit par la compagnie de cr\u00e9ation Le Groupe, le projet Trilogie de la Terre propose de recr\u00e9er le portrait d\u2019une humanit\u00e9 disparue afin de mieux appr\u00e9hender le futur de notre plan\u00e8te. Dans un contexte de globalisation et de flux migratoires, son enjeu est de d\u00e9voiler les racines de la mondialisation, pr\u00e9sent\u00e9es \u00e0 travers cinq personnes vivant sur cinq continents.<\/p>\n<p>Il se d\u00e9roule \u00e0 CY Cergy Paris Universit\u00e9 et \u00e0 l&#8217;ENSAPC, en partenariat avec le\u00a0<dfn title=\"Centre National de la Recherche Scientifique\">CNRS<\/dfn>\u00a0et l&#8217;Universit\u00e9 Paris-Seine, durant l&#8217;ann\u00e9e universitaire 2019-2020 et donnera\u00a0lieu \u00e0 un film, une publication, une exposition et des colloques.<\/p>\n<p>Le colloque interdisciplinaire du vendredi 31 janvier est la troisi\u00e8me date du projet Trilogie de la Terre \u00e0 l&#8217;Universit\u00e9 de Cergy-Pontoise. Il est d\u00e9di\u00e9 \u00e0 Nuku et Tiki, deux anc\u00eatres d&#8217;Oc\u00e9anie, ainsi qu&#8217;\u00e0 Sristidhar Kolay, un anc\u00eatre d&#8217;Asie. Il est propos\u00e9 par des \u00e9tudiant\u00b7e\u00b7s :<br \/>\n&#8211; du laboratoire G\u00e9osciences et Environnement Cergy (<dfn title=\"Laboratoire g\u00e9osciences et environnement Cergy\">GEC<\/dfn>) de l&#8217;UCP, sous la supervision du Professeur Bertrand Maillot,<br \/>\n&#8211; de l\u2019<dfn title=\"Unit\u00e9 de formation et de recherche\">UFR<\/dfn>\u00a0Langues et \u00c9tudes Internationales de l\u2019universit\u00e9 de Cergy-Pontoise, sous la supervision de G\u00e9rald Peloux et C\u00e9cile Doustaly,<br \/>\n&#8211; de l&#8217;\u00c9cole nationale sup\u00e9rieur d&#8217;art de Paris-Cergy (ENSAPC), sous la supervision de Corinne Le N\u00e9\u00fcn,<\/p>\n<p>en pr\u00e9sence de V\u00e9ronique Moulini\u00e9, du laboratoire Lahic du\u00a0<dfn title=\"Centre National de la Recherche Scientifique\">CNRS<\/dfn>\u00a0et d&#8217;Agathe Simon, auteur du projet et artiste en r\u00e9sidence \u00e0 l&#8217;UCP.[\/vc_column_text][vc_btn title=&#8221;En savoir plus&#8221; link=&#8221;url:https%3A%2F%2Fwww.u-cergy.fr%2Ffr%2Fvie-etudiante%2Fculture%2Fagenda-culture%2Ftrilogie-de-la-terre.html||target:%20_blank|&#8221;][vc_column_text][\/vc_column_text][\/vc_column_inner][vc_column_inner][\/vc_column_inner][\/vc_row_inner][\/vc_column][vc_column width=&#8221;1\/2&#8243;][vc_row_inner][vc_column_inner][vc_column_text]<strong>CREATOR DOCTUS<\/strong><\/p>\n<p>Since 2018, ENSAPC has been a partner in the European Creator Doctus (CrD) program. On the initiative of the Gerrit Rietveld Academie and the European organization EQ-Arts\u2014and involving, in addition to ENSAPC, the Glasgow School of Art, the Athens School of Fine Arts, the Vilnius Academy of Arts, the Royal Danish Academy of Fine Arts, and the Merz Akademie\u2014CrD is exploring at the European level the question of \u201cthe doctorate through artistic practice.\u201d With funding from the Erasmus+ program and the European Union, the program is generating and gathering, over the period 2018\u20132021, knowledge and recommendations based on the expertise and experience of the partner institutions. Conferences (Athens, May 2019; Paris, November 2019; Amsterdam, 2021) and seminars (Stuttgart, February 2020; Nida, August 2020) are designed to share and exchange existing practices and methods, and to think through the creation of a European frame of reference for programs conferring the practice-based doctorate in art.[\/vc_column_text][vc_column_text]<strong>Training in Stuttgart, February 10\u201312, 2020<\/strong><\/p>\n<p>Organized by the Merz Akademie, this seminar for doctoral candidates, artists, and scholars focused on the best ways to advise candidates pursuing a practice-based doctorate. By convening participants from various institutions and research programs, it elicited a variety of perspectives on doctoral admissions, advising experiences, and doctoral assessment.[\/vc_column_text][vc_empty_space][vc_column_text]<strong>TRILOGIE DE LA TERRE<\/strong><br \/>\n<strong>COLLOQUE #3<\/strong><br \/>\n<strong>PORTRAITS DE\u00a0JESSIE SWORD (AM\u00c9RIQUE)<\/strong><\/p>\n<p><em>Maison des \u00e9tudiants\u00a0du site universitaire des Ch\u00eanes<br \/>\n28 f\u00e9vrier\u00a02020<br \/>\n<\/em><\/p>\n<p>Cr\u00e9\u00e9 par Agathe Simon et produit par la compagnie de cr\u00e9ation Le Groupe, le projet Trilogie de la Terre propose de recr\u00e9er le portrait d\u2019une humanit\u00e9 disparue afin de mieux appr\u00e9hender le futur de notre plan\u00e8te. Dans un contexte de globalisation et de flux migratoires, son enjeu est de d\u00e9voiler les racines de la mondialisation, pr\u00e9sent\u00e9es \u00e0 travers cinq personnes vivant sur cinq continents.<\/p>\n<p>Il se d\u00e9roule \u00e0 CY Cergy Paris Universit\u00e9 et \u00e0 l&#8217;ENSAPC, en partenariat avec le\u00a0<dfn title=\"Centre National de la Recherche Scientifique\">CNRS<\/dfn>\u00a0et l&#8217;Universit\u00e9 Paris-Seine, durant l&#8217;ann\u00e9e universitaire 2019-2020 et donnera\u00a0lieu \u00e0 un film, une publication, une exposition et des colloques.<\/p>\n<p>Le colloque interdisciplinaire du vendredi 28 f\u00e9vrier est la quatri\u00e8me date du projet Trilogie de la Terre \u00e0 CY. Il est d\u00e9di\u00e9 \u00e0 Jessie Sword du peuple Lakota (Am\u00e9rique du Nord), qui est n\u00e9e en 1888 et d\u00e9c\u00e9d\u00e9e en 1977. Il est propos\u00e9 par des \u00e9tudiant\u00b7e\u00b7s :<br \/>\n&#8211; du laboratoire G\u00e9osciences et Environnement Cergy (<dfn title=\"Laboratoire g\u00e9osciences et environnement Cergy\">GEC<\/dfn>) de l&#8217;UCP, sous la supervision du Professeur Bertrand Maillot,<br \/>\n&#8211; de l\u2019<dfn title=\"Unit\u00e9 de formation et de recherche\">UFR<\/dfn>\u00a0Langues et \u00c9tudes Internationales de l\u2019universit\u00e9 de Cergy-Pontoise, sous la supervision de G\u00e9rald Peloux et C\u00e9cile Doustaly,<br \/>\n&#8211; de l&#8217;\u00c9cole nationale sup\u00e9rieur d&#8217;art de Paris-Cergy (ENSAPC), sous la supervision de Corinne Le N\u00e9\u00fcn,<\/p>\n<p>en pr\u00e9sence de V\u00e9ronique Moulini\u00e9, du laboratoire Lahic du\u00a0<dfn title=\"Centre National de la Recherche Scientifique\">CNRS<\/dfn>\u00a0et d&#8217;Agathe Simon, auteur du projet et artiste en r\u00e9sidence \u00e0 l&#8217;UCP.[\/vc_column_text][vc_btn title=&#8221;En savoir plus&#8221; link=&#8221;url:https%3A%2F%2Fwww.artbytranslation.org%2Fevents%2Fsymposia%2F2019%2F201912paris||target:%20_blank|&#8221;][\/vc_column_inner][\/vc_row_inner][vc_row_inner][vc_column_inner][\/vc_column_inner][\/vc_row_inner][\/vc_column][\/vc_row][vc_row gap=&#8221;30&#8243;][vc_column width=&#8221;1\/2&#8243;][vc_row_inner][vc_column_inner][vc_column_text][\/vc_column_text][\/vc_column_inner][\/vc_row_inner][\/vc_column][vc_column width=&#8221;1\/2&#8243;][vc_row_inner][vc_column_inner][vc_column_text][\/vc_column_text][\/vc_column_inner][\/vc_row_inner][\/vc_column][\/vc_row]<\/p>\n<\/div>","protected":false},"excerpt":{"rendered":"<p>[vc_row gap=&#8221;30&#8243;][vc_column width=&#8221;1\/2&#8243;][vc_row_inner][vc_column_inner][vc_column_text]S\u00c9MINAIRE DOCTORAL DE L&#8217;ENSAPC 30 OCTOBRE 2020 Cette premi\u00e8re session du s\u00e9minaire doctoral de l\u2019ENSAPC propose d\u2019accueillir les travaux et recherches des doctorant\u00b7e\u00b7s en art de notre Graduate School, Humanit\u00e9s, Cr\u00e9ation et Patrimoine, et invite \u00e9galement deux professeures de l\u2019ENSAPC \u00e0 se joindre aux \u00e9changes. Depuis trois ans, les doctorats en art men\u00e9s&#8230;  <a class=\"excerpt-read-more\" href=\"https:\/\/www.ensapc.fr\/en\/research\/publications\/2020-2\/\" title=\"Read 2020\">Read more &raquo;<\/a><\/p>\n","protected":false},"author":1,"featured_media":0,"parent":1797,"menu_order":252,"comment_status":"closed","ping_status":"closed","template":"","meta":{"footnotes":""},"class_list":["post-9148","page","type-page","status-publish","hentry"],"_links":{"self":[{"href":"https:\/\/www.ensapc.fr\/en\/wp-json\/wp\/v2\/pages\/9148","targetHints":{"allow":["GET"]}}],"collection":[{"href":"https:\/\/www.ensapc.fr\/en\/wp-json\/wp\/v2\/pages"}],"about":[{"href":"https:\/\/www.ensapc.fr\/en\/wp-json\/wp\/v2\/types\/page"}],"author":[{"embeddable":true,"href":"https:\/\/www.ensapc.fr\/en\/wp-json\/wp\/v2\/users\/1"}],"replies":[{"embeddable":true,"href":"https:\/\/www.ensapc.fr\/en\/wp-json\/wp\/v2\/comments?post=9148"}],"version-history":[{"count":3,"href":"https:\/\/www.ensapc.fr\/en\/wp-json\/wp\/v2\/pages\/9148\/revisions"}],"predecessor-version":[{"id":10561,"href":"https:\/\/www.ensapc.fr\/en\/wp-json\/wp\/v2\/pages\/9148\/revisions\/10561"}],"up":[{"embeddable":true,"href":"https:\/\/www.ensapc.fr\/en\/wp-json\/wp\/v2\/pages\/1797"}],"wp:attachment":[{"href":"https:\/\/www.ensapc.fr\/en\/wp-json\/wp\/v2\/media?parent=9148"}],"curies":[{"name":"wp","href":"https:\/\/api.w.org\/{rel}","templated":true}]}}