{"id":9842,"date":"2022-04-07T10:04:05","date_gmt":"2022-04-07T08:04:05","guid":{"rendered":"https:\/\/www.ensapc.fr\/research\/master-2-patrimoine-et-creation-par-le-projet\/"},"modified":"2022-11-16T15:32:23","modified_gmt":"2022-11-16T14:32:23","slug":"master-2-patrimoine-et-creation-par-le-projet","status":"publish","type":"page","link":"https:\/\/www.ensapc.fr\/en\/research\/master-2-patrimoine-et-creation-par-le-projet\/","title":{"rendered":"Practice-led master&#8217;s degree in Heritage and Creation"},"content":{"rendered":"<div class=\"wpb-content-wrapper\"><p>[vc_row][vc_column][vc_column_text]<strong>PRESENTATION<\/strong><\/p>\n<p class=\"p1\">The practice-led master\u2019s degree in Heritage and Creation (specializing in Humanities and creative industries) is a one-year course (with no associated previous first year of a master\u2019s degree &#8211; Master 1). By bringing together practitioners from specific fields (architects, artists or landscapers, but also specialists in literary creation, heritage professions and conservation restoration), this master\u2019s degree aims to be an interface between the academic world and the professional world.<\/p>\n<p class=\"p1\">The first objective of this master\u2019s degree is to implement a practice-led research, enabling practitioners to take up research again while still carrying out their professional practice. The master\u2019s thesis will thus combine a written report and a project, blending the professional, academic and scientific practices of the students.<\/p>\n<p class=\"p1\">The other objectives are:<\/p>\n<p class=\"p1\">&#8211; to obtain a practice-led master\u2019s degree in the fields of architecture, arts and landscape;<\/p>\n<p class=\"p1\">&#8211; to become acquainted with research or to resume scientific research for candidates who would be returning to studying;<\/p>\n<p class=\"p1\">&#8211; to become acquainted with the requirements of research, to contribute to research projects in the students\u2019 professional life;<\/p>\n<p class=\"p1\">&#8211; to initiate a research work to consider pursuing a doctoral course;<\/p>\n<p class=\"p1\">&#8211; to benefit from the methodological contribution of practice-led research.<\/p>\n<p>[\/vc_column_text][\/vc_column][\/vc_row][vc_row][vc_column][vc_empty_space height=&#8221;40px&#8221;][\/vc_column][\/vc_row][vc_row][vc_column][vc_column_text]<strong>ORGANIZATION AND SPECIALTIES\u00a0\u00a0<\/strong><\/p>\n<p class=\"p1\">Organized in two blocks, it consists of:<\/p>\n<p class=\"p1\">&#8211; a common core of <span class=\"s1\">transdisciplinary classes <\/span>about the principles of practice-led research, as well as heritage and creation, and a workshop practice in the chosen specialty;<\/p>\n<p class=\"p1\">&#8211; specific courses for each specialty;<\/p>\n<p class=\"p1\">&#8211; classes in the <span class=\"s1\">other specialties <\/span>offered by our programme, provided in the partner schools and institute.<\/p>\n<p>[\/vc_column_text][\/vc_column][\/vc_row][vc_row][vc_column][vc_empty_space height=&#8221;40px&#8221;][\/vc_column][\/vc_row][vc_row][vc_column width=&#8221;1\/2&#8243;][vc_column_text]<\/p>\n<p style=\"text-align: center;\"><strong>Architecture\u00a0<\/strong><\/p>\n<p class=\"p1\" style=\"text-align: center;\">\u00c9cole nationale sup\u00e9rieure d\u2019architecture de Versailles<\/p>\n<p class=\"p1\" style=\"text-align: center;\">Head of the specialty: Gabriele Pierluisi et Frank Rambert<\/p>\n<p>[\/vc_column_text][vc_single_image image=&#8221;441&#8243; alignment=&#8221;center&#8221; onclick=&#8221;custom_link&#8221; link=&#8221;https:\/\/www.ensapc.fr\/wp-content\/uploads\/2022\/04\/Parcours-M2-Architecture-FR-EN.pdf&#8221;][\/vc_column][vc_column width=&#8221;1\/2&#8243;][vc_column_text]<\/p>\n<p style=\"text-align: center;\"><strong>Arts<\/strong><\/p>\n<p class=\"p1\" style=\"text-align: center;\">\u00c9cole nationale sup\u00e9rieure d\u2019arts de Paris Cergy<\/p>\n<p class=\"p1\" style=\"text-align: center;\">Head of the specialty: Martina Olivero<\/p>\n<p>[\/vc_column_text][vc_single_image image=&#8221;441&#8243; alignment=&#8221;center&#8221; onclick=&#8221;custom_link&#8221; img_link_target=&#8221;_blank&#8221; link=&#8221;https:\/\/www.ensapc.fr\/wp-content\/uploads\/2022\/04\/Parcours-M2-Arts-FR-EN.pdf&#8221;][\/vc_column][\/vc_row][vc_row][vc_column][vc_empty_space][\/vc_column][\/vc_row][vc_row][vc_column width=&#8221;1\/2&#8243;][vc_column_text]<\/p>\n<p class=\"p1\" style=\"text-align: center;\"><span class=\"s1\"><strong>Heritage studies<\/strong> <\/span><\/p>\n<p class=\"p1\" style=\"text-align: center;\">Institut national du patrimoine<\/p>\n<p class=\"p1\" style=\"text-align: center;\">Only accessible to INP international students.<\/p>\n<p class=\"p1\" style=\"text-align: center;\">Head of the specialty: Christian Hottin<\/p>\n<p>[\/vc_column_text][vc_single_image image=&#8221;441&#8243; alignment=&#8221;center&#8221; onclick=&#8221;custom_link&#8221; img_link_target=&#8221;_blank&#8221; link=&#8221;https:\/\/www.ensapc.fr\/wp-content\/uploads\/2022\/04\/Parcours-M2-Patrimoine-FR-EN.pdf&#8221;][\/vc_column][vc_column width=&#8221;1\/2&#8243;][vc_column_text]<\/p>\n<p class=\"p1\" style=\"text-align: center;\"><strong><span class=\"s1\">Literary creation <\/span><\/strong><\/p>\n<p class=\"p1\" style=\"text-align: center;\">CY Cergy Paris Universit\u00e9, only in French<\/p>\n<p class=\"p2\" style=\"text-align: center;\"><span class=\"s2\">This course is based on the <\/span>Master\u2019s degree M\u00e9tier de l\u2019\u00e9criture et de la cr\u00e9ation litt\u00e9raire<\/p>\n<p class=\"p1\" style=\"text-align: center;\">Head of the specialty: Jean-Fran\u00e7ois Puff<\/p>\n<p>[\/vc_column_text][vc_single_image image=&#8221;441&#8243; alignment=&#8221;center&#8221; onclick=&#8221;custom_link&#8221; img_link_target=&#8221;_blank&#8221; link=&#8221;https:\/\/www.ensapc.fr\/wp-content\/uploads\/2022\/04\/Parcours-M2-Cre\u0301ation-litte\u0301raire-FR-EN.pdf&#8221;][\/vc_column][\/vc_row][vc_row][vc_column][vc_empty_space][\/vc_column][\/vc_row][vc_row][vc_column width=&#8221;1\/2&#8243;][vc_column_text]<\/p>\n<p class=\"p1\" style=\"text-align: center;\"><strong><span class=\"s1\">Landscape<\/span><\/strong><\/p>\n<p class=\"p1\" style=\"text-align: center;\">\u00c9cole nationale sup\u00e9rieure de paysage<\/p>\n<p class=\"p1\" style=\"text-align: center;\">Head of the specialty: Patrick Moquay<\/p>\n<p>[\/vc_column_text][vc_single_image image=&#8221;441&#8243; alignment=&#8221;center&#8221; onclick=&#8221;custom_link&#8221; link=&#8221;https:\/\/www.ensapc.fr\/wp-content\/uploads\/2022\/04\/Parcours-M2-Paysage-FR-EN.pdf&#8221;][\/vc_column][vc_column width=&#8221;1\/2&#8243;][\/vc_column][\/vc_row][vc_row][vc_column][vc_empty_space height=&#8221;40px&#8221;][\/vc_column][\/vc_row][vc_row][vc_column][vc_column_text]<strong>HOW TO APPLY<\/strong><\/p>\n<p class=\"p1\">A second session was opened : applications must be entered on e-candidat until <strong>August 15, 2022<\/strong>. In case of difficulty, please contact: <a href=\"mailto:eur.masterparleprojet@cyu.fr\" target=\"_blank\" rel=\"noopener\">eur.masterparleprojet@cyu.fr<\/a><\/p>\n<p>[\/vc_column_text][\/vc_column][\/vc_row][vc_row][vc_column][vc_empty_space height=&#8221;30px&#8221;][\/vc_column][\/vc_row][vc_row][vc_column][vc_column_text]<strong>SCHEDULE:<\/strong><\/p>\n<p><strong>From June 15 to August 15, 2022:<\/strong> electronic submission of applications<\/p>\n<p><strong>September 09, 2022:<\/strong> communication of admission results after jury decisions<\/p>\n<p><strong>September 16, 2022:<\/strong> deadline for the candidate to confirm his or her registration for the application that has received a favorable decision[\/vc_column_text][\/vc_column][\/vc_row][vc_row][vc_column width=&#8221;1\/3&#8243;][\/vc_column][vc_column width=&#8221;1\/3&#8243;][\/vc_column][\/vc_row]<\/p>\n<\/div>","protected":false},"excerpt":{"rendered":"<p>[vc_row][vc_column][vc_column_text]PRESENTATION The practice-led master\u2019s degree in Heritage and Creation (specializing in Humanities and creative industries) is a one-year course (with no associated previous first year of a master\u2019s degree &#8211; Master 1). By bringing together practitioners from specific fields (architects, artists or landscapers, but also specialists in literary creation, heritage professions and conservation restoration), this&#8230;  <a class=\"excerpt-read-more\" href=\"https:\/\/www.ensapc.fr\/en\/research\/master-2-patrimoine-et-creation-par-le-projet\/\" title=\"Read Practice-led master&#8217;s degree in Heritage and Creation\">Read more &raquo;<\/a><\/p>\n","protected":false},"author":1,"featured_media":0,"parent":1591,"menu_order":235,"comment_status":"closed","ping_status":"closed","template":"","meta":{"footnotes":""},"class_list":["post-9842","page","type-page","status-publish","hentry"],"_links":{"self":[{"href":"https:\/\/www.ensapc.fr\/en\/wp-json\/wp\/v2\/pages\/9842","targetHints":{"allow":["GET"]}}],"collection":[{"href":"https:\/\/www.ensapc.fr\/en\/wp-json\/wp\/v2\/pages"}],"about":[{"href":"https:\/\/www.ensapc.fr\/en\/wp-json\/wp\/v2\/types\/page"}],"author":[{"embeddable":true,"href":"https:\/\/www.ensapc.fr\/en\/wp-json\/wp\/v2\/users\/1"}],"replies":[{"embeddable":true,"href":"https:\/\/www.ensapc.fr\/en\/wp-json\/wp\/v2\/comments?post=9842"}],"version-history":[{"count":4,"href":"https:\/\/www.ensapc.fr\/en\/wp-json\/wp\/v2\/pages\/9842\/revisions"}],"predecessor-version":[{"id":10613,"href":"https:\/\/www.ensapc.fr\/en\/wp-json\/wp\/v2\/pages\/9842\/revisions\/10613"}],"up":[{"embeddable":true,"href":"https:\/\/www.ensapc.fr\/en\/wp-json\/wp\/v2\/pages\/1591"}],"wp:attachment":[{"href":"https:\/\/www.ensapc.fr\/en\/wp-json\/wp\/v2\/media?parent=9842"}],"curies":[{"name":"wp","href":"https:\/\/api.w.org\/{rel}","templated":true}]}}