{"id":10193,"date":"2022-09-01T12:10:10","date_gmt":"2022-09-01T10:10:10","guid":{"rendered":"https:\/\/www.ensapc.fr\/?page_id=10193"},"modified":"2022-09-01T12:10:10","modified_gmt":"2022-09-01T10:10:10","slug":"masters-and-servants","status":"publish","type":"page","link":"https:\/\/www.ensapc.fr\/fr\/ygrec\/archives\/2022-2\/masters-and-servants\/","title":{"rendered":"Masters and Servants"},"content":{"rendered":"<div class=\"wpb-content-wrapper\"><p>[vc_row][vc_column][vc_single_image image=\u00a0\u00bb9934&Prime; img_size=\u00a0\u00bblarge\u00a0\u00bb add_caption=\u00a0\u00bbyes\u00a0\u00bb alignment=\u00a0\u00bbcenter\u00a0\u00bb][\/vc_column][\/vc_row][vc_row][vc_column][vc_column_text]<\/p>\n<div>\n<p><b><i><span style=\"font-size: large;\">Masters and Servants<\/span><\/i><\/b><\/p>\n<p><strong>Rebecca Ackroyd et Julie Villard &amp; Simon Brossard<\/strong><\/p>\n<p><strong>Exposition du 18 juin au 30 juillet 2022<\/strong><\/p>\n<\/div>\n<div><\/div>\n<div><\/div>\n<p>[\/vc_column_text][vc_column_text]<em>Masters and Servants<\/em>\u00a0r\u00e9unit les travaux de l\u2019artiste anglaise Rebecca Ackroyd et du duo fran\u00e7ais Villard &amp; Brossard. Son titre joue sur un double emprunt fait \u00e0 la chanson du groupe Depeche Mode (<em>Master and Servant<\/em>, 1984) et aux Masters and Servants Acts (ensemble de lois venant r\u00e9guler les relations industrielles en droit du travail anglais au XIXe\u00a0si\u00e8cle). Con\u00e7ue comme un organisme \u00ab p\u00e9n\u00e9trant \u00bb l\u2019espace d\u2019Ygrec (vitrines, espace central et bureau), l\u2019exposition met en sc\u00e8ne la rencontre litt\u00e9rale \u2013 association ou confrontation \u2013 entre la dimension industrielle et post-apocalyptique des productions de Villard &amp; Brossard et l\u2019inqui\u00e9tante \u00e9tranget\u00e9 des sculptures et peintures de Rebecca Ackroyd.[\/vc_column_text][\/vc_column][\/vc_row][vc_row][vc_column][vc_images_carousel images=\u00a0\u00bb10156,10160,10154,10152,10150,10148,10146,10144,10142,10140,10136,10134,10130,10126,10124,10122,10116,10114,10110,10104,10102,10098&Prime; img_size=\u00a0\u00bbfull\u00a0\u00bb autoplay=\u00a0\u00bbyes\u00a0\u00bb hide_pagination_control=\u00a0\u00bbyes\u00a0\u00bb wrap=\u00a0\u00bbyes\u00a0\u00bb][\/vc_column][\/vc_row]<\/p>\n<\/div>","protected":false},"excerpt":{"rendered":"<p>[vc_row][vc_column][vc_single_image image=\u00a0\u00bb9934&Prime; img_size=\u00a0\u00bblarge\u00a0\u00bb add_caption=\u00a0\u00bbyes\u00a0\u00bb alignment=\u00a0\u00bbcenter\u00a0\u00bb][\/vc_column][\/vc_row][vc_row][vc_column][vc_column_text] Masters and Servants Rebecca Ackroyd et Julie Villard &amp; Simon Brossard Exposition du 18 juin au 30 juillet 2022 [\/vc_column_text][vc_column_text]Masters and Servants\u00a0r\u00e9unit les travaux de l\u2019artiste anglaise Rebecca Ackroyd et du duo fran\u00e7ais Villard &amp; Brossard. Son titre joue sur un double emprunt fait \u00e0 la chanson du groupe Depeche&#8230;  <a class=\"excerpt-read-more\" href=\"https:\/\/www.ensapc.fr\/fr\/ygrec\/archives\/2022-2\/masters-and-servants\/\" title=\"Read Masters and Servants\">Lire la suite &raquo;<\/a><\/p>\n","protected":false},"author":1,"featured_media":0,"parent":9665,"menu_order":363,"comment_status":"closed","ping_status":"closed","template":"","meta":{"footnotes":""},"class_list":["post-10193","page","type-page","status-publish","hentry"],"_links":{"self":[{"href":"https:\/\/www.ensapc.fr\/fr\/wp-json\/wp\/v2\/pages\/10193","targetHints":{"allow":["GET"]}}],"collection":[{"href":"https:\/\/www.ensapc.fr\/fr\/wp-json\/wp\/v2\/pages"}],"about":[{"href":"https:\/\/www.ensapc.fr\/fr\/wp-json\/wp\/v2\/types\/page"}],"author":[{"embeddable":true,"href":"https:\/\/www.ensapc.fr\/fr\/wp-json\/wp\/v2\/users\/1"}],"replies":[{"embeddable":true,"href":"https:\/\/www.ensapc.fr\/fr\/wp-json\/wp\/v2\/comments?post=10193"}],"version-history":[{"count":1,"href":"https:\/\/www.ensapc.fr\/fr\/wp-json\/wp\/v2\/pages\/10193\/revisions"}],"predecessor-version":[{"id":10195,"href":"https:\/\/www.ensapc.fr\/fr\/wp-json\/wp\/v2\/pages\/10193\/revisions\/10195"}],"up":[{"embeddable":true,"href":"https:\/\/www.ensapc.fr\/fr\/wp-json\/wp\/v2\/pages\/9665"}],"wp:attachment":[{"href":"https:\/\/www.ensapc.fr\/fr\/wp-json\/wp\/v2\/media?parent=10193"}],"curies":[{"name":"wp","href":"https:\/\/api.w.org\/{rel}","templated":true}]}}