{"id":10221,"date":"2022-09-06T10:05:25","date_gmt":"2022-09-06T08:05:25","guid":{"rendered":"https:\/\/www.ensapc.fr\/?page_id=10221"},"modified":"2025-10-02T12:10:59","modified_gmt":"2025-10-02T10:10:59","slug":"francois-aubart","status":"publish","type":"page","link":"https:\/\/www.ensapc.fr\/fr\/francois-aubart\/","title":{"rendered":"FRAN\u00c7OIS AUBART"},"content":{"rendered":"<div class=\"wpb-content-wrapper\"><p>[vc_row][vc_column][vc_column_text]<\/p>\n<p class=\"p1\">Fran\u00e7ois Aubart est docteur en esth\u00e9tique, critique d\u2019art, commissaire d\u2019exposition ind\u00e9pendant et \u00e9diteur. Il a organis\u00e9 de nombreuses expositions dont la plus r\u00e9cente est une double pr\u00e9sentation du travail de Judith Hopf, <em>\u00c9nergies<\/em>, r\u00e9alis\u00e9e en co-commissariat avec Xavier Franceschi et \u00c9milie Renard au Plateau-FRAC Ile-de France et \u00e0 B\u00e9tonsalon. En 2019, il a soutenu une th\u00e8se sur la Pictures Generation, un courant artistique \u00e9tats-unien apparu \u00e0 la fin des ann\u00e9es 1970 compos\u00e9 d\u2019artistes manipulant des images de publicit\u00e9 et du cin\u00e9ma. Il pr\u00e9pare un livre sur le m\u00eame sujet, intitul\u00e9 <em>L\u2019attitude de la Pictures Generation<\/em> \u00e0 para\u00eetre aux Presses du r\u00e9el. Avec Fran\u00e7ois Piron, il a publi\u00e9 un livre d\u2019entretien avec Sylv\u00e8re Lotringer \u00e0 propos de son travail \u00e9ditorial (<em>Ce que Sylv\u00e8re Lotringer n\u2019\u00e9crivait pas<\/em>, Paris, Paraguay Press). Avec Camille Pageard, il est co-fondateur de la maison d\u2019\u00e9dition <a href=\"https:\/\/www.memepaslhiver.com\/\">M\u00eame pas l\u2019hiver<\/a> qui publie des livres sur l\u2019art et la po\u00e9sie.<\/p>\n<p>[\/vc_column_text][vc_btn title=\u00a0\u00bbContact\u00a0\u00bb css=\u00a0\u00bb\u00a0\u00bb link=\u00a0\u00bburl:http%3A%2F%2Ffrancois.aubart%40ensapc.fr\u00a0\u00bb][vc_btn title=\u00a0\u00bbEn savoir plus\u00a0\u00bb css=\u00a0\u00bb\u00a0\u00bb link=\u00a0\u00bburl:https%3A%2F%2Fwww.lespressesdureel.com%2Fauteur.php%3Fid%3D4670%26menu%3D0&Prime;][vc_empty_space height=\u00a0\u00bb52px\u00a0\u00bb][\/vc_column][\/vc_row]<\/p>\n<\/div>","protected":false},"excerpt":{"rendered":"<p>[vc_row][vc_column][vc_column_text] Fran\u00e7ois Aubart est docteur en esth\u00e9tique, critique d\u2019art, commissaire d\u2019exposition ind\u00e9pendant et \u00e9diteur. Il a organis\u00e9 de nombreuses expositions dont la plus r\u00e9cente est une double pr\u00e9sentation du travail de Judith Hopf, \u00c9nergies, r\u00e9alis\u00e9e en co-commissariat avec Xavier Franceschi et \u00c9milie Renard au Plateau-FRAC Ile-de France et \u00e0 B\u00e9tonsalon. En 2019, il a soutenu&#8230;  <a class=\"excerpt-read-more\" href=\"https:\/\/www.ensapc.fr\/fr\/francois-aubart\/\" title=\"Read FRAN\u00c7OIS AUBART\">Lire la suite &raquo;<\/a><\/p>\n","protected":false},"author":1,"featured_media":0,"parent":0,"menu_order":72,"comment_status":"closed","ping_status":"closed","template":"","meta":{"footnotes":""},"class_list":["post-10221","page","type-page","status-publish","hentry"],"_links":{"self":[{"href":"https:\/\/www.ensapc.fr\/fr\/wp-json\/wp\/v2\/pages\/10221","targetHints":{"allow":["GET"]}}],"collection":[{"href":"https:\/\/www.ensapc.fr\/fr\/wp-json\/wp\/v2\/pages"}],"about":[{"href":"https:\/\/www.ensapc.fr\/fr\/wp-json\/wp\/v2\/types\/page"}],"author":[{"embeddable":true,"href":"https:\/\/www.ensapc.fr\/fr\/wp-json\/wp\/v2\/users\/1"}],"replies":[{"embeddable":true,"href":"https:\/\/www.ensapc.fr\/fr\/wp-json\/wp\/v2\/comments?post=10221"}],"version-history":[{"count":2,"href":"https:\/\/www.ensapc.fr\/fr\/wp-json\/wp\/v2\/pages\/10221\/revisions"}],"predecessor-version":[{"id":14220,"href":"https:\/\/www.ensapc.fr\/fr\/wp-json\/wp\/v2\/pages\/10221\/revisions\/14220"}],"wp:attachment":[{"href":"https:\/\/www.ensapc.fr\/fr\/wp-json\/wp\/v2\/media?parent=10221"}],"curies":[{"name":"wp","href":"https:\/\/api.w.org\/{rel}","templated":true}]}}