{"id":10223,"date":"2022-09-06T10:11:02","date_gmt":"2022-09-06T08:11:02","guid":{"rendered":"https:\/\/www.ensapc.fr\/?page_id=10223"},"modified":"2025-10-02T12:58:48","modified_gmt":"2025-10-02T10:58:48","slug":"david-douard","status":"publish","type":"page","link":"https:\/\/www.ensapc.fr\/fr\/david-douard\/","title":{"rendered":"DAVID DOUARD"},"content":{"rendered":"<div class=\"wpb-content-wrapper\"><p>[vc_row][vc_column][vc_column_text]<\/p>\n<p class=\"p1\">N\u00e9 en 1983 \u00e0 Perpignan (France) , David Douard vit et travaille \u00e0 Aubervilliers. Le langage est la source de son travail. Les textes et les po\u00e8mes qu\u2019il collecte sur Internet sont manipul\u00e9s, transform\u00e9s et deviennent ainsi un flux\/fluide vital qui alimente ses sculptures. Le langage agit dans le travail de David Douard comme un mat\u00e9riau en tant que tel. Par ce biais, il red\u00e9finit un nouvel espace social, hybride, en pleine mutation. En y injectant les po\u00e8mes d\u2019anonymes toujours empreints d\u2019une forme de chaos, d\u00e9viance, maladie ou frustration, il recr\u00e9e un environnement contamin\u00e9 parall\u00e8le au monde r\u00e9el, augment\u00e9 par le fantasme des nouvelles technologies num\u00e9riques.<\/p>\n<p class=\"p1\">Dipl\u00f4m\u00e9 de l\u2019\u00c9cole nationale des beaux-arts de Paris en 2011, son travail a \u00e9t\u00e9 pr\u00e9sent\u00e9 dans le cadre d\u2019expositions personnelles et collectives par des institutions internationales telles que la Fondation Serralves, Porto (2022) ; FRAC \u00cele-de-France, Paris (2020) ; Irish Museum of Modern Art, Dublin (2019) ; KURA. c\/o Fonderia Artistica Battaglia, Milan (2018) ; Palais de Tokyo, Paris (2014 et 2018) ; Mus\u00e9e d\u2019Art Moderne, Paris (2015 et 2017) ; Kunstverein Braunschweig (2016) ; Fridericianum, Kassel (2015) ; Sculpture Center, New York (2014) ; Astrup Fearnley Museet, Oslo (2014) ; Fondation Pernod Ricard, Paris (2012). David Douard a particip\u00e9 \u00e0 plusieurs biennales parmi lesquelles, la Biennale de Lyon (2013), la Biennale de Taipei (2014), la Biennale de Gwangju (2018). David Douard a \u00e9t\u00e9 r\u00e9sident de l\u2019Acad\u00e9mie de France \u00e0 Rome, Villa M\u00e9dicis en 2017-2018. Il re\u00e7oit en 2017 le prix Fondazione Ettore Fico dans le cadre de la foire Artissima, \u00e0 Turin. Ses oeuvres ont rejoint les collections du Mus\u00e9e d\u2019Art Moderne, Paris ; Fonds national d\u2019art contemporain ; FRAC \u00cele-de-France, Paris ; FRAC Limousin, Limoges.<\/p>\n<p>[\/vc_column_text][\/vc_column][\/vc_row][vc_row][vc_column][vc_btn title=\u00a0\u00bbContact\u00a0\u00bb css=\u00a0\u00bb\u00a0\u00bb link=\u00a0\u00bburl:mailto%3Adavid.douart%40ensapc.fr\u00a0\u00bb][vc_btn title=\u00a0\u00bbEn savoir plus\u00a0\u00bb link=\u00a0\u00bburl:https%3A%2F%2Fwww.crousel.com%2Fartiste%2Fdavid-douard%2F|target:_blank\u00a0\u00bb][\/vc_column][\/vc_row][vc_row][vc_column][vc_empty_space][\/vc_column][\/vc_row]<\/p>\n<\/div>","protected":false},"excerpt":{"rendered":"<p>[vc_row][vc_column][vc_column_text] N\u00e9 en 1983 \u00e0 Perpignan (France) , David Douard vit et travaille \u00e0 Aubervilliers. Le langage est la source de son travail. Les textes et les po\u00e8mes qu\u2019il collecte sur Internet sont manipul\u00e9s, transform\u00e9s et deviennent ainsi un flux\/fluide vital qui alimente ses sculptures. Le langage agit dans le travail de David Douard comme&#8230;  <a class=\"excerpt-read-more\" href=\"https:\/\/www.ensapc.fr\/fr\/david-douard\/\" title=\"Read DAVID DOUARD\">Lire la suite &raquo;<\/a><\/p>\n","protected":false},"author":1,"featured_media":0,"parent":0,"menu_order":71,"comment_status":"closed","ping_status":"closed","template":"","meta":{"footnotes":""},"class_list":["post-10223","page","type-page","status-publish","hentry"],"_links":{"self":[{"href":"https:\/\/www.ensapc.fr\/fr\/wp-json\/wp\/v2\/pages\/10223","targetHints":{"allow":["GET"]}}],"collection":[{"href":"https:\/\/www.ensapc.fr\/fr\/wp-json\/wp\/v2\/pages"}],"about":[{"href":"https:\/\/www.ensapc.fr\/fr\/wp-json\/wp\/v2\/types\/page"}],"author":[{"embeddable":true,"href":"https:\/\/www.ensapc.fr\/fr\/wp-json\/wp\/v2\/users\/1"}],"replies":[{"embeddable":true,"href":"https:\/\/www.ensapc.fr\/fr\/wp-json\/wp\/v2\/comments?post=10223"}],"version-history":[{"count":2,"href":"https:\/\/www.ensapc.fr\/fr\/wp-json\/wp\/v2\/pages\/10223\/revisions"}],"predecessor-version":[{"id":14232,"href":"https:\/\/www.ensapc.fr\/fr\/wp-json\/wp\/v2\/pages\/10223\/revisions\/14232"}],"wp:attachment":[{"href":"https:\/\/www.ensapc.fr\/fr\/wp-json\/wp\/v2\/media?parent=10223"}],"curies":[{"name":"wp","href":"https:\/\/api.w.org\/{rel}","templated":true}]}}