{"id":10579,"date":"2022-11-03T11:15:07","date_gmt":"2022-11-03T10:15:07","guid":{"rendered":"https:\/\/www.ensapc.fr\/?page_id=10579"},"modified":"2022-11-03T11:15:07","modified_gmt":"2022-11-03T10:15:07","slug":"imburaninha","status":"publish","type":"page","link":"https:\/\/www.ensapc.fr\/fr\/ygrec\/archives\/2022-2\/imburaninha\/","title":{"rendered":"IMBURANINHA"},"content":{"rendered":"<div class=\"wpb-content-wrapper\"><p>[vc_row][vc_column][vc_column_text]<div class=\"carousel-slider-outer carousel-slider-outer-image-carousel carousel-slider-outer-10503\" style=\"--carousel-slider-nav-color:#f1f1f1;--carousel-slider-active-nav-color:#00d1b2;--carousel-slider-arrow-size:48px;--carousel-slider-bullet-size:10px\">\n<div id=\"&#039;id-10503\" class=\"carousel-slider carousel-slider-10503 arrows-visibility-hover dots-visibility-never arrows-outside dots-center dots-circle owl-carousel\" data-slide-type=\"image-carousel\" data-owl-settings='{\"nav\":true,\"dots\":false,\"slideBy\":1,\"stagePadding\":50,\"margin\":10,\"loop\":true,\"lazyLoad\":false,\"autoplay\":true,\"autoplayTimeout\":5000,\"autoplaySpeed\":500,\"autoplayHoverPause\":true,\"autoWidth\":false,\"responsive\":{\"300\":{\"items\":1},\"576\":{\"items\":1},\"768\":{\"items\":1},\"1024\":{\"items\":1},\"1280\":{\"items\":1},\"1536\":{\"items\":1}}}'>\n<div class=\"carousel-slider__item\">\n\t<img decoding=\"async\" width=\"2560\" height=\"1758\" src=\"https:\/\/www.ensapc.fr\/wp-content\/uploads\/2022\/10\/494A4253-scaled.jpg\" class=\"attachment-full size-full\" alt=\"Edson Barrus Atikum et yann beauvais, &quot;Imburaninha&quot;, vue de l\u2019exposition, Ygrec-ENSAPC. \u00a9Objets Pointus\" srcset=\"https:\/\/www.ensapc.fr\/wp-content\/uploads\/2022\/10\/494A4253-scaled.jpg 2560w, https:\/\/www.ensapc.fr\/wp-content\/uploads\/2022\/10\/494A4253-300x206.jpg 300w, https:\/\/www.ensapc.fr\/wp-content\/uploads\/2022\/10\/494A4253-1024x703.jpg 1024w, https:\/\/www.ensapc.fr\/wp-content\/uploads\/2022\/10\/494A4253-768x527.jpg 768w, https:\/\/www.ensapc.fr\/wp-content\/uploads\/2022\/10\/494A4253-1536x1055.jpg 1536w, https:\/\/www.ensapc.fr\/wp-content\/uploads\/2022\/10\/494A4253-2048x1406.jpg 2048w\" sizes=\"(max-width: 2560px) 100vw, 2560px\" \/><div class=\"carousel-slider__caption\"><p class=\"caption\">Edson Barrus Atikum et yann beauvais, &quot;Imburaninha&quot;, vue de l\u2019exposition, Ygrec-ENSAPC. \u00a9Objets Pointus<\/p><\/div><\/a><\/div>\n\n<div class=\"carousel-slider__item\">\n\t<img decoding=\"async\" width=\"2560\" height=\"1878\" src=\"https:\/\/www.ensapc.fr\/wp-content\/uploads\/2022\/10\/494A4270-scaled.jpg\" class=\"attachment-full size-full\" alt=\"Edson Barrus Atikum et yann beauvais, &quot;Imburaninha&quot;, vue de l\u2019exposition, Ygrec-ENSAPC. \u00a9Objets Pointus\" srcset=\"https:\/\/www.ensapc.fr\/wp-content\/uploads\/2022\/10\/494A4270-scaled.jpg 2560w, https:\/\/www.ensapc.fr\/wp-content\/uploads\/2022\/10\/494A4270-300x220.jpg 300w, https:\/\/www.ensapc.fr\/wp-content\/uploads\/2022\/10\/494A4270-1024x751.jpg 1024w, https:\/\/www.ensapc.fr\/wp-content\/uploads\/2022\/10\/494A4270-768x564.jpg 768w, https:\/\/www.ensapc.fr\/wp-content\/uploads\/2022\/10\/494A4270-1536x1127.jpg 1536w, https:\/\/www.ensapc.fr\/wp-content\/uploads\/2022\/10\/494A4270-2048x1503.jpg 2048w\" sizes=\"(max-width: 2560px) 100vw, 2560px\" \/><div class=\"carousel-slider__caption\"><p class=\"caption\">Edson Barrus Atikum et yann beauvais, &quot;Imburaninha&quot;, vue de l\u2019exposition, Ygrec-ENSAPC. \u00a9Objets Pointus<\/p><\/div><\/a><\/div>\n\n<div class=\"carousel-slider__item\">\n\t<img decoding=\"async\" width=\"2560\" height=\"1856\" src=\"https:\/\/www.ensapc.fr\/wp-content\/uploads\/2022\/10\/494A4251-scaled.jpg\" class=\"attachment-full size-full\" alt=\"Edson Barrus Atikum et yann beauvais, &quot;Imburaninha&quot;, vue de l\u2019exposition, Ygrec-ENSAPC. \u00a9Objets Pointus\" srcset=\"https:\/\/www.ensapc.fr\/wp-content\/uploads\/2022\/10\/494A4251-scaled.jpg 2560w, https:\/\/www.ensapc.fr\/wp-content\/uploads\/2022\/10\/494A4251-300x218.jpg 300w, https:\/\/www.ensapc.fr\/wp-content\/uploads\/2022\/10\/494A4251-1024x743.jpg 1024w, https:\/\/www.ensapc.fr\/wp-content\/uploads\/2022\/10\/494A4251-768x557.jpg 768w, https:\/\/www.ensapc.fr\/wp-content\/uploads\/2022\/10\/494A4251-1536x1114.jpg 1536w, https:\/\/www.ensapc.fr\/wp-content\/uploads\/2022\/10\/494A4251-2048x1485.jpg 2048w\" sizes=\"(max-width: 2560px) 100vw, 2560px\" \/><div class=\"carousel-slider__caption\"><p class=\"caption\">Edson Barrus Atikum et yann beauvais, &quot;Imburaninha&quot;, vue de l\u2019exposition, Ygrec-ENSAPC. \u00a9Objets Pointus<\/p><\/div><\/a><\/div>\n\n<div class=\"carousel-slider__item\">\n\t<img decoding=\"async\" width=\"2560\" height=\"2081\" src=\"https:\/\/www.ensapc.fr\/wp-content\/uploads\/2022\/10\/494A4272-scaled.jpg\" class=\"attachment-full size-full\" alt=\"Edson Barrus Atikum et yann beauvais, &quot;Imburaninha&quot;, vue de l\u2019exposition, Ygrec-ENSAPC. \u00a9Objets Pointus\" srcset=\"https:\/\/www.ensapc.fr\/wp-content\/uploads\/2022\/10\/494A4272-scaled.jpg 2560w, https:\/\/www.ensapc.fr\/wp-content\/uploads\/2022\/10\/494A4272-300x244.jpg 300w, https:\/\/www.ensapc.fr\/wp-content\/uploads\/2022\/10\/494A4272-1024x832.jpg 1024w, https:\/\/www.ensapc.fr\/wp-content\/uploads\/2022\/10\/494A4272-768x624.jpg 768w, https:\/\/www.ensapc.fr\/wp-content\/uploads\/2022\/10\/494A4272-1536x1249.jpg 1536w, https:\/\/www.ensapc.fr\/wp-content\/uploads\/2022\/10\/494A4272-2048x1665.jpg 2048w\" sizes=\"(max-width: 2560px) 100vw, 2560px\" \/><div class=\"carousel-slider__caption\"><p class=\"caption\">Edson Barrus Atikum et yann beauvais, &quot;Imburaninha&quot;, vue de l\u2019exposition, Ygrec-ENSAPC. \u00a9Objets Pointus<\/p><\/div><\/a><\/div>\n\n<div class=\"carousel-slider__item\">\n\t<img decoding=\"async\" width=\"2560\" height=\"2013\" src=\"https:\/\/www.ensapc.fr\/wp-content\/uploads\/2022\/10\/494A4233-scaled.jpg\" class=\"attachment-full size-full\" alt=\"Edson Barrus Atikum et yann beauvais, &quot;Imburaninha&quot;, vue de l\u2019exposition, Ygrec-ENSAPC. \u00a9Objets Pointus\" srcset=\"https:\/\/www.ensapc.fr\/wp-content\/uploads\/2022\/10\/494A4233-scaled.jpg 2560w, https:\/\/www.ensapc.fr\/wp-content\/uploads\/2022\/10\/494A4233-300x236.jpg 300w, https:\/\/www.ensapc.fr\/wp-content\/uploads\/2022\/10\/494A4233-1024x805.jpg 1024w, https:\/\/www.ensapc.fr\/wp-content\/uploads\/2022\/10\/494A4233-768x604.jpg 768w, https:\/\/www.ensapc.fr\/wp-content\/uploads\/2022\/10\/494A4233-1536x1208.jpg 1536w, https:\/\/www.ensapc.fr\/wp-content\/uploads\/2022\/10\/494A4233-2048x1611.jpg 2048w\" sizes=\"(max-width: 2560px) 100vw, 2560px\" \/><div class=\"carousel-slider__caption\"><p class=\"caption\">Edson Barrus Atikum et yann beauvais, &quot;Imburaninha&quot;, vue de l\u2019exposition, Ygrec-ENSAPC. \u00a9Objets Pointus<\/p><\/div><\/a><\/div>\n\n<div class=\"carousel-slider__item\">\n\t<img decoding=\"async\" width=\"2560\" height=\"1878\" src=\"https:\/\/www.ensapc.fr\/wp-content\/uploads\/2022\/10\/494A4223-scaled.jpg\" class=\"attachment-full size-full\" alt=\"Edson Barrus Atikum et yann beauvais, &quot;Imburaninha&quot;, vue de l\u2019exposition, Ygrec-ENSAPC. \u00a9Objets Pointus\" srcset=\"https:\/\/www.ensapc.fr\/wp-content\/uploads\/2022\/10\/494A4223-scaled.jpg 2560w, https:\/\/www.ensapc.fr\/wp-content\/uploads\/2022\/10\/494A4223-300x220.jpg 300w, https:\/\/www.ensapc.fr\/wp-content\/uploads\/2022\/10\/494A4223-1024x751.jpg 1024w, https:\/\/www.ensapc.fr\/wp-content\/uploads\/2022\/10\/494A4223-768x564.jpg 768w, https:\/\/www.ensapc.fr\/wp-content\/uploads\/2022\/10\/494A4223-1536x1127.jpg 1536w, https:\/\/www.ensapc.fr\/wp-content\/uploads\/2022\/10\/494A4223-2048x1503.jpg 2048w\" sizes=\"(max-width: 2560px) 100vw, 2560px\" \/><div class=\"carousel-slider__caption\"><p class=\"caption\">Edson Barrus Atikum et yann beauvais, &quot;Imburaninha&quot;, vue de l\u2019exposition, Ygrec-ENSAPC. \u00a9Objets Pointus<\/p><\/div><\/a><\/div>\n\n<div class=\"carousel-slider__item\">\n\t<img decoding=\"async\" width=\"2560\" height=\"1707\" src=\"https:\/\/www.ensapc.fr\/wp-content\/uploads\/2022\/10\/494A4212-scaled.jpg\" class=\"attachment-full size-full\" alt=\"Edson Barrus Atikum et yann beauvais, &quot;Imburaninha&quot;, vue de l\u2019exposition, Ygrec-ENSAPC. \u00a9Objets Pointus\" srcset=\"https:\/\/www.ensapc.fr\/wp-content\/uploads\/2022\/10\/494A4212-scaled.jpg 2560w, https:\/\/www.ensapc.fr\/wp-content\/uploads\/2022\/10\/494A4212-300x200.jpg 300w, https:\/\/www.ensapc.fr\/wp-content\/uploads\/2022\/10\/494A4212-1024x683.jpg 1024w, https:\/\/www.ensapc.fr\/wp-content\/uploads\/2022\/10\/494A4212-768x512.jpg 768w, https:\/\/www.ensapc.fr\/wp-content\/uploads\/2022\/10\/494A4212-1536x1024.jpg 1536w, https:\/\/www.ensapc.fr\/wp-content\/uploads\/2022\/10\/494A4212-2048x1365.jpg 2048w\" sizes=\"(max-width: 2560px) 100vw, 2560px\" \/><div class=\"carousel-slider__caption\"><p class=\"caption\">Edson Barrus Atikum et yann beauvais, &quot;Imburaninha&quot;, vue de l\u2019exposition, Ygrec-ENSAPC. \u00a9Objets Pointus<\/p><\/div><\/a><\/div>\n\n<div class=\"carousel-slider__item\">\n\t<img decoding=\"async\" width=\"2560\" height=\"1874\" src=\"https:\/\/www.ensapc.fr\/wp-content\/uploads\/2022\/10\/494A4209-scaled.jpg\" class=\"attachment-full size-full\" alt=\"Edson Barrus Atikum et yann beauvais, &quot;Imburaninha&quot;, vue de l\u2019exposition, Ygrec-ENSAPC. \u00a9Objets Pointus\" srcset=\"https:\/\/www.ensapc.fr\/wp-content\/uploads\/2022\/10\/494A4209-scaled.jpg 2560w, https:\/\/www.ensapc.fr\/wp-content\/uploads\/2022\/10\/494A4209-300x220.jpg 300w, https:\/\/www.ensapc.fr\/wp-content\/uploads\/2022\/10\/494A4209-1024x750.jpg 1024w, https:\/\/www.ensapc.fr\/wp-content\/uploads\/2022\/10\/494A4209-768x562.jpg 768w, https:\/\/www.ensapc.fr\/wp-content\/uploads\/2022\/10\/494A4209-1536x1124.jpg 1536w, https:\/\/www.ensapc.fr\/wp-content\/uploads\/2022\/10\/494A4209-2048x1499.jpg 2048w\" sizes=\"(max-width: 2560px) 100vw, 2560px\" \/><div class=\"carousel-slider__caption\"><p class=\"caption\">Edson Barrus Atikum et yann beauvais, &quot;Imburaninha&quot;, vue de l\u2019exposition, Ygrec-ENSAPC. \u00a9Objets Pointus<\/p><\/div><\/a><\/div>\n\n<div class=\"carousel-slider__item\">\n\t<img decoding=\"async\" width=\"2560\" height=\"1707\" src=\"https:\/\/www.ensapc.fr\/wp-content\/uploads\/2022\/10\/494A4194-scaled.jpg\" class=\"attachment-full size-full\" alt=\"Edson Barrus Atikum et yann beauvais, &quot;Imburaninha&quot;, vue de l\u2019exposition, Ygrec-ENSAPC. \u00a9Objets Pointus\" srcset=\"https:\/\/www.ensapc.fr\/wp-content\/uploads\/2022\/10\/494A4194-scaled.jpg 2560w, https:\/\/www.ensapc.fr\/wp-content\/uploads\/2022\/10\/494A4194-300x200.jpg 300w, https:\/\/www.ensapc.fr\/wp-content\/uploads\/2022\/10\/494A4194-1024x683.jpg 1024w, https:\/\/www.ensapc.fr\/wp-content\/uploads\/2022\/10\/494A4194-768x512.jpg 768w, https:\/\/www.ensapc.fr\/wp-content\/uploads\/2022\/10\/494A4194-1536x1024.jpg 1536w, https:\/\/www.ensapc.fr\/wp-content\/uploads\/2022\/10\/494A4194-2048x1365.jpg 2048w\" sizes=\"(max-width: 2560px) 100vw, 2560px\" \/><div class=\"carousel-slider__caption\"><p class=\"caption\">Edson Barrus Atikum et yann beauvais, &quot;Imburaninha&quot;, vue de l\u2019exposition, Ygrec-ENSAPC. \u00a9Objets Pointus<\/p><\/div><\/a><\/div>\n\n<div class=\"carousel-slider__item\">\n\t<img decoding=\"async\" width=\"2560\" height=\"1790\" src=\"https:\/\/www.ensapc.fr\/wp-content\/uploads\/2022\/10\/494A4171-scaled.jpg\" class=\"attachment-full size-full\" alt=\"Edson Barrus Atikum et yann beauvais, &quot;Imburaninha&quot;, vue de l\u2019exposition, Ygrec-ENSAPC. \u00a9Objets Pointus\" srcset=\"https:\/\/www.ensapc.fr\/wp-content\/uploads\/2022\/10\/494A4171-scaled.jpg 2560w, https:\/\/www.ensapc.fr\/wp-content\/uploads\/2022\/10\/494A4171-300x210.jpg 300w, https:\/\/www.ensapc.fr\/wp-content\/uploads\/2022\/10\/494A4171-1024x716.jpg 1024w, https:\/\/www.ensapc.fr\/wp-content\/uploads\/2022\/10\/494A4171-768x537.jpg 768w, https:\/\/www.ensapc.fr\/wp-content\/uploads\/2022\/10\/494A4171-1536x1074.jpg 1536w, https:\/\/www.ensapc.fr\/wp-content\/uploads\/2022\/10\/494A4171-2048x1432.jpg 2048w\" sizes=\"(max-width: 2560px) 100vw, 2560px\" \/><div class=\"carousel-slider__caption\"><p class=\"caption\">Edson Barrus Atikum et yann beauvais, &quot;Imburaninha&quot;, vue de l\u2019exposition, Ygrec-ENSAPC. \u00a9Objets Pointus<\/p><\/div><\/a><\/div>\n\n<div class=\"carousel-slider__item\">\n\t<img decoding=\"async\" width=\"2560\" height=\"1707\" src=\"https:\/\/www.ensapc.fr\/wp-content\/uploads\/2022\/10\/494A4146-scaled.jpg\" class=\"attachment-full size-full\" alt=\"Edson Barrus Atikum et yann beauvais, &quot;Imburaninha&quot;, vue de l\u2019exposition, Ygrec-ENSAPC. \u00a9Objets Pointus\" srcset=\"https:\/\/www.ensapc.fr\/wp-content\/uploads\/2022\/10\/494A4146-scaled.jpg 2560w, https:\/\/www.ensapc.fr\/wp-content\/uploads\/2022\/10\/494A4146-300x200.jpg 300w, https:\/\/www.ensapc.fr\/wp-content\/uploads\/2022\/10\/494A4146-1024x683.jpg 1024w, https:\/\/www.ensapc.fr\/wp-content\/uploads\/2022\/10\/494A4146-768x512.jpg 768w, https:\/\/www.ensapc.fr\/wp-content\/uploads\/2022\/10\/494A4146-1536x1024.jpg 1536w, https:\/\/www.ensapc.fr\/wp-content\/uploads\/2022\/10\/494A4146-2048x1365.jpg 2048w\" sizes=\"(max-width: 2560px) 100vw, 2560px\" \/><div class=\"carousel-slider__caption\"><p class=\"caption\">Edson Barrus Atikum et yann beauvais, &quot;Imburaninha&quot;, vue de l\u2019exposition, Ygrec-ENSAPC. \u00a9Objets Pointus<\/p><\/div><\/a><\/div>\n\n<div class=\"carousel-slider__item\">\n\t<img decoding=\"async\" width=\"2560\" height=\"1707\" src=\"https:\/\/www.ensapc.fr\/wp-content\/uploads\/2022\/10\/494A4104-scaled.jpg\" class=\"attachment-full size-full\" alt=\"Edson Barrus Atikum et yann beauvais, &quot;Imburaninha&quot;, vue de l\u2019exposition, Ygrec-ENSAPC. \u00a9Objets Pointus\" srcset=\"https:\/\/www.ensapc.fr\/wp-content\/uploads\/2022\/10\/494A4104-scaled.jpg 2560w, https:\/\/www.ensapc.fr\/wp-content\/uploads\/2022\/10\/494A4104-300x200.jpg 300w, https:\/\/www.ensapc.fr\/wp-content\/uploads\/2022\/10\/494A4104-1024x683.jpg 1024w, https:\/\/www.ensapc.fr\/wp-content\/uploads\/2022\/10\/494A4104-768x512.jpg 768w, https:\/\/www.ensapc.fr\/wp-content\/uploads\/2022\/10\/494A4104-1536x1024.jpg 1536w, https:\/\/www.ensapc.fr\/wp-content\/uploads\/2022\/10\/494A4104-2048x1365.jpg 2048w\" sizes=\"(max-width: 2560px) 100vw, 2560px\" \/><div class=\"carousel-slider__caption\"><p class=\"caption\">Edson Barrus Atikum et yann beauvais, &quot;Imburaninha&quot;, vue de l\u2019exposition, Ygrec-ENSAPC. \u00a9Objets Pointus<\/p><\/div><\/a><\/div>\n\n<div class=\"carousel-slider__item\">\n\t<img decoding=\"async\" width=\"2560\" height=\"1707\" src=\"https:\/\/www.ensapc.fr\/wp-content\/uploads\/2022\/10\/494A4100-scaled.jpg\" class=\"attachment-full size-full\" alt=\"Edson Barrus Atikum et yann beauvais, &quot;Imburaninha&quot;, vue de l\u2019exposition, Ygrec-ENSAPC. \u00a9Objets Pointus\" srcset=\"https:\/\/www.ensapc.fr\/wp-content\/uploads\/2022\/10\/494A4100-scaled.jpg 2560w, https:\/\/www.ensapc.fr\/wp-content\/uploads\/2022\/10\/494A4100-300x200.jpg 300w, https:\/\/www.ensapc.fr\/wp-content\/uploads\/2022\/10\/494A4100-1024x683.jpg 1024w, https:\/\/www.ensapc.fr\/wp-content\/uploads\/2022\/10\/494A4100-768x512.jpg 768w, https:\/\/www.ensapc.fr\/wp-content\/uploads\/2022\/10\/494A4100-1536x1024.jpg 1536w, https:\/\/www.ensapc.fr\/wp-content\/uploads\/2022\/10\/494A4100-2048x1365.jpg 2048w\" sizes=\"(max-width: 2560px) 100vw, 2560px\" \/><div class=\"carousel-slider__caption\"><p class=\"caption\">Edson Barrus Atikum et yann beauvais, &quot;Imburaninha&quot;, vue de l\u2019exposition, Ygrec-ENSAPC. \u00a9Objets Pointus<\/p><\/div><\/a><\/div>\n\n<\/div><!-- .carousel-slider-10503 -->\n<\/div><!-- .carousel-slider-outer-10503 -->\n[\/vc_column_text][\/vc_column][\/vc_row][vc_row][vc_column][vc_column_text]<\/p>\n<div>\n<p><span style=\"font-size: large;\"><b><i>Imburaninha\u00a0<\/i><\/b><\/span><\/p>\n<p><strong>Edson Barrus &amp; yann beauvais\u00a0<\/strong><\/p>\n<p><strong>Exposition du 21 septembre au 30 octobre 2022<br \/>\nVernissage samedi 17 septembre 2022 de 17h \u00e0 21h<\/strong><\/p>\n<\/div>\n<div><\/div>\n<div><\/div>\n<p>[\/vc_column_text][vc_column_text]<em>Imburaninha<\/em> est une exposition con\u00e7ue et d\u00e9velopp\u00e9e par l\u2019artiste br\u00e9silien Edson Barrus et l\u2019artiste fran\u00e7ais yann beauvais comme un espace immersif dans lequel les sons, les images, les odeurs et les textures s\u2019entrem\u00ealent.<\/p>\n<p>L\u2019exposition r\u00e9unit\u00a0: vid\u00e9os surveillance, films, environnement sonore et sculptures ; elle s\u2019articule autour d\u2019un projet \u00e9cologique initi\u00e9 en 2016 et d\u00e9di\u00e9 \u00e0 la protection d\u2019une vari\u00e9t\u00e9 d\u2019arbre br\u00e9silien (l\u2019imburana) aux multiples propri\u00e9t\u00e9s et usages ; un arbre aujourd\u2019hui en voie d\u2019extinction en raison de la d\u00e9forestation et de sa surexploitation locale (pharmacop\u00e9e, charbon de bois, etc.).<\/p>\n<p>Un tronc d\u2019Imburana en provenance du Br\u00e9sil occupera l\u2019espace d\u2019exposition ; un second tronc, dispos\u00e9 verticalement, transform\u00e9 en alambic par Edson Barrus, sera activ\u00e9 lors de rencontres avec le public. Une table sur laquelle seront dispos\u00e9s des outils permettra aux visiteurs de travailler ce bois extr\u00eamement mall\u00e9able (mais aussi tr\u00e8s odorant) afin d&rsquo;intervenir dans et sur le tronc d\u2019Imburaninha.[\/vc_column_text][\/vc_column][\/vc_row][vc_row][vc_column][vc_empty_space][\/vc_column][\/vc_row][vc_row][vc_column][vc_single_image image=\u00a0\u00bb10363&Prime; img_size=\u00a0\u00bblarge\u00a0\u00bb alignment=\u00a0\u00bbcenter\u00a0\u00bb][\/vc_column][\/vc_row][vc_row][vc_column width=\u00a0\u00bb1\/2&Prime;][\/vc_column][vc_column width=\u00a0\u00bb1\/2&Prime;][\/vc_column][\/vc_row]<\/p>\n<\/div>","protected":false},"excerpt":{"rendered":"<p>[vc_row][vc_column][vc_column_text][\/vc_column_text][\/vc_column][\/vc_row][vc_row][vc_column][vc_column_text] Imburaninha\u00a0 Edson Barrus &amp; yann beauvais\u00a0 Exposition du 21 septembre au 30 octobre 2022 Vernissage samedi 17 septembre 2022 de 17h \u00e0 21h [\/vc_column_text][vc_column_text]Imburaninha est une exposition con\u00e7ue et d\u00e9velopp\u00e9e par l\u2019artiste br\u00e9silien Edson Barrus et l\u2019artiste fran\u00e7ais yann beauvais comme un espace immersif dans lequel les sons, les images, les odeurs et les&#8230;  <a class=\"excerpt-read-more\" href=\"https:\/\/www.ensapc.fr\/fr\/ygrec\/archives\/2022-2\/imburaninha\/\" title=\"Read IMBURANINHA\">Lire la suite &raquo;<\/a><\/p>\n","protected":false},"author":1,"featured_media":0,"parent":9665,"menu_order":350,"comment_status":"closed","ping_status":"closed","template":"","meta":{"footnotes":""},"class_list":["post-10579","page","type-page","status-publish","hentry"],"_links":{"self":[{"href":"https:\/\/www.ensapc.fr\/fr\/wp-json\/wp\/v2\/pages\/10579","targetHints":{"allow":["GET"]}}],"collection":[{"href":"https:\/\/www.ensapc.fr\/fr\/wp-json\/wp\/v2\/pages"}],"about":[{"href":"https:\/\/www.ensapc.fr\/fr\/wp-json\/wp\/v2\/types\/page"}],"author":[{"embeddable":true,"href":"https:\/\/www.ensapc.fr\/fr\/wp-json\/wp\/v2\/users\/1"}],"replies":[{"embeddable":true,"href":"https:\/\/www.ensapc.fr\/fr\/wp-json\/wp\/v2\/comments?post=10579"}],"version-history":[{"count":1,"href":"https:\/\/www.ensapc.fr\/fr\/wp-json\/wp\/v2\/pages\/10579\/revisions"}],"predecessor-version":[{"id":10581,"href":"https:\/\/www.ensapc.fr\/fr\/wp-json\/wp\/v2\/pages\/10579\/revisions\/10581"}],"up":[{"embeddable":true,"href":"https:\/\/www.ensapc.fr\/fr\/wp-json\/wp\/v2\/pages\/9665"}],"wp:attachment":[{"href":"https:\/\/www.ensapc.fr\/fr\/wp-json\/wp\/v2\/media?parent=10579"}],"curies":[{"name":"wp","href":"https:\/\/api.w.org\/{rel}","templated":true}]}}