{"id":10703,"date":"2023-01-10T11:37:59","date_gmt":"2023-01-10T10:37:59","guid":{"rendered":"https:\/\/www.ensapc.fr\/?page_id=10703"},"modified":"2023-01-10T11:37:59","modified_gmt":"2023-01-10T10:37:59","slug":"unarticulated-frequencies","status":"publish","type":"page","link":"https:\/\/www.ensapc.fr\/fr\/ygrec\/archives\/2022-2\/unarticulated-frequencies\/","title":{"rendered":"UNARTICULATED FREQUENCIES"},"content":{"rendered":"<div class=\"wpb-content-wrapper\"><p>[vc_row][vc_column][vc_single_image image=\u00a0\u00bb10587&Prime; img_size=\u00a0\u00bblarge\u00a0\u00bb add_caption=\u00a0\u00bbyes\u00a0\u00bb alignment=\u00a0\u00bbcenter\u00a0\u00bb][\/vc_column][\/vc_row][vc_row][vc_column][vc_column_text]<\/p>\n<div>\n<h3><span style=\"font-size: large;\"><b><i>Unarticulated Frequencies<\/i><\/b><\/span><\/h3>\n<p><strong>Hong-Kai Wang et les \u00e9tudiant\u00b7e\u00b7s de l&rsquo;ENSAPC<\/strong><\/p>\n<p><strong>Du 10 novembre au 23 d\u00e9cembre 2022<br \/>\n<\/strong><\/p>\n<\/div>\n<div><\/div>\n<div><\/div>\n<p>[\/vc_column_text][vc_column_text]<\/p>\n<p class=\"p1\">Du 10 novembre au 23 d\u00e9cembre 2022, l\u2019artiste Hong-Kai Wang d\u00e9veloppera, en collaboration avec les \u00e9tudiant\u00b7e\u00b7s de l\u2019ENSAPC, un projet de recherche autour des questions de gu\u00e9rison, de deuil, de malaise et de soin en s\u2019appuyant sur un petit ouvrage collectif intitul\u00e9 Frequencies: violet quartz, honey, cinnamon &amp; huanglien (\u00ab\u00a0Fr\u00e9quences : quartz violet, miel, cannelle et huang lien\u00a0\u00bb). Publi\u00e9 par Hong-Kai Wang en 2022, l\u2019ouvrage rassemble cinq r\u00e9cits d&rsquo;exp\u00e9riences sur la fa\u00e7on dont les maux habitent nos corps. Comme l\u2019analyse l\u2019artiste, les diff\u00e9rentes contributions \u00ab\u00a0r\u00e9v\u00e8lent l&rsquo;impact des pressions exerc\u00e9es successivement sur notre esprit, notre corps et notre spiritualit\u00e9, ainsi que les fa\u00e7ons dont nous tentons de les soulager, de vivre avec, de d\u00e9fier et de renverser ce qui nous affecte.\u00a0\u00bb \u00c0 travers ces textes, l\u2019ouvrage interroge la responsabilit\u00e9 de chacun-e vis-\u00e0-vis de son propre bien-\u00eatre et la mani\u00e8re dont elle affecte et contribue au bien-\u00eatre collectif.<\/p>\n<p class=\"p1\">Tandis que la vitrine d\u2019Ygrec, par\u00e9e de la m\u00eame teinte violette quartz que l\u2019ouvrage, se destine \u00e0 recevoir l\u2019archive en cours de ce projet de recherche, l\u2019espace principal d&rsquo;Ygrec est d\u00e9di\u00e9 au processus de discussion et de production avec les \u00e9tudiant\u00b7e\u00b7s. \u00c0 l\u2019occasion d\u2019invitations faites \u00e0 des artistes, chercheur\u00b7euse\u00b7s, associations et d\u2019habitant\u00b7e\u00b7s d\u2019Aubervilliers, l\u2019espace ouvre ponctuellement ses portes au public.<\/p>\n<p class=\"p1\">Dans le cadre du partenariat avec la Tainan National University of the Arts (Ta\u00efwan).<\/p>\n<p>&nbsp;<\/p>\n<p><strong>Hong-Kai Wang<\/strong><\/p>\n<p class=\"p1\">N\u00e9e \u00e0 Huwei, Taiwan, Hong-Kai Wang est une artiste pluridisciplinaire, chercheuse et enseignante bas\u00e9e \u00e0 Taipei. Elle est actuellement doctorante \u00e0 l&rsquo;Acad\u00e9mie des beaux-arts de Vienne.<\/p>\n<p class=\"p1\">Travaillant principalement avec le son, Wang envisage l&rsquo;\u00e9coute comme un outil conceptuel pour explorer les relations sociales et la (re)construction de la m\u00e9moire culturelle dans des espaces marginaux. Fond\u00e9 sur la collaboration et le processus, son travail prend la forme de performances, d\u2019ateliers, de textes, de vid\u00e9os ou d\u2019installation.<\/p>\n<p class=\"p1\">L\u2019\u0153uvre de Wang a \u00e9t\u00e9 pr\u00e9sent\u00e9e internationalement : au Museo Nacional Centro de Arte Reina Sof\u00eda (Madrid, 2020, radio), \u00e0 l&rsquo;Asia Art Biennial 2019 (Taichung, 2019), au Performing Arts Meeting in Yokoyama (Yokohama, 2019), \u00e0 Artspeak (Vancouver, 2019), au Sculpture Center (New York, 2018), documenta 14 (radio, 2017), Biennale de Taipei (Taipei, 2016), Parasophia Kyoto International Festival Contemporary Culture (Kyoto, 2015), Liquid Architecture (Melbourne\/Sydney, 2014), Kunsthall Trondheim (Trondheim, Norv\u00e8ge, 2013), Museum of Modern Art (New York, 2013) entre autres. Elle \u00e9tait l&rsquo;une des artistes repr\u00e9sentant Taiwan \u00e0 la 54e Biennale de Venise.<\/p>\n<p>[\/vc_column_text][\/vc_column][\/vc_row][vc_row][vc_column][vc_empty_space][\/vc_column][\/vc_row][vc_row][vc_column width=\u00a0\u00bb1\/2&Prime;][\/vc_column][vc_column width=\u00a0\u00bb1\/2&Prime;][\/vc_column][\/vc_row]<\/p>\n<\/div>","protected":false},"excerpt":{"rendered":"<p>[vc_row][vc_column][vc_single_image image=\u00a0\u00bb10587&Prime; img_size=\u00a0\u00bblarge\u00a0\u00bb add_caption=\u00a0\u00bbyes\u00a0\u00bb alignment=\u00a0\u00bbcenter\u00a0\u00bb][\/vc_column][\/vc_row][vc_row][vc_column][vc_column_text] Unarticulated Frequencies Hong-Kai Wang et les \u00e9tudiant\u00b7e\u00b7s de l&rsquo;ENSAPC Du 10 novembre au 23 d\u00e9cembre 2022 [\/vc_column_text][vc_column_text] Du 10 novembre au 23 d\u00e9cembre 2022, l\u2019artiste Hong-Kai Wang d\u00e9veloppera, en collaboration avec les \u00e9tudiant\u00b7e\u00b7s de l\u2019ENSAPC, un projet de recherche autour des questions de gu\u00e9rison, de deuil, de malaise et de&#8230;  <a class=\"excerpt-read-more\" href=\"https:\/\/www.ensapc.fr\/fr\/ygrec\/archives\/2022-2\/unarticulated-frequencies\/\" title=\"Read UNARTICULATED FREQUENCIES\">Lire la suite &raquo;<\/a><\/p>\n","protected":false},"author":1,"featured_media":0,"parent":9665,"menu_order":343,"comment_status":"closed","ping_status":"closed","template":"","meta":{"footnotes":""},"class_list":["post-10703","page","type-page","status-publish","hentry"],"_links":{"self":[{"href":"https:\/\/www.ensapc.fr\/fr\/wp-json\/wp\/v2\/pages\/10703","targetHints":{"allow":["GET"]}}],"collection":[{"href":"https:\/\/www.ensapc.fr\/fr\/wp-json\/wp\/v2\/pages"}],"about":[{"href":"https:\/\/www.ensapc.fr\/fr\/wp-json\/wp\/v2\/types\/page"}],"author":[{"embeddable":true,"href":"https:\/\/www.ensapc.fr\/fr\/wp-json\/wp\/v2\/users\/1"}],"replies":[{"embeddable":true,"href":"https:\/\/www.ensapc.fr\/fr\/wp-json\/wp\/v2\/comments?post=10703"}],"version-history":[{"count":1,"href":"https:\/\/www.ensapc.fr\/fr\/wp-json\/wp\/v2\/pages\/10703\/revisions"}],"predecessor-version":[{"id":10705,"href":"https:\/\/www.ensapc.fr\/fr\/wp-json\/wp\/v2\/pages\/10703\/revisions\/10705"}],"up":[{"embeddable":true,"href":"https:\/\/www.ensapc.fr\/fr\/wp-json\/wp\/v2\/pages\/9665"}],"wp:attachment":[{"href":"https:\/\/www.ensapc.fr\/fr\/wp-json\/wp\/v2\/media?parent=10703"}],"curies":[{"name":"wp","href":"https:\/\/api.w.org\/{rel}","templated":true}]}}