{"id":10764,"date":"2023-01-24T11:48:02","date_gmt":"2023-01-24T10:48:02","guid":{"rendered":"https:\/\/www.ensapc.fr\/?page_id=10764"},"modified":"2023-01-24T17:03:57","modified_gmt":"2023-01-24T16:03:57","slug":"wow","status":"publish","type":"page","link":"https:\/\/www.ensapc.fr\/fr\/ygrec\/archives\/2023-2\/wow\/","title":{"rendered":"WOW"},"content":{"rendered":"<div class=\"wpb-content-wrapper\"><p>[vc_row][vc_column][vc_single_image image=\u00a0\u00bb10711&Prime; img_size=\u00a0\u00bblarge\u00a0\u00bb add_caption=\u00a0\u00bbyes\u00a0\u00bb alignment=\u00a0\u00bbcenter\u00a0\u00bb][\/vc_column][\/vc_row][vc_row][vc_column][vc_column_text]<\/p>\n<div>\n<h3><span style=\"font-size: large;\"><b><i>WOW <\/i><\/b><\/span><\/h3>\n<p><strong>The Cure<\/strong><\/p>\n<p><b>Avec la participation des \u00e9tudiant\u00b7e\u00b7s de l&rsquo;ENSAPC : Patricia Ancarno, Vinca Benoudiz, Clementine do Castelo, Maximilien Curtis, Diana Faksh, Camille Haccuria, Valentine Houot-Braun, Yuliia Kyrychenko, Benjamin Laabmayr, Oxana Lequeux, Tom Magnier, Arthur Motais de Narbonne, Marion Ravel et Leopold Tropamer<\/b><\/p>\n<p><b><br \/>\nUne proposition de Judith Perron et Jeff Guess<\/b><\/p>\n<p><b><br \/>\n<\/b><strong>Exposition &amp; workshop\u00a0<\/strong><\/p>\n<p><strong>+<\/strong><\/p>\n<p><strong>Deux soir\u00e9es de performances les vendredi 20 et samedi 21 janvier 2023<br \/>\n<\/strong><\/p>\n<p><strong><br \/>\nDu 17 au 21 janvier 2023<br \/>\n<\/strong><\/p>\n<\/div>\n<div><\/div>\n<div><\/div>\n<p>[\/vc_column_text][vc_column_text]<\/p>\n<p class=\"p1\">Cette ann\u00e9e The Cure propose <i>WOW<\/i>, une semaine intense pendant laquelle le centre d&rsquo;art Ygrec-ENSAPC se transforme en club de fitness.\u00a0\u00c0\u00a0la fois lieu de production, de r\u00e9flexion\u00a0et de bien-\u00eatre, l\u2019exposition est ouverte au public\u00a0du mardi 17 au samedi 21 janvier de 14h \u00e0 19h.<\/p>\n<p class=\"p1\">Chaque apr\u00e8s-midi de 16h \u00e0 18h, l&rsquo;exposition sera activ\u00e9e par une nouvelle exp\u00e9rience corporelle\u00a0lors d&rsquo;un cours r\u00e9serv\u00e9 aux \u00e9tudiant\u00b7e\u00b7s de l\u2019ENSAPC. L&rsquo;occasion d&rsquo;explorer\u00a0des pratiques allant de l&rsquo;extr\u00eame lenteur du Jam Baston \u00e0 la fr\u00e9n\u00e9sie du Body Combat, en passant par le Qi Gong et une chor\u00e9graphie de frites de piscine.<\/p>\n<p class=\"p1\">Vendredi 20 et samedi 21 janvier 2023 \u00e0 19h, se tiendront deux soir\u00e9es\u00a0de performances autour d&rsquo;une gamme d\u2019exp\u00e9riences venant du fitness, du sport, de la danse et des courants philosophiques d\u2019un corps situ\u00e9. Ces deux soir\u00e9es sont gratuites et ouvertes \u00e0 toutes et \u00e0 tous<\/p>\n<p>&nbsp;<\/p>\n<p><strong>Performances<br \/>\nVendredi 20 janvier 2023 \u00e0 19h<\/strong><\/p>\n<p><strong>&gt; Fr\u00e9d\u00e9ric Danos, <\/strong><em><strong>Sans titre<\/strong><br \/>\n<\/em>Une performance issue de son r\u00e9pertoire abordant les questions d\u2019endurance.<\/p>\n<p><strong>&gt; Aziyad\u00e9 Baudouin-Talec, <\/strong><em><strong>To fall : G\u00e9rer la chute ou comment r\u00e9ussir sa chute ?<\/strong><br \/>\n<\/em>Cette lecture-action \u00e9tudiera diff\u00e9rentes techniques de chute au travers de l\u2019histoire du sport et de l\u2019art.<\/p>\n<p>&nbsp;<\/p>\n<p><strong>Performances<br \/>\nSamedi 21 janvier 2023 \u00e0 19h<\/strong><\/p>\n<p><strong>&gt; Gwenola Wagon, <em>Histoire de la frite de piscine : Hormone du bonheur et mat\u00e9riau bon march\u00e9<br \/>\n<\/em><\/strong>Une exploration des usages de la frite de piscine, de l&rsquo;acquagym au teambuilding en passant par le bricolage amateur \u00e0 partir d&rsquo;une s\u00e9rie de \u00ab gestes-rituels \u00bb issus d&rsquo;une s\u00e9lection des meilleures vid\u00e9os d\u00e9mos des ann\u00e9es 80 \u00e0 aujourd&rsquo;hui.<\/p>\n<p><strong>&gt; Alice Lenay,<\/strong> <b><i>Twisties !<br \/>\n<\/i><\/b>Une performance sur le d\u00e9passement de soi qui passe par un dispositif particulier.<\/p>\n<p><strong>&gt; C\u00e9cile Bicler avec Marie-B\u00e9n\u00e9dicte Cazeneuve,<\/strong> <b><i>Infusion Sueur<br \/>\n<\/i><\/b>Une r\u00e9flexion\/action sur le fait de traduire ou comment la traduction peut devenir une voix\/voie juste vers une gu\u00e9rison.<\/p>\n<p>&nbsp;<\/p>\n<p>Plus d&rsquo;informations sur le site de The Cure :\u00a0<a href=\"http:\/\/www.the-cure.fr\" target=\"_blank\" rel=\"noopener\">www.the-cure.fr<\/a>[\/vc_column_text][\/vc_column][\/vc_row][vc_row][vc_column][vc_empty_space][\/vc_column][\/vc_row][vc_row][vc_column][vc_column_text]<div class=\"carousel-slider-outer carousel-slider-outer-image-carousel carousel-slider-outer-10776\" style=\"--carousel-slider-nav-color:#f1f1f1;--carousel-slider-active-nav-color:#00d1b2;--carousel-slider-arrow-size:48px;--carousel-slider-bullet-size:10px\">\n<div id=\"&#039;id-10776\" class=\"carousel-slider carousel-slider-10776 arrows-visibility-hover dots-visibility-never arrows-outside dots-center dots-circle owl-carousel\" data-slide-type=\"image-carousel\" data-owl-settings='{\"nav\":true,\"dots\":false,\"slideBy\":1,\"stagePadding\":50,\"margin\":10,\"loop\":true,\"lazyLoad\":false,\"autoplay\":true,\"autoplayTimeout\":5000,\"autoplaySpeed\":500,\"autoplayHoverPause\":true,\"autoWidth\":false,\"responsive\":{\"300\":{\"items\":1},\"576\":{\"items\":1},\"768\":{\"items\":1},\"1024\":{\"items\":1},\"1280\":{\"items\":1},\"1536\":{\"items\":1}}}'>\n<div class=\"carousel-slider__item\">\n\t<img decoding=\"async\" width=\"2560\" height=\"1707\" src=\"https:\/\/www.ensapc.fr\/wp-content\/uploads\/2023\/01\/494A4798-scaled.jpg\" class=\"attachment-full size-full\" alt=\"\" srcset=\"https:\/\/www.ensapc.fr\/wp-content\/uploads\/2023\/01\/494A4798-scaled.jpg 2560w, https:\/\/www.ensapc.fr\/wp-content\/uploads\/2023\/01\/494A4798-300x200.jpg 300w, https:\/\/www.ensapc.fr\/wp-content\/uploads\/2023\/01\/494A4798-1024x683.jpg 1024w, https:\/\/www.ensapc.fr\/wp-content\/uploads\/2023\/01\/494A4798-768x512.jpg 768w, https:\/\/www.ensapc.fr\/wp-content\/uploads\/2023\/01\/494A4798-1536x1024.jpg 1536w, https:\/\/www.ensapc.fr\/wp-content\/uploads\/2023\/01\/494A4798-2048x1365.jpg 2048w\" sizes=\"(max-width: 2560px) 100vw, 2560px\" \/><div class=\"carousel-slider__caption\"><p class=\"caption\">WOW, une exposition de The Cure, 17-21.01.23, Ygrec-ENSAPC. Photo : Objets Pointus<\/p><\/div><\/a><\/div>\n\n<div class=\"carousel-slider__item\">\n\t<img decoding=\"async\" width=\"2560\" height=\"1805\" src=\"https:\/\/www.ensapc.fr\/wp-content\/uploads\/2023\/01\/494A4816-scaled.jpg\" class=\"attachment-full size-full\" alt=\"\" srcset=\"https:\/\/www.ensapc.fr\/wp-content\/uploads\/2023\/01\/494A4816-scaled.jpg 2560w, https:\/\/www.ensapc.fr\/wp-content\/uploads\/2023\/01\/494A4816-300x211.jpg 300w, https:\/\/www.ensapc.fr\/wp-content\/uploads\/2023\/01\/494A4816-1024x722.jpg 1024w, https:\/\/www.ensapc.fr\/wp-content\/uploads\/2023\/01\/494A4816-768x541.jpg 768w, https:\/\/www.ensapc.fr\/wp-content\/uploads\/2023\/01\/494A4816-1536x1083.jpg 1536w, https:\/\/www.ensapc.fr\/wp-content\/uploads\/2023\/01\/494A4816-2048x1444.jpg 2048w\" sizes=\"(max-width: 2560px) 100vw, 2560px\" \/><div class=\"carousel-slider__caption\"><p class=\"caption\">WOW, une exposition de The Cure, 17-21.01.23, Ygrec-ENSAPC. Photo : Objets Pointus<\/p><\/div><\/a><\/div>\n\n<div class=\"carousel-slider__item\">\n\t<img decoding=\"async\" width=\"2560\" height=\"1707\" src=\"https:\/\/www.ensapc.fr\/wp-content\/uploads\/2023\/01\/494A4839-scaled.jpg\" class=\"attachment-full size-full\" alt=\"\" srcset=\"https:\/\/www.ensapc.fr\/wp-content\/uploads\/2023\/01\/494A4839-scaled.jpg 2560w, https:\/\/www.ensapc.fr\/wp-content\/uploads\/2023\/01\/494A4839-300x200.jpg 300w, https:\/\/www.ensapc.fr\/wp-content\/uploads\/2023\/01\/494A4839-1024x683.jpg 1024w, https:\/\/www.ensapc.fr\/wp-content\/uploads\/2023\/01\/494A4839-768x512.jpg 768w, https:\/\/www.ensapc.fr\/wp-content\/uploads\/2023\/01\/494A4839-1536x1024.jpg 1536w, https:\/\/www.ensapc.fr\/wp-content\/uploads\/2023\/01\/494A4839-2048x1366.jpg 2048w\" sizes=\"(max-width: 2560px) 100vw, 2560px\" \/><div class=\"carousel-slider__caption\"><p class=\"caption\">WOW, une exposition de The Cure, 17-21.01.23, Ygrec-ENSAPC. Photo : Objets Pointus<\/p><\/div><\/a><\/div>\n\n<div class=\"carousel-slider__item\">\n\t<img decoding=\"async\" width=\"2560\" height=\"1707\" src=\"https:\/\/www.ensapc.fr\/wp-content\/uploads\/2023\/01\/494A4807-scaled.jpg\" class=\"attachment-full size-full\" alt=\"\" srcset=\"https:\/\/www.ensapc.fr\/wp-content\/uploads\/2023\/01\/494A4807-scaled.jpg 2560w, https:\/\/www.ensapc.fr\/wp-content\/uploads\/2023\/01\/494A4807-300x200.jpg 300w, https:\/\/www.ensapc.fr\/wp-content\/uploads\/2023\/01\/494A4807-1024x683.jpg 1024w, https:\/\/www.ensapc.fr\/wp-content\/uploads\/2023\/01\/494A4807-768x512.jpg 768w, https:\/\/www.ensapc.fr\/wp-content\/uploads\/2023\/01\/494A4807-1536x1024.jpg 1536w, https:\/\/www.ensapc.fr\/wp-content\/uploads\/2023\/01\/494A4807-2048x1365.jpg 2048w\" sizes=\"(max-width: 2560px) 100vw, 2560px\" \/><div class=\"carousel-slider__caption\"><p class=\"caption\">WOW, une exposition de The Cure, 17-21.01.23, Ygrec-ENSAPC. Photo : Objets Pointus<\/p><\/div><\/a><\/div>\n\n<div class=\"carousel-slider__item\">\n\t<img decoding=\"async\" width=\"2560\" height=\"1707\" src=\"https:\/\/www.ensapc.fr\/wp-content\/uploads\/2023\/01\/494A4825-scaled.jpg\" class=\"attachment-full size-full\" alt=\"\" srcset=\"https:\/\/www.ensapc.fr\/wp-content\/uploads\/2023\/01\/494A4825-scaled.jpg 2560w, https:\/\/www.ensapc.fr\/wp-content\/uploads\/2023\/01\/494A4825-300x200.jpg 300w, https:\/\/www.ensapc.fr\/wp-content\/uploads\/2023\/01\/494A4825-1024x683.jpg 1024w, https:\/\/www.ensapc.fr\/wp-content\/uploads\/2023\/01\/494A4825-768x512.jpg 768w, https:\/\/www.ensapc.fr\/wp-content\/uploads\/2023\/01\/494A4825-1536x1024.jpg 1536w, https:\/\/www.ensapc.fr\/wp-content\/uploads\/2023\/01\/494A4825-2048x1365.jpg 2048w\" sizes=\"(max-width: 2560px) 100vw, 2560px\" \/><div class=\"carousel-slider__caption\"><p class=\"caption\">WOW, une exposition de The Cure, 17-21.01.23, Ygrec-ENSAPC. Photo : Objets Pointus<\/p><\/div><\/a><\/div>\n\n<div class=\"carousel-slider__item\">\n\t<img decoding=\"async\" width=\"2560\" height=\"1707\" src=\"https:\/\/www.ensapc.fr\/wp-content\/uploads\/2023\/01\/494A4835-scaled.jpg\" class=\"attachment-full size-full\" alt=\"\" srcset=\"https:\/\/www.ensapc.fr\/wp-content\/uploads\/2023\/01\/494A4835-scaled.jpg 2560w, https:\/\/www.ensapc.fr\/wp-content\/uploads\/2023\/01\/494A4835-300x200.jpg 300w, https:\/\/www.ensapc.fr\/wp-content\/uploads\/2023\/01\/494A4835-1024x683.jpg 1024w, https:\/\/www.ensapc.fr\/wp-content\/uploads\/2023\/01\/494A4835-768x512.jpg 768w, https:\/\/www.ensapc.fr\/wp-content\/uploads\/2023\/01\/494A4835-1536x1024.jpg 1536w, https:\/\/www.ensapc.fr\/wp-content\/uploads\/2023\/01\/494A4835-2048x1365.jpg 2048w\" sizes=\"(max-width: 2560px) 100vw, 2560px\" \/><div class=\"carousel-slider__caption\"><p class=\"caption\">WOW, une exposition de The Cure, 17-21.01.23, Ygrec-ENSAPC. Photo : Objets Pointus<\/p><\/div><\/a><\/div>\n\n<div class=\"carousel-slider__item\">\n\t<img decoding=\"async\" width=\"2560\" height=\"1642\" src=\"https:\/\/www.ensapc.fr\/wp-content\/uploads\/2023\/01\/494A4855-scaled.jpg\" class=\"attachment-full size-full\" alt=\"\" srcset=\"https:\/\/www.ensapc.fr\/wp-content\/uploads\/2023\/01\/494A4855-scaled.jpg 2560w, https:\/\/www.ensapc.fr\/wp-content\/uploads\/2023\/01\/494A4855-300x192.jpg 300w, https:\/\/www.ensapc.fr\/wp-content\/uploads\/2023\/01\/494A4855-1024x657.jpg 1024w, https:\/\/www.ensapc.fr\/wp-content\/uploads\/2023\/01\/494A4855-768x492.jpg 768w, https:\/\/www.ensapc.fr\/wp-content\/uploads\/2023\/01\/494A4855-1536x985.jpg 1536w, https:\/\/www.ensapc.fr\/wp-content\/uploads\/2023\/01\/494A4855-2048x1313.jpg 2048w\" sizes=\"(max-width: 2560px) 100vw, 2560px\" \/><div class=\"carousel-slider__caption\"><p class=\"caption\">WOW, une exposition de The Cure, 17-21.01.23, Ygrec-ENSAPC. Photo : Objets Pointus<\/p><\/div><\/a><\/div>\n\n<div class=\"carousel-slider__item\">\n\t<img decoding=\"async\" width=\"2560\" height=\"1805\" src=\"https:\/\/www.ensapc.fr\/wp-content\/uploads\/2023\/01\/494A4856-scaled.jpg\" class=\"attachment-full size-full\" alt=\"\" srcset=\"https:\/\/www.ensapc.fr\/wp-content\/uploads\/2023\/01\/494A4856-scaled.jpg 2560w, https:\/\/www.ensapc.fr\/wp-content\/uploads\/2023\/01\/494A4856-300x212.jpg 300w, https:\/\/www.ensapc.fr\/wp-content\/uploads\/2023\/01\/494A4856-1024x722.jpg 1024w, https:\/\/www.ensapc.fr\/wp-content\/uploads\/2023\/01\/494A4856-768x542.jpg 768w, https:\/\/www.ensapc.fr\/wp-content\/uploads\/2023\/01\/494A4856-1536x1083.jpg 1536w, https:\/\/www.ensapc.fr\/wp-content\/uploads\/2023\/01\/494A4856-2048x1444.jpg 2048w\" sizes=\"(max-width: 2560px) 100vw, 2560px\" \/><div class=\"carousel-slider__caption\"><p class=\"caption\">WOW, une exposition de The Cure, 17-21.01.23, Ygrec-ENSAPC. Photo : Objets Pointus<\/p><\/div><\/a><\/div>\n\n<div class=\"carousel-slider__item\">\n\t<img decoding=\"async\" width=\"2048\" height=\"1536\" src=\"https:\/\/www.ensapc.fr\/wp-content\/uploads\/2023\/01\/Frederic_IMG_4239.jpg\" class=\"attachment-full size-full\" alt=\"\" srcset=\"https:\/\/www.ensapc.fr\/wp-content\/uploads\/2023\/01\/Frederic_IMG_4239.jpg 2048w, https:\/\/www.ensapc.fr\/wp-content\/uploads\/2023\/01\/Frederic_IMG_4239-300x225.jpg 300w, https:\/\/www.ensapc.fr\/wp-content\/uploads\/2023\/01\/Frederic_IMG_4239-1024x768.jpg 1024w, https:\/\/www.ensapc.fr\/wp-content\/uploads\/2023\/01\/Frederic_IMG_4239-768x576.jpg 768w, https:\/\/www.ensapc.fr\/wp-content\/uploads\/2023\/01\/Frederic_IMG_4239-1536x1152.jpg 1536w\" sizes=\"(max-width: 2048px) 100vw, 2048px\" \/><div class=\"carousel-slider__caption\"><p class=\"caption\">Fr\u00e9d\u00e9ric Danos, WOW, workshop The Cure, 17-21.01.23, Ygrec-ENSAPC. Photo : Jeff Guess<\/p><\/div><\/a><\/div>\n\n<div class=\"carousel-slider__item\">\n\t<img decoding=\"async\" width=\"2048\" height=\"1365\" src=\"https:\/\/www.ensapc.fr\/wp-content\/uploads\/2023\/01\/Guilherme_IMG_9944.jpg\" class=\"attachment-full size-full\" alt=\"\" srcset=\"https:\/\/www.ensapc.fr\/wp-content\/uploads\/2023\/01\/Guilherme_IMG_9944.jpg 2048w, https:\/\/www.ensapc.fr\/wp-content\/uploads\/2023\/01\/Guilherme_IMG_9944-300x200.jpg 300w, https:\/\/www.ensapc.fr\/wp-content\/uploads\/2023\/01\/Guilherme_IMG_9944-1024x683.jpg 1024w, https:\/\/www.ensapc.fr\/wp-content\/uploads\/2023\/01\/Guilherme_IMG_9944-768x512.jpg 768w, https:\/\/www.ensapc.fr\/wp-content\/uploads\/2023\/01\/Guilherme_IMG_9944-1536x1024.jpg 1536w\" sizes=\"(max-width: 2048px) 100vw, 2048px\" \/><div class=\"carousel-slider__caption\"><p class=\"caption\">Guilherme Vautor, WOW, workshop The Cure, 17-21.01.23, Ygrec-ENSAPC. Photo : Jeff Guess <\/p><\/div><\/a><\/div>\n\n<div class=\"carousel-slider__item\">\n\t<img decoding=\"async\" width=\"2048\" height=\"1365\" src=\"https:\/\/www.ensapc.fr\/wp-content\/uploads\/2023\/01\/Gwenola_IMG_9973.jpg\" class=\"attachment-full size-full\" alt=\"\" srcset=\"https:\/\/www.ensapc.fr\/wp-content\/uploads\/2023\/01\/Gwenola_IMG_9973.jpg 2048w, https:\/\/www.ensapc.fr\/wp-content\/uploads\/2023\/01\/Gwenola_IMG_9973-300x200.jpg 300w, https:\/\/www.ensapc.fr\/wp-content\/uploads\/2023\/01\/Gwenola_IMG_9973-1024x683.jpg 1024w, https:\/\/www.ensapc.fr\/wp-content\/uploads\/2023\/01\/Gwenola_IMG_9973-768x512.jpg 768w, https:\/\/www.ensapc.fr\/wp-content\/uploads\/2023\/01\/Gwenola_IMG_9973-1536x1024.jpg 1536w\" sizes=\"(max-width: 2048px) 100vw, 2048px\" \/><div class=\"carousel-slider__caption\"><p class=\"caption\">Gwenola Wagon, WOW, workshop The Cure, 17-21.01.23, Ygrec-ENSAPC. Photo : Jeff Guess <\/p><\/div><\/a><\/div>\n\n<div class=\"carousel-slider__item\">\n\t<img decoding=\"async\" width=\"2048\" height=\"1536\" src=\"https:\/\/www.ensapc.fr\/wp-content\/uploads\/2023\/01\/Alice_IMG_4525.jpg\" class=\"attachment-full size-full\" alt=\"\" srcset=\"https:\/\/www.ensapc.fr\/wp-content\/uploads\/2023\/01\/Alice_IMG_4525.jpg 2048w, https:\/\/www.ensapc.fr\/wp-content\/uploads\/2023\/01\/Alice_IMG_4525-300x225.jpg 300w, https:\/\/www.ensapc.fr\/wp-content\/uploads\/2023\/01\/Alice_IMG_4525-1024x768.jpg 1024w, https:\/\/www.ensapc.fr\/wp-content\/uploads\/2023\/01\/Alice_IMG_4525-768x576.jpg 768w, https:\/\/www.ensapc.fr\/wp-content\/uploads\/2023\/01\/Alice_IMG_4525-1536x1152.jpg 1536w\" sizes=\"(max-width: 2048px) 100vw, 2048px\" \/><div class=\"carousel-slider__caption\"><p class=\"caption\">Alice Lenay, Twisties !, performance dans le cadre de WOW, workshop The Cure, 21.01.23, Ygrec-ENSAPC. Photo : Jeff Guess <\/p><\/div><\/a><\/div>\n\n<div class=\"carousel-slider__item\">\n\t<img decoding=\"async\" width=\"2048\" height=\"1536\" src=\"https:\/\/www.ensapc.fr\/wp-content\/uploads\/2023\/01\/Aziyade_IMG_4451.jpg\" class=\"attachment-full size-full\" alt=\"\" srcset=\"https:\/\/www.ensapc.fr\/wp-content\/uploads\/2023\/01\/Aziyade_IMG_4451.jpg 2048w, https:\/\/www.ensapc.fr\/wp-content\/uploads\/2023\/01\/Aziyade_IMG_4451-300x225.jpg 300w, https:\/\/www.ensapc.fr\/wp-content\/uploads\/2023\/01\/Aziyade_IMG_4451-1024x768.jpg 1024w, https:\/\/www.ensapc.fr\/wp-content\/uploads\/2023\/01\/Aziyade_IMG_4451-768x576.jpg 768w, https:\/\/www.ensapc.fr\/wp-content\/uploads\/2023\/01\/Aziyade_IMG_4451-1536x1152.jpg 1536w\" sizes=\"(max-width: 2048px) 100vw, 2048px\" \/><div class=\"carousel-slider__caption\"><p class=\"caption\">Aziyad\u00e9 Baudouin-Talec, To fall : G\u00e9rer la chute ou comment r\u00e9ussir sa chute ?, performance dans le cadre de WOW, workshop The Cure, 20.01.23, Ygrec-ENSAPC. Photo : Jeff Guess<\/p><\/div><\/a><\/div>\n\n<div class=\"carousel-slider__item\">\n\t<img decoding=\"async\" width=\"2048\" height=\"1536\" src=\"https:\/\/www.ensapc.fr\/wp-content\/uploads\/2023\/01\/Cecile_IMG_4593.jpg\" class=\"attachment-full size-full\" alt=\"\" srcset=\"https:\/\/www.ensapc.fr\/wp-content\/uploads\/2023\/01\/Cecile_IMG_4593.jpg 2048w, https:\/\/www.ensapc.fr\/wp-content\/uploads\/2023\/01\/Cecile_IMG_4593-300x225.jpg 300w, https:\/\/www.ensapc.fr\/wp-content\/uploads\/2023\/01\/Cecile_IMG_4593-1024x768.jpg 1024w, https:\/\/www.ensapc.fr\/wp-content\/uploads\/2023\/01\/Cecile_IMG_4593-768x576.jpg 768w, https:\/\/www.ensapc.fr\/wp-content\/uploads\/2023\/01\/Cecile_IMG_4593-1536x1152.jpg 1536w\" sizes=\"(max-width: 2048px) 100vw, 2048px\" \/><div class=\"carousel-slider__caption\"><p class=\"caption\">C\u00e9cile Bicler et Marie-B\u00e9n\u00e9dicte Cazeneuve, Infusion Sueur, performance dans le cadre de WOW, workshop The Cure, 20.01.23, Ygrec-ENSAPC. Photo : Jeff Guess<\/p><\/div><\/a><\/div>\n\n<div class=\"carousel-slider__item\">\n\t<img decoding=\"async\" width=\"2048\" height=\"1536\" src=\"https:\/\/www.ensapc.fr\/wp-content\/uploads\/2023\/01\/Frederic_IMG_4421.jpg\" class=\"attachment-full size-full\" alt=\"\" srcset=\"https:\/\/www.ensapc.fr\/wp-content\/uploads\/2023\/01\/Frederic_IMG_4421.jpg 2048w, https:\/\/www.ensapc.fr\/wp-content\/uploads\/2023\/01\/Frederic_IMG_4421-300x225.jpg 300w, https:\/\/www.ensapc.fr\/wp-content\/uploads\/2023\/01\/Frederic_IMG_4421-1024x768.jpg 1024w, https:\/\/www.ensapc.fr\/wp-content\/uploads\/2023\/01\/Frederic_IMG_4421-768x576.jpg 768w, https:\/\/www.ensapc.fr\/wp-content\/uploads\/2023\/01\/Frederic_IMG_4421-1536x1152.jpg 1536w\" sizes=\"(max-width: 2048px) 100vw, 2048px\" \/><div class=\"carousel-slider__caption\"><p class=\"caption\">Fr\u00e9d\u00e9ric Danos, Sans titre, performance dans le cadre de WOW, workshop The Cure, 20.01.23, Ygrec-ENSAPC. Photo : Jeff Guess<\/p><\/div><\/a><\/div>\n\n<div class=\"carousel-slider__item\">\n\t<img decoding=\"async\" width=\"2048\" height=\"1536\" src=\"https:\/\/www.ensapc.fr\/wp-content\/uploads\/2023\/01\/Gwenola2_IMG_4506.jpg\" class=\"attachment-full size-full\" alt=\"\" srcset=\"https:\/\/www.ensapc.fr\/wp-content\/uploads\/2023\/01\/Gwenola2_IMG_4506.jpg 2048w, https:\/\/www.ensapc.fr\/wp-content\/uploads\/2023\/01\/Gwenola2_IMG_4506-300x225.jpg 300w, https:\/\/www.ensapc.fr\/wp-content\/uploads\/2023\/01\/Gwenola2_IMG_4506-1024x768.jpg 1024w, https:\/\/www.ensapc.fr\/wp-content\/uploads\/2023\/01\/Gwenola2_IMG_4506-768x576.jpg 768w, https:\/\/www.ensapc.fr\/wp-content\/uploads\/2023\/01\/Gwenola2_IMG_4506-1536x1152.jpg 1536w\" sizes=\"(max-width: 2048px) 100vw, 2048px\" \/><div class=\"carousel-slider__caption\"><p class=\"caption\">Gwenola Wagon, Histoire de la frite de piscine : Hormone du bonheur et mat\u00e9riau bon march\u00e9, performance dans le cadre de WOW, workshop The Cure, 21.01.23, Ygrec-ENSAPC. Photo : Jeff Guess<\/p><\/div><\/a><\/div>\n\n<\/div><!-- .carousel-slider-10776 -->\n<\/div><!-- .carousel-slider-outer-10776 -->\n[\/vc_column_text][\/vc_column][\/vc_row][vc_row][vc_column width=\u00a0\u00bb1\/2&Prime;][\/vc_column][vc_column width=\u00a0\u00bb1\/2&Prime;][\/vc_column][\/vc_row]<\/p>\n<\/div>","protected":false},"excerpt":{"rendered":"<p>[vc_row][vc_column][vc_single_image image=\u00a0\u00bb10711&Prime; img_size=\u00a0\u00bblarge\u00a0\u00bb add_caption=\u00a0\u00bbyes\u00a0\u00bb alignment=\u00a0\u00bbcenter\u00a0\u00bb][\/vc_column][\/vc_row][vc_row][vc_column][vc_column_text] WOW The Cure Avec la participation des \u00e9tudiant\u00b7e\u00b7s de l&rsquo;ENSAPC : Patricia Ancarno, Vinca Benoudiz, Clementine do Castelo, Maximilien Curtis, Diana Faksh, Camille Haccuria, Valentine Houot-Braun, Yuliia Kyrychenko, Benjamin Laabmayr, Oxana Lequeux, Tom Magnier, Arthur Motais de Narbonne, Marion Ravel et Leopold Tropamer Une proposition de Judith Perron et Jeff&#8230;  <a class=\"excerpt-read-more\" href=\"https:\/\/www.ensapc.fr\/fr\/ygrec\/archives\/2023-2\/wow\/\" title=\"Read WOW\">Lire la suite &raquo;<\/a><\/p>\n","protected":false},"author":1,"featured_media":0,"parent":10766,"menu_order":345,"comment_status":"closed","ping_status":"closed","template":"","meta":{"footnotes":""},"class_list":["post-10764","page","type-page","status-publish","hentry"],"_links":{"self":[{"href":"https:\/\/www.ensapc.fr\/fr\/wp-json\/wp\/v2\/pages\/10764","targetHints":{"allow":["GET"]}}],"collection":[{"href":"https:\/\/www.ensapc.fr\/fr\/wp-json\/wp\/v2\/pages"}],"about":[{"href":"https:\/\/www.ensapc.fr\/fr\/wp-json\/wp\/v2\/types\/page"}],"author":[{"embeddable":true,"href":"https:\/\/www.ensapc.fr\/fr\/wp-json\/wp\/v2\/users\/1"}],"replies":[{"embeddable":true,"href":"https:\/\/www.ensapc.fr\/fr\/wp-json\/wp\/v2\/comments?post=10764"}],"version-history":[{"count":3,"href":"https:\/\/www.ensapc.fr\/fr\/wp-json\/wp\/v2\/pages\/10764\/revisions"}],"predecessor-version":[{"id":10793,"href":"https:\/\/www.ensapc.fr\/fr\/wp-json\/wp\/v2\/pages\/10764\/revisions\/10793"}],"up":[{"embeddable":true,"href":"https:\/\/www.ensapc.fr\/fr\/wp-json\/wp\/v2\/pages\/10766"}],"wp:attachment":[{"href":"https:\/\/www.ensapc.fr\/fr\/wp-json\/wp\/v2\/media?parent=10764"}],"curies":[{"name":"wp","href":"https:\/\/api.w.org\/{rel}","templated":true}]}}