{"id":10930,"date":"2023-02-16T14:25:34","date_gmt":"2023-02-16T13:25:34","guid":{"rendered":"https:\/\/www.ensapc.fr\/?page_id=10930"},"modified":"2026-03-17T08:21:49","modified_gmt":"2026-03-17T07:21:49","slug":"a-venir","status":"publish","type":"page","link":"https:\/\/www.ensapc.fr\/fr\/ygrec\/exposition\/a-venir\/","title":{"rendered":"EN COURS"},"content":{"rendered":"<div class=\"wpb-content-wrapper\"><p>[vc_row][vc_column][vc_single_image image=\u00a0\u00bb14462&Prime; img_size=\u00a0\u00bbLarge\u00a0\u00bb alignment=\u00a0\u00bbcenter\u00a0\u00bb css=\u00a0\u00bb.vc_custom_1765895495108{padding-top: -30px !important;}\u00a0\u00bb][vc_column_text css=\u00a0\u00bb\u00a0\u00bb]Image extraite du jeu video <em>Side Quest<\/em> (2025). \u00a9 Elouan Le Bars[\/vc_column_text][vc_column_text css=\u00a0\u00bb\u00a0\u00bb]<\/p>\n<h3><strong><em>Side Quest<br \/>\n<\/em><\/strong><\/h3>\n<p>Exposition personnelle d&rsquo;Elouan Le Bars au Centre d&rsquo;art Ygrec-ENSAPC<br \/>\nCommissariat d\u2019exposition : Guillaume Breton<br \/>\nDu 6 f\u00e9vrier au 11 avril 2026<br \/>\nVernissage le vendredi 6 f\u00e9vrier 2026, 17h-21h[\/vc_column_text][vc_column_text css=\u00a0\u00bb\u00a0\u00bb]<em>Side Quest<\/em> est une exposition d\u2019Elouan Le Bars, artiste dipl\u00f4m\u00e9 de l\u2019\u00c9cole nationale sup\u00e9rieure d\u2019arts de Paris-Cergy, pens\u00e9e sp\u00e9cifiquement pour le Centre d\u2019art Ygrec-ENSAPC. Le projet prend pour point de d\u00e9part un jeu vid\u00e9o in\u00e9dit, con\u00e7u \u00e0 partir d\u2019entretiens men\u00e9s avec des joueur\u00b7euses professionnel\u00b7les. Dans <em>Side Quest<\/em>, l\u2019artiste associe des fragments de r\u00e9cits issus de l\u2019e-sport aux m\u00e9canismes fondamentaux du game design. Il s\u2019int\u00e9resse \u00e0 la mani\u00e8re dont les jeux organisent nos actions et nos choix, et d\u00e9tourne ces logiques pour en r\u00e9v\u00e9ler les pr\u00e9suppos\u00e9s et limites.<\/p>\n<p>Le titre de l\u2019exposition renvoie aux missions secondaires des jeux vid\u00e9o, ces d\u00e9tours optionnels qui s\u2019\u00e9cartent de la trame principale et de son objectif. R\u00e9cemment popularis\u00e9 sur TikTok, ce terme t\u00e9moigne de la mani\u00e8re dont la culture du jeu vid\u00e9o et ses codes impr\u00e8gnent d\u00e9sormais la vie quotidienne.<\/p>\n<p>Un principe central du game design repose sur la narration \u00e0 choix multiples, qui place le joueur face \u00e0 des questions dont les r\u00e9ponses semblent d\u00e9terminer la suite du r\u00e9cit et son d\u00e9nouement. Ce syst\u00e8me sugg\u00e8re la possibilit\u00e9 de modifier l\u2019histoire, voire d\u2019infl\u00e9chir le futur. Pourtant, les conditions de ces choix sont enti\u00e8rement script\u00e9es : l\u2019illusion de pouvoir na\u00eet de parcours pr\u00e9d\u00e9finis, inscrits en amont dans l\u2019architecture m\u00eame du jeu.<\/p>\n<p>Dans <em>Side Quest<\/em>, la personne qui joue suit le r\u00e9cit d\u2019un jeune homme \u00e9voquant son ambition de devenir joueur professionnel, puis les d\u00e9sillusions qui l\u2019ont conduit \u00e0 interrompre cette trajectoire. Ce r\u00e9cit se d\u00e9ploie au fil d\u2019une progression \u00e0 travers une succession de salles et d\u2019espaces oniriques, franchis de porte en porte, o\u00f9 se superposent diff\u00e9rentes esth\u00e9tiques vid\u00e9oludiques, allant de la fantasy au jeu de tir.<\/p>\n<p>La narration du jeu m\u00eale les voix recueillies aupr\u00e8s de joueur\u00b7euses d\u2019e-sport \u00e0 des souvenirs personnels de l\u2019artiste, ainsi qu\u2019\u00e0 des t\u00e9moignages anonymes glan\u00e9s sur des forums et espaces de discussion en ligne. Doutes, r\u00eaves et strat\u00e9gies se superposent pour former un r\u00e9cit composite qui, associ\u00e9 aux m\u00e9caniques de progression du jeu vid\u00e9o, met en lumi\u00e8re les parall\u00e8les entre comp\u00e9tition simul\u00e9e et injonction \u00e0 \u201cr\u00e9ussir\u201d dans une soci\u00e9t\u00e9 gouvern\u00e9e par la performance. R\u00e8gles, m\u00e9triques, classements, r\u00e9compenses : ces structures qui fa\u00e7onnent le jeu sont aussi, comme l\u2019\u00e9crit McKenzie Wark dans<em> Gamer Theory<\/em> (2007), celles qui structurent d\u00e9sormais notre rapport au monde.<\/p>\n<p>En entrant dans l\u2019espace d\u2019exposition, le public franchit un seuil \u00e9troit marqu\u00e9 par deux portes, traverse une zone de transition, puis acc\u00e8de \u00e0 une salle o\u00f9 des r\u00e9pliques de pommes sont r\u00e9pandues au sol. Ces \u00e9l\u00e9ments sc\u00e9nographiques viennent r\u00e9v\u00e9ler les interstices du Centre d&rsquo;art Ygrec, comme si la salle d&rsquo;exposition devenait un d\u00e9cor en construction et un espace de jeu, laissant appara\u00eetre la mati\u00e8re brute qui les soutient.<\/p>\n<p>&nbsp;<\/p>\n<p style=\"text-align: center;\"><strong><a href=\"https:\/\/www.ensapc.fr\/wp-content\/uploads\/2026\/02\/Side-Quest-texte-Ingrid-Luquet-Gad.pdf\">Lire le texte d&rsquo;exposition d&rsquo;Ingrid Luquet-Gad<\/a><\/strong><\/p>\n<p>&nbsp;<\/p>\n<p>Elouan Le Bars (n\u00e9 en 1998) est un artiste et r\u00e9alisateur dont la pratique se d\u00e9ploie entre vid\u00e9o, installation et game design. Dipl\u00f4m\u00e9 de l\u2019\u00c9cole Nationale Sup\u00e9rieure d\u2019Arts de Cergy en 2024, son travail explore les logiques de simulation propres aux environnements num\u00e9riques, le potentiel sp\u00e9culatif et interactif du jeu vid\u00e9o, les mutations du monde du travail et ses corollaires manag\u00e9riaux. Ses films, tourn\u00e9s en images r\u00e9elles ou \u00e0 partir de mod\u00e9lisations 3D, sont \u00e9labor\u00e9s \u00e0 partir de mat\u00e9riaux documentaires (t\u00e9moignages, entretiens, artefacts num\u00e9riques, objets trouv\u00e9s\u2026). Ils s\u2019inscrivent souvent dans des installations o\u00f9 des objets du quotidien deviennent les vecteurs mat\u00e9riels de dynamiques de pouvoir, r\u00e9v\u00e9lant la mani\u00e8re dont celles-ci s\u2019organisent, se rejouent ou transforment nos environnements. Par ces allers et retours entre espaces virtuels et espaces mat\u00e9riels, Elouan Le Bars invente des modalit\u00e9s performatives dans un registre o\u00f9 l\u2019\u00e9tranget\u00e9 brouille les fronti\u00e8res, cr\u00e9ant des espaces fictionnels qui tendent \u00e0 augmenter notre perception du r\u00e9el.<\/p>\n<p>Son travail a \u00e9t\u00e9 pr\u00e9sent\u00e9 lors de l\u2019exposition monographique <em>Deux v\u00e9rit\u00e9s, un mensonge<\/em> dans la project room du Frac \u00cele-de-France &#8211; Le Plateau, en 2025 ainsi que lors de plusieurs expositions collectives, notamment <em>Bullshit Job <\/em>(2025, Centre Wallonie Bruxelles)<em>, Un soleil \u00e0 peine voil\u00e9<\/em> (2025, Galerie de l\u2019Acad\u00e9mie des Beaux-Arts), Mus\u00e9e des Arts et M\u00e9tiers (2025, Paris), <em>Home is Where the Haunt Is<\/em> (2025, Kvalitar Gallery, Prague), <em>Biennale de la Jeune Cr\u00e9ation<\/em> (2024, Centre d\u2019art La Graineterie, Houilles), <em>La Roue de la Fortune<\/em> (2024, Tour Orion, Montreuil), <em>Terrestrial Waves<\/em> (2024, 101 Art &amp; Design Center, Changle, Chine), <em>Nord-Est, cartographie des r\u00e9sonances<\/em> (2024, POUSH, Aubervilliers) et <em>Sands of Self<\/em> (2024, Centre d\u2019Art Ygrec, Aubervilliers) ainsi que lors de festivals : <em>Actoral<\/em> (2025, Mucem, Marseille), <em>Cin\u00e9ma du R\u00e9el <\/em>(2025, Paris), <em>Milan Machinima Festival<\/em> (2025, Italie), <em>Si Cin\u00e9ma<\/em> (2024, Caen),<em> Athens Digital Art Festival <\/em>(2023, Gr\u00e8ce), <em>Asolo Art Film Festival <\/em>(2023, Italie) et <em>FILE Festival \u2013 Video Art <\/em>(2023, S\u00e3o Paulo, Br\u00e9sil). Il a \u00e9t\u00e9 r\u00e9sident du Sapporo Tenjinyama Art Studio (2024, Japon) ainsi que de la Villa Dufraine, Acad\u00e9mie des Beaux-Arts, Chars (2025, France).<\/p>\n<p>&nbsp;<\/p>\n<div class=\"carousel-slider-outer carousel-slider-outer-image-carousel carousel-slider-outer-14726\" style=\"--carousel-slider-nav-color:#f1f1f1;--carousel-slider-active-nav-color:#00d1b2;--carousel-slider-arrow-size:48px;--carousel-slider-bullet-size:10px\">\n<div id=\"&#039;id-14726\" class=\"carousel-slider carousel-slider-14726 arrows-visibility-hover dots-visibility-never arrows-outside dots-center dots-circle owl-carousel\" data-slide-type=\"image-carousel\" data-owl-settings='{\"nav\":true,\"dots\":false,\"slideBy\":1,\"stagePadding\":50,\"margin\":10,\"loop\":true,\"lazyLoad\":false,\"autoplay\":true,\"autoplayTimeout\":5000,\"autoplaySpeed\":500,\"autoplayHoverPause\":true,\"autoWidth\":false,\"items\":1}'>\n<div class=\"carousel-slider__item\">\n\t<img decoding=\"async\" width=\"2560\" height=\"1920\" src=\"https:\/\/www.ensapc.fr\/wp-content\/uploads\/2026\/03\/001-scaled.jpg\" class=\"attachment-full size-full\" alt=\"\" srcset=\"https:\/\/www.ensapc.fr\/wp-content\/uploads\/2026\/03\/001-scaled.jpg 2560w, https:\/\/www.ensapc.fr\/wp-content\/uploads\/2026\/03\/001-300x225.jpg 300w, https:\/\/www.ensapc.fr\/wp-content\/uploads\/2026\/03\/001-1024x768.jpg 1024w, https:\/\/www.ensapc.fr\/wp-content\/uploads\/2026\/03\/001-768x576.jpg 768w, https:\/\/www.ensapc.fr\/wp-content\/uploads\/2026\/03\/001-1536x1152.jpg 1536w, https:\/\/www.ensapc.fr\/wp-content\/uploads\/2026\/03\/001-2048x1536.jpg 2048w\" sizes=\"(max-width: 2560px) 100vw, 2560px\" \/><div class=\"carousel-slider__caption\"><p class=\"caption\"><\/p><\/div><\/a><\/div>\n\n<div class=\"carousel-slider__item\">\n\t<img decoding=\"async\" width=\"1920\" height=\"2560\" src=\"https:\/\/www.ensapc.fr\/wp-content\/uploads\/2026\/03\/003-scaled.jpg\" class=\"attachment-full size-full\" alt=\"\" srcset=\"https:\/\/www.ensapc.fr\/wp-content\/uploads\/2026\/03\/003-scaled.jpg 1920w, https:\/\/www.ensapc.fr\/wp-content\/uploads\/2026\/03\/003-225x300.jpg 225w, https:\/\/www.ensapc.fr\/wp-content\/uploads\/2026\/03\/003-768x1024.jpg 768w, https:\/\/www.ensapc.fr\/wp-content\/uploads\/2026\/03\/003-1152x1536.jpg 1152w, https:\/\/www.ensapc.fr\/wp-content\/uploads\/2026\/03\/003-1536x2048.jpg 1536w\" sizes=\"(max-width: 1920px) 100vw, 1920px\" \/><div class=\"carousel-slider__caption\"><p class=\"caption\"><\/p><\/div><\/a><\/div>\n\n<div class=\"carousel-slider__item\">\n\t<img decoding=\"async\" width=\"1920\" height=\"2560\" src=\"https:\/\/www.ensapc.fr\/wp-content\/uploads\/2026\/03\/006-scaled.jpg\" class=\"attachment-full size-full\" alt=\"\" srcset=\"https:\/\/www.ensapc.fr\/wp-content\/uploads\/2026\/03\/006-scaled.jpg 1920w, https:\/\/www.ensapc.fr\/wp-content\/uploads\/2026\/03\/006-225x300.jpg 225w, https:\/\/www.ensapc.fr\/wp-content\/uploads\/2026\/03\/006-768x1024.jpg 768w, https:\/\/www.ensapc.fr\/wp-content\/uploads\/2026\/03\/006-1152x1536.jpg 1152w, https:\/\/www.ensapc.fr\/wp-content\/uploads\/2026\/03\/006-1536x2048.jpg 1536w\" sizes=\"(max-width: 1920px) 100vw, 1920px\" \/><div class=\"carousel-slider__caption\"><p class=\"caption\"><\/p><\/div><\/a><\/div>\n\n<div class=\"carousel-slider__item\">\n\t<img decoding=\"async\" width=\"1920\" height=\"2560\" src=\"https:\/\/www.ensapc.fr\/wp-content\/uploads\/2026\/03\/008-scaled.jpg\" class=\"attachment-full size-full\" alt=\"\" srcset=\"https:\/\/www.ensapc.fr\/wp-content\/uploads\/2026\/03\/008-scaled.jpg 1920w, https:\/\/www.ensapc.fr\/wp-content\/uploads\/2026\/03\/008-225x300.jpg 225w, https:\/\/www.ensapc.fr\/wp-content\/uploads\/2026\/03\/008-768x1024.jpg 768w, https:\/\/www.ensapc.fr\/wp-content\/uploads\/2026\/03\/008-1152x1536.jpg 1152w, https:\/\/www.ensapc.fr\/wp-content\/uploads\/2026\/03\/008-1536x2048.jpg 1536w\" sizes=\"(max-width: 1920px) 100vw, 1920px\" \/><div class=\"carousel-slider__caption\"><p class=\"caption\"><\/p><\/div><\/a><\/div>\n\n<div class=\"carousel-slider__item\">\n\t<img decoding=\"async\" width=\"1888\" height=\"2560\" src=\"https:\/\/www.ensapc.fr\/wp-content\/uploads\/2026\/03\/009-scaled.jpg\" class=\"attachment-full size-full\" alt=\"\" srcset=\"https:\/\/www.ensapc.fr\/wp-content\/uploads\/2026\/03\/009-scaled.jpg 1888w, https:\/\/www.ensapc.fr\/wp-content\/uploads\/2026\/03\/009-221x300.jpg 221w, https:\/\/www.ensapc.fr\/wp-content\/uploads\/2026\/03\/009-755x1024.jpg 755w, https:\/\/www.ensapc.fr\/wp-content\/uploads\/2026\/03\/009-768x1041.jpg 768w, https:\/\/www.ensapc.fr\/wp-content\/uploads\/2026\/03\/009-1133x1536.jpg 1133w, https:\/\/www.ensapc.fr\/wp-content\/uploads\/2026\/03\/009-1510x2048.jpg 1510w\" sizes=\"(max-width: 1888px) 100vw, 1888px\" \/><div class=\"carousel-slider__caption\"><p class=\"caption\"><\/p><\/div><\/a><\/div>\n\n<div class=\"carousel-slider__item\">\n\t<img decoding=\"async\" width=\"2560\" height=\"2039\" src=\"https:\/\/www.ensapc.fr\/wp-content\/uploads\/2026\/03\/015-scaled.jpg\" class=\"attachment-full size-full\" alt=\"\" srcset=\"https:\/\/www.ensapc.fr\/wp-content\/uploads\/2026\/03\/015-scaled.jpg 2560w, https:\/\/www.ensapc.fr\/wp-content\/uploads\/2026\/03\/015-300x239.jpg 300w, https:\/\/www.ensapc.fr\/wp-content\/uploads\/2026\/03\/015-1024x816.jpg 1024w, https:\/\/www.ensapc.fr\/wp-content\/uploads\/2026\/03\/015-768x612.jpg 768w, https:\/\/www.ensapc.fr\/wp-content\/uploads\/2026\/03\/015-1536x1223.jpg 1536w, https:\/\/www.ensapc.fr\/wp-content\/uploads\/2026\/03\/015-2048x1631.jpg 2048w\" sizes=\"(max-width: 2560px) 100vw, 2560px\" \/><div class=\"carousel-slider__caption\"><p class=\"caption\"><\/p><\/div><\/a><\/div>\n\n<div class=\"carousel-slider__item\">\n\t<img decoding=\"async\" width=\"2560\" height=\"1920\" src=\"https:\/\/www.ensapc.fr\/wp-content\/uploads\/2026\/03\/021-scaled.jpg\" class=\"attachment-full size-full\" alt=\"\" srcset=\"https:\/\/www.ensapc.fr\/wp-content\/uploads\/2026\/03\/021-scaled.jpg 2560w, https:\/\/www.ensapc.fr\/wp-content\/uploads\/2026\/03\/021-300x225.jpg 300w, https:\/\/www.ensapc.fr\/wp-content\/uploads\/2026\/03\/021-1024x768.jpg 1024w, https:\/\/www.ensapc.fr\/wp-content\/uploads\/2026\/03\/021-768x576.jpg 768w, https:\/\/www.ensapc.fr\/wp-content\/uploads\/2026\/03\/021-1536x1152.jpg 1536w, https:\/\/www.ensapc.fr\/wp-content\/uploads\/2026\/03\/021-2048x1536.jpg 2048w\" sizes=\"(max-width: 2560px) 100vw, 2560px\" \/><div class=\"carousel-slider__caption\"><p class=\"caption\"><\/p><\/div><\/a><\/div>\n\n<div class=\"carousel-slider__item\">\n\t<img decoding=\"async\" width=\"2560\" height=\"1920\" src=\"https:\/\/www.ensapc.fr\/wp-content\/uploads\/2026\/03\/033-scaled.jpg\" class=\"attachment-full size-full\" alt=\"\" srcset=\"https:\/\/www.ensapc.fr\/wp-content\/uploads\/2026\/03\/033-scaled.jpg 2560w, https:\/\/www.ensapc.fr\/wp-content\/uploads\/2026\/03\/033-300x225.jpg 300w, https:\/\/www.ensapc.fr\/wp-content\/uploads\/2026\/03\/033-1024x768.jpg 1024w, https:\/\/www.ensapc.fr\/wp-content\/uploads\/2026\/03\/033-768x576.jpg 768w, https:\/\/www.ensapc.fr\/wp-content\/uploads\/2026\/03\/033-1536x1152.jpg 1536w, https:\/\/www.ensapc.fr\/wp-content\/uploads\/2026\/03\/033-2048x1536.jpg 2048w\" sizes=\"(max-width: 2560px) 100vw, 2560px\" \/><div class=\"carousel-slider__caption\"><p class=\"caption\"><\/p><\/div><\/a><\/div>\n\n<div class=\"carousel-slider__item\">\n\t<img decoding=\"async\" width=\"2560\" height=\"1920\" src=\"https:\/\/www.ensapc.fr\/wp-content\/uploads\/2026\/03\/037-scaled.jpg\" class=\"attachment-full size-full\" alt=\"\" srcset=\"https:\/\/www.ensapc.fr\/wp-content\/uploads\/2026\/03\/037-scaled.jpg 2560w, https:\/\/www.ensapc.fr\/wp-content\/uploads\/2026\/03\/037-300x225.jpg 300w, https:\/\/www.ensapc.fr\/wp-content\/uploads\/2026\/03\/037-1024x768.jpg 1024w, https:\/\/www.ensapc.fr\/wp-content\/uploads\/2026\/03\/037-768x576.jpg 768w, https:\/\/www.ensapc.fr\/wp-content\/uploads\/2026\/03\/037-1536x1152.jpg 1536w, https:\/\/www.ensapc.fr\/wp-content\/uploads\/2026\/03\/037-2048x1536.jpg 2048w\" sizes=\"(max-width: 2560px) 100vw, 2560px\" \/><div class=\"carousel-slider__caption\"><p class=\"caption\"><\/p><\/div><\/a><\/div>\n\n<div class=\"carousel-slider__item\">\n\t<img decoding=\"async\" width=\"1920\" height=\"2560\" src=\"https:\/\/www.ensapc.fr\/wp-content\/uploads\/2026\/03\/040-scaled.jpg\" class=\"attachment-full size-full\" alt=\"\" srcset=\"https:\/\/www.ensapc.fr\/wp-content\/uploads\/2026\/03\/040-scaled.jpg 1920w, https:\/\/www.ensapc.fr\/wp-content\/uploads\/2026\/03\/040-225x300.jpg 225w, https:\/\/www.ensapc.fr\/wp-content\/uploads\/2026\/03\/040-768x1024.jpg 768w, https:\/\/www.ensapc.fr\/wp-content\/uploads\/2026\/03\/040-1152x1536.jpg 1152w, https:\/\/www.ensapc.fr\/wp-content\/uploads\/2026\/03\/040-1536x2048.jpg 1536w\" sizes=\"(max-width: 1920px) 100vw, 1920px\" \/><div class=\"carousel-slider__caption\"><p class=\"caption\"><\/p><\/div><\/a><\/div>\n\n<\/div><!-- .carousel-slider-14726 -->\n<\/div><!-- .carousel-slider-outer-14726 -->\n\n<p>Photos \u00a9 Objets Pointus[\/vc_column_text][vc_empty_space height=\u00a0\u00bb52px\u00a0\u00bb][\/vc_column][\/vc_row][vc_row][vc_column][vc_single_image image=\u00a0\u00bb14753&Prime; img_size=\u00a0\u00bbLarge\u00a0\u00bb alignment=\u00a0\u00bbcenter\u00a0\u00bb css=\u00a0\u00bb\u00a0\u00bb][\/vc_column][\/vc_row][vc_row css=\u00a0\u00bb.vc_custom_1676554001390{padding-top: 20px !important;padding-right: 30px !important;padding-left: 30px !important;}\u00a0\u00bb][vc_column][vc_column_text css=\u00a0\u00bb.vc_custom_1758716114828{padding-left: 0px !important;}\u00a0\u00bb][\/vc_column_text][vc_column_text css=\u00a0\u00bb\u00a0\u00bb][\/vc_column_text][vc_empty_space height=\u00a0\u00bb72px\u00a0\u00bb][\/vc_column][\/vc_row][vc_row][vc_column][vc_empty_space height=\u00a0\u00bb72px\u00a0\u00bb][\/vc_column][\/vc_row]<\/p>\n<\/div>","protected":false},"excerpt":{"rendered":"<p>[vc_row][vc_column][vc_single_image image=\u00a0\u00bb14462&Prime; img_size=\u00a0\u00bbLarge\u00a0\u00bb alignment=\u00a0\u00bbcenter\u00a0\u00bb css=\u00a0\u00bb.vc_custom_1765895495108{padding-top: -30px !important;}\u00a0\u00bb][vc_column_text css=\u00a0\u00bb\u00a0\u00bb]Image extraite du jeu video Side Quest (2025). \u00a9 Elouan Le Bars[\/vc_column_text][vc_column_text css=\u00a0\u00bb\u00a0\u00bb] Side Quest Exposition personnelle d&rsquo;Elouan Le Bars au Centre d&rsquo;art Ygrec-ENSAPC Commissariat d\u2019exposition : Guillaume Breton Du 6 f\u00e9vrier au 11 avril 2026 Vernissage le vendredi 6 f\u00e9vrier 2026, 17h-21h[\/vc_column_text][vc_column_text css=\u00a0\u00bb\u00a0\u00bb]Side Quest est une exposition&#8230;  <a class=\"excerpt-read-more\" href=\"https:\/\/www.ensapc.fr\/fr\/ygrec\/exposition\/a-venir\/\" title=\"Read EN COURS\">Lire la suite &raquo;<\/a><\/p>\n","protected":false},"author":1,"featured_media":0,"parent":1483,"menu_order":36,"comment_status":"closed","ping_status":"closed","template":"","meta":{"footnotes":""},"class_list":["post-10930","page","type-page","status-publish","hentry"],"_links":{"self":[{"href":"https:\/\/www.ensapc.fr\/fr\/wp-json\/wp\/v2\/pages\/10930","targetHints":{"allow":["GET"]}}],"collection":[{"href":"https:\/\/www.ensapc.fr\/fr\/wp-json\/wp\/v2\/pages"}],"about":[{"href":"https:\/\/www.ensapc.fr\/fr\/wp-json\/wp\/v2\/types\/page"}],"author":[{"embeddable":true,"href":"https:\/\/www.ensapc.fr\/fr\/wp-json\/wp\/v2\/users\/1"}],"replies":[{"embeddable":true,"href":"https:\/\/www.ensapc.fr\/fr\/wp-json\/wp\/v2\/comments?post=10930"}],"version-history":[{"count":35,"href":"https:\/\/www.ensapc.fr\/fr\/wp-json\/wp\/v2\/pages\/10930\/revisions"}],"predecessor-version":[{"id":14759,"href":"https:\/\/www.ensapc.fr\/fr\/wp-json\/wp\/v2\/pages\/10930\/revisions\/14759"}],"up":[{"embeddable":true,"href":"https:\/\/www.ensapc.fr\/fr\/wp-json\/wp\/v2\/pages\/1483"}],"wp:attachment":[{"href":"https:\/\/www.ensapc.fr\/fr\/wp-json\/wp\/v2\/media?parent=10930"}],"curies":[{"name":"wp","href":"https:\/\/api.w.org\/{rel}","templated":true}]}}