{"id":10938,"date":"2023-03-07T09:48:27","date_gmt":"2023-03-07T08:48:27","guid":{"rendered":"https:\/\/www.ensapc.fr\/?page_id=10938"},"modified":"2023-03-30T11:13:50","modified_gmt":"2023-03-30T09:13:50","slug":"atrocity-exhibition","status":"publish","type":"page","link":"https:\/\/www.ensapc.fr\/fr\/ygrec\/archives\/2023-2\/atrocity-exhibition\/","title":{"rendered":"ATROCITY EXHIBITION"},"content":{"rendered":"<div class=\"wpb-content-wrapper\"><p>[vc_row][vc_column][vc_single_image image=\u00a0\u00bb10740&Prime; img_size=\u00a0\u00bblarge\u00a0\u00bb add_caption=\u00a0\u00bbyes\u00a0\u00bb alignment=\u00a0\u00bbcenter\u00a0\u00bb][\/vc_column][\/vc_row][vc_row][vc_column][vc_column_text]Consacr\u00e9 au groupe de musique industrielle Throbbing Gristle (1975-1981) et au quartier londonien de Hackney, <em>Atrocity Exhibition <\/em>est une enqu\u00eate photographique et paysag\u00e8re qui tente, plus de trente ans apr\u00e8s la dissolution du groupe, d\u2019en faire discr\u00e8tement revenir le fant\u00f4me.<\/p>\n<p>Si la musique rugueuse et inconfortable du groupe britannique Throbbing Gristle fut d\u00e8s l\u2019origine qualifi\u00e9e d\u2019industrielle, ce n\u2019est pas simplement parce que, comme ont pu le souligner les int\u00e9ress\u00e9\u00b7e\u00b7s elles\u00b7eux-m\u00eames, elle refl\u00e9tait la brutalit\u00e9 de leur environnement imm\u00e9diat : le quartier londonien o\u00f9 iels avaient \u00e9lu domicile d\u00e8s 1973, Hackney, alors fortement d\u00e9grad\u00e9. C\u2019est \u00e9galement, et peut-\u00eatre plus encore parce que, comme l\u2019a formul\u00e9 de mani\u00e8re \u00e9nigmatique le chanteur et parolier du groupe, Genesis P-Orridge, en ouverture du premier concert officiel de Throbbing Gristle \u00e0 l\u2019I.C.A. (Londres), il y est d\u2019abord et fondamentalement question du \u00ab post-effondrement de la civilisation \u00bb.<\/p>\n<p>Faisant l\u2019hypoth\u00e8se, plus de trente ans apr\u00e8s la s\u00e9paration du groupe, qu\u2019Hackney est toujours porteur de signes susceptibles de faire \u00e9cho \u00e0 l\u2019univers culturel et artistique de Throbbing Gristle \u2013 et d\u2019\u00e9clairer ainsi les tenants et les aboutissants de cette formule radicale \u00e0 partir de laquelle s\u2019est d\u00e9finie la pratique et les productions musicales ou visuelles de ce groupe \u2013 Benoit Grimbert a r\u00e9alis\u00e9 dans ce quartier une s\u00e9rie de vingt photographies. Se jouant de l\u2019\u00e9vidence du caract\u00e8re indiciel du m\u00e9dium photographique et convoquant une th\u00e9orie du signe non repr\u00e9sentatif, ces photographies sont accompagn\u00e9es de citations d\u2019origines diverses, suppos\u00e9es \u00e9voquer l\u2019horizon invisible de chacune d\u2019entre elles.<\/p>\n<p>Cette s\u00e9rie de 20 photographies constitue le volet plastique d\u2019une th\u00e8se de cr\u00e9ation en Arts plastiques et photographie men\u00e9e \u00e0 l\u2019Universit\u00e9 Paris 8 Saint-Denis (EDESTA\/AIAC) sous la direction de Catherine Perret et Jean-Philippe Antoine.<\/p>\n<p>[\/vc_column_text][\/vc_column][\/vc_row][vc_row][vc_column][vc_column_text]<div class=\"carousel-slider-outer carousel-slider-outer-image-carousel carousel-slider-outer-11091\" style=\"--carousel-slider-nav-color:#f1f1f1;--carousel-slider-active-nav-color:#00d1b2;--carousel-slider-arrow-size:48px;--carousel-slider-bullet-size:10px\">\n<div id=\"&#039;id-11091\" class=\"carousel-slider carousel-slider-11091 arrows-visibility-hover dots-visibility-never arrows-outside dots-center dots-circle owl-carousel\" data-slide-type=\"image-carousel\" data-owl-settings='{\"nav\":true,\"dots\":false,\"slideBy\":1,\"stagePadding\":50,\"margin\":10,\"loop\":true,\"lazyLoad\":false,\"autoplay\":true,\"autoplayTimeout\":5000,\"autoplaySpeed\":500,\"autoplayHoverPause\":true,\"autoWidth\":false,\"responsive\":{\"300\":{\"items\":1},\"576\":{\"items\":1},\"768\":{\"items\":1},\"1024\":{\"items\":1},\"1280\":{\"items\":1},\"1536\":{\"items\":1}}}'>\n<div class=\"carousel-slider__item\">\n\t<img decoding=\"async\" width=\"2560\" height=\"1707\" src=\"https:\/\/www.ensapc.fr\/wp-content\/uploads\/2023\/03\/Ygrec_Atrocity_Exhibition_Benoit_Grimbert-08-1-scaled.jpg\" class=\"attachment-full size-full\" alt=\"\" srcset=\"https:\/\/www.ensapc.fr\/wp-content\/uploads\/2023\/03\/Ygrec_Atrocity_Exhibition_Benoit_Grimbert-08-1-scaled.jpg 2560w, https:\/\/www.ensapc.fr\/wp-content\/uploads\/2023\/03\/Ygrec_Atrocity_Exhibition_Benoit_Grimbert-08-1-300x200.jpg 300w, https:\/\/www.ensapc.fr\/wp-content\/uploads\/2023\/03\/Ygrec_Atrocity_Exhibition_Benoit_Grimbert-08-1-1024x683.jpg 1024w, https:\/\/www.ensapc.fr\/wp-content\/uploads\/2023\/03\/Ygrec_Atrocity_Exhibition_Benoit_Grimbert-08-1-768x512.jpg 768w, https:\/\/www.ensapc.fr\/wp-content\/uploads\/2023\/03\/Ygrec_Atrocity_Exhibition_Benoit_Grimbert-08-1-1536x1024.jpg 1536w, https:\/\/www.ensapc.fr\/wp-content\/uploads\/2023\/03\/Ygrec_Atrocity_Exhibition_Benoit_Grimbert-08-1-2048x1365.jpg 2048w\" sizes=\"(max-width: 2560px) 100vw, 2560px\" \/><div class=\"carousel-slider__caption\"><p class=\"caption\">Benoit Grimbert, &quot;Atrocity Exhibition&quot;, Centre d&#039;art Ygrec-ENSAPC \u00a9Objets pointus.<\/p><\/div><\/a><\/div>\n\n<div class=\"carousel-slider__item\">\n\t<img decoding=\"async\" width=\"2560\" height=\"1707\" src=\"https:\/\/www.ensapc.fr\/wp-content\/uploads\/2023\/03\/Ygrec_Atrocity_Exhibition_Benoit_Grimbert-03-1-scaled.jpg\" class=\"attachment-full size-full\" alt=\"\" srcset=\"https:\/\/www.ensapc.fr\/wp-content\/uploads\/2023\/03\/Ygrec_Atrocity_Exhibition_Benoit_Grimbert-03-1-scaled.jpg 2560w, https:\/\/www.ensapc.fr\/wp-content\/uploads\/2023\/03\/Ygrec_Atrocity_Exhibition_Benoit_Grimbert-03-1-300x200.jpg 300w, https:\/\/www.ensapc.fr\/wp-content\/uploads\/2023\/03\/Ygrec_Atrocity_Exhibition_Benoit_Grimbert-03-1-1024x683.jpg 1024w, https:\/\/www.ensapc.fr\/wp-content\/uploads\/2023\/03\/Ygrec_Atrocity_Exhibition_Benoit_Grimbert-03-1-768x512.jpg 768w, https:\/\/www.ensapc.fr\/wp-content\/uploads\/2023\/03\/Ygrec_Atrocity_Exhibition_Benoit_Grimbert-03-1-1536x1024.jpg 1536w, https:\/\/www.ensapc.fr\/wp-content\/uploads\/2023\/03\/Ygrec_Atrocity_Exhibition_Benoit_Grimbert-03-1-2048x1365.jpg 2048w\" sizes=\"(max-width: 2560px) 100vw, 2560px\" \/><div class=\"carousel-slider__caption\"><p class=\"caption\">Benoit Grimbert, &quot;Atrocity Exhibition&quot;, Centre d&#039;art Ygrec-ENSAPC \u00a9Objets pointus.<\/p><\/div><\/a><\/div>\n\n<div class=\"carousel-slider__item\">\n\t<img decoding=\"async\" width=\"2560\" height=\"1707\" src=\"https:\/\/www.ensapc.fr\/wp-content\/uploads\/2023\/03\/Ygrec_Atrocity_Exhibition_Benoit_Grimbert-02-1-scaled.jpg\" class=\"attachment-full size-full\" alt=\"\" srcset=\"https:\/\/www.ensapc.fr\/wp-content\/uploads\/2023\/03\/Ygrec_Atrocity_Exhibition_Benoit_Grimbert-02-1-scaled.jpg 2560w, https:\/\/www.ensapc.fr\/wp-content\/uploads\/2023\/03\/Ygrec_Atrocity_Exhibition_Benoit_Grimbert-02-1-300x200.jpg 300w, https:\/\/www.ensapc.fr\/wp-content\/uploads\/2023\/03\/Ygrec_Atrocity_Exhibition_Benoit_Grimbert-02-1-1024x683.jpg 1024w, https:\/\/www.ensapc.fr\/wp-content\/uploads\/2023\/03\/Ygrec_Atrocity_Exhibition_Benoit_Grimbert-02-1-768x512.jpg 768w, https:\/\/www.ensapc.fr\/wp-content\/uploads\/2023\/03\/Ygrec_Atrocity_Exhibition_Benoit_Grimbert-02-1-1536x1024.jpg 1536w, https:\/\/www.ensapc.fr\/wp-content\/uploads\/2023\/03\/Ygrec_Atrocity_Exhibition_Benoit_Grimbert-02-1-2048x1365.jpg 2048w\" sizes=\"(max-width: 2560px) 100vw, 2560px\" \/><div class=\"carousel-slider__caption\"><p class=\"caption\">Benoit Grimbert, &quot;Atrocity Exhibition&quot;, Centre d&#039;art Ygrec-ENSAPC \u00a9Objets pointus.<\/p><\/div><\/a><\/div>\n\n<div class=\"carousel-slider__item\">\n\t<img decoding=\"async\" width=\"2560\" height=\"1707\" src=\"https:\/\/www.ensapc.fr\/wp-content\/uploads\/2023\/03\/Ygrec_Atrocity_Exhibition_Benoit_Grimbert-01-1-scaled.jpg\" class=\"attachment-full size-full\" alt=\"\" srcset=\"https:\/\/www.ensapc.fr\/wp-content\/uploads\/2023\/03\/Ygrec_Atrocity_Exhibition_Benoit_Grimbert-01-1-scaled.jpg 2560w, https:\/\/www.ensapc.fr\/wp-content\/uploads\/2023\/03\/Ygrec_Atrocity_Exhibition_Benoit_Grimbert-01-1-300x200.jpg 300w, https:\/\/www.ensapc.fr\/wp-content\/uploads\/2023\/03\/Ygrec_Atrocity_Exhibition_Benoit_Grimbert-01-1-1024x683.jpg 1024w, https:\/\/www.ensapc.fr\/wp-content\/uploads\/2023\/03\/Ygrec_Atrocity_Exhibition_Benoit_Grimbert-01-1-768x512.jpg 768w, https:\/\/www.ensapc.fr\/wp-content\/uploads\/2023\/03\/Ygrec_Atrocity_Exhibition_Benoit_Grimbert-01-1-1536x1024.jpg 1536w, https:\/\/www.ensapc.fr\/wp-content\/uploads\/2023\/03\/Ygrec_Atrocity_Exhibition_Benoit_Grimbert-01-1-2048x1365.jpg 2048w\" sizes=\"(max-width: 2560px) 100vw, 2560px\" \/><div class=\"carousel-slider__caption\"><p class=\"caption\">Benoit Grimbert, &quot;Atrocity Exhibition&quot;, Centre d&#039;art Ygrec-ENSAPC \u00a9Objets pointus.<\/p><\/div><\/a><\/div>\n\n<div class=\"carousel-slider__item\">\n\t<img decoding=\"async\" width=\"2560\" height=\"1707\" src=\"https:\/\/www.ensapc.fr\/wp-content\/uploads\/2023\/03\/Ygrec_Atrocity_Exhibition_Benoit_Grimbert-09-1-scaled.jpg\" class=\"attachment-full size-full\" alt=\"\" srcset=\"https:\/\/www.ensapc.fr\/wp-content\/uploads\/2023\/03\/Ygrec_Atrocity_Exhibition_Benoit_Grimbert-09-1-scaled.jpg 2560w, https:\/\/www.ensapc.fr\/wp-content\/uploads\/2023\/03\/Ygrec_Atrocity_Exhibition_Benoit_Grimbert-09-1-300x200.jpg 300w, https:\/\/www.ensapc.fr\/wp-content\/uploads\/2023\/03\/Ygrec_Atrocity_Exhibition_Benoit_Grimbert-09-1-1024x683.jpg 1024w, https:\/\/www.ensapc.fr\/wp-content\/uploads\/2023\/03\/Ygrec_Atrocity_Exhibition_Benoit_Grimbert-09-1-768x512.jpg 768w, https:\/\/www.ensapc.fr\/wp-content\/uploads\/2023\/03\/Ygrec_Atrocity_Exhibition_Benoit_Grimbert-09-1-1536x1024.jpg 1536w, https:\/\/www.ensapc.fr\/wp-content\/uploads\/2023\/03\/Ygrec_Atrocity_Exhibition_Benoit_Grimbert-09-1-2048x1365.jpg 2048w\" sizes=\"(max-width: 2560px) 100vw, 2560px\" \/><div class=\"carousel-slider__caption\"><p class=\"caption\">Benoit Grimbert, &quot;Atrocity Exhibition&quot;, Centre d&#039;art Ygrec-ENSAPC \u00a9Objets pointus.<\/p><\/div><\/a><\/div>\n\n<div class=\"carousel-slider__item\">\n\t<img decoding=\"async\" width=\"2560\" height=\"1707\" src=\"https:\/\/www.ensapc.fr\/wp-content\/uploads\/2023\/03\/Ygrec_Atrocity_Exhibition_Benoit_Grimbert-11-1-scaled.jpg\" class=\"attachment-full size-full\" alt=\"\" srcset=\"https:\/\/www.ensapc.fr\/wp-content\/uploads\/2023\/03\/Ygrec_Atrocity_Exhibition_Benoit_Grimbert-11-1-scaled.jpg 2560w, https:\/\/www.ensapc.fr\/wp-content\/uploads\/2023\/03\/Ygrec_Atrocity_Exhibition_Benoit_Grimbert-11-1-300x200.jpg 300w, https:\/\/www.ensapc.fr\/wp-content\/uploads\/2023\/03\/Ygrec_Atrocity_Exhibition_Benoit_Grimbert-11-1-1024x683.jpg 1024w, https:\/\/www.ensapc.fr\/wp-content\/uploads\/2023\/03\/Ygrec_Atrocity_Exhibition_Benoit_Grimbert-11-1-768x512.jpg 768w, https:\/\/www.ensapc.fr\/wp-content\/uploads\/2023\/03\/Ygrec_Atrocity_Exhibition_Benoit_Grimbert-11-1-1536x1024.jpg 1536w, https:\/\/www.ensapc.fr\/wp-content\/uploads\/2023\/03\/Ygrec_Atrocity_Exhibition_Benoit_Grimbert-11-1-2048x1365.jpg 2048w\" sizes=\"(max-width: 2560px) 100vw, 2560px\" \/><div class=\"carousel-slider__caption\"><p class=\"caption\">Benoit Grimbert, &quot;Atrocity Exhibition&quot;, Centre d&#039;art Ygrec-ENSAPC \u00a9Objets pointus<\/p><\/div><\/a><\/div>\n\n<div class=\"carousel-slider__item\">\n\t<img decoding=\"async\" width=\"2560\" height=\"1707\" src=\"https:\/\/www.ensapc.fr\/wp-content\/uploads\/2023\/03\/Ygrec_Atrocity_Exhibition_Benoit_Grimbert-12-1-scaled.jpg\" class=\"attachment-full size-full\" alt=\"\" srcset=\"https:\/\/www.ensapc.fr\/wp-content\/uploads\/2023\/03\/Ygrec_Atrocity_Exhibition_Benoit_Grimbert-12-1-scaled.jpg 2560w, https:\/\/www.ensapc.fr\/wp-content\/uploads\/2023\/03\/Ygrec_Atrocity_Exhibition_Benoit_Grimbert-12-1-300x200.jpg 300w, https:\/\/www.ensapc.fr\/wp-content\/uploads\/2023\/03\/Ygrec_Atrocity_Exhibition_Benoit_Grimbert-12-1-1024x683.jpg 1024w, https:\/\/www.ensapc.fr\/wp-content\/uploads\/2023\/03\/Ygrec_Atrocity_Exhibition_Benoit_Grimbert-12-1-768x512.jpg 768w, https:\/\/www.ensapc.fr\/wp-content\/uploads\/2023\/03\/Ygrec_Atrocity_Exhibition_Benoit_Grimbert-12-1-1536x1024.jpg 1536w, https:\/\/www.ensapc.fr\/wp-content\/uploads\/2023\/03\/Ygrec_Atrocity_Exhibition_Benoit_Grimbert-12-1-2048x1365.jpg 2048w\" sizes=\"(max-width: 2560px) 100vw, 2560px\" \/><div class=\"carousel-slider__caption\"><p class=\"caption\">Benoit Grimbert, &quot;Atrocity Exhibition&quot;, Centre d&#039;art Ygrec-ENSAPC \u00a9Objets pointus<\/p><\/div><\/a><\/div>\n\n<div class=\"carousel-slider__item\">\n\t<img decoding=\"async\" width=\"2560\" height=\"1707\" src=\"https:\/\/www.ensapc.fr\/wp-content\/uploads\/2023\/03\/Ygrec_Atrocity_Exhibition_Benoit_Grimbert-17-1-scaled.jpg\" class=\"attachment-full size-full\" alt=\"\" srcset=\"https:\/\/www.ensapc.fr\/wp-content\/uploads\/2023\/03\/Ygrec_Atrocity_Exhibition_Benoit_Grimbert-17-1-scaled.jpg 2560w, https:\/\/www.ensapc.fr\/wp-content\/uploads\/2023\/03\/Ygrec_Atrocity_Exhibition_Benoit_Grimbert-17-1-300x200.jpg 300w, https:\/\/www.ensapc.fr\/wp-content\/uploads\/2023\/03\/Ygrec_Atrocity_Exhibition_Benoit_Grimbert-17-1-1024x683.jpg 1024w, https:\/\/www.ensapc.fr\/wp-content\/uploads\/2023\/03\/Ygrec_Atrocity_Exhibition_Benoit_Grimbert-17-1-768x512.jpg 768w, https:\/\/www.ensapc.fr\/wp-content\/uploads\/2023\/03\/Ygrec_Atrocity_Exhibition_Benoit_Grimbert-17-1-1536x1024.jpg 1536w, https:\/\/www.ensapc.fr\/wp-content\/uploads\/2023\/03\/Ygrec_Atrocity_Exhibition_Benoit_Grimbert-17-1-2048x1365.jpg 2048w\" sizes=\"(max-width: 2560px) 100vw, 2560px\" \/><div class=\"carousel-slider__caption\"><p class=\"caption\">Benoit Grimbert, &quot;Atrocity Exhibition&quot;, Centre d&#039;art Ygrec-ENSAPC \u00a9Objets pointus<\/p><\/div><\/a><\/div>\n\n<\/div><!-- .carousel-slider-11091 -->\n<\/div><!-- .carousel-slider-outer-11091 -->\n[\/vc_column_text][\/vc_column][\/vc_row][vc_row][vc_column][vc_column_text]<strong>\u00a0<\/strong><strong>Benoit Grimbert<\/strong><\/p>\n<p>N\u00e9 en 1969, Benoit Grimbert est un artiste privil\u00e9giant le m\u00e9dium photographique et le support \u00e9ditorial. Inscrite dans l\u2019espace de la ville, sa pratique en interroge les formes et les mutations. En 2004-2005, il a r\u00e9pondu \u00e0 une commande sur les paysages de la Reconstruction en Normandie (<em>Normandie<\/em>, Le Point du Jour, 2006). En 2008, sa s\u00e9rie <em>A406, North Circular Road<\/em> d\u00e9crivant les abords du p\u00e9riph\u00e9rique nord de Londres est expos\u00e9e \u00e0 l\u2019ENSA Paris-Malaquais dans le cadre du Mois de la photo \u00e0 Paris. Parall\u00e8lement \u00e0 cette exploration documentaire du paysage urbain et p\u00e9ri-urbain, il d\u00e9veloppe depuis 2010 une approche plus m\u00e9taphorique de la ville, laquelle se d\u00e9chiffre d\u00e8s lors \u00e0 travers le filtre d\u2019une figure issue du champ de la musique \u00ab pop \u00bb. Entamant dans ce nouveau contexte une collaboration avec l\u2019\u00e9diteur Bartleby &amp; Co. (Bruxelles), il s\u2019est ainsi int\u00e9ress\u00e9 au chanteur du groupe Joy Division, Ian Curtis (<em>Lips that would kiss<\/em>, 2011), \u00e0 David Bowie (<em>Neuk\u00f6ln \u00ab Heroes \u00bb<\/em>, 2013, en collaboration avec Hannah Darabi), ou encore \u00e0 la chanteuse allemande Nico (<em>Nuclear Winter<\/em>, 2018). Il travaille actuellement \u00e0 un projet \u00e9ditorial en lien avec Jim Morrison et la Californie des ann\u00e9es 1960.<\/p>\n<p>&nbsp;<\/p>\n<p>En partenariat avec l&rsquo;Universit\u00e9 Paris 8 Vincennes &#8211; Saint-Denis[\/vc_column_text][\/vc_column][\/vc_row][vc_row][vc_column width=\u00a0\u00bb1\/2&Prime;][vc_single_image image=\u00a0\u00bb10756&Prime; img_size=\u00a0\u00bb100&#215;53&Prime; alignment=\u00a0\u00bbright\u00a0\u00bb][\/vc_column][vc_column width=\u00a0\u00bb1\/2&Prime;][\/vc_column][\/vc_row]<\/p>\n<\/div>","protected":false},"excerpt":{"rendered":"<p>[vc_row][vc_column][vc_single_image image=\u00a0\u00bb10740&Prime; img_size=\u00a0\u00bblarge\u00a0\u00bb add_caption=\u00a0\u00bbyes\u00a0\u00bb alignment=\u00a0\u00bbcenter\u00a0\u00bb][\/vc_column][\/vc_row][vc_row][vc_column][vc_column_text]Consacr\u00e9 au groupe de musique industrielle Throbbing Gristle (1975-1981) et au quartier londonien de Hackney, Atrocity Exhibition est une enqu\u00eate photographique et paysag\u00e8re qui tente, plus de trente ans apr\u00e8s la dissolution du groupe, d\u2019en faire discr\u00e8tement revenir le fant\u00f4me. Si la musique rugueuse et inconfortable du groupe britannique Throbbing Gristle&#8230;  <a class=\"excerpt-read-more\" href=\"https:\/\/www.ensapc.fr\/fr\/ygrec\/archives\/2023-2\/atrocity-exhibition\/\" title=\"Read ATROCITY EXHIBITION\">Lire la suite &raquo;<\/a><\/p>\n","protected":false},"author":1,"featured_media":0,"parent":10766,"menu_order":442,"comment_status":"closed","ping_status":"closed","template":"","meta":{"footnotes":""},"class_list":["post-10938","page","type-page","status-publish","hentry"],"_links":{"self":[{"href":"https:\/\/www.ensapc.fr\/fr\/wp-json\/wp\/v2\/pages\/10938","targetHints":{"allow":["GET"]}}],"collection":[{"href":"https:\/\/www.ensapc.fr\/fr\/wp-json\/wp\/v2\/pages"}],"about":[{"href":"https:\/\/www.ensapc.fr\/fr\/wp-json\/wp\/v2\/types\/page"}],"author":[{"embeddable":true,"href":"https:\/\/www.ensapc.fr\/fr\/wp-json\/wp\/v2\/users\/1"}],"replies":[{"embeddable":true,"href":"https:\/\/www.ensapc.fr\/fr\/wp-json\/wp\/v2\/comments?post=10938"}],"version-history":[{"count":4,"href":"https:\/\/www.ensapc.fr\/fr\/wp-json\/wp\/v2\/pages\/10938\/revisions"}],"predecessor-version":[{"id":11117,"href":"https:\/\/www.ensapc.fr\/fr\/wp-json\/wp\/v2\/pages\/10938\/revisions\/11117"}],"up":[{"embeddable":true,"href":"https:\/\/www.ensapc.fr\/fr\/wp-json\/wp\/v2\/pages\/10766"}],"wp:attachment":[{"href":"https:\/\/www.ensapc.fr\/fr\/wp-json\/wp\/v2\/media?parent=10938"}],"curies":[{"name":"wp","href":"https:\/\/api.w.org\/{rel}","templated":true}]}}