{"id":10940,"date":"2023-03-07T09:57:43","date_gmt":"2023-03-07T08:57:43","guid":{"rendered":"https:\/\/www.ensapc.fr\/?page_id=10940"},"modified":"2023-03-16T09:55:20","modified_gmt":"2023-03-16T08:55:20","slug":"memoires-du-present","status":"publish","type":"page","link":"https:\/\/www.ensapc.fr\/fr\/ygrec\/archives\/2023-2\/memoires-du-present\/","title":{"rendered":"M\u00c9MOIRE(S) DU PR\u00c9SENT"},"content":{"rendered":"<div class=\"wpb-content-wrapper\"><p>[vc_row][vc_column][vc_single_image image=\u00a0\u00bb10813&Prime; img_size=\u00a0\u00bblarge\u00a0\u00bb add_caption=\u00a0\u00bbyes\u00a0\u00bb alignment=\u00a0\u00bbcenter\u00a0\u00bb][\/vc_column][\/vc_row][vc_row css=\u00a0\u00bb.vc_custom_1674743783608{padding-top: 20px !important;padding-right: 20px !important;padding-left: 20px !important;}\u00a0\u00bb][vc_column][vc_column_text]En partenariat avec les caf\u00e9s L\u2019Arlequin et Au Bon Coin (Aubervilliers), le Centre d\u2019art Ygrec-ENSAPC pr\u00e9sente <em>M\u00e9moire(s) du pr\u00e9sent<\/em>, une exposition r\u00e9unissant les travaux du Collectif 93 Grand Angle. Compos\u00e9 de 37 photographes et habitant\u00b7e\u00b7s d\u2019Aubervilliers \u2013 notamment des dalles Villette et F\u00e9lix Faure \u2013 ce collectif a pour ambition de produire une archive visuelle des mutations de son environnement b\u00e2ti. Prenant acte de la transformation voire de la disparition des grands ensembles construits entre 1950 et 1970 suite \u00e0 des programmes de r\u00e9novation urbaine, et du peu d\u2019images documentant leur existence, les membres du Collectif 93 Grand Angle s\u2019emploient \u00e0 cr\u00e9er des supports de m\u00e9moire et d\u2019expression sur le patrimoine architectural albertivillarien. Se d\u00e9ployant dans quatre lieux diff\u00e9rents de la ville, caf\u00e9s et vitrines, l\u2019exposition propose aux visteur\u00b7euse\u00b7s et aux passant\u00b7e\u00b7s d\u2019appr\u00e9hender d\u2019une mani\u00e8re diff\u00e9rente le quartier dans lequel elle s\u2019inscrit.<\/p>\n<p style=\"text-align: left;\">Cr\u00e9\u00e9 dans le cadre des actions de la F compagnie (association albertivillarienne qui d\u00e9veloppe des projets li\u00e9s \u00e0 la photographie et \u00e0 l\u2019\u00e9criture) et dirig\u00e9 par Philippe Fenwick, le Collectif 93 Grand Angle est compos\u00e9 de\u00a0: Ikram Antari, Melbrouha Benmaouche, Mireille Bernadino, Pricille Bohui, Nordine Bouaou, Clemence Cardot, Bouchera Alaoui Chrifi, Kradija Alaoui Chrifi, Redouane Alaoui Chrifi, Dominique Claveau, Gilles Claveau, Fatima Diakhite, Ir\u00e8ne Espinous, Mohamed Faye, Alain Fejan, Reinette Godard, M\u00e9lina Hadjab, Javad Hashemi, Seyed Javad Hashemi, Myriam Kante, Ghoufrane Kridane, Noushin Lak, Corso L\u00e9liva, Irina Novodski, Fatima Omani, Mohamed Oukalti, Diariata Sacko, Gundo Sacko, Amin Sharouin, Jasmine Sebbar, Jean-Marc Sidous, Assa Soumar\u00e9, Tochukwu, Kamissa Traore, Zakia, Marc Zou, Martin Zou.<\/p>\n<p style=\"text-align: left;\">Philippe Fenwick est auteur, photographe, r\u00e9alisateur, metteur en sc\u00e8ne et com\u00e9dien. Il a publi\u00e9\u0301 entre autres <em>Un Th\u00e9\u00e2tre qui marche <\/em>(Actes Sud) et <em>Brest-Vladivostok, journal d\u2019un enthousiaste <\/em>(Les \u00c9quateurs). Photographe, il a expos\u00e9 aux \u00c9ditions du Pacifique et au Th\u00e9\u00e2tre National de Marseille la Cri\u00e9e. Il a r\u00e9alis\u00e9 <em>Hier ce sera mieux<\/em>, film sur la transmission \u00e0 Saint-Denis projet\u00e9 au Cin\u00e9ma des Cin\u00e9astes (Paris) \u00e0 l\u2019\u00c9cran (Saint-Denis) et au Festival du film ind\u00e9pendant de Casablanca. Il a \u00e9galement \u00e9crit et r\u00e9alis\u00e9 des pi\u00e8ces pr\u00e9sent\u00e9es notamment au Palais des Papes (Avignon), au 104 (Paris), \u00e0 la Galerie de la station de m\u00e9tro Palais Royal (Paris), \u00e0 l\u2019Acad\u00e9mie Fratellini (Paris), au MuCEM (Marseille), au Grand Palais (Paris), \u00e0 l\u2019Op\u00e9ra de Marseille, \u00e0 la Friche La Belle de Mai (Marseille), \u00e0 la Mairie de Paris.<\/p>\n<p style=\"text-align: left;\">Avec la collaboration de La Maison de la Jeunesse Jacques Brel (OMJA), La Maison des Langues et des Cultures d\u2019Aubervilliers, La R\u00e9sidence Salvador Allende, L\u2019Arlequin et Au Bon Coin.<\/p>\n<p style=\"text-align: left;\">En partenariat avec la Ville d\u2019Aubervilliers, le Conseil D\u00e9partemental de Seine-Saint-Denis, la Pr\u00e9fecture de Seine- Saint-Denis dans le cadre de la Politique de la Ville et Plaine Commune.<\/p>\n<p>[\/vc_column_text][\/vc_column][\/vc_row][vc_row][vc_column][vc_column_text]<div class=\"carousel-slider-outer carousel-slider-outer-image-carousel carousel-slider-outer-11020\" style=\"--carousel-slider-nav-color:#f1f1f1;--carousel-slider-active-nav-color:#00d1b2;--carousel-slider-arrow-size:48px;--carousel-slider-bullet-size:10px\">\n<div id=\"&#039;id-11020\" class=\"carousel-slider carousel-slider-11020 arrows-visibility-hover dots-visibility-never arrows-outside dots-center dots-circle owl-carousel\" data-slide-type=\"image-carousel\" data-owl-settings='{\"nav\":true,\"dots\":false,\"slideBy\":1,\"stagePadding\":50,\"margin\":10,\"loop\":true,\"lazyLoad\":false,\"autoplay\":true,\"autoplayTimeout\":5000,\"autoplaySpeed\":500,\"autoplayHoverPause\":true,\"autoWidth\":false,\"responsive\":{\"300\":{\"items\":1},\"576\":{\"items\":1},\"768\":{\"items\":1},\"1024\":{\"items\":1},\"1280\":{\"items\":1},\"1536\":{\"items\":1}}}'>\n<div class=\"carousel-slider__item\">\n\t<img decoding=\"async\" width=\"1707\" height=\"2560\" src=\"https:\/\/www.ensapc.fr\/wp-content\/uploads\/2023\/03\/494A4926-1-scaled.jpg\" class=\"attachment-full size-full\" alt=\"\" srcset=\"https:\/\/www.ensapc.fr\/wp-content\/uploads\/2023\/03\/494A4926-1-scaled.jpg 1707w, https:\/\/www.ensapc.fr\/wp-content\/uploads\/2023\/03\/494A4926-1-200x300.jpg 200w, https:\/\/www.ensapc.fr\/wp-content\/uploads\/2023\/03\/494A4926-1-683x1024.jpg 683w, https:\/\/www.ensapc.fr\/wp-content\/uploads\/2023\/03\/494A4926-1-768x1152.jpg 768w, https:\/\/www.ensapc.fr\/wp-content\/uploads\/2023\/03\/494A4926-1-1024x1536.jpg 1024w, https:\/\/www.ensapc.fr\/wp-content\/uploads\/2023\/03\/494A4926-1-1366x2048.jpg 1366w\" sizes=\"(max-width: 1707px) 100vw, 1707px\" \/><div class=\"carousel-slider__caption\"><p class=\"caption\">M\u00e9moire(s) du pr\u00e9sent, Centre d&#039;art Ygrec-ENSAPC \u00a9 Objets pointus.<\/p><\/div><\/a><\/div>\n\n<div class=\"carousel-slider__item\">\n\t<img decoding=\"async\" width=\"2560\" height=\"1721\" src=\"https:\/\/www.ensapc.fr\/wp-content\/uploads\/2023\/03\/494A4929-1-scaled.jpg\" class=\"attachment-full size-full\" alt=\"M\u00e9moire(s) du pr\u00e9sent, Centre d&#039;art Ygrec-ENSAPC \u00a9 Objets pointus.\" srcset=\"https:\/\/www.ensapc.fr\/wp-content\/uploads\/2023\/03\/494A4929-1-scaled.jpg 2560w, https:\/\/www.ensapc.fr\/wp-content\/uploads\/2023\/03\/494A4929-1-300x202.jpg 300w, https:\/\/www.ensapc.fr\/wp-content\/uploads\/2023\/03\/494A4929-1-1024x688.jpg 1024w, https:\/\/www.ensapc.fr\/wp-content\/uploads\/2023\/03\/494A4929-1-768x516.jpg 768w, https:\/\/www.ensapc.fr\/wp-content\/uploads\/2023\/03\/494A4929-1-1536x1033.jpg 1536w, https:\/\/www.ensapc.fr\/wp-content\/uploads\/2023\/03\/494A4929-1-2048x1377.jpg 2048w\" sizes=\"(max-width: 2560px) 100vw, 2560px\" \/><div class=\"carousel-slider__caption\"><p class=\"caption\">M\u00e9moire(s) du pr\u00e9sent, Centre d&#039;art Ygrec-ENSAPC \u00a9 Objets pointus.<\/p><\/div><\/a><\/div>\n\n<div class=\"carousel-slider__item\">\n\t<img decoding=\"async\" width=\"2560\" height=\"1715\" src=\"https:\/\/www.ensapc.fr\/wp-content\/uploads\/2023\/03\/494A4942-1-scaled.jpg\" class=\"attachment-full size-full\" alt=\"\" srcset=\"https:\/\/www.ensapc.fr\/wp-content\/uploads\/2023\/03\/494A4942-1-scaled.jpg 2560w, https:\/\/www.ensapc.fr\/wp-content\/uploads\/2023\/03\/494A4942-1-300x201.jpg 300w, https:\/\/www.ensapc.fr\/wp-content\/uploads\/2023\/03\/494A4942-1-1024x686.jpg 1024w, https:\/\/www.ensapc.fr\/wp-content\/uploads\/2023\/03\/494A4942-1-768x515.jpg 768w, https:\/\/www.ensapc.fr\/wp-content\/uploads\/2023\/03\/494A4942-1-1536x1029.jpg 1536w, https:\/\/www.ensapc.fr\/wp-content\/uploads\/2023\/03\/494A4942-1-2048x1372.jpg 2048w\" sizes=\"(max-width: 2560px) 100vw, 2560px\" \/><div class=\"carousel-slider__caption\"><p class=\"caption\">M\u00e9moire(s) du pr\u00e9sent, Centre d&#039;art Ygrec-ENSAPC \u00a9 Objets pointus.<\/p><\/div><\/a><\/div>\n\n<div class=\"carousel-slider__item\">\n\t<img decoding=\"async\" width=\"1847\" height=\"2560\" src=\"https:\/\/www.ensapc.fr\/wp-content\/uploads\/2023\/03\/494A4937-1-scaled.jpg\" class=\"attachment-full size-full\" alt=\"\" srcset=\"https:\/\/www.ensapc.fr\/wp-content\/uploads\/2023\/03\/494A4937-1-scaled.jpg 1847w, https:\/\/www.ensapc.fr\/wp-content\/uploads\/2023\/03\/494A4937-1-216x300.jpg 216w, https:\/\/www.ensapc.fr\/wp-content\/uploads\/2023\/03\/494A4937-1-739x1024.jpg 739w, https:\/\/www.ensapc.fr\/wp-content\/uploads\/2023\/03\/494A4937-1-768x1065.jpg 768w, https:\/\/www.ensapc.fr\/wp-content\/uploads\/2023\/03\/494A4937-1-1108x1536.jpg 1108w, https:\/\/www.ensapc.fr\/wp-content\/uploads\/2023\/03\/494A4937-1-1477x2048.jpg 1477w\" sizes=\"(max-width: 1847px) 100vw, 1847px\" \/><div class=\"carousel-slider__caption\"><p class=\"caption\">M\u00e9moire(s) du pr\u00e9sent, Centre d&#039;art Ygrec-ENSAPC \u00a9 Objets pointus.<\/p><\/div><\/a><\/div>\n\n<div class=\"carousel-slider__item\">\n\t<img decoding=\"async\" width=\"2560\" height=\"1776\" src=\"https:\/\/www.ensapc.fr\/wp-content\/uploads\/2023\/03\/494A4936-1-scaled.jpg\" class=\"attachment-full size-full\" alt=\"\" srcset=\"https:\/\/www.ensapc.fr\/wp-content\/uploads\/2023\/03\/494A4936-1-scaled.jpg 2560w, https:\/\/www.ensapc.fr\/wp-content\/uploads\/2023\/03\/494A4936-1-300x208.jpg 300w, https:\/\/www.ensapc.fr\/wp-content\/uploads\/2023\/03\/494A4936-1-1024x710.jpg 1024w, https:\/\/www.ensapc.fr\/wp-content\/uploads\/2023\/03\/494A4936-1-768x533.jpg 768w, https:\/\/www.ensapc.fr\/wp-content\/uploads\/2023\/03\/494A4936-1-1536x1066.jpg 1536w, https:\/\/www.ensapc.fr\/wp-content\/uploads\/2023\/03\/494A4936-1-2048x1421.jpg 2048w\" sizes=\"(max-width: 2560px) 100vw, 2560px\" \/><div class=\"carousel-slider__caption\"><p class=\"caption\">M\u00e9moire(s) du pr\u00e9sent, Centre d&#039;art Ygrec-ENSAPC \u00a9 Objets pointus.<\/p><\/div><\/a><\/div>\n\n<div class=\"carousel-slider__item\">\n\t<img decoding=\"async\" width=\"2560\" height=\"1707\" src=\"https:\/\/www.ensapc.fr\/wp-content\/uploads\/2023\/03\/494A4913-1-scaled.jpg\" class=\"attachment-full size-full\" alt=\"M\u00e9moire(s) du pr\u00e9sent, Centre d&#039;art Ygrec-ENSAPC \u00a9 Objets pointus.\" srcset=\"https:\/\/www.ensapc.fr\/wp-content\/uploads\/2023\/03\/494A4913-1-scaled.jpg 2560w, https:\/\/www.ensapc.fr\/wp-content\/uploads\/2023\/03\/494A4913-1-300x200.jpg 300w, https:\/\/www.ensapc.fr\/wp-content\/uploads\/2023\/03\/494A4913-1-1024x683.jpg 1024w, https:\/\/www.ensapc.fr\/wp-content\/uploads\/2023\/03\/494A4913-1-768x512.jpg 768w, https:\/\/www.ensapc.fr\/wp-content\/uploads\/2023\/03\/494A4913-1-1536x1024.jpg 1536w, https:\/\/www.ensapc.fr\/wp-content\/uploads\/2023\/03\/494A4913-1-2048x1365.jpg 2048w\" sizes=\"(max-width: 2560px) 100vw, 2560px\" \/><div class=\"carousel-slider__caption\"><p class=\"caption\">M\u00e9moire(s) du pr\u00e9sent, Centre d&#039;art Ygrec-ENSAPC \u00a9 Objets pointus.<\/p><\/div><\/a><\/div>\n\n<div class=\"carousel-slider__item\">\n\t<img decoding=\"async\" width=\"1700\" height=\"2560\" src=\"https:\/\/www.ensapc.fr\/wp-content\/uploads\/2023\/03\/494A4917-1-scaled.jpg\" class=\"attachment-full size-full\" alt=\"\" srcset=\"https:\/\/www.ensapc.fr\/wp-content\/uploads\/2023\/03\/494A4917-1-scaled.jpg 1700w, https:\/\/www.ensapc.fr\/wp-content\/uploads\/2023\/03\/494A4917-1-199x300.jpg 199w, https:\/\/www.ensapc.fr\/wp-content\/uploads\/2023\/03\/494A4917-1-680x1024.jpg 680w, https:\/\/www.ensapc.fr\/wp-content\/uploads\/2023\/03\/494A4917-1-768x1156.jpg 768w, https:\/\/www.ensapc.fr\/wp-content\/uploads\/2023\/03\/494A4917-1-1020x1536.jpg 1020w, https:\/\/www.ensapc.fr\/wp-content\/uploads\/2023\/03\/494A4917-1-1360x2048.jpg 1360w\" sizes=\"(max-width: 1700px) 100vw, 1700px\" \/><div class=\"carousel-slider__caption\"><p class=\"caption\">M\u00e9moire(s) du pr\u00e9sent, Centre d&#039;art Ygrec-ENSAPC \u00a9 Objets pointus.<\/p><\/div><\/a><\/div>\n\n<div class=\"carousel-slider__item\">\n\t<img decoding=\"async\" width=\"2560\" height=\"1707\" src=\"https:\/\/www.ensapc.fr\/wp-content\/uploads\/2023\/03\/494A4921-1-scaled.jpg\" class=\"attachment-full size-full\" alt=\"\" srcset=\"https:\/\/www.ensapc.fr\/wp-content\/uploads\/2023\/03\/494A4921-1-scaled.jpg 2560w, https:\/\/www.ensapc.fr\/wp-content\/uploads\/2023\/03\/494A4921-1-300x200.jpg 300w, https:\/\/www.ensapc.fr\/wp-content\/uploads\/2023\/03\/494A4921-1-1024x683.jpg 1024w, https:\/\/www.ensapc.fr\/wp-content\/uploads\/2023\/03\/494A4921-1-768x512.jpg 768w, https:\/\/www.ensapc.fr\/wp-content\/uploads\/2023\/03\/494A4921-1-1536x1024.jpg 1536w, https:\/\/www.ensapc.fr\/wp-content\/uploads\/2023\/03\/494A4921-1-2048x1366.jpg 2048w\" sizes=\"(max-width: 2560px) 100vw, 2560px\" \/><div class=\"carousel-slider__caption\"><p class=\"caption\">M\u00e9moire(s) du pr\u00e9sent, Centre d&#039;art Ygrec-ENSAPC \u00a9 Objets pointus.<\/p><\/div><\/a><\/div>\n\n<div class=\"carousel-slider__item\">\n\t<img decoding=\"async\" width=\"2560\" height=\"1706\" src=\"https:\/\/www.ensapc.fr\/wp-content\/uploads\/2023\/03\/494A4922-1-scaled.jpg\" class=\"attachment-full size-full\" alt=\"\" srcset=\"https:\/\/www.ensapc.fr\/wp-content\/uploads\/2023\/03\/494A4922-1-scaled.jpg 2560w, https:\/\/www.ensapc.fr\/wp-content\/uploads\/2023\/03\/494A4922-1-300x200.jpg 300w, https:\/\/www.ensapc.fr\/wp-content\/uploads\/2023\/03\/494A4922-1-1024x683.jpg 1024w, https:\/\/www.ensapc.fr\/wp-content\/uploads\/2023\/03\/494A4922-1-768x512.jpg 768w, https:\/\/www.ensapc.fr\/wp-content\/uploads\/2023\/03\/494A4922-1-1536x1024.jpg 1536w, https:\/\/www.ensapc.fr\/wp-content\/uploads\/2023\/03\/494A4922-1-2048x1365.jpg 2048w\" sizes=\"(max-width: 2560px) 100vw, 2560px\" \/><div class=\"carousel-slider__caption\"><p class=\"caption\">M\u00e9moire(s) du pr\u00e9sent, Centre d&#039;art Ygrec-ENSAPC \u00a9 Objets pointus.<\/p><\/div><\/a><\/div>\n\n<div class=\"carousel-slider__item\">\n\t<img decoding=\"async\" width=\"2560\" height=\"1707\" src=\"https:\/\/www.ensapc.fr\/wp-content\/uploads\/2023\/03\/494A4946-1-scaled.jpg\" class=\"attachment-full size-full\" alt=\"\" srcset=\"https:\/\/www.ensapc.fr\/wp-content\/uploads\/2023\/03\/494A4946-1-scaled.jpg 2560w, https:\/\/www.ensapc.fr\/wp-content\/uploads\/2023\/03\/494A4946-1-300x200.jpg 300w, https:\/\/www.ensapc.fr\/wp-content\/uploads\/2023\/03\/494A4946-1-1024x683.jpg 1024w, https:\/\/www.ensapc.fr\/wp-content\/uploads\/2023\/03\/494A4946-1-768x512.jpg 768w, https:\/\/www.ensapc.fr\/wp-content\/uploads\/2023\/03\/494A4946-1-1536x1024.jpg 1536w, https:\/\/www.ensapc.fr\/wp-content\/uploads\/2023\/03\/494A4946-1-2048x1365.jpg 2048w\" sizes=\"(max-width: 2560px) 100vw, 2560px\" \/><div class=\"carousel-slider__caption\"><p class=\"caption\">M\u00e9moire(s) du pr\u00e9sent, Centre d&#039;art Ygrec-ENSAPC \u00a9 Objets pointus.<\/p><\/div><\/a><\/div>\n\n<div class=\"carousel-slider__item\">\n\t<img decoding=\"async\" width=\"2560\" height=\"1664\" src=\"https:\/\/www.ensapc.fr\/wp-content\/uploads\/2023\/03\/494A4951-1-scaled.jpg\" class=\"attachment-full size-full\" alt=\"\" srcset=\"https:\/\/www.ensapc.fr\/wp-content\/uploads\/2023\/03\/494A4951-1-scaled.jpg 2560w, https:\/\/www.ensapc.fr\/wp-content\/uploads\/2023\/03\/494A4951-1-300x195.jpg 300w, https:\/\/www.ensapc.fr\/wp-content\/uploads\/2023\/03\/494A4951-1-1024x665.jpg 1024w, https:\/\/www.ensapc.fr\/wp-content\/uploads\/2023\/03\/494A4951-1-768x499.jpg 768w, https:\/\/www.ensapc.fr\/wp-content\/uploads\/2023\/03\/494A4951-1-1536x998.jpg 1536w, https:\/\/www.ensapc.fr\/wp-content\/uploads\/2023\/03\/494A4951-1-2048x1331.jpg 2048w\" sizes=\"(max-width: 2560px) 100vw, 2560px\" \/><div class=\"carousel-slider__caption\"><p class=\"caption\">M\u00e9moire(s) du pr\u00e9sent, Centre d&#039;art Ygrec-ENSAPC \u00a9 Objets pointus.<\/p><\/div><\/a><\/div>\n\n<div class=\"carousel-slider__item\">\n\t<img decoding=\"async\" width=\"2560\" height=\"1824\" src=\"https:\/\/www.ensapc.fr\/wp-content\/uploads\/2023\/03\/494A4952-1-scaled.jpg\" class=\"attachment-full size-full\" alt=\"\" srcset=\"https:\/\/www.ensapc.fr\/wp-content\/uploads\/2023\/03\/494A4952-1-scaled.jpg 2560w, https:\/\/www.ensapc.fr\/wp-content\/uploads\/2023\/03\/494A4952-1-300x214.jpg 300w, https:\/\/www.ensapc.fr\/wp-content\/uploads\/2023\/03\/494A4952-1-1024x730.jpg 1024w, https:\/\/www.ensapc.fr\/wp-content\/uploads\/2023\/03\/494A4952-1-768x547.jpg 768w, https:\/\/www.ensapc.fr\/wp-content\/uploads\/2023\/03\/494A4952-1-1536x1094.jpg 1536w, https:\/\/www.ensapc.fr\/wp-content\/uploads\/2023\/03\/494A4952-1-2048x1459.jpg 2048w\" sizes=\"(max-width: 2560px) 100vw, 2560px\" \/><div class=\"carousel-slider__caption\"><p class=\"caption\">M\u00e9moire(s) du pr\u00e9sent, Centre d&#039;art Ygrec-ENSAPC \u00a9 Objets pointus.<\/p><\/div><\/a><\/div>\n\n<div class=\"carousel-slider__item\">\n\t<img decoding=\"async\" width=\"2560\" height=\"1707\" src=\"https:\/\/www.ensapc.fr\/wp-content\/uploads\/2023\/03\/494A4954-1-scaled.jpg\" class=\"attachment-full size-full\" alt=\"\" srcset=\"https:\/\/www.ensapc.fr\/wp-content\/uploads\/2023\/03\/494A4954-1-scaled.jpg 2560w, https:\/\/www.ensapc.fr\/wp-content\/uploads\/2023\/03\/494A4954-1-300x200.jpg 300w, https:\/\/www.ensapc.fr\/wp-content\/uploads\/2023\/03\/494A4954-1-1024x683.jpg 1024w, https:\/\/www.ensapc.fr\/wp-content\/uploads\/2023\/03\/494A4954-1-768x512.jpg 768w, https:\/\/www.ensapc.fr\/wp-content\/uploads\/2023\/03\/494A4954-1-1536x1024.jpg 1536w, https:\/\/www.ensapc.fr\/wp-content\/uploads\/2023\/03\/494A4954-1-2048x1365.jpg 2048w\" sizes=\"(max-width: 2560px) 100vw, 2560px\" \/><div class=\"carousel-slider__caption\"><p class=\"caption\"><\/p><\/div><\/a><\/div>\n\n<\/div><!-- .carousel-slider-11020 -->\n<\/div><!-- .carousel-slider-outer-11020 -->\n[\/vc_column_text][\/vc_column][\/vc_row][vc_row][vc_column][vc_single_image image=\u00a0\u00bb10826&Prime; img_size=\u00a0\u00bb450&#215;150&Prime; alignment=\u00a0\u00bbcenter\u00a0\u00bb][\/vc_column][\/vc_row]<\/p>\n<\/div>","protected":false},"excerpt":{"rendered":"<p>[vc_row][vc_column][vc_single_image image=\u00a0\u00bb10813&Prime; img_size=\u00a0\u00bblarge\u00a0\u00bb add_caption=\u00a0\u00bbyes\u00a0\u00bb alignment=\u00a0\u00bbcenter\u00a0\u00bb][\/vc_column][\/vc_row][vc_row css=\u00a0\u00bb.vc_custom_1674743783608{padding-top: 20px !important;padding-right: 20px !important;padding-left: 20px !important;}\u00a0\u00bb][vc_column][vc_column_text]En partenariat avec les caf\u00e9s L\u2019Arlequin et Au Bon Coin (Aubervilliers), le Centre d\u2019art Ygrec-ENSAPC pr\u00e9sente M\u00e9moire(s) du pr\u00e9sent, une exposition r\u00e9unissant les travaux du Collectif 93 Grand Angle. Compos\u00e9 de 37 photographes et habitant\u00b7e\u00b7s d\u2019Aubervilliers \u2013 notamment des dalles Villette et F\u00e9lix Faure&#8230;  <a class=\"excerpt-read-more\" href=\"https:\/\/www.ensapc.fr\/fr\/ygrec\/archives\/2023-2\/memoires-du-present\/\" title=\"Read M\u00c9MOIRE(S) DU PR\u00c9SENT\">Lire la suite &raquo;<\/a><\/p>\n","protected":false},"author":1,"featured_media":0,"parent":10766,"menu_order":445,"comment_status":"closed","ping_status":"closed","template":"","meta":{"footnotes":""},"class_list":["post-10940","page","type-page","status-publish","hentry"],"_links":{"self":[{"href":"https:\/\/www.ensapc.fr\/fr\/wp-json\/wp\/v2\/pages\/10940","targetHints":{"allow":["GET"]}}],"collection":[{"href":"https:\/\/www.ensapc.fr\/fr\/wp-json\/wp\/v2\/pages"}],"about":[{"href":"https:\/\/www.ensapc.fr\/fr\/wp-json\/wp\/v2\/types\/page"}],"author":[{"embeddable":true,"href":"https:\/\/www.ensapc.fr\/fr\/wp-json\/wp\/v2\/users\/1"}],"replies":[{"embeddable":true,"href":"https:\/\/www.ensapc.fr\/fr\/wp-json\/wp\/v2\/comments?post=10940"}],"version-history":[{"count":3,"href":"https:\/\/www.ensapc.fr\/fr\/wp-json\/wp\/v2\/pages\/10940\/revisions"}],"predecessor-version":[{"id":11048,"href":"https:\/\/www.ensapc.fr\/fr\/wp-json\/wp\/v2\/pages\/10940\/revisions\/11048"}],"up":[{"embeddable":true,"href":"https:\/\/www.ensapc.fr\/fr\/wp-json\/wp\/v2\/pages\/10766"}],"wp:attachment":[{"href":"https:\/\/www.ensapc.fr\/fr\/wp-json\/wp\/v2\/media?parent=10940"}],"curies":[{"name":"wp","href":"https:\/\/api.w.org\/{rel}","templated":true}]}}