{"id":1141,"date":"2017-01-05T14:35:10","date_gmt":"2017-01-05T13:35:10","guid":{"rendered":"https:\/\/www.ensapc.fr\/fr\/?page_id=1141"},"modified":"2025-11-25T10:54:04","modified_gmt":"2025-11-25T09:54:04","slug":"ressources","status":"publish","type":"page","link":"https:\/\/www.ensapc.fr\/fr\/ecole\/ressources\/","title":{"rendered":"Ressources"},"content":{"rendered":"<div class=\"wpb-content-wrapper\"><p>[vc_row][vc_column][vc_single_image image=\u00a0\u00bb1215&Prime; img_size=\u00a0\u00bbfull\u00a0\u00bb alignment=\u00a0\u00bbcenter\u00a0\u00bb css_animation=\u00a0\u00bbbottom-to-top\u00a0\u00bb][\/vc_column][\/vc_row][vc_row el_id=\u00a0\u00bbcentrededocumentation\u00a0\u00bb][vc_column][vc_column_text css=\u00a0\u00bb\u00a0\u00bb]<\/p>\n<h3>CENTRE DE DOCUMENTATION<\/h3>\n<p>Le centre de documentation propose environ 17 000 ouvrages, une soixantaine de titres de p\u00e9riodiques dont certains sont empruntables, plus de 1000 documents sonores et audiovisuels (DVD et VHS, c\u00e9d\u00e9roms et CD audio), ainsi que les m\u00e9moires de DNSEP des \u00e9tudiants de l\u2019ENSAPC depuis 2011. Le centre de documentation fait partie du r\u00e9seau BEAR (Biblioth\u00e8ques d\u2019\u00e9coles d\u2019art en r\u00e9seau) et a conclu un partenariat avec la Biblioth\u00e8que Universitaire de CY Cergy Paris Universit\u00e9 pour l\u2019acc\u00e8s aux collections et la gratuit\u00e9 r\u00e9ciproque des pr\u00eats.<\/p>\n<p>Le fonds documentaire est sp\u00e9cialis\u00e9 : monographies et \u00e9crits d\u2019artistes, catalogues d\u2019exposition, ouvrages techniques en arts plastiques, cin\u00e9ma, art num\u00e9rique, photographie, arts de la sc\u00e8ne, livres d\u2019histoire de l\u2019art, d\u2019esth\u00e9tique\u2026 en relation avec la p\u00e9dagogie de l\u2019\u00e9cole. L\u2019ENSAPC a le souci constant d\u2019enrichir le fonds d\u2019art contemporain et de faire conna\u00eetre des publications sur les artistes \u00e9mergents.<\/p>\n<p>Deux postes informatiques, ainsi qu\u2019une photocopieuse, utilisable dans le respect des r\u00e8gles de copie, sont \u00e0 la disposition des usagers du centre de documentation. Un espace vid\u00e9o permet de visionner in situ les documents multim\u00e9dias, en particulier les non empruntables.<\/p>\n<p>Toutes les informations pratiques et modalit\u00e9s de pr\u00eats sont pr\u00e9cis\u00e9es dans les onglets du catalogue en ligne.<\/p>\n<p>Responsable centre de documentation<\/p>\n<p><a href=\"mailto:nadine.le-rigoleur@ensapc.fr\"><br \/>\nNADINE LERIGOLEUR<\/a><br \/>\n<a href=\"tel:+33130 07891\">+ 33 (0)1 30 30 78 91<\/a>[\/vc_column_text][vc_btn title=\u00a0\u00bbAcc\u00e8s direct au catalogue en ligne\u00a0\u00bb link=\u00a0\u00bburl:%20https%3A%2F%2Fensapc.centredoc.fr%2F%20|||\u00a0\u00bb][\/vc_column][\/vc_row][vc_row el_id=\u00a0\u00bbateliers\u00a0\u00bb][vc_column][vc_column_text css=\u00a0\u00bb\u00a0\u00bb]<\/p>\n<h3>ATELIERS<\/h3>\n<p>&nbsp;<\/p>\n<p><strong>BOIS<\/strong><\/p>\n<p>L\u2019atelier bois est un espace partag\u00e9 qui permet aux \u00e9tudiant-e-s de la 1RE \u00e0 la 5E ann\u00e9e de travailler \u00e0 des projets personnels, accompagn\u00e9-e-s par le responsable d\u2019atelier. Pour un bon d\u00e9roul\u00e9 du travail, il est demand\u00e9 aux \u00e9tudiant-e-s de d\u2019abord venir pr\u00e9senter leurs intentions via des croquis et\/ou des maquettes. Le responsable d\u2019atelier les accompagne ensuite pour trouver la meilleure fa\u00e7on de mettre en \u0153uvre le projet, au plus pr\u00e8s de la pratique de l\u2019\u00e9tudiant-e, selon les moyens techniques de l\u2019\u00e9cole et les comp\u00e9tences de l\u2019\u00e9tudiant-e. Cet atelier permet l\u2019exp\u00e9rimentation mais aussi des r\u00e9alisations abouties\u2009; il permet \u00e0 chaque \u00e9tudiant-e qui le souhaite d\u2019approfondir une recherche dans le champ de la sculpture, \u00e9largi aux pratiques performatives des objets, ainsi qu\u2019\u00e0 l\u2019installation sc\u00e9nographique.<\/p>\n<p>Responsables atelier :<br \/>\n<a href=\"mailto:samuel.garland@ensapc.fr\">SAMUEL GARLAND<\/a><\/p>\n<p>\u00c9quipement disponible : d\u00e9gauchisseuse, raboteuse, scie circulaire sur table, scie circulaire a\u0300 onglet, toupis, tour \u00e0 bois, outils de sculpture, meuleuses, ponceuses a\u0300 bande, ponceuses vibrantes, perceuses, scies sauteuses, cisailles e\u0301lectriques, de\u0301fonceuses.<\/p>\n<p>&nbsp;<\/p>\n<p><strong>M\u00c9TAL<\/strong><\/p>\n<p>L\u2019atelier m\u00e9tal est accessible en fonction des projets des \u00e9tudiant-e-s, sur planning avec l\u2019accord du responsable. L\u2019ensemble des r\u00e9alisations est r\u00e9fl\u00e9chi en \u00e9troite collaboration avec l\u2019\u00e9quipe p\u00e9dagogique. Chaque semestre, des sessions d\u2019initiations sont organis\u00e9es afin d\u2019asseoir les acquis techniques. Une ma\u00eetrise des bases de la 3D est la bienvenue. Partant de leurs projets et avec l\u2019accompagnement des enseignant-e-s concern\u00e9-e-s et du responsable d\u2019atelier, les e\u0301tudiant-e-s r\u00e9alisent leurs travaux dans le mate\u0301riau ad\u00e9quat.<\/p>\n<p>Responsables atelier :<br \/>\n<a href=\"mailto:david.cousinard@ensapc.fr\">DAVID COUSINARD<\/a><\/p>\n<p>\u00c9quipement disponible : plieuse \u00e0 tablier, cintreuse pour feuille de me\u0301tal, cintreuse a\u0300 galet pour les divers profile\u0301s, perceuse a\u0300 colonne, poste chalumeau a\u0300 oxyge\u0300ne ace\u0301tyle\u0300ne, poste a\u0300 soudure e\u0301lectrique.<\/p>\n<p><strong><br \/>\nSON<\/strong><\/p>\n<p>Enregistrement, montage, mixage, post-production \u00e0 l\u2019image, installations sonores, performances, montages techniques in situ, s\u00e9ances d\u2019\u00e9coute, cr\u00e9ation sonore, restauration sonore\u2026\u00a0\u00a0 Les activit\u00e9s du studio d\u00e9pendent des besoins et des projets personnels des \u00e9tudiant\u00b7e\u00b7s. Une grande partie du travail concerne la post-production \u00e0 l\u2019image (montage son, enregistrement de voix-off, doublage, bruitage et musique, mixage st\u00e9r\u00e9o ou multicanal) pour la vid\u00e9o et le cin\u00e9ma. L\u2019autre activit\u00e9 principale du studio est la production musicale : prise de son, montage, mixage. Le studio est membre de l&rsquo;Ircam depuis de nombreuses ann\u00e9es, ce qui permet aux \u00e9tudiant\u00b7e\u00b7s de profiter et de se former sur ses derniers d\u00e9veloppements logiciels.<\/p>\n<p>Responsable atelier :<br \/>\n<a href=\"mailto:nicolas.charbonnier@ensapc.fr\"><span class=\"original\">NICOLAS <\/span><span style=\"font-weight: 400;\">CHARBONNIER<\/span><\/a><\/p>\n<p>\u00c9quipement disponible :<\/p>\n<p><strong>R\u00e9gie principale d\u2019enregistrement, montage, mixage, post-production st\u00e9r\u00e9o et multicanal (5.1)\u00a0<\/strong><br \/>\nStation Protools Ultimate + interface Pro Tools HD I\/O + Mac Pro<br \/>\nSyste\u0300me d\u2019e\u0301coute 5.1 PSI audio<br \/>\nInterface Midi digidesign<br \/>\nDivers logiciels audio\u2009: Ableton Live, Reaper, plugins audio (waves, UA, Izotope, Fab Filter<br \/>\nMicrophones Telefunken Cu-29, Neumann U87, Akg C414 (paire), Sennheiser k6 + te\u0302tes cardio, omni, supercardio, Audio-Technica at4041 &amp; 4022, Electrovoice re20, Shure beta58 &amp; sM57, SM7B, Rode NT1A, NT5, couple M-S, etc.<br \/>\nPr\u00e9amplis et compresseurs hardware (Universal Audio, Neve, SPL, Warm Audio, etc)<\/p>\n<p><strong>Cabine d\u2019enregistrement, montage son et mixage st\u00e9r\u00e9o et multicanal (8.0)\u00a0<\/strong><br \/>\nStation ProTools + iMac + Focal shape 65, Clarett 8pre<br \/>\nDivers logiciels audio\u2009: Ableton Live, MAX, Reaper, native instruments, etc.<br \/>\nClavier Midi Fatar 88 touches<\/p>\n<p><strong>Studio post-prod, montage et mixage st\u00e9r\u00e9o et multicanal 5.1<\/strong><br \/>\nMac Mini M1 + interface audio Focuris Clarett 8pre + syst\u00e8me d&rsquo;\u00e9coute 5.1 Dynaudio, divers synth\u00e9tiseurs analogiques et effets (Behringer 2500 et Model D, Doepfer Dark Time, EH Delux memory man, etc).<\/p>\n<p><strong>Mat\u00e9riel mobile\u2009: concerts, performances, installations sonores<\/strong><br \/>\n3 syste\u0300mes home cine\u0301ma avec ampli Denon + enceintes 5.1<br \/>\nInterfaces audios: RME Fireface 400 et 800, Scarlett 2i4 et 6i8, SSL2+, M-Audio M-Track 8, Audient ID44, Antelope Discrete 4<br \/>\nEnceintes de sonorisation Electrovoice ZLX15P<br \/>\nEnceintes ultra-directionnelles Hypersound HSS3000<br \/>\nExciters<\/p>\n<p><strong>Mat\u00e9riel de prise de son mobile pour reportage et ext\u00e9rieur (sur demande)\u2009<\/strong><br \/>\nEnregistreurs Marantz PMD661, Zoom F4 et F6<br \/>\nMicros Sennheiser k6 hypercardio, cardio et omni, couple MS Sennheiser Mkh, micros HF<br \/>\nBonnettes Rycote, casques hd25, perches, poigne\u0301es\u2026<\/p>\n<p>&nbsp;<\/p>\n<p><strong>PHOTOGRAPHIE<\/strong><\/p>\n<p>L\u2019atelier photographique est \u00e9quip\u00e9 d\u2019un ensemble de mat\u00e9riels qui constituent une cha\u00eene de production et de postproduction professionnelle compl\u00e8te\u00a0: prises de vue du 24&#215;36 au 4&#215;5 argentique, appareils num\u00e9riques plein format et moyen format, ensemble d&rsquo;\u00e9clairages portables (flash et continue), ainsi qu\u2019un plateau de prises de vue de 200 m2 \u00e9quip\u00e9 de lumi\u00e8re continue et 9400 joules de flash. Ce mat\u00e9riel est compl\u00e9t\u00e9 d&rsquo;un atelier pour la num\u00e9risation et la post-production num\u00e9rique sur \u00e9cran \u00e9talonn\u00e9, d&rsquo;un laboratoire argentique ainsi que d&rsquo;un atelier de finition \u00e9quip\u00e9 de presses pour le collage et le pelliculage \u00e0 froid et \u00e0 chaud. Cette cha\u00eene de mat\u00e9riels est \u00e0 la disposition des \u00e9tudiant\u00b7e\u00b7s. Elle est en relation \u00e9troite avec les autres ateliers et s&rsquo;inscrit dans l&rsquo;ensemble de la p\u00e9dagogie et le projet de l\u2019\u00e9cole.<\/p>\n<p>Responsable atelier :<br \/>\n<a href=\"mailto:christian.genty@ensapc.fr\">CHRISTIAN GENTY<\/a><\/p>\n<p>\u00c9quipement disponible :<\/p>\n<p><strong>Num\u00e9rique<\/strong><br \/>\nHasselblad H5D \u2013 40<br \/>\nNikon D850\/Nikon D7200<\/p>\n<p><strong>Argentique\u00a0<\/strong><br \/>\nNikon 24\u2009\u00d7\u200936<br \/>\nMamiya 6\u2009\u00d7\u20097<br \/>\nChambre Plaubel 4\u2009\u00d7\u20095<br \/>\nGame compl\u00e8te d\u2019objectifs du 17 au 300<br \/>\nPlateau de prise de vue \u00e9quip\u00e9 d\u2019un grill technique, d\u2019un cyclo, d\u2019un d\u00e9rouleur de fond, d\u2019une table de prise de vue et d\u2019un pupitre MX pour lignes grad\u00e9es.<\/p>\n<p><strong>Flashes<\/strong><br \/>\nG\u00e9n\u00e9rateurs et torche Broncolor 1600 j<br \/>\nTorches Profoto sur baterie 1000Ws<br \/>\nFlashes Nikon<\/p>\n<p><strong>Mat\u00e9riel de post-production<\/strong><br \/>\nScanner Imacon Hasselblad Flextight X1<br \/>\nScanners Epson A4<br \/>\nScanner Epson A3<br \/>\nMacpro<br \/>\n\u00c9cran Eizo 27 pouces<br \/>\nTablette graphique Wacom A3<br \/>\nSuite Adobe cc<br \/>\nLamineuse Fimolux \u00e0 froid 130 cm<br \/>\nPresse \u00e0 chaud 60\u2009\u00d7\u200980 cm<br \/>\nLabo Noir et Blanc argentique tout\u00a0format<\/p>\n<p>&nbsp;<\/p>\n<p><strong>S\u00c9RIGRAPHIE, IMPRESSIONS<\/strong><\/p>\n<p>L&rsquo;atelier de s\u00e9rigraphie et tirages num\u00e9riques permet aux \u00e9tudiant\u00b7e\u00b7s de s\u2019initier \u00e0 deux typologies et techniques d&rsquo;image imprim\u00e9e. Tout d&rsquo;abord, l&rsquo;impression num\u00e9rique, gr\u00e2ce \u00e0 deux machines professionnelles et de nombreuses r\u00e9f\u00e9rences de papiers (brillant photo, semi-mat, mat, toile canvas, dos bleu &#8230;) et grammages. La s\u00e9rigraphie permet quant \u00e0 elle d&rsquo;imprimer en \u00e9dition limit\u00e9e sur une multitude de supports \u00e0 plat (papier, tissu, m\u00e9tal, bois, PVC, verre) et avec un large choix de couleurs. Ces deux approches de l&rsquo;image imprim\u00e9e permettent aux \u00e9tudiant\u00b7e\u00b7s de se familiariser avec un ensemble d&rsquo;outils et de supports et d&rsquo;adopter une attitude de production sp\u00e9cifique li\u00e9e aux enjeux actuels de l\u2019image et aux diff\u00e9rents dispositifs de monstration et de diffusion. Le suivi technique propos\u00e9 \u00e0 l&rsquo;atelier permet aux \u00e9tudiant\u00b7e\u00b7s d&rsquo;\u00e9largir leurs possibilit\u00e9s tout en ayant connaissance des manipulations inh\u00e9rentes \u00e0 l\u2019impression manuelle et num\u00e9rique. Ce processus de dialogue et de r\u00e9flexion leur donne l&rsquo;occasion d&rsquo;investir un espace de cr\u00e9ation et d&rsquo;exp\u00e9rimentation qui entre en r\u00e9sonance avec l&rsquo;ensemble des ateliers et des enseignements de l\u2019\u00e9cole.<\/p>\n<p>Responsable atelier :<br \/>\n<a href=\"mailto:berenice.lefebvre@ensapc.fr\">BERENICE LEFEBVRE<\/a><\/p>\n<p>\u00c9quipement disponible :<\/p>\n<p><strong>Atelier tirages de plan<\/strong><br \/>\n2 ordinateurs Apple Mac Pro<br \/>\n2 traceurs de plan Epson styluspro 11880 et Canon ipF 9100 a\u0300 encres acqueuses<\/p>\n<p><strong>Atelier de s\u00e9rigraphie<\/strong><br \/>\n1 espace consacr\u00e9 \u00e0 la pre\u0301paration et au nettoyage des \u00e9crans<br \/>\n1 espace de tirage avec 2\u00a0machines d\u2019impression manuelle\u00a0\u00e0\u00a0plat<\/p>\n<p>&nbsp;<\/p>\n<p><strong>VID\u00c9O<\/strong><\/p>\n<p>L\u2019atelier vid\u00e9o met \u00e0 disposition et initie les \u00e9tudiant\u00b7e\u00b7s \u00e0 l\u2019utilisation du mat\u00e9riel de tournage, de post-production (MacPros, Imacs), mais aussi des logiciels n\u00e9cessaires au montage et \u00e0 la production de vid\u00e9o (Adobe, Vinci, Apple). Le responsable d\u2019atelier accompagne les \u00e9tudiant\u00b7e\u00b7s dans toutes les\u00a0\u00e9tapes de la cr\u00e9ation audiovisuelle :\u00a0l&rsquo;\u00e9criture\u00a0du projet, les rep\u00e9rages, le d\u00e9coupage et la pr\u00e9paration du tournage,\u00a0la\u00a0post-production (montage, \u00e9talonnage, compositing), la pr\u00e9paration pour la diffusion (compression, mise en ligne, projection, installations&#8230;). Pour ce faire, il est en \u00e9troite relation avec les ateliers photo, cin\u00e9ma et son.<\/p>\n<p>Responsable atelier :<br \/>\n<a href=\"mailto:jean-luc.jusseau@ensapc.fr\">JEAN-LUC JUSSEAU<\/a><\/p>\n<p>\u00c9quipement disponible :<\/p>\n<p>Station Mac Pro avec \u00e9cran 4K d\u00e9di\u00e9e en principe au compositing et au montage 4K et de 2 Stations iMac HD.<br \/>\nLes sauvegardes se font sur des disques externes d\u00e9di\u00e9s en thunderbolt.<br \/>\nIl est \u00e9galement possible de travailler avec du mat\u00e9riel plus ancien (DVCAM\/HDV), \u00e9crans CRT\u2026<br \/>\nNous disposons d\u2019une baie de duplication et de transcodage analogique (PAL\/SECAM\/NTSC).<br \/>\nL\u2019\u00e9quipe du studio cin\u00e9ma met aussi \u00e0 la disposition des \u00e9tudiant-e-s inscrit-e-s au studio cin\u00e9ma une station de montage\/\u00e9talonnage et du mat\u00e9riel accessible en fonction des projets.<br \/>\nLes logiciels utilis\u00e9s sont ceux de la suite Adobe Creative Cloud, c\u2019est-\u00e0-dire principalement Premi\u00e8re, After Effect, Photoshop, Illustrator, Media Encoder.<br \/>\nNous utilisons DaVinci pour les questions relatives \u00e0 l\u2019\u00e9talonnage.<br \/>\nIl est possible de travailler \u00e9galement sur Final Cut Pro et Avid Media Composer et \u00e9ventuellement sur d\u2019autres logiciels.<br \/>\nPour un premier acc\u00e8s \u00e0 l\u2019atelier et pour les projets de tournage, il est recommand\u00e9 de prendre rendez-vous par mail.<\/p>\n<p>&nbsp;<\/p>\n<p><strong>\u00c9DITION<\/strong><\/p>\n<p>L\u2019atelier \u00e9dition est le lieu de conception et de r\u00e9alisation de divers projets \u00e9ditoriaux. Il permet de produire des publications en exemplaire(s) unique ou multiples &#8211; que cela soit \u00e0 l&rsquo;occasion de projets personnels ou collectifs, ou dans le cadre du m\u00e9moire de second cycle. Sur place, les \u00e9tudiant\u00b7e\u00b7s peuvent r\u00e9aliser des impressions num\u00e9riques et disposent d\u2019un\u00a0magasin papier\u00a0et du mat\u00e9riel de reliure n\u00e9cessaire. Le responsable d\u2019atelier accompagne les \u00e9tudiant\u00b7e\u00b7s\u00a0dans la conception et la r\u00e9alisation de leurs projets d\u2019\u00e9dition et\u00a0les encadre afin qu\u2019ils\u00b7elles apprennent \u00e0 se servir et \u00e0 ma\u00eetriser les diff\u00e9rents\u00a0outils. Les \u00e9tudiant\u00b7e\u00b7s qui r\u00e9alisent leur m\u00e9moire font l\u2019objet d\u2019un suivi particulier.\u00a0En relation avec les ateliers de photographie et de s\u00e9rigraphie, l\u2019atelier \u00e9dition fait partie de la cha\u00eene graphique. Les images peuvent y \u00eatre pens\u00e9es diff\u00e9remment et ouvrir d\u2019autres perspectives narratives en s&rsquo;associant \u00e9ventuellement \u00e0 du texte ; elles peuvent y \u00eatre mont\u00e9es, associ\u00e9es, articul\u00e9es\u00a0sous la forme de livres et d\u00e9ploy\u00e9es sur des dizaines, centaines de pages.\u00a0L\u2019atelier \u00e9dition permet d&rsquo;envisager l&rsquo;espace du livre comme un espace d\u2019exposition \u00e0 part enti\u00e8re o\u00f9 concevoir d\u2019autres mani\u00e8res de pr\u00e9senter et de diffuser une pratique plastique.<\/p>\n<p>Responsable atelier :<br \/>\n<a href=\"mailto:lionel.catelan@ensapc.fr\"><span class=\"original\">LIONEL CATELAN<\/span><\/a><\/p>\n<p>\u00c9quipement disponible :<\/p>\n<p><strong>Num\u00e9riser<\/strong><br \/>\n1 Scanner A4<br \/>\n1 Scanner A3<\/p>\n<p><strong>Mettre en page<\/strong><br \/>\n2 ordinateurs e\u0301quipe\u0301s avec la suite Adobe<br \/>\n1 \u00e9cran calibr\u00e9<\/p>\n<p><strong>Papier<\/strong><br \/>\nUn magasin papier avec de nombreuses r\u00e9f\u00e9rences est \u00e0 disposition, allant de 60 \u00e0 350g, papiers couch\u00e9s, non-couch\u00e9s, bouffants, couleurs, permettant un grand nombre de possibilit\u00e9s et d\u2019adapter ses choix en fonction des types de projets.<br \/>\nLes feuilles sont \u00e0 l\u2019achat (prix co\u00fbtant) du format A4, A3 \u00e0 45\u2009\u00d7\u200964 cm.<\/p>\n<p><strong>Imprimer<\/strong><br \/>\nImprimante laser couleur\u2009:<br \/>\nrecto\/verso, format A4 ou A3<br \/>\nImprimante laser noir\u2009:<br \/>\nrecto\/verso, format A4 ou A3<br \/>\nImprimante Riso<br \/>\nCo\u00fbt \u00e0 la copie (prix co\u00fbtant)<\/p>\n<p><strong>Finition<\/strong><br \/>\nCousoir<br \/>\nEncolleuse\/colle blanche<br \/>\nPlioir<br \/>\nPerforeuse semi-automatique<br \/>\nRaineuse<br \/>\nEmporte-pie\u0300ce<br \/>\nTable a\u0300 d\u00e9couper<br \/>\nAgrafeuse semi-automatique, agrafes plates et \u00e0 boucles<br \/>\nMassicot semi-automatique[\/vc_column_text][\/vc_column][\/vc_row][vc_row el_id=\u00a0\u00bbpr\u00eat\u00a0\u00bb][vc_column][vc_column_text]<\/p>\n<h3>MAGASIN DE PR\u00caT<\/h3>\n<p>Mat\u00e9riel photo (appareils, pieds), vid\u00e9o (cam\u00e9ras, lecteurs, projecteurs, moniteurs, \u00e9crans), son (enceintes, micros, tables de mixage, enregistreurs, casques) et outillage sont disponibles en magasin de pr\u00eat \u00e0 tout\u00b7e\u00b7s les \u00e9tudiant\u00b7e\u00b7s et enseignant\u00b7e\u00b7s de l\u2019ENSAPC. Les conditions de pr\u00eat sont d\u00e9taill\u00e9es dans le r\u00e8glement int\u00e9rieur.<\/p>\n<p>Responsable magasin de pr\u00eat :<br \/>\n<span class=\"original\">LYDIE PACILLY<\/span>[\/vc_column_text][\/vc_column][\/vc_row][vc_row el_id=\u00a0\u00bblabelafnor\u00a0\u00bb][vc_column][vc_column_text css=\u00a0\u00bb\u00a0\u00bb]<\/p>\n<h3>LABEL ALLIANCE DIVERSIT\u00c9 ET \u00c9GALIT\u00c9<\/h3>\n<p>Indicateurs 2025 loi Rixain<\/p>\n<p>&nbsp;<\/p>\n<p><strong>1. Part des femmes candidates \u00e0 l&rsquo;entr\u00e9e des formations sanctionn\u00e9es par un dipl\u00f4me d&rsquo;\u00e9tudes sup\u00e9rieures reconnu par l&rsquo;Etat, selon la fili\u00e8re et la sp\u00e9cialit\u00e9<\/strong><\/p>\n<p>Concours d&rsquo;entr\u00e9e en 1\u00e8re ann\u00e9e : 531 dossiers &#8211; 355 femmes &#8211; soit 66,9 %<br \/>\n1er cycle : 76 dossiers &#8211; 50 femmes &#8211; soit 65,8 %<br \/>\n2\u00e8me cycle : 167 dossiers &#8211; 110 femmes &#8211; soit 65,9 %<br \/>\nGLOBALIT\u00c9 : 774 dossiers &#8211; 515 femmes- soit 66,5 %<\/p>\n<p>&nbsp;<\/p>\n<p><strong>2. Part des femmes inscrites dans les formations sanctionn\u00e9es par un dipl\u00f4me d&rsquo;\u00e9tudes sup\u00e9rieures reconnu par l&rsquo;Etat, selon la fili\u00e8re et la sp\u00e9cialit\u00e9<\/strong><\/p>\n<p>208 \u00e9tudiants &#8211; 145 femmes &#8211; soit 69,7 %<\/p>\n<p>&nbsp;<\/p>\n<p><strong>3. Taux de femmes et taux d&rsquo;hommes parmi les \u00e9tudiants b\u00e9n\u00e9ficiant d&rsquo;une bourse sur crit\u00e8res sociaux selon la fili\u00e8re et la sp\u00e9cialit\u00e9 de formation<\/strong><\/p>\n<p>28 % de femmes<br \/>\n28 % d&rsquo;hommes<\/p>\n<p>&nbsp;<\/p>\n<p><strong>4. Part des femmes parmi les dipl\u00f4m\u00e9s d&rsquo;une formation reconnue par l&rsquo;Etat, aux niveaux \u00ab BAC+2 \u00bb, \u00ab BAC+3 \u00bb, \u00ab BAC+5 \u00bb et \u00ab BAC+8 \u00bb, selon la mention<\/strong><\/p>\n<p>BAC + 3 (DNA) : 39 dipl\u00f4m\u00e9s &#8211; 30 femmes &#8211; soit 75 %<br \/>\nBAC + 5 (DNSEP) : 36 dipl\u00f4m\u00e9s &#8211; 21 femmes &#8211; soit 58 %<br \/>\nBAC + 8 : 4 docteur\u00b7es (dont une femme) : Louise HERVE, Rapha\u00ebl FAON, Nicola LO CALZO, Folakunle OSHUN<\/p>\n<p>&nbsp;<\/p>\n<p><strong>5. Part des doctorantes en premi\u00e8re inscription, par discipline : sciences exactes et applications, sciences du vivant, sciences humaines et sociales<\/strong><\/p>\n<p>8 doctorant\u00b7es dont 3 femmes (voir page d\u00e9di\u00e9e <a href=\"https:\/\/www.ensapc.fr\/fr\/recherche\/doctorat-par-le-projet\/\">\u00ab\u00a0Doctorat par le projet\u00a0\u00bb )<\/a><br \/>\nPas de premi\u00e8re inscription<\/p>\n<p>&nbsp;<\/p>\n<p><strong>6. Taux de femmes et taux d&rsquo;hommes parmi les doctorants inscrits en premi\u00e8re ann\u00e9e de doctorat et ayant obtenu un financement pour leur th\u00e8se<\/strong><\/p>\n<p>Sans objet<\/p>\n<p>&nbsp;<\/p>\n<p><strong>7. Part des doctorantes lors de leur soutenance, par discipline : sciences exactes et applications, sciences du vivant, sciences humaines et sociales<\/strong><\/p>\n<p>Sans objet<\/p>\n<p>&nbsp;<\/p>\n<p><strong>8. Part des femmes parmi les responsables d&rsquo;associations sportives et \u00e9tudiantes notamment au bureau et \u00e0 la pr\u00e9sidence<\/strong><\/p>\n<p>100% de femmes<\/p>\n<p>&nbsp;<\/p>\n<p><strong>9. Part des femmes ayant obtenu un emploi un an apr\u00e8s l&rsquo;obtention d&rsquo;un dipl\u00f4me d&rsquo;\u00e9tudes sup\u00e9rieures reconnu par l&rsquo;Etat<\/strong><\/p>\n<p>Ne peut \u00eatre renseign\u00e9<\/p>\n<p>&nbsp;<\/p>\n<p><strong>10. Salaire moyen des femmes et des hommes vingt-quatre mois apr\u00e8s l&rsquo;obtention d&rsquo;un dipl\u00f4me d&rsquo;\u00e9tudes sup\u00e9rieures reconnu par l&rsquo;Etat, aux niveaux \u00ab BAC+2 \u00bb, \u00ab BAC+3 \u00bb, \u00ab BAC+5 \u00bb et \u00ab BAC+8 \u00bb.<\/strong><\/p>\n<p>18k annuel sur la base de la r\u00e9ponse de 6 dipl\u00f4m\u00e9\u00b7es[\/vc_column_text][\/vc_column][\/vc_row]<\/p>\n<\/div>","protected":false},"excerpt":{"rendered":"<p>[vc_row][vc_column][vc_single_image image=\u00a0\u00bb1215&Prime; img_size=\u00a0\u00bbfull\u00a0\u00bb alignment=\u00a0\u00bbcenter\u00a0\u00bb css_animation=\u00a0\u00bbbottom-to-top\u00a0\u00bb][\/vc_column][\/vc_row][vc_row el_id=\u00a0\u00bbcentrededocumentation\u00a0\u00bb][vc_column][vc_column_text css=\u00a0\u00bb\u00a0\u00bb] CENTRE DE DOCUMENTATION Le centre de documentation propose environ 17 000 ouvrages, une soixantaine de titres de p\u00e9riodiques dont certains sont empruntables, plus de 1000 documents sonores et audiovisuels (DVD et VHS, c\u00e9d\u00e9roms et CD audio), ainsi que les m\u00e9moires de DNSEP des \u00e9tudiants de l\u2019ENSAPC depuis 2011&#8230;.  <a class=\"excerpt-read-more\" href=\"https:\/\/www.ensapc.fr\/fr\/ecole\/ressources\/\" title=\"Read Ressources\">Lire la suite &raquo;<\/a><\/p>\n","protected":false},"author":1,"featured_media":0,"parent":6,"menu_order":220,"comment_status":"closed","ping_status":"closed","template":"","meta":{"footnotes":""},"class_list":["post-1141","page","type-page","status-publish","hentry"],"_links":{"self":[{"href":"https:\/\/www.ensapc.fr\/fr\/wp-json\/wp\/v2\/pages\/1141","targetHints":{"allow":["GET"]}}],"collection":[{"href":"https:\/\/www.ensapc.fr\/fr\/wp-json\/wp\/v2\/pages"}],"about":[{"href":"https:\/\/www.ensapc.fr\/fr\/wp-json\/wp\/v2\/types\/page"}],"author":[{"embeddable":true,"href":"https:\/\/www.ensapc.fr\/fr\/wp-json\/wp\/v2\/users\/1"}],"replies":[{"embeddable":true,"href":"https:\/\/www.ensapc.fr\/fr\/wp-json\/wp\/v2\/comments?post=1141"}],"version-history":[{"count":15,"href":"https:\/\/www.ensapc.fr\/fr\/wp-json\/wp\/v2\/pages\/1141\/revisions"}],"predecessor-version":[{"id":14416,"href":"https:\/\/www.ensapc.fr\/fr\/wp-json\/wp\/v2\/pages\/1141\/revisions\/14416"}],"up":[{"embeddable":true,"href":"https:\/\/www.ensapc.fr\/fr\/wp-json\/wp\/v2\/pages\/6"}],"wp:attachment":[{"href":"https:\/\/www.ensapc.fr\/fr\/wp-json\/wp\/v2\/media?parent=1141"}],"curies":[{"name":"wp","href":"https:\/\/api.w.org\/{rel}","templated":true}]}}