{"id":11578,"date":"2023-07-13T14:47:27","date_gmt":"2023-07-13T12:47:27","guid":{"rendered":"https:\/\/www.ensapc.fr\/?page_id=11578"},"modified":"2023-07-13T14:50:45","modified_gmt":"2023-07-13T12:50:45","slug":"2023-2","status":"publish","type":"page","link":"https:\/\/www.ensapc.fr\/fr\/recherche\/archives\/2023-2\/","title":{"rendered":"2023"},"content":{"rendered":"<div class=\"wpb-content-wrapper\"><p>[vc_row][vc_column width=\u00a0\u00bb1\/2&Prime;][vc_column_text]<\/p>\n<p class=\"p1\" style=\"text-align: left;\"><strong>LANCEMENT DE LA PLATEFORME PLARA<\/strong><\/p>\n<p class=\"p3\" style=\"text-align: left;\">Corinne Diserens, directrice de l\u2019\u00c9cole nationale sup\u00e9rieure de Paris-Cergy, Sylvain Lizon, directeur de la Villa Arson \u00e0 Nice et Arnaud Stin\u00e8s, directeur de l\u2019\u00c9cole sup\u00e9rieure d\u2019arts et m\u00e9dias de Caen-Cherbourg, ont le plaisir d\u2019annoncer la mise en ligne de PLARA, plateforme \u00e9ditoriale num\u00e9rique de recherche en arts.<\/p>\n<p class=\"p3\" style=\"text-align: left;\">PLARA s\u2019articule autour de trois vis\u00e9es : la circulation des productions de la recherche en art au sein de la communaut\u00e9 des pair\u00b7es ; la diffusion des processus des investigations en cours ; le partage critique collectif autour des travaux des chercheur\u00b7ses et artistes. PLARA a \u00e9t\u00e9 cr\u00e9\u00e9e \u00e0 l\u2019initiative de ces trois \u00e9coles sup\u00e9rieures d\u2019art &#8211; ENSAPC, \u00e9sam Caen-Cherbourg, Villa Arson &#8211; en partant du constat qu\u2019il n\u2019existait pas en France d\u2019espace de publication trans-\u00e9coles d\u2019art pour valoriser la recherche-cr\u00e9ation et publier les travaux des artistes-chercheur\u00b7euses.<\/p>\n<p class=\"p3\" style=\"text-align: left;\">Ces trois \u00e9tablissements sup\u00e9rieurs d\u2019art ont d\u00e9velopp\u00e9 chacun des doctorats de cr\u00e9ation, par le projet, en partenariat \u00e9troit avec des \u00e9coles doctorales. Il s\u2019agit l\u00e0 de formats de recherche innovants et nourris par l\u2019entrelacement des approches sensibles et scientifiques, des pratiques artistiques et de la pens\u00e9e th\u00e9orique.<\/p>\n<p class=\"p3\" style=\"text-align: left;\">L\u2019\u00e9mergence de cette plateforme vise ainsi \u00e0 r\u00e9pondre \u00e0 l\u2019absence d\u2019outils permettant aux artistes-chercheur\u00b7euses d\u2019effectuer une m\u00e9diation de leur travail, de partager le d\u00e9veloppement de leurs recherches et de pr\u00e9senter les r\u00e9sultats de celles-ci.<\/p>\n<p class=\"p3\" style=\"text-align: left;\">\u00c0 la diff\u00e9rence d\u2019une revue qui publie selon une p\u00e9riodicit\u00e9 fixe des contenus dont la forme est stabilis\u00e9e, PLARA encourage les transformations et accompagne le d\u00e9veloppement de chaque projet, depuis ses pr\u00e9mices jusqu\u2019\u00e0 sa finalisation, selon les temporalit\u00e9s et dans les formes qui lui sont propres : traductions, associations de textes, d\u2019images fixes ou en mouvement (films et vid\u00e9os), de sons, d\u2019applications num\u00e9riques, de dispositifs 3D, de r\u00e9alit\u00e9 virtuelle\/augment\u00e9e, etc.<\/p>\n<p class=\"p3\" style=\"text-align: left;\">Plateforme \u00e9volutive et modulaire, extr\u00eamement souple dans ses formes et rigoureuse dans ses contenus, PLARA accueille la multiplicit\u00e9 et la complexit\u00e9 des dispositifs de la recherche en arts et soutient l\u2019engagement des artistes-chercheur\u00b7euses dans un dialogue transdisciplinaire ancr\u00e9 tout autant dans des contextes situ\u00e9s que des alt\u00e9rit\u00e9s g\u00e9ographiques.<\/p>\n<p>[\/vc_column_text][vc_btn title=\u00a0\u00bbConsultez la plateforme PLARA\u00a0\u00bb link=\u00a0\u00bburl:https%3A%2F%2Fplara.fr|target:_blank\u00a0\u00bb][vc_empty_space][vc_single_image image=\u00a0\u00bb10799&Prime; img_size=\u00a0\u00bbmedium\u00a0\u00bb add_caption=\u00a0\u00bbyes\u00a0\u00bb alignment=\u00a0\u00bbcenter\u00a0\u00bb][\/vc_column][vc_column width=\u00a0\u00bb1\/2&Prime;][\/vc_column][vc_column][\/vc_column][\/vc_row]<\/p>\n<\/div>","protected":false},"excerpt":{"rendered":"<p>[vc_row][vc_column width=\u00a0\u00bb1\/2&Prime;][vc_column_text] LANCEMENT DE LA PLATEFORME PLARA Corinne Diserens, directrice de l\u2019\u00c9cole nationale sup\u00e9rieure de Paris-Cergy, Sylvain Lizon, directeur de la Villa Arson \u00e0 Nice et Arnaud Stin\u00e8s, directeur de l\u2019\u00c9cole sup\u00e9rieure d\u2019arts et m\u00e9dias de Caen-Cherbourg, ont le plaisir d\u2019annoncer la mise en ligne de PLARA, plateforme \u00e9ditoriale num\u00e9rique de recherche en arts. PLARA&#8230;  <a class=\"excerpt-read-more\" href=\"https:\/\/www.ensapc.fr\/fr\/recherche\/archives\/2023-2\/\" title=\"Read 2023\">Lire la suite &raquo;<\/a><\/p>\n","protected":false},"author":1,"featured_media":0,"parent":4930,"menu_order":301,"comment_status":"closed","ping_status":"closed","template":"","meta":{"footnotes":""},"class_list":["post-11578","page","type-page","status-publish","hentry"],"_links":{"self":[{"href":"https:\/\/www.ensapc.fr\/fr\/wp-json\/wp\/v2\/pages\/11578","targetHints":{"allow":["GET"]}}],"collection":[{"href":"https:\/\/www.ensapc.fr\/fr\/wp-json\/wp\/v2\/pages"}],"about":[{"href":"https:\/\/www.ensapc.fr\/fr\/wp-json\/wp\/v2\/types\/page"}],"author":[{"embeddable":true,"href":"https:\/\/www.ensapc.fr\/fr\/wp-json\/wp\/v2\/users\/1"}],"replies":[{"embeddable":true,"href":"https:\/\/www.ensapc.fr\/fr\/wp-json\/wp\/v2\/comments?post=11578"}],"version-history":[{"count":1,"href":"https:\/\/www.ensapc.fr\/fr\/wp-json\/wp\/v2\/pages\/11578\/revisions"}],"predecessor-version":[{"id":11581,"href":"https:\/\/www.ensapc.fr\/fr\/wp-json\/wp\/v2\/pages\/11578\/revisions\/11581"}],"up":[{"embeddable":true,"href":"https:\/\/www.ensapc.fr\/fr\/wp-json\/wp\/v2\/pages\/4930"}],"wp:attachment":[{"href":"https:\/\/www.ensapc.fr\/fr\/wp-json\/wp\/v2\/media?parent=11578"}],"curies":[{"name":"wp","href":"https:\/\/api.w.org\/{rel}","templated":true}]}}