{"id":11591,"date":"2023-07-17T16:56:10","date_gmt":"2023-07-17T14:56:10","guid":{"rendered":"https:\/\/www.ensapc.fr\/?page_id=11591"},"modified":"2023-07-17T16:58:17","modified_gmt":"2023-07-17T14:58:17","slug":"nicola-lo-calzo","status":"publish","type":"page","link":"https:\/\/www.ensapc.fr\/fr\/nicola-lo-calzo\/","title":{"rendered":"NICOLA LO CALZO"},"content":{"rendered":"<div class=\"wpb-content-wrapper\"><p>[vc_row][vc_column][vc_column_text]<\/p>\n<p class=\"p1\">Nicola Lo Calzo est un photographe et artiste-doctorant (ENSAPC et Cergy Paris Universit\u00e9) italien n\u00e9 \u00e0 Turin en 1979. Sa pratique et sa recherche photographique interrogent les notions de patrimoine, d&rsquo;alt\u00e9rit\u00e9 et d&rsquo;identit\u00e9. Ses photographies donnent notamment \u00e0 voir les fa\u00e7ons dont les groupes subalternes interagissent avec leur environnement, les fa\u00e7ons dont ils d\u00e9veloppent des strat\u00e9gies d\u2019agentivit\u00e9 et de reconstruction de soi. Depuis dix ans, il est engag\u00e9 dans une recherche photographique au long cours autour des m\u00e9moires de l\u2019esclavage et de ses r\u00e9sistances dans les soci\u00e9t\u00e9s postcoloniales &#8211; le projet KAM. Les diff\u00e9rents travaux produits dans le cadre de ce projet ont fait l\u2019objet d\u2019expositions dans des mus\u00e9es, centres d\u2019art ou festivals en France et dans le monde, notamment au Centro Italiano per la Fotografia CAMERA (Turin), au Centro de la<span class=\"Apple-converted-space\">\u00a0<\/span>Imagen (Mexico), au Lagos Photo (Lagos) et au Tropenmuseum (Amsterdam).<\/p>\n<p class=\"p2\">Il vit et travaille actuellement \u00e0 Paris o\u00f9 il anime un s\u00e9minaire sur les approches postcoloniales en photographie \u00e0 l\u2019\u00c9cole nationale sup\u00e9rieure d\u2019arts de Paris-Cergy. Son travail est repr\u00e9sent\u00e9 par la Galerie Dominique Fiat en France et la galerie Podbielski Contemporary en Italie.<\/p>\n<p>[\/vc_column_text][vc_btn title=\u00a0\u00bbContact\u00a0\u00bb link=\u00a0\u00bburl:mailto%3Anicola.localzo%40ensapc.fr|target:_blank\u00a0\u00bb][vc_btn title=\u00a0\u00bbEn savoir plus\u00a0\u00bb link=\u00a0\u00bburl:http%3A%2F%2Fwww.nicolalocalzo.com%2F|target:_blank\u00a0\u00bb][\/vc_column][\/vc_row]<\/p>\n<\/div>","protected":false},"excerpt":{"rendered":"<p>[vc_row][vc_column][vc_column_text] Nicola Lo Calzo est un photographe et artiste-doctorant (ENSAPC et Cergy Paris Universit\u00e9) italien n\u00e9 \u00e0 Turin en 1979. Sa pratique et sa recherche photographique interrogent les notions de patrimoine, d&rsquo;alt\u00e9rit\u00e9 et d&rsquo;identit\u00e9. Ses photographies donnent notamment \u00e0 voir les fa\u00e7ons dont les groupes subalternes interagissent avec leur environnement, les fa\u00e7ons dont ils d\u00e9veloppent&#8230;  <a class=\"excerpt-read-more\" href=\"https:\/\/www.ensapc.fr\/fr\/nicola-lo-calzo\/\" title=\"Read NICOLA LO CALZO\">Lire la suite &raquo;<\/a><\/p>\n","protected":false},"author":1,"featured_media":0,"parent":0,"menu_order":90,"comment_status":"closed","ping_status":"closed","template":"","meta":{"footnotes":""},"class_list":["post-11591","page","type-page","status-publish","hentry"],"_links":{"self":[{"href":"https:\/\/www.ensapc.fr\/fr\/wp-json\/wp\/v2\/pages\/11591","targetHints":{"allow":["GET"]}}],"collection":[{"href":"https:\/\/www.ensapc.fr\/fr\/wp-json\/wp\/v2\/pages"}],"about":[{"href":"https:\/\/www.ensapc.fr\/fr\/wp-json\/wp\/v2\/types\/page"}],"author":[{"embeddable":true,"href":"https:\/\/www.ensapc.fr\/fr\/wp-json\/wp\/v2\/users\/1"}],"replies":[{"embeddable":true,"href":"https:\/\/www.ensapc.fr\/fr\/wp-json\/wp\/v2\/comments?post=11591"}],"version-history":[{"count":3,"href":"https:\/\/www.ensapc.fr\/fr\/wp-json\/wp\/v2\/pages\/11591\/revisions"}],"predecessor-version":[{"id":11595,"href":"https:\/\/www.ensapc.fr\/fr\/wp-json\/wp\/v2\/pages\/11591\/revisions\/11595"}],"wp:attachment":[{"href":"https:\/\/www.ensapc.fr\/fr\/wp-json\/wp\/v2\/media?parent=11591"}],"curies":[{"name":"wp","href":"https:\/\/api.w.org\/{rel}","templated":true}]}}