{"id":11763,"date":"2023-09-05T10:55:37","date_gmt":"2023-09-05T08:55:37","guid":{"rendered":"https:\/\/www.ensapc.fr\/?page_id=11763"},"modified":"2023-09-05T12:04:28","modified_gmt":"2023-09-05T10:04:28","slug":"amourg-grouma-magazine","status":"publish","type":"page","link":"https:\/\/www.ensapc.fr\/fr\/ygrec\/archives\/2023-2\/amourg-grouma-magazine\/","title":{"rendered":"AMOUR(G) &#8211; GROUMA MAGAZINE"},"content":{"rendered":"<div class=\"wpb-content-wrapper\"><p>[vc_row][vc_column][vc_single_image image=\u00a0\u00bb11338&Prime; img_size=\u00a0\u00bblarge\u00a0\u00bb add_caption=\u00a0\u00bbyes\u00a0\u00bb alignment=\u00a0\u00bbcenter\u00a0\u00bb][\/vc_column][\/vc_row][vc_row css=\u00a0\u00bb.vc_custom_1674743783608{padding-top: 20px !important;padding-right: 20px !important;padding-left: 20px !important;}\u00a0\u00bb][vc_column][vc_column_text]Premi\u00e8re exposition de Grouma Magazine, <em>Amour(g)<\/em> rassemble une s\u00e9lection de travaux photographiques publi\u00e9s dans les sept num\u00e9ros de la revue parus \u00e0 ce jour. Con\u00e7ue en collaboration avec le centre d\u2019art Ygrec-ENSAPC dans l\u2019esprit du magazine, cette proposition s\u2019articule autour de la pratique de dix-sept photographes amateur\u00b7rice\u00b7s et professionnel\u00b7les avec une attention particuli\u00e8re port\u00e9e \u00e0 celles et ceux que l\u2019on entend ou que l\u2019on voit peu. Port\u00e9 par le d\u00e9sir de rassembler autour de la photographie imprim\u00e9e, Grouma porte un regard d\u00e9cloisonn\u00e9 sur le m\u00e9dium et le d\u00e9fend sous toutes ses formes, qu\u2019il s\u2019agisse de photographies de mode, de rues, de paysages ou de photos-souvenirs.<\/p>\n<p>Le temps d\u2019une journ\u00e9e, Grouma investira l&rsquo;espace d&rsquo;exposition du centre d&rsquo;art pour proposer des workshops \u00e0 destination des enfants, une discussion ainsi qu&rsquo;une biblioth\u00e8que temporaire o\u00f9 les num\u00e9ros de la revue ainsi que d\u2019autres magazines \u00e9mergents consacr\u00e9s \u00e0 la photographie seront consultables en libre acc\u00e8s et disponibles \u00e0 la vente.<\/p>\n<p>Co-fond\u00e9 en 2020, Grouma est un magazine photographique bi-annuel participatif et caritatif. Chaque num\u00e9ro rassemble les travaux d\u2019une vingtaine de photographes \u00e9mergent\u00b7es s\u00e9lectionn\u00e9\u00b7es via un appel \u00e0 candidature dans l\u2019objectif de cr\u00e9er un objet \u00e9ditorial commun. Le projet de Grouma est b\u00e9n\u00e9vole et allie la pratique photographique \u00e0 celle de la solidarit\u00e9 en reversant la totalit\u00e9 des b\u00e9n\u00e9fices de vente \u00e0 diff\u00e9rentes associations. Engag\u00e9, le magazine entend lutter contre les violences domestiques, favoriser l\u2019inclusion des minorit\u00e9s et l\u2019acc\u00e8s \u00e0 l\u2019\u00e9ducation et \u00e0 la culture. Grouma est co-g\u00e9r\u00e9 par Denki, Betty Bas, Jeanne Goasdoue et Hortense Raynaud.[\/vc_column_text][\/vc_column][\/vc_row][vc_row][vc_column][vc_column_text]<div class=\"carousel-slider-outer carousel-slider-outer-image-carousel carousel-slider-outer-11770\" style=\"--carousel-slider-nav-color:#f1f1f1;--carousel-slider-active-nav-color:#00d1b2;--carousel-slider-arrow-size:48px;--carousel-slider-bullet-size:10px\">\n<div id=\"&#039;id-11770\" class=\"carousel-slider carousel-slider-11770 arrows-visibility-hover dots-visibility-never arrows-outside dots-center dots-circle owl-carousel\" data-slide-type=\"image-carousel\" data-owl-settings='{\"nav\":true,\"dots\":false,\"slideBy\":1,\"stagePadding\":50,\"margin\":10,\"loop\":true,\"lazyLoad\":false,\"autoplay\":true,\"autoplayTimeout\":5000,\"autoplaySpeed\":500,\"autoplayHoverPause\":true,\"autoWidth\":false,\"responsive\":{\"300\":{\"items\":1},\"576\":{\"items\":1},\"768\":{\"items\":1},\"1024\":{\"items\":1},\"1280\":{\"items\":1},\"1536\":{\"items\":1}}}'>\n<div class=\"carousel-slider__item\">\n\t<img decoding=\"async\" width=\"2560\" height=\"1707\" src=\"https:\/\/www.ensapc.fr\/wp-content\/uploads\/2023\/09\/DSCF1935-scaled.jpg\" class=\"attachment-full size-full\" alt=\"\" srcset=\"https:\/\/www.ensapc.fr\/wp-content\/uploads\/2023\/09\/DSCF1935-scaled.jpg 2560w, https:\/\/www.ensapc.fr\/wp-content\/uploads\/2023\/09\/DSCF1935-300x200.jpg 300w, https:\/\/www.ensapc.fr\/wp-content\/uploads\/2023\/09\/DSCF1935-1024x683.jpg 1024w, https:\/\/www.ensapc.fr\/wp-content\/uploads\/2023\/09\/DSCF1935-768x512.jpg 768w, https:\/\/www.ensapc.fr\/wp-content\/uploads\/2023\/09\/DSCF1935-1536x1024.jpg 1536w, https:\/\/www.ensapc.fr\/wp-content\/uploads\/2023\/09\/DSCF1935-2048x1365.jpg 2048w\" sizes=\"(max-width: 2560px) 100vw, 2560px\" \/><div class=\"carousel-slider__caption\"><p class=\"caption\">Vues de l&#039;exposition &quot;Amour(g)&quot;, Grouma Magazine, centre d&#039;art Ygrec-ENSAPC, 2023. \u00a9 grouma.mag<\/p><\/div><\/a><\/div>\n\n<div class=\"carousel-slider__item\">\n\t<img decoding=\"async\" width=\"2560\" height=\"1707\" src=\"https:\/\/www.ensapc.fr\/wp-content\/uploads\/2023\/09\/DSCF1938-scaled.jpg\" class=\"attachment-full size-full\" alt=\"\" srcset=\"https:\/\/www.ensapc.fr\/wp-content\/uploads\/2023\/09\/DSCF1938-scaled.jpg 2560w, https:\/\/www.ensapc.fr\/wp-content\/uploads\/2023\/09\/DSCF1938-300x200.jpg 300w, https:\/\/www.ensapc.fr\/wp-content\/uploads\/2023\/09\/DSCF1938-1024x683.jpg 1024w, https:\/\/www.ensapc.fr\/wp-content\/uploads\/2023\/09\/DSCF1938-768x512.jpg 768w, https:\/\/www.ensapc.fr\/wp-content\/uploads\/2023\/09\/DSCF1938-1536x1024.jpg 1536w, https:\/\/www.ensapc.fr\/wp-content\/uploads\/2023\/09\/DSCF1938-2048x1365.jpg 2048w\" sizes=\"(max-width: 2560px) 100vw, 2560px\" \/><div class=\"carousel-slider__caption\"><p class=\"caption\">Vues de l&#039;exposition &quot;Amour(g)&quot;, Grouma Magazine, centre d&#039;art Ygrec-ENSAPC, 2023. \u00a9 grouma.mag<\/p><\/div><\/a><\/div>\n\n<div class=\"carousel-slider__item\">\n\t<img decoding=\"async\" width=\"2560\" height=\"1707\" src=\"https:\/\/www.ensapc.fr\/wp-content\/uploads\/2023\/09\/DSCF1939-scaled.jpg\" class=\"attachment-full size-full\" alt=\"\" srcset=\"https:\/\/www.ensapc.fr\/wp-content\/uploads\/2023\/09\/DSCF1939-scaled.jpg 2560w, https:\/\/www.ensapc.fr\/wp-content\/uploads\/2023\/09\/DSCF1939-300x200.jpg 300w, https:\/\/www.ensapc.fr\/wp-content\/uploads\/2023\/09\/DSCF1939-1024x683.jpg 1024w, https:\/\/www.ensapc.fr\/wp-content\/uploads\/2023\/09\/DSCF1939-768x512.jpg 768w, https:\/\/www.ensapc.fr\/wp-content\/uploads\/2023\/09\/DSCF1939-1536x1024.jpg 1536w, https:\/\/www.ensapc.fr\/wp-content\/uploads\/2023\/09\/DSCF1939-2048x1365.jpg 2048w\" sizes=\"(max-width: 2560px) 100vw, 2560px\" \/><div class=\"carousel-slider__caption\"><p class=\"caption\">Vues de l&#039;exposition &quot;Amour(g)&quot;, Grouma Magazine, centre d&#039;art Ygrec-ENSAPC, 2023. \u00a9 grouma.mag<\/p><\/div><\/a><\/div>\n\n<div class=\"carousel-slider__item\">\n\t<img decoding=\"async\" width=\"2560\" height=\"1707\" src=\"https:\/\/www.ensapc.fr\/wp-content\/uploads\/2023\/09\/DSCF1940-scaled.jpg\" class=\"attachment-full size-full\" alt=\"\" srcset=\"https:\/\/www.ensapc.fr\/wp-content\/uploads\/2023\/09\/DSCF1940-scaled.jpg 2560w, https:\/\/www.ensapc.fr\/wp-content\/uploads\/2023\/09\/DSCF1940-300x200.jpg 300w, https:\/\/www.ensapc.fr\/wp-content\/uploads\/2023\/09\/DSCF1940-1024x683.jpg 1024w, https:\/\/www.ensapc.fr\/wp-content\/uploads\/2023\/09\/DSCF1940-768x512.jpg 768w, https:\/\/www.ensapc.fr\/wp-content\/uploads\/2023\/09\/DSCF1940-1536x1024.jpg 1536w, https:\/\/www.ensapc.fr\/wp-content\/uploads\/2023\/09\/DSCF1940-2048x1365.jpg 2048w\" sizes=\"(max-width: 2560px) 100vw, 2560px\" \/><div class=\"carousel-slider__caption\"><p class=\"caption\">Vues de l&#039;exposition &quot;Amour(g)&quot;, Grouma Magazine, centre d&#039;art Ygrec-ENSAPC, 2023. \u00a9 grouma.mag<\/p><\/div><\/a><\/div>\n\n<div class=\"carousel-slider__item\">\n\t<img decoding=\"async\" width=\"2560\" height=\"1707\" src=\"https:\/\/www.ensapc.fr\/wp-content\/uploads\/2023\/09\/DSCF1941-scaled.jpg\" class=\"attachment-full size-full\" alt=\"\" srcset=\"https:\/\/www.ensapc.fr\/wp-content\/uploads\/2023\/09\/DSCF1941-scaled.jpg 2560w, https:\/\/www.ensapc.fr\/wp-content\/uploads\/2023\/09\/DSCF1941-300x200.jpg 300w, https:\/\/www.ensapc.fr\/wp-content\/uploads\/2023\/09\/DSCF1941-1024x683.jpg 1024w, https:\/\/www.ensapc.fr\/wp-content\/uploads\/2023\/09\/DSCF1941-768x512.jpg 768w, https:\/\/www.ensapc.fr\/wp-content\/uploads\/2023\/09\/DSCF1941-1536x1024.jpg 1536w, https:\/\/www.ensapc.fr\/wp-content\/uploads\/2023\/09\/DSCF1941-2048x1365.jpg 2048w\" sizes=\"(max-width: 2560px) 100vw, 2560px\" \/><div class=\"carousel-slider__caption\"><p class=\"caption\">Vues de l&#039;exposition &quot;Amour(g)&quot;, Grouma Magazine, centre d&#039;art Ygrec-ENSAPC, 2023. \u00a9 grouma.mag<\/p><\/div><\/a><\/div>\n\n<div class=\"carousel-slider__item\">\n\t<img decoding=\"async\" width=\"2560\" height=\"1707\" src=\"https:\/\/www.ensapc.fr\/wp-content\/uploads\/2023\/09\/DSCF1942-scaled.jpg\" class=\"attachment-full size-full\" alt=\"\" srcset=\"https:\/\/www.ensapc.fr\/wp-content\/uploads\/2023\/09\/DSCF1942-scaled.jpg 2560w, https:\/\/www.ensapc.fr\/wp-content\/uploads\/2023\/09\/DSCF1942-300x200.jpg 300w, https:\/\/www.ensapc.fr\/wp-content\/uploads\/2023\/09\/DSCF1942-1024x683.jpg 1024w, https:\/\/www.ensapc.fr\/wp-content\/uploads\/2023\/09\/DSCF1942-768x512.jpg 768w, https:\/\/www.ensapc.fr\/wp-content\/uploads\/2023\/09\/DSCF1942-1536x1024.jpg 1536w, https:\/\/www.ensapc.fr\/wp-content\/uploads\/2023\/09\/DSCF1942-2048x1365.jpg 2048w\" sizes=\"(max-width: 2560px) 100vw, 2560px\" \/><div class=\"carousel-slider__caption\"><p class=\"caption\">Vues de l&#039;exposition &quot;Amour(g)&quot;, Grouma Magazine, centre d&#039;art Ygrec-ENSAPC, 2023. \u00a9 grouma.mag<\/p><\/div><\/a><\/div>\n\n<div class=\"carousel-slider__item\">\n\t<img decoding=\"async\" width=\"2560\" height=\"1707\" src=\"https:\/\/www.ensapc.fr\/wp-content\/uploads\/2023\/09\/DSCF1943-scaled.jpg\" class=\"attachment-full size-full\" alt=\"\" srcset=\"https:\/\/www.ensapc.fr\/wp-content\/uploads\/2023\/09\/DSCF1943-scaled.jpg 2560w, https:\/\/www.ensapc.fr\/wp-content\/uploads\/2023\/09\/DSCF1943-300x200.jpg 300w, https:\/\/www.ensapc.fr\/wp-content\/uploads\/2023\/09\/DSCF1943-1024x683.jpg 1024w, https:\/\/www.ensapc.fr\/wp-content\/uploads\/2023\/09\/DSCF1943-768x512.jpg 768w, https:\/\/www.ensapc.fr\/wp-content\/uploads\/2023\/09\/DSCF1943-1536x1024.jpg 1536w, https:\/\/www.ensapc.fr\/wp-content\/uploads\/2023\/09\/DSCF1943-2048x1365.jpg 2048w\" sizes=\"(max-width: 2560px) 100vw, 2560px\" \/><div class=\"carousel-slider__caption\"><p class=\"caption\">Vues de l&#039;exposition &quot;Amour(g)&quot;, Grouma Magazine, centre d&#039;art Ygrec-ENSAPC, 2023. \u00a9 grouma.mag<\/p><\/div><\/a><\/div>\n\n<div class=\"carousel-slider__item\">\n\t<img decoding=\"async\" width=\"2560\" height=\"1707\" src=\"https:\/\/www.ensapc.fr\/wp-content\/uploads\/2023\/09\/DSCF1949-scaled.jpg\" class=\"attachment-full size-full\" alt=\"\" srcset=\"https:\/\/www.ensapc.fr\/wp-content\/uploads\/2023\/09\/DSCF1949-scaled.jpg 2560w, https:\/\/www.ensapc.fr\/wp-content\/uploads\/2023\/09\/DSCF1949-300x200.jpg 300w, https:\/\/www.ensapc.fr\/wp-content\/uploads\/2023\/09\/DSCF1949-1024x683.jpg 1024w, https:\/\/www.ensapc.fr\/wp-content\/uploads\/2023\/09\/DSCF1949-768x512.jpg 768w, https:\/\/www.ensapc.fr\/wp-content\/uploads\/2023\/09\/DSCF1949-1536x1024.jpg 1536w, https:\/\/www.ensapc.fr\/wp-content\/uploads\/2023\/09\/DSCF1949-2048x1365.jpg 2048w\" sizes=\"(max-width: 2560px) 100vw, 2560px\" \/><div class=\"carousel-slider__caption\"><p class=\"caption\">Vues de l&#039;exposition &quot;Amour(g)&quot;, Grouma Magazine, centre d&#039;art Ygrec-ENSAPC, 2023. \u00a9 grouma.mag<\/p><\/div><\/a><\/div>\n\n<div class=\"carousel-slider__item\">\n\t<img decoding=\"async\" width=\"2560\" height=\"1707\" src=\"https:\/\/www.ensapc.fr\/wp-content\/uploads\/2023\/09\/DSCF1950-scaled.jpg\" class=\"attachment-full size-full\" alt=\"\" srcset=\"https:\/\/www.ensapc.fr\/wp-content\/uploads\/2023\/09\/DSCF1950-scaled.jpg 2560w, https:\/\/www.ensapc.fr\/wp-content\/uploads\/2023\/09\/DSCF1950-300x200.jpg 300w, https:\/\/www.ensapc.fr\/wp-content\/uploads\/2023\/09\/DSCF1950-1024x683.jpg 1024w, https:\/\/www.ensapc.fr\/wp-content\/uploads\/2023\/09\/DSCF1950-768x512.jpg 768w, https:\/\/www.ensapc.fr\/wp-content\/uploads\/2023\/09\/DSCF1950-1536x1024.jpg 1536w, https:\/\/www.ensapc.fr\/wp-content\/uploads\/2023\/09\/DSCF1950-2048x1365.jpg 2048w\" sizes=\"(max-width: 2560px) 100vw, 2560px\" \/><div class=\"carousel-slider__caption\"><p class=\"caption\">Vues de l&#039;exposition &quot;Amour(g)&quot;, Grouma Magazine, centre d&#039;art Ygrec-ENSAPC, 2023. \u00a9 grouma.mag<\/p><\/div><\/a><\/div>\n\n<div class=\"carousel-slider__item\">\n\t<img decoding=\"async\" width=\"2560\" height=\"1707\" src=\"https:\/\/www.ensapc.fr\/wp-content\/uploads\/2023\/09\/DSCF1951-scaled.jpg\" class=\"attachment-full size-full\" alt=\"\" srcset=\"https:\/\/www.ensapc.fr\/wp-content\/uploads\/2023\/09\/DSCF1951-scaled.jpg 2560w, https:\/\/www.ensapc.fr\/wp-content\/uploads\/2023\/09\/DSCF1951-300x200.jpg 300w, https:\/\/www.ensapc.fr\/wp-content\/uploads\/2023\/09\/DSCF1951-1024x683.jpg 1024w, https:\/\/www.ensapc.fr\/wp-content\/uploads\/2023\/09\/DSCF1951-768x512.jpg 768w, https:\/\/www.ensapc.fr\/wp-content\/uploads\/2023\/09\/DSCF1951-1536x1024.jpg 1536w, https:\/\/www.ensapc.fr\/wp-content\/uploads\/2023\/09\/DSCF1951-2048x1365.jpg 2048w\" sizes=\"(max-width: 2560px) 100vw, 2560px\" \/><div class=\"carousel-slider__caption\"><p class=\"caption\">Vues de l&#039;exposition &quot;Amour(g)&quot;, Grouma Magazine, centre d&#039;art Ygrec-ENSAPC, 2023. \u00a9 grouma.mag<\/p><\/div><\/a><\/div>\n\n<div class=\"carousel-slider__item\">\n\t<img decoding=\"async\" width=\"2560\" height=\"1707\" src=\"https:\/\/www.ensapc.fr\/wp-content\/uploads\/2023\/09\/DSCF1955-scaled.jpg\" class=\"attachment-full size-full\" alt=\"\" srcset=\"https:\/\/www.ensapc.fr\/wp-content\/uploads\/2023\/09\/DSCF1955-scaled.jpg 2560w, https:\/\/www.ensapc.fr\/wp-content\/uploads\/2023\/09\/DSCF1955-300x200.jpg 300w, https:\/\/www.ensapc.fr\/wp-content\/uploads\/2023\/09\/DSCF1955-1024x683.jpg 1024w, https:\/\/www.ensapc.fr\/wp-content\/uploads\/2023\/09\/DSCF1955-768x512.jpg 768w, https:\/\/www.ensapc.fr\/wp-content\/uploads\/2023\/09\/DSCF1955-1536x1024.jpg 1536w, https:\/\/www.ensapc.fr\/wp-content\/uploads\/2023\/09\/DSCF1955-2048x1365.jpg 2048w\" sizes=\"(max-width: 2560px) 100vw, 2560px\" \/><div class=\"carousel-slider__caption\"><p class=\"caption\">Vues de l&#039;exposition &quot;Amour(g)&quot;, Grouma Magazine, centre d&#039;art Ygrec-ENSAPC, 2023. \u00a9 grouma.mag<\/p><\/div><\/a><\/div>\n\n<div class=\"carousel-slider__item\">\n\t<img decoding=\"async\" width=\"2560\" height=\"1707\" src=\"https:\/\/www.ensapc.fr\/wp-content\/uploads\/2023\/09\/DSCF1958-scaled.jpg\" class=\"attachment-full size-full\" alt=\"\" srcset=\"https:\/\/www.ensapc.fr\/wp-content\/uploads\/2023\/09\/DSCF1958-scaled.jpg 2560w, https:\/\/www.ensapc.fr\/wp-content\/uploads\/2023\/09\/DSCF1958-300x200.jpg 300w, https:\/\/www.ensapc.fr\/wp-content\/uploads\/2023\/09\/DSCF1958-1024x683.jpg 1024w, https:\/\/www.ensapc.fr\/wp-content\/uploads\/2023\/09\/DSCF1958-768x512.jpg 768w, https:\/\/www.ensapc.fr\/wp-content\/uploads\/2023\/09\/DSCF1958-1536x1024.jpg 1536w, https:\/\/www.ensapc.fr\/wp-content\/uploads\/2023\/09\/DSCF1958-2048x1365.jpg 2048w\" sizes=\"(max-width: 2560px) 100vw, 2560px\" \/><div class=\"carousel-slider__caption\"><p class=\"caption\">Vues de l&#039;exposition &quot;Amour(g)&quot;, Grouma Magazine, centre d&#039;art Ygrec-ENSAPC, 2023. \u00a9 grouma.mag<\/p><\/div><\/a><\/div>\n\n<div class=\"carousel-slider__item\">\n\t<img decoding=\"async\" width=\"2560\" height=\"1707\" src=\"https:\/\/www.ensapc.fr\/wp-content\/uploads\/2023\/09\/DSCF1960-scaled.jpg\" class=\"attachment-full size-full\" alt=\"\" srcset=\"https:\/\/www.ensapc.fr\/wp-content\/uploads\/2023\/09\/DSCF1960-scaled.jpg 2560w, https:\/\/www.ensapc.fr\/wp-content\/uploads\/2023\/09\/DSCF1960-300x200.jpg 300w, https:\/\/www.ensapc.fr\/wp-content\/uploads\/2023\/09\/DSCF1960-1024x683.jpg 1024w, https:\/\/www.ensapc.fr\/wp-content\/uploads\/2023\/09\/DSCF1960-768x512.jpg 768w, https:\/\/www.ensapc.fr\/wp-content\/uploads\/2023\/09\/DSCF1960-1536x1024.jpg 1536w, https:\/\/www.ensapc.fr\/wp-content\/uploads\/2023\/09\/DSCF1960-2048x1365.jpg 2048w\" sizes=\"(max-width: 2560px) 100vw, 2560px\" \/><div class=\"carousel-slider__caption\"><p class=\"caption\">Vues de l&#039;exposition &quot;Amour(g)&quot;, Grouma Magazine, centre d&#039;art Ygrec-ENSAPC, 2023. \u00a9 grouma.mag<\/p><\/div><\/a><\/div>\n\n<div class=\"carousel-slider__item\">\n\t<img decoding=\"async\" width=\"2560\" height=\"1707\" src=\"https:\/\/www.ensapc.fr\/wp-content\/uploads\/2023\/09\/DSCF1962-scaled.jpg\" class=\"attachment-full size-full\" alt=\"\" srcset=\"https:\/\/www.ensapc.fr\/wp-content\/uploads\/2023\/09\/DSCF1962-scaled.jpg 2560w, https:\/\/www.ensapc.fr\/wp-content\/uploads\/2023\/09\/DSCF1962-300x200.jpg 300w, https:\/\/www.ensapc.fr\/wp-content\/uploads\/2023\/09\/DSCF1962-1024x683.jpg 1024w, https:\/\/www.ensapc.fr\/wp-content\/uploads\/2023\/09\/DSCF1962-768x512.jpg 768w, https:\/\/www.ensapc.fr\/wp-content\/uploads\/2023\/09\/DSCF1962-1536x1024.jpg 1536w, https:\/\/www.ensapc.fr\/wp-content\/uploads\/2023\/09\/DSCF1962-2048x1365.jpg 2048w\" sizes=\"(max-width: 2560px) 100vw, 2560px\" \/><div class=\"carousel-slider__caption\"><p class=\"caption\">Vues de l&#039;exposition &quot;Amour(g)&quot;, Grouma Magazine, centre d&#039;art Ygrec-ENSAPC, 2023. \u00a9 grouma.mag<\/p><\/div><\/a><\/div>\n\n<div class=\"carousel-slider__item\">\n\t<img decoding=\"async\" width=\"2560\" height=\"1707\" src=\"https:\/\/www.ensapc.fr\/wp-content\/uploads\/2023\/09\/DSCF1965-scaled.jpg\" class=\"attachment-full size-full\" alt=\"\" srcset=\"https:\/\/www.ensapc.fr\/wp-content\/uploads\/2023\/09\/DSCF1965-scaled.jpg 2560w, https:\/\/www.ensapc.fr\/wp-content\/uploads\/2023\/09\/DSCF1965-300x200.jpg 300w, https:\/\/www.ensapc.fr\/wp-content\/uploads\/2023\/09\/DSCF1965-1024x683.jpg 1024w, https:\/\/www.ensapc.fr\/wp-content\/uploads\/2023\/09\/DSCF1965-768x512.jpg 768w, https:\/\/www.ensapc.fr\/wp-content\/uploads\/2023\/09\/DSCF1965-1536x1024.jpg 1536w, https:\/\/www.ensapc.fr\/wp-content\/uploads\/2023\/09\/DSCF1965-2048x1365.jpg 2048w\" sizes=\"(max-width: 2560px) 100vw, 2560px\" \/><div class=\"carousel-slider__caption\"><p class=\"caption\">Vues de l&#039;exposition &quot;Amour(g)&quot;, Grouma Magazine, centre d&#039;art Ygrec-ENSAPC, 2023. \u00a9 grouma.mag<\/p><\/div><\/a><\/div>\n\n<div class=\"carousel-slider__item\">\n\t<img decoding=\"async\" width=\"2560\" height=\"1707\" src=\"https:\/\/www.ensapc.fr\/wp-content\/uploads\/2023\/09\/DSCF1966-scaled.jpg\" class=\"attachment-full size-full\" alt=\"\" srcset=\"https:\/\/www.ensapc.fr\/wp-content\/uploads\/2023\/09\/DSCF1966-scaled.jpg 2560w, https:\/\/www.ensapc.fr\/wp-content\/uploads\/2023\/09\/DSCF1966-300x200.jpg 300w, https:\/\/www.ensapc.fr\/wp-content\/uploads\/2023\/09\/DSCF1966-1024x683.jpg 1024w, https:\/\/www.ensapc.fr\/wp-content\/uploads\/2023\/09\/DSCF1966-768x512.jpg 768w, https:\/\/www.ensapc.fr\/wp-content\/uploads\/2023\/09\/DSCF1966-1536x1024.jpg 1536w, https:\/\/www.ensapc.fr\/wp-content\/uploads\/2023\/09\/DSCF1966-2048x1365.jpg 2048w\" sizes=\"(max-width: 2560px) 100vw, 2560px\" \/><div class=\"carousel-slider__caption\"><p class=\"caption\">Vues de l&#039;exposition &quot;Amour(g)&quot;, Grouma Magazine, centre d&#039;art Ygrec-ENSAPC, 2023. \u00a9 grouma.mag<\/p><\/div><\/a><\/div>\n\n<div class=\"carousel-slider__item\">\n\t<img decoding=\"async\" width=\"2560\" height=\"1707\" src=\"https:\/\/www.ensapc.fr\/wp-content\/uploads\/2023\/09\/DSCF1970-scaled.jpg\" class=\"attachment-full size-full\" alt=\"\" srcset=\"https:\/\/www.ensapc.fr\/wp-content\/uploads\/2023\/09\/DSCF1970-scaled.jpg 2560w, https:\/\/www.ensapc.fr\/wp-content\/uploads\/2023\/09\/DSCF1970-300x200.jpg 300w, https:\/\/www.ensapc.fr\/wp-content\/uploads\/2023\/09\/DSCF1970-1024x683.jpg 1024w, https:\/\/www.ensapc.fr\/wp-content\/uploads\/2023\/09\/DSCF1970-768x512.jpg 768w, https:\/\/www.ensapc.fr\/wp-content\/uploads\/2023\/09\/DSCF1970-1536x1024.jpg 1536w, https:\/\/www.ensapc.fr\/wp-content\/uploads\/2023\/09\/DSCF1970-2048x1365.jpg 2048w\" sizes=\"(max-width: 2560px) 100vw, 2560px\" \/><div class=\"carousel-slider__caption\"><p class=\"caption\">Vues de l&#039;exposition &quot;Amour(g)&quot;, Grouma Magazine, centre d&#039;art Ygrec-ENSAPC, 2023. \u00a9 grouma.mag<\/p><\/div><\/a><\/div>\n\n<\/div><!-- .carousel-slider-11770 -->\n<\/div><!-- .carousel-slider-outer-11770 -->\n[\/vc_column_text][\/vc_column][\/vc_row]<\/p>\n<\/div>","protected":false},"excerpt":{"rendered":"<p>[vc_row][vc_column][vc_single_image image=\u00a0\u00bb11338&Prime; img_size=\u00a0\u00bblarge\u00a0\u00bb add_caption=\u00a0\u00bbyes\u00a0\u00bb alignment=\u00a0\u00bbcenter\u00a0\u00bb][\/vc_column][\/vc_row][vc_row css=\u00a0\u00bb.vc_custom_1674743783608{padding-top: 20px !important;padding-right: 20px !important;padding-left: 20px !important;}\u00a0\u00bb][vc_column][vc_column_text]Premi\u00e8re exposition de Grouma Magazine, Amour(g) rassemble une s\u00e9lection de travaux photographiques publi\u00e9s dans les sept num\u00e9ros de la revue parus \u00e0 ce jour. Con\u00e7ue en collaboration avec le centre d\u2019art Ygrec-ENSAPC dans l\u2019esprit du magazine, cette proposition s\u2019articule autour de la pratique de&#8230;  <a class=\"excerpt-read-more\" href=\"https:\/\/www.ensapc.fr\/fr\/ygrec\/archives\/2023-2\/amourg-grouma-magazine\/\" title=\"Read AMOUR(G) &#8211; GROUMA MAGAZINE\">Lire la suite &raquo;<\/a><\/p>\n","protected":false},"author":1,"featured_media":0,"parent":10766,"menu_order":472,"comment_status":"closed","ping_status":"closed","template":"","meta":{"footnotes":""},"class_list":["post-11763","page","type-page","status-publish","hentry"],"_links":{"self":[{"href":"https:\/\/www.ensapc.fr\/fr\/wp-json\/wp\/v2\/pages\/11763","targetHints":{"allow":["GET"]}}],"collection":[{"href":"https:\/\/www.ensapc.fr\/fr\/wp-json\/wp\/v2\/pages"}],"about":[{"href":"https:\/\/www.ensapc.fr\/fr\/wp-json\/wp\/v2\/types\/page"}],"author":[{"embeddable":true,"href":"https:\/\/www.ensapc.fr\/fr\/wp-json\/wp\/v2\/users\/1"}],"replies":[{"embeddable":true,"href":"https:\/\/www.ensapc.fr\/fr\/wp-json\/wp\/v2\/comments?post=11763"}],"version-history":[{"count":2,"href":"https:\/\/www.ensapc.fr\/fr\/wp-json\/wp\/v2\/pages\/11763\/revisions"}],"predecessor-version":[{"id":11805,"href":"https:\/\/www.ensapc.fr\/fr\/wp-json\/wp\/v2\/pages\/11763\/revisions\/11805"}],"up":[{"embeddable":true,"href":"https:\/\/www.ensapc.fr\/fr\/wp-json\/wp\/v2\/pages\/10766"}],"wp:attachment":[{"href":"https:\/\/www.ensapc.fr\/fr\/wp-json\/wp\/v2\/media?parent=11763"}],"curies":[{"name":"wp","href":"https:\/\/api.w.org\/{rel}","templated":true}]}}