{"id":11927,"date":"2024-02-29T13:29:53","date_gmt":"2024-02-29T12:29:53","guid":{"rendered":"https:\/\/www.ensapc.fr\/?page_id=11927"},"modified":"2024-06-18T13:27:45","modified_gmt":"2024-06-18T11:27:45","slug":"silver-lining-sarah-anais-desbenoit","status":"publish","type":"page","link":"https:\/\/www.ensapc.fr\/fr\/ygrec\/archives\/2023-2\/silver-lining-sarah-anais-desbenoit\/","title":{"rendered":"Silver Lining\u00a0"},"content":{"rendered":"<div class=\"wpb-content-wrapper\"><p>[vc_row][vc_column][vc_single_image image=\u00a0\u00bb11881&Prime; img_size=\u00a0\u00bblarge\u00a0\u00bb add_caption=\u00a0\u00bbyes\u00a0\u00bb alignment=\u00a0\u00bbcenter\u00a0\u00bb][\/vc_column][\/vc_row][vc_row css=\u00a0\u00bb.vc_custom_1676554001390{padding-top: 20px !important;padding-right: 30px !important;padding-left: 30px !important;}\u00a0\u00bb][vc_column][vc_column_text]<em>Silver Lining<\/em>\u00a0est la premi\u00e8re exposition monographique de Sarah-Ana\u00efs Desbenoit, dipl\u00f4m\u00e9e de l\u2019\u00c9cole nationale sup\u00e9rieure de Paris-Cergy en 2020. En articulation avec l\u2019exposition\u00a0<em>Night Stalker<\/em>\u00a0organis\u00e9e au Fresnoy &#8211; studio national d\u2019art contemporain \u00e0 Tourcoing qui se d\u00e9ploie dans l\u2019obscurit\u00e9,\u00a0<em>Silver Lining<\/em> fait miroiter l\u2019ombre. Pens\u00e9e sp\u00e9cifiquement pour le Centre d\u2019art Ygrec-ENSAPC, l\u2019exposition emprunte son titre \u00e0 l\u2019expression anglaise \u00ab every cloud has a silver lining \u00bb qui sugg\u00e8re que chaque nuage contient la promesse du soleil \u00e0 venir. Baignant dans une atmosph\u00e8re brumeuse, une vaste installation associe des \u00e9l\u00e9ments sculpturaux, lumineux et sonores. Ensemble, ils forment un paysage en mouvement, oscillant entre la miniature et l\u2019\u00e9chelle humaine. Une \u00e9tendue d\u2019eau se gonfle de larmes vers\u00e9es goutte \u00e0 goutte, un train miniature circule sans destination, une roue de f\u00eate foraine greff\u00e9e sur un moulin tourne dans la brume\u2026 Comme une sculpture ASMR* \u2013 destin\u00e9e \u00e0 nous bercer dans une forme d\u2019hypnose \u2013 l\u2019installation joue sur la r\u00e9p\u00e9tition et l\u2019alt\u00e9ration progressive de nos sensations. Inspir\u00e9 de souvenirs personnels, de panoramas cin\u00e9matographiques et d\u2019architectures r\u00e9elles, ce paysage est avant tout une <em>re<\/em>composition fantasm\u00e9e, con\u00e7ue pour faire na\u00eetre un large faisceau de fictions. L\u2019artiste propose ainsi un \u00ab\u00a0conte architectural\u00a0\u00bb, dont la tonalit\u00e9 enfantine se teinte de m\u00e9lancolie. En r\u00e9f\u00e9rence aux dioramas mais aussi \u00e0 l\u2019industrie du divertissement, qui, de la f\u00eate foraine au petit train, attire toutes les g\u00e9n\u00e9rations,\u00a0<em>Silver Lining<\/em>\u00a0est un th\u00e9\u00e2tre sans acteur\u00b7rices, anim\u00e9 par des m\u00e9canismes qui tournent en boucle.<\/p>\n<p>N\u00e9e \u00e0 Paris, Sarah-Ana\u00efs Desbenoit sort dipl\u00f4m\u00e9e de l\u2019\u00c9cole nationale sup\u00e9rieure d\u2019arts de Paris Cergy en 2020 avant d\u2019int\u00e9grer le Fresnoy, studio national d\u2019art contemporain \u00e0 Tourcoing. Aliment\u00e9 par des recherches au long cours \u2013 d\u00e9velopp\u00e9es notamment lors d\u2019une r\u00e9sidence \u00e0 l\u2019Oasis de Thigmert dans le d\u00e9sert marocain et d\u2019un stage \u00e0 la Villa Kujoyama au Japon \u2013 son travail porte sur les m\u00e9canismes d\u2019apparition et de disparition des images et leur influence sur la m\u00e9moire et la cognition. Par la r\u00e9alisation de miniatures mais \u00e9galement par l\u2019usage de la vid\u00e9o, de la projection et du son, sa pratique se d\u00e9veloppe autour de la question de l\u2019illusion, du d\u00e9sordre sublim\u00e9. En s\u2019associant r\u00e9guli\u00e8rement \u00e0 d\u2019autres artistes, Sarah-Ana\u00efs Desbenoit cultive une d\u00e9marche collaborative. Mathilin Bernard, menuisier, Guillaume Stagnaro, programmateur et Octave Magescas, musicien et compositeur ont travaill\u00e9 \u00e0 ses c\u00f4t\u00e9s \u00e0 la r\u00e9alisation de\u00a0<em>Silver Lining<\/em>.<\/p>\n<p>*L\u2019ASMR\u00a0(de l&rsquo;anglais\u00a0<em>autonomous sensory meridian response<\/em>, que l&rsquo;on peut traduire par \u00ab\u00a0r\u00e9ponse sensorielle autonome culminante \u00bb) est une sensation agr\u00e9able, de picotements ou frissons au niveau du cr\u00e2ne, du cuir chevelu ou des zones p\u00e9riph\u00e9riques du corps, en r\u00e9ponse \u00e0 un\u00a0stimulus\u00a0visuel, auditif, olfactif ou cognitif.<\/p>\n<p>Image : Vue de l&rsquo;exposition <em>Silver Lining<\/em>, 2023,\u00a0Sarah-Ana\u00efs Desbenoit,\u00a0Centre d\u2019Art Ygrec-ENSAPC, Aubervilliers. Photos\u00a0: Sarah-Ana\u00efs Desbenoit[\/vc_column_text][\/vc_column][\/vc_row][vc_row][vc_column][vc_empty_space][\/vc_column][\/vc_row][vc_row][vc_column][vc_single_image image=\u00a0\u00bb11832&Prime; img_size=\u00a0\u00bbmedium\u00a0\u00bb alignment=\u00a0\u00bbcenter\u00a0\u00bb][\/vc_column][\/vc_row][vc_row][vc_column][vc_column_text css=\u00a0\u00bb\u00a0\u00bb]<div class=\"carousel-slider-outer carousel-slider-outer-image-carousel carousel-slider-outer-12235\" style=\"--carousel-slider-nav-color:#f1f1f1;--carousel-slider-active-nav-color:#00d1b2;--carousel-slider-arrow-size:48px;--carousel-slider-bullet-size:10px\">\n<div id=\"&#039;id-12235\" class=\"carousel-slider carousel-slider-12235 arrows-visibility-hover dots-visibility-never arrows-outside dots-center dots-circle owl-carousel\" data-slide-type=\"image-carousel\" data-owl-settings='{\"nav\":true,\"dots\":false,\"slideBy\":1,\"stagePadding\":50,\"margin\":10,\"loop\":true,\"lazyLoad\":false,\"autoplay\":true,\"autoplayTimeout\":5000,\"autoplaySpeed\":500,\"autoplayHoverPause\":true,\"autoWidth\":false,\"responsive\":{\"300\":{\"items\":1},\"576\":{\"items\":1},\"768\":{\"items\":1},\"1024\":{\"items\":1},\"1280\":{\"items\":1},\"1536\":{\"items\":1}}}'>\n<div class=\"carousel-slider__item\">\n\t<img decoding=\"async\" width=\"2560\" height=\"1707\" src=\"https:\/\/www.ensapc.fr\/wp-content\/uploads\/2024\/06\/IMG_0846-scaled.jpg\" class=\"attachment-full size-full\" alt=\"\" srcset=\"https:\/\/www.ensapc.fr\/wp-content\/uploads\/2024\/06\/IMG_0846-scaled.jpg 2560w, https:\/\/www.ensapc.fr\/wp-content\/uploads\/2024\/06\/IMG_0846-300x200.jpg 300w, https:\/\/www.ensapc.fr\/wp-content\/uploads\/2024\/06\/IMG_0846-1024x683.jpg 1024w, https:\/\/www.ensapc.fr\/wp-content\/uploads\/2024\/06\/IMG_0846-768x512.jpg 768w, https:\/\/www.ensapc.fr\/wp-content\/uploads\/2024\/06\/IMG_0846-1536x1024.jpg 1536w, https:\/\/www.ensapc.fr\/wp-content\/uploads\/2024\/06\/IMG_0846-2048x1365.jpg 2048w\" sizes=\"(max-width: 2560px) 100vw, 2560px\" \/><\/a><\/div>\n\n<div class=\"carousel-slider__item\">\n\t<img decoding=\"async\" width=\"2560\" height=\"1707\" src=\"https:\/\/www.ensapc.fr\/wp-content\/uploads\/2024\/06\/IMG_0796-scaled.jpg\" class=\"attachment-full size-full\" alt=\"\" srcset=\"https:\/\/www.ensapc.fr\/wp-content\/uploads\/2024\/06\/IMG_0796-scaled.jpg 2560w, https:\/\/www.ensapc.fr\/wp-content\/uploads\/2024\/06\/IMG_0796-300x200.jpg 300w, https:\/\/www.ensapc.fr\/wp-content\/uploads\/2024\/06\/IMG_0796-1024x683.jpg 1024w, https:\/\/www.ensapc.fr\/wp-content\/uploads\/2024\/06\/IMG_0796-768x512.jpg 768w, https:\/\/www.ensapc.fr\/wp-content\/uploads\/2024\/06\/IMG_0796-1536x1024.jpg 1536w, https:\/\/www.ensapc.fr\/wp-content\/uploads\/2024\/06\/IMG_0796-2048x1365.jpg 2048w\" sizes=\"(max-width: 2560px) 100vw, 2560px\" \/><\/a><\/div>\n\n<div class=\"carousel-slider__item\">\n\t<img decoding=\"async\" width=\"2560\" height=\"1707\" src=\"https:\/\/www.ensapc.fr\/wp-content\/uploads\/2024\/06\/IMG_0642-scaled.jpg\" class=\"attachment-full size-full\" alt=\"\" srcset=\"https:\/\/www.ensapc.fr\/wp-content\/uploads\/2024\/06\/IMG_0642-scaled.jpg 2560w, https:\/\/www.ensapc.fr\/wp-content\/uploads\/2024\/06\/IMG_0642-300x200.jpg 300w, https:\/\/www.ensapc.fr\/wp-content\/uploads\/2024\/06\/IMG_0642-1024x683.jpg 1024w, https:\/\/www.ensapc.fr\/wp-content\/uploads\/2024\/06\/IMG_0642-768x512.jpg 768w, https:\/\/www.ensapc.fr\/wp-content\/uploads\/2024\/06\/IMG_0642-1536x1024.jpg 1536w, https:\/\/www.ensapc.fr\/wp-content\/uploads\/2024\/06\/IMG_0642-2048x1365.jpg 2048w\" sizes=\"(max-width: 2560px) 100vw, 2560px\" \/><\/a><\/div>\n\n<div class=\"carousel-slider__item\">\n\t<img decoding=\"async\" width=\"2560\" height=\"1707\" src=\"https:\/\/www.ensapc.fr\/wp-content\/uploads\/2024\/06\/IMG_0897-2-scaled.jpg\" class=\"attachment-full size-full\" alt=\"\" srcset=\"https:\/\/www.ensapc.fr\/wp-content\/uploads\/2024\/06\/IMG_0897-2-scaled.jpg 2560w, https:\/\/www.ensapc.fr\/wp-content\/uploads\/2024\/06\/IMG_0897-2-300x200.jpg 300w, https:\/\/www.ensapc.fr\/wp-content\/uploads\/2024\/06\/IMG_0897-2-1024x683.jpg 1024w, https:\/\/www.ensapc.fr\/wp-content\/uploads\/2024\/06\/IMG_0897-2-768x512.jpg 768w, https:\/\/www.ensapc.fr\/wp-content\/uploads\/2024\/06\/IMG_0897-2-1536x1024.jpg 1536w, https:\/\/www.ensapc.fr\/wp-content\/uploads\/2024\/06\/IMG_0897-2-2048x1365.jpg 2048w\" sizes=\"(max-width: 2560px) 100vw, 2560px\" \/><\/a><\/div>\n\n<div class=\"carousel-slider__item\">\n\t<img decoding=\"async\" width=\"2560\" height=\"1707\" src=\"https:\/\/www.ensapc.fr\/wp-content\/uploads\/2024\/06\/IMG_0908-2-copie-scaled.jpg\" class=\"attachment-full size-full\" alt=\"\" srcset=\"https:\/\/www.ensapc.fr\/wp-content\/uploads\/2024\/06\/IMG_0908-2-copie-scaled.jpg 2560w, https:\/\/www.ensapc.fr\/wp-content\/uploads\/2024\/06\/IMG_0908-2-copie-300x200.jpg 300w, https:\/\/www.ensapc.fr\/wp-content\/uploads\/2024\/06\/IMG_0908-2-copie-1024x683.jpg 1024w, https:\/\/www.ensapc.fr\/wp-content\/uploads\/2024\/06\/IMG_0908-2-copie-768x512.jpg 768w, https:\/\/www.ensapc.fr\/wp-content\/uploads\/2024\/06\/IMG_0908-2-copie-1536x1024.jpg 1536w, https:\/\/www.ensapc.fr\/wp-content\/uploads\/2024\/06\/IMG_0908-2-copie-2048x1365.jpg 2048w\" sizes=\"(max-width: 2560px) 100vw, 2560px\" \/><\/a><\/div>\n\n<div class=\"carousel-slider__item\">\n\t<img decoding=\"async\" width=\"2560\" height=\"1707\" src=\"https:\/\/www.ensapc.fr\/wp-content\/uploads\/2024\/06\/IMG_0913-copie-scaled.jpg\" class=\"attachment-full size-full\" alt=\"\" srcset=\"https:\/\/www.ensapc.fr\/wp-content\/uploads\/2024\/06\/IMG_0913-copie-scaled.jpg 2560w, https:\/\/www.ensapc.fr\/wp-content\/uploads\/2024\/06\/IMG_0913-copie-300x200.jpg 300w, https:\/\/www.ensapc.fr\/wp-content\/uploads\/2024\/06\/IMG_0913-copie-1024x683.jpg 1024w, https:\/\/www.ensapc.fr\/wp-content\/uploads\/2024\/06\/IMG_0913-copie-768x512.jpg 768w, https:\/\/www.ensapc.fr\/wp-content\/uploads\/2024\/06\/IMG_0913-copie-1536x1024.jpg 1536w, https:\/\/www.ensapc.fr\/wp-content\/uploads\/2024\/06\/IMG_0913-copie-2048x1365.jpg 2048w\" sizes=\"(max-width: 2560px) 100vw, 2560px\" \/><\/a><\/div>\n\n<div class=\"carousel-slider__item\">\n\t<img decoding=\"async\" width=\"2560\" height=\"1707\" src=\"https:\/\/www.ensapc.fr\/wp-content\/uploads\/2024\/06\/IMG_0882-copie-scaled.jpg\" class=\"attachment-full size-full\" alt=\"\" srcset=\"https:\/\/www.ensapc.fr\/wp-content\/uploads\/2024\/06\/IMG_0882-copie-scaled.jpg 2560w, https:\/\/www.ensapc.fr\/wp-content\/uploads\/2024\/06\/IMG_0882-copie-300x200.jpg 300w, https:\/\/www.ensapc.fr\/wp-content\/uploads\/2024\/06\/IMG_0882-copie-1024x683.jpg 1024w, https:\/\/www.ensapc.fr\/wp-content\/uploads\/2024\/06\/IMG_0882-copie-768x512.jpg 768w, https:\/\/www.ensapc.fr\/wp-content\/uploads\/2024\/06\/IMG_0882-copie-1536x1024.jpg 1536w, https:\/\/www.ensapc.fr\/wp-content\/uploads\/2024\/06\/IMG_0882-copie-2048x1365.jpg 2048w\" sizes=\"(max-width: 2560px) 100vw, 2560px\" \/><\/a><\/div>\n\n<div class=\"carousel-slider__item\">\n\t<img decoding=\"async\" width=\"2560\" height=\"1707\" src=\"https:\/\/www.ensapc.fr\/wp-content\/uploads\/2024\/06\/IMG_0690-scaled.jpg\" class=\"attachment-full size-full\" alt=\"\" srcset=\"https:\/\/www.ensapc.fr\/wp-content\/uploads\/2024\/06\/IMG_0690-scaled.jpg 2560w, https:\/\/www.ensapc.fr\/wp-content\/uploads\/2024\/06\/IMG_0690-300x200.jpg 300w, https:\/\/www.ensapc.fr\/wp-content\/uploads\/2024\/06\/IMG_0690-1024x683.jpg 1024w, https:\/\/www.ensapc.fr\/wp-content\/uploads\/2024\/06\/IMG_0690-768x512.jpg 768w, https:\/\/www.ensapc.fr\/wp-content\/uploads\/2024\/06\/IMG_0690-1536x1024.jpg 1536w, https:\/\/www.ensapc.fr\/wp-content\/uploads\/2024\/06\/IMG_0690-2048x1365.jpg 2048w\" sizes=\"(max-width: 2560px) 100vw, 2560px\" \/><\/a><\/div>\n\n<\/div><!-- .carousel-slider-12235 -->\n<\/div><!-- .carousel-slider-outer-12235 -->\n[\/vc_column_text][\/vc_column][\/vc_row]<\/p>\n<\/div>","protected":false},"excerpt":{"rendered":"<p>[vc_row][vc_column][vc_single_image image=\u00a0\u00bb11881&Prime; img_size=\u00a0\u00bblarge\u00a0\u00bb add_caption=\u00a0\u00bbyes\u00a0\u00bb alignment=\u00a0\u00bbcenter\u00a0\u00bb][\/vc_column][\/vc_row][vc_row css=\u00a0\u00bb.vc_custom_1676554001390{padding-top: 20px !important;padding-right: 30px !important;padding-left: 30px !important;}\u00a0\u00bb][vc_column][vc_column_text]Silver Lining\u00a0est la premi\u00e8re exposition monographique de Sarah-Ana\u00efs Desbenoit, dipl\u00f4m\u00e9e de l\u2019\u00c9cole nationale sup\u00e9rieure de Paris-Cergy en 2020. En articulation avec l\u2019exposition\u00a0Night Stalker\u00a0organis\u00e9e au Fresnoy &#8211; studio national d\u2019art contemporain \u00e0 Tourcoing qui se d\u00e9ploie dans l\u2019obscurit\u00e9,\u00a0Silver Lining fait miroiter l\u2019ombre. Pens\u00e9e sp\u00e9cifiquement pour&#8230;  <a class=\"excerpt-read-more\" href=\"https:\/\/www.ensapc.fr\/fr\/ygrec\/archives\/2023-2\/silver-lining-sarah-anais-desbenoit\/\" title=\"Read Silver Lining\u00a0\">Lire la suite &raquo;<\/a><\/p>\n","protected":false},"author":1,"featured_media":0,"parent":10766,"menu_order":475,"comment_status":"closed","ping_status":"closed","template":"","meta":{"footnotes":""},"class_list":["post-11927","page","type-page","status-publish","hentry"],"_links":{"self":[{"href":"https:\/\/www.ensapc.fr\/fr\/wp-json\/wp\/v2\/pages\/11927","targetHints":{"allow":["GET"]}}],"collection":[{"href":"https:\/\/www.ensapc.fr\/fr\/wp-json\/wp\/v2\/pages"}],"about":[{"href":"https:\/\/www.ensapc.fr\/fr\/wp-json\/wp\/v2\/types\/page"}],"author":[{"embeddable":true,"href":"https:\/\/www.ensapc.fr\/fr\/wp-json\/wp\/v2\/users\/1"}],"replies":[{"embeddable":true,"href":"https:\/\/www.ensapc.fr\/fr\/wp-json\/wp\/v2\/comments?post=11927"}],"version-history":[{"count":5,"href":"https:\/\/www.ensapc.fr\/fr\/wp-json\/wp\/v2\/pages\/11927\/revisions"}],"predecessor-version":[{"id":12252,"href":"https:\/\/www.ensapc.fr\/fr\/wp-json\/wp\/v2\/pages\/11927\/revisions\/12252"}],"up":[{"embeddable":true,"href":"https:\/\/www.ensapc.fr\/fr\/wp-json\/wp\/v2\/pages\/10766"}],"wp:attachment":[{"href":"https:\/\/www.ensapc.fr\/fr\/wp-json\/wp\/v2\/media?parent=11927"}],"curies":[{"name":"wp","href":"https:\/\/api.w.org\/{rel}","templated":true}]}}