{"id":11965,"date":"2024-02-29T13:53:18","date_gmt":"2024-02-29T12:53:18","guid":{"rendered":"https:\/\/www.ensapc.fr\/?page_id=11965"},"modified":"2024-02-29T14:03:27","modified_gmt":"2024-02-29T13:03:27","slug":"the-cinema-of-resistance","status":"publish","type":"page","link":"https:\/\/www.ensapc.fr\/fr\/ygrec\/archives\/2023-2\/the-cinema-of-resistance\/","title":{"rendered":"THE CINEMA OF RESISTANCE"},"content":{"rendered":"<div class=\"wpb-content-wrapper\"><p>[vc_row][vc_column][vc_single_image image=\u00a0\u00bb11900&Prime; img_size=\u00a0\u00bblarge\u00a0\u00bb add_caption=\u00a0\u00bbyes\u00a0\u00bb alignment=\u00a0\u00bbcenter\u00a0\u00bb][\/vc_column][\/vc_row][vc_row css=\u00a0\u00bb.vc_custom_1676554001390{padding-top: 20px !important;padding-right: 30px !important;padding-left: 30px !important;}\u00a0\u00bb][vc_column][vc_column_text css=\u00a0\u00bb.vc_custom_1709211792886{border-left-width: 0px !important;}\u00a0\u00bb]<\/p>\n<h2 style=\"padding-left: 40px;\"><strong>Une programmation de Shirin Barghnavard<\/strong><br \/>\n<strong>Du 12 au 16 d\u00e9cembre 2023\u00a0au\u00a0Centre d\u2019art Ygrec-ENSAPC<\/strong><\/h2>\n<p>Dans le cadre d\u2019un partenariat entre la Cit\u00e9 internationale des arts de Paris et l\u2019\u00c9cole nationale sup\u00e9rieure d&rsquo;arts de Paris-Cergy, la r\u00e9alisatrice de films documentaires Shirin Barghnavard est pr\u00e9sente \u00e0 Paris de octobre \u00e0 d\u00e9cembre 2023, en qualit\u00e9 d&rsquo;artiste-professeure invit\u00e9e. Parall\u00e8lement \u00e0 sa r\u00e9sidence artistique, elle a men\u00e9 avec les \u00e9tudiant\u00b7e\u00b7s de l\u2019ENSAPC un atelier de r\u00e9alisation intitul\u00e9 <em>The Art of Documentary Narrative<\/em>\u00a0(<em>L&rsquo;art de la narration documentaire<\/em>). Pour conclure\u00a0ces temps de\u00a0r\u00e9sidence et\u00a0d&rsquo;atelier, Shirin Barghnavard pr\u00e9sente\u00a0au centre d&rsquo;art Ygrec-ENSAPC\u00a0certains de ses films documentaires r\u00e9cents et une s\u00e9lection de courts m\u00e9trages r\u00e9alis\u00e9s par les \u00e9tudiant\u00b7e\u00b7s.<\/p>\n<p><em>The Cinema of Resistance<\/em>\u00a0(<em>Le cin\u00e9ma de la r\u00e9sistance<\/em>) est un \u00e9v\u00e8nement de\u00a05 jours du 12 au 16 d\u00e9cembre, durant lesquels seront\u00a0projet\u00e9s\u00a04 films r\u00e9alis\u00e9s ou co-r\u00e9alis\u00e9s par Shirin Barghnavard. Le 15 d\u00e9cembre,\u00a0la\u00a0projection de\u00a0<em>Profession: Documentarist<\/em>\u00a0sera suivie\u00a0d&rsquo;une discussion entre\u00a0Shirin Barghnavard,\u00a0Sahar Salahshoor (r\u00e9alisatrice) et Nicole Fern\u00e1ndez Ferrer (co-pr\u00e9sidente du Centre Audiovisuel Simone de Beauvoir),\u00a0anim\u00e9e par Guillaume Breton (directeur artistique du Centre d&rsquo;art Ygrec-ENSAPC). Le 16 d\u00e9cembre, la\u00a0s\u00e9ance de projection des\u00a08 courts-m\u00e9trages r\u00e9alis\u00e9s par des \u00e9tudiant\u00b7e\u00b7s de l&rsquo;atelier\u00a0<em>L&rsquo;art de la narration documentaire <\/em>sera suivie d&rsquo;une discussion informelle sur leur processus de travail\u00a0(programme d\u00e9taill\u00e9 ci-dessous).<\/p>\n<p>D\u2019apr\u00e8s Shirin Barghnavard\u00a0:<\/p>\n<p>\u00ab\u00a0Quel outil est la cam\u00e9ra dans les mains des cin\u00e9astes confront\u00e9\u00b7e\u00b7s \u00e0 la r\u00e9pression politique et \u00e9conomique ? Vivant sous le contr\u00f4le d&rsquo;un syst\u00e8me dictatorial qui cherche \u00e0 r\u00e9glementer tous les aspects de nos\u00a0vies, l&rsquo;art se transforme peu \u00e0 peu en outil de r\u00e9sistance. La pratique du cin\u00e9ma comme forme de r\u00e9sistance a \u00e9merg\u00e9 dans plusieurs pays, dont l&rsquo;Iran, o\u00f9 des cin\u00e9astes ind\u00e9pendant\u00b7e\u00b7s se sont engag\u00e9\u00b7e\u00b7s, au cours des derni\u00e8res ann\u00e9es, dans cette forme d&rsquo;activisme.<\/p>\n<p>Il existe des points communs et des approches partag\u00e9es par les artistes et les cin\u00e9astes ind\u00e9pendant\u00b7e\u00b7s du monde entier, qui constituent une r\u00e9sistance collective contre l&rsquo;h\u00e9g\u00e9monie de\u00a0situations dominantes. Cette r\u00e9bellion prend forme au c\u0153ur de l&rsquo;image et de la narration\u00a0o\u00f9\u00a0s&rsquo;entrelacent\u00a0r\u00e9cits personnels, observations, histoires orales et images provenant d&rsquo;archives familiales et historiques.<\/p>\n<p>Cette programmation est une occasion de pr\u00e9senter\u00a0une vue d&rsquo;ensemble de <em>The Cinema of Resistance<\/em>, et de mettre en discussion les mani\u00e8res de r\u00e9pondre \u00e0 la lutte pour le changement par l&rsquo;expression artistique. \u00bb<\/p>\n<p><strong>Biographie<\/strong><\/p>\n<p>Les documentaires de Shirin Barghnavard se concentrent sur des questions sociales, en particulier l&rsquo;impact de la politique et de la guerre sur la soci\u00e9t\u00e9, cet engagement est ce qui\u00a0contribue \u00e0 la renomm\u00e9e\u00a0de ses films comme : <em>Density of Emptiness<\/em> (2023) et <em>Invisible<\/em> (2019). Ses films ont \u00e9t\u00e9 pr\u00e9sent\u00e9s dans des festivals de cin\u00e9ma internationaux, ce qui lui a valu des prix tels que le Tim Hetherington Award (Sheffield Doc\/Fest, Royaume-Uni) et le Special Jury Award (Green Film Fes-tival, S\u00e9oul, Cor\u00e9e). Travaillant au Kara Film Studio de 2015 \u00e0 2018, connu pour ses productions documentaires ind\u00e9pendantes \u00e0 T\u00e9h\u00e9ran, Shirin Barghnavard a re\u00e7u des bourses de r\u00e9sidence d&rsquo;institutions telles que : la Cit\u00e9 internationale des arts (Paris) et l&rsquo;Institut Harun Farocki (Berlin). Elle anime des ateliers de cin\u00e9ma dans le monde entier et a \u00e9t\u00e9 membre du jury pour le prix du film \u00ab\u00a0Change of View\u00a0\u00bb au Filmfest Hamburg.<\/p>\n<p>&nbsp;<\/p>\n<p><strong>Programme\u00a0<\/strong><\/p>\n<p><strong>mardi 12.12.23<\/strong><br \/>\n<em><strong>Invisible<\/strong><\/em><br \/>\n2019, 27 minutes, sous-titres anglais<br \/>\nR\u00e9alisation : Shirin Barghnavard<br \/>\nProduction : Mohammad Reza Jahanpanah et Shirin Barghnavard.<\/p>\n<p><strong>Horaires :\u00a0 <\/strong>Projection en boucle de 14h00 \u00e0 18h30 \/ s\u00e9ance \u00e0 19h00 en pr\u00e9sence de la r\u00e9alisatrice Shirin Barghnavard.<\/p>\n<p><strong>mercredi 13.12.23 <\/strong><br \/>\n<strong><em>Scenes from a Divorce<\/em><\/strong><br \/>\n2015, 73 minutes, sous-titres fran\u00e7ais<br \/>\nR\u00e9alis\u00e9 et produit par : Shirin Barghnavard et Mohammad Reza Jahanpanah<\/p>\n<p><strong>Horaires :\u00a0 <\/strong>Projection en boucle de 14h00 \u00e0 18h30 \/ s\u00e9ance \u00e0 19h00 en pr\u00e9sence de la r\u00e9alisatrice Shirin Barghnavard.<br \/>\n<strong>jeudi 14.12.23 <\/strong><br \/>\n<strong><em>Density of Emptiness<\/em><\/strong><br \/>\n2023, 19 minutes, sous-titres anglais<br \/>\n\u201cAvant-premi\u00e8re\u201d<br \/>\nR\u00e9alisation : Shirin Barghnavard<br \/>\nProduction : Afsun Moshiry et Baptiste Bertin<br \/>\nConseill\u00e9\u00b7e\u00b7s artistique : Wim Wenders et Hella Wenders<\/p>\n<p><strong>Horaires :\u00a0 <\/strong>Projection en boucle de 14.00 \u00e0 18.30 \/ s\u00e9ance \u00e0 19.00 en pr\u00e9sence de la r\u00e9alisatrice Shirin Barghnavard.<br \/>\n<strong>vendredi 15.12.23 <\/strong><br \/>\n<strong><em>Profession: Documentarist<\/em><\/strong><br \/>\n2014, 80 minutes, sous-titres anglais et fran\u00e7ais<br \/>\nR\u00e9alisation et production : Shirin Barghnavard, Nahid Rezaei, Mina Keshavarz, Farahnaz Sharifi, Sepideh Abtahi et Sahar Salahshoor.<\/p>\n<p><strong>Horaires :\u00a0 <\/strong>Projection en boucle de 14h00 \u00e0 18h30 \/ s\u00e9ance \u00e0 19h00 en pr\u00e9sence de la r\u00e9alisatrice Shirin Barghnavard.\u00a0<strong><br \/>\n20h30<\/strong> : Discussion entre Shirin Barghnavard, Sahar Salahshoor (r\u00e9alisatrice), Nicole Fern\u00e1ndez Ferrer (co-pr\u00e9sidente du Centre Audiovisuel Simone de Beauvoir) mod\u00e9r\u00e9e par Guillaume Breton (directeur artistique du Centre d&rsquo;art Ygrec-ENSAPC)<\/p>\n<p>&nbsp;<\/p>\n<p><strong>samedi 16.12.23<\/strong><br \/>\nProgrammation de 8 court m\u00e9trages d\u2019\u00e9tudiant\u00b7e\u00b7s produit dans le cadre du workshop <em>The Art of Documentary Narrative<\/em> de Shirin Barghnavard.<br \/>\n<strong><em>Sex Workers Among Us<\/em>\u00a0<\/strong>(Marion Ravel,\u00a0Cay Rauscher\u00a0et Valentine Houot-Braun)<br \/>\n<strong><em>Ice Cubes First<\/em>\u00a0<\/strong>(Beatriz Tavares Gomes, Elise Bonnelle, Gabriel LE Pris\u00e9 et<br \/>\nFelix Szpirglas)<br \/>\n<strong><em>Operation Dragoon<\/em>\u00a0<\/strong>(Paula Petit et\u00a0Sveva Diolaiti)<br \/>\n<strong><em>The Star Drank Water<\/em>\u00a0<\/strong>(Soli Jeon et Jeongwon Go)<br \/>\n<strong><em>Menarche<\/em>\u00a0<\/strong>(Olympia Rezgui, Hanieh mahmoudiyekta et\u00a0Ines Bahraoui)<br \/>\n<strong><em>The House of Lost Memories<\/em>\u00a0<\/strong>(Gloria Mendes, Raoul Gadish et\u00a0Lily Meul\u00e9)<br \/>\n<strong><em>The Eiffel\u00a0Tower<\/em>\u00a0<\/strong>(Emma Bert-Lazli,\u00a0Lily Meul\u00e9 et\u00a0Yujin Choung)<br \/>\n<strong><em>no adab<\/em>\u00a0<\/strong>(Selma Hyka et\u00a0kenza Belkadi)<\/p>\n<p><strong>Horaires :\u00a0 <\/strong>Projections de 16h \u00e0 18h en pr\u00e9sence des \u00e9tudiant\u00b7e\u00b7s et de la r\u00e9alisatrice Shirin Barghnavard.<\/p>\n<p>Image :\u00a0 Sepideh Abtahi, behind the scenes of &lsquo;Profession Documentarist&rsquo;, Photo by Farahnaz Sharifi<b><br \/>\n<\/b>[\/vc_column_text][\/vc_column][\/vc_row][vc_row][vc_column][vc_empty_space][\/vc_column][\/vc_row][vc_row][vc_column][vc_single_image image=\u00a0\u00bb11832&Prime; img_size=\u00a0\u00bbmedium\u00a0\u00bb alignment=\u00a0\u00bbcenter\u00a0\u00bb][\/vc_column][\/vc_row]<\/p>\n<\/div>","protected":false},"excerpt":{"rendered":"<p>[vc_row][vc_column][vc_single_image image=\u00a0\u00bb11900&Prime; img_size=\u00a0\u00bblarge\u00a0\u00bb add_caption=\u00a0\u00bbyes\u00a0\u00bb alignment=\u00a0\u00bbcenter\u00a0\u00bb][\/vc_column][\/vc_row][vc_row css=\u00a0\u00bb.vc_custom_1676554001390{padding-top: 20px !important;padding-right: 30px !important;padding-left: 30px !important;}\u00a0\u00bb][vc_column][vc_column_text css=\u00a0\u00bb.vc_custom_1709211792886{border-left-width: 0px !important;}\u00a0\u00bb] Une programmation de Shirin Barghnavard Du 12 au 16 d\u00e9cembre 2023\u00a0au\u00a0Centre d\u2019art Ygrec-ENSAPC Dans le cadre d\u2019un partenariat entre la Cit\u00e9 internationale des arts de Paris et l\u2019\u00c9cole nationale sup\u00e9rieure d&rsquo;arts de Paris-Cergy, la r\u00e9alisatrice de films documentaires Shirin Barghnavard&#8230;  <a class=\"excerpt-read-more\" href=\"https:\/\/www.ensapc.fr\/fr\/ygrec\/archives\/2023-2\/the-cinema-of-resistance\/\" title=\"Read THE CINEMA OF RESISTANCE\">Lire la suite &raquo;<\/a><\/p>\n","protected":false},"author":1,"featured_media":0,"parent":10766,"menu_order":476,"comment_status":"closed","ping_status":"closed","template":"","meta":{"footnotes":""},"class_list":["post-11965","page","type-page","status-publish","hentry"],"_links":{"self":[{"href":"https:\/\/www.ensapc.fr\/fr\/wp-json\/wp\/v2\/pages\/11965","targetHints":{"allow":["GET"]}}],"collection":[{"href":"https:\/\/www.ensapc.fr\/fr\/wp-json\/wp\/v2\/pages"}],"about":[{"href":"https:\/\/www.ensapc.fr\/fr\/wp-json\/wp\/v2\/types\/page"}],"author":[{"embeddable":true,"href":"https:\/\/www.ensapc.fr\/fr\/wp-json\/wp\/v2\/users\/1"}],"replies":[{"embeddable":true,"href":"https:\/\/www.ensapc.fr\/fr\/wp-json\/wp\/v2\/comments?post=11965"}],"version-history":[{"count":4,"href":"https:\/\/www.ensapc.fr\/fr\/wp-json\/wp\/v2\/pages\/11965\/revisions"}],"predecessor-version":[{"id":11969,"href":"https:\/\/www.ensapc.fr\/fr\/wp-json\/wp\/v2\/pages\/11965\/revisions\/11969"}],"up":[{"embeddable":true,"href":"https:\/\/www.ensapc.fr\/fr\/wp-json\/wp\/v2\/pages\/10766"}],"wp:attachment":[{"href":"https:\/\/www.ensapc.fr\/fr\/wp-json\/wp\/v2\/media?parent=11965"}],"curies":[{"name":"wp","href":"https:\/\/api.w.org\/{rel}","templated":true}]}}