{"id":11973,"date":"2024-02-29T14:25:03","date_gmt":"2024-02-29T13:25:03","guid":{"rendered":"https:\/\/www.ensapc.fr\/?page_id=11973"},"modified":"2024-06-18T15:37:40","modified_gmt":"2024-06-18T13:37:40","slug":"images-latentes","status":"publish","type":"page","link":"https:\/\/www.ensapc.fr\/fr\/ygrec\/archives\/2024-2\/images-latentes\/","title":{"rendered":"IMAGES LATENTES"},"content":{"rendered":"<div class=\"wpb-content-wrapper\"><p>[vc_row][vc_column][vc_single_image image=\u00a0\u00bb11929&Prime; img_size=\u00a0\u00bblarge\u00a0\u00bb add_caption=\u00a0\u00bbyes\u00a0\u00bb alignment=\u00a0\u00bbcenter\u00a0\u00bb][\/vc_column][\/vc_row][vc_row css=\u00a0\u00bb.vc_custom_1676554001390{padding-top: 20px !important;padding-right: 30px !important;padding-left: 30px !important;}\u00a0\u00bb][vc_column][vc_column_text]Avec Kenza Belghiti Alaoui, Marlone Belinga Cleon, \u00c9lise Bonnelle, Lou Dalifard, Nadia Ermakova, Gral, Paul Kermarec, Nicolas Lebeau, Ga\u00ebtane Martinot, C\u00e9line Rivalta, Ulises Tapia Garcia, Josephine Thorsby.<\/p>\n<p>Une exposition con\u00e7ue et r\u00e9alis\u00e9e avec l&rsquo;artiste St\u00e9phanie Solinas, invit\u00e9e par Christian Genty et Jeff Guess de l\u2019ENSAPC.<\/p>\n<p dir=\"ltr\">Et si la d\u00e9mat\u00e9rialisation proclam\u00e9e de l\u2019image num\u00e9rique &#8211; malgr\u00e9 sa pesanteur r\u00e9elle en data centers et autres artefacts concrets sur lesquels elle repose &#8211; conduisait \u00e0 renouveler les modalit\u00e9s de pr\u00e9sence des spectres que la photographie n\u2019a cess\u00e9 de produire depuis son invention ? En renouant avec une mat\u00e9rialit\u00e9 de la prise de vue et des images qui en sont issues, ces pratiques affirment leur relation, parfois symbolique et ambig\u00fce, avec une histoire de la r\u00e9v\u00e9lation photographique, de l&rsquo;objet imprim\u00e9, des processus chimiques et optiques. L\u2019image latente, inscrite par la lumi\u00e8re sur la pellicule argentique mais en attente de d\u00e9veloppement, devient d\u00e8s lors un principe pour penser la manifestation d\u2019un corps dans un espace trouble ou d\u2019une figure dans le temps long de l\u2019apparition, et, toujours, le pouvoir des traces.<\/p>\n<p dir=\"ltr\">Image <strong>\u00a0<\/strong><span style=\"font-family: arial, helvetica, sans-serif;\">\u00a9\u00a0<\/span>Josephine Thorsby, \u00ab\u00a0Nesting\u00a0\u00bb, 2023<\/p>\n<p dir=\"ltr\"><strong>Centre d&rsquo;art Ygrec-ENSAPC<\/strong><br \/>\nHoraires : du mercredi au\u00a0samedi, 14h \u00e0 19h<br \/>\n29 rue Henri Barbusse<br \/>\n93300 Aubervilliers<br \/>\n<a href=\"https:\/\/www.ensapc.fr\/fr\/ygrec\/galerie\/\">https:\/\/www.ensapc.fr\/fr\/ygrec\/galerie\/<\/a><\/p>\n<p>[\/vc_column_text][\/vc_column][\/vc_row][vc_row][vc_column][vc_empty_space][\/vc_column][\/vc_row][vc_row][vc_column][vc_single_image image=\u00a0\u00bb11832&Prime; img_size=\u00a0\u00bbmedium\u00a0\u00bb alignment=\u00a0\u00bbcenter\u00a0\u00bb][vc_column_text css=\u00a0\u00bb\u00a0\u00bb]Photos par <a href=\"https:\/\/objetspointus.com\/\">@Objet Pointus<\/a>[\/vc_column_text][\/vc_column][\/vc_row][vc_row][vc_column][vc_column_text css=\u00a0\u00bb\u00a0\u00bb]<div class=\"carousel-slider-outer carousel-slider-outer-image-carousel carousel-slider-outer-12261\" style=\"--carousel-slider-nav-color:#f1f1f1;--carousel-slider-active-nav-color:#00d1b2;--carousel-slider-arrow-size:48px;--carousel-slider-bullet-size:10px\">\n<div id=\"&#039;id-12261\" class=\"carousel-slider carousel-slider-12261 arrows-visibility-hover dots-visibility-never arrows-outside dots-center dots-circle owl-carousel\" data-slide-type=\"image-carousel\" data-owl-settings='{\"nav\":true,\"dots\":false,\"slideBy\":1,\"stagePadding\":50,\"margin\":10,\"loop\":true,\"lazyLoad\":false,\"autoplay\":true,\"autoplayTimeout\":5000,\"autoplaySpeed\":500,\"autoplayHoverPause\":true,\"autoWidth\":false,\"responsive\":{\"300\":{\"items\":1},\"576\":{\"items\":1},\"768\":{\"items\":1},\"1024\":{\"items\":1},\"1280\":{\"items\":1},\"1536\":{\"items\":1}}}'>\n<div class=\"carousel-slider__item\">\n\t<img decoding=\"async\" width=\"2048\" height=\"1536\" src=\"https:\/\/www.ensapc.fr\/wp-content\/uploads\/2024\/06\/Marlone-Belinga-Cleon-Lou-Dalifard-Nicolas-Lebeau-Elise-Bonnelle-Josephine-Thorsby-Gaetane-Martinot.jpg\" class=\"attachment-full size-full\" alt=\"\" srcset=\"https:\/\/www.ensapc.fr\/wp-content\/uploads\/2024\/06\/Marlone-Belinga-Cleon-Lou-Dalifard-Nicolas-Lebeau-Elise-Bonnelle-Josephine-Thorsby-Gaetane-Martinot.jpg 2048w, https:\/\/www.ensapc.fr\/wp-content\/uploads\/2024\/06\/Marlone-Belinga-Cleon-Lou-Dalifard-Nicolas-Lebeau-Elise-Bonnelle-Josephine-Thorsby-Gaetane-Martinot-300x225.jpg 300w, https:\/\/www.ensapc.fr\/wp-content\/uploads\/2024\/06\/Marlone-Belinga-Cleon-Lou-Dalifard-Nicolas-Lebeau-Elise-Bonnelle-Josephine-Thorsby-Gaetane-Martinot-1024x768.jpg 1024w, https:\/\/www.ensapc.fr\/wp-content\/uploads\/2024\/06\/Marlone-Belinga-Cleon-Lou-Dalifard-Nicolas-Lebeau-Elise-Bonnelle-Josephine-Thorsby-Gaetane-Martinot-768x576.jpg 768w, https:\/\/www.ensapc.fr\/wp-content\/uploads\/2024\/06\/Marlone-Belinga-Cleon-Lou-Dalifard-Nicolas-Lebeau-Elise-Bonnelle-Josephine-Thorsby-Gaetane-Martinot-1536x1152.jpg 1536w\" sizes=\"(max-width: 2048px) 100vw, 2048px\" \/><div class=\"carousel-slider__caption\"><p class=\"caption\">Marlone Belinga Cleon \/ Lou Dalifard \/ Nicolas Lebeau \/ Elise Bonnelle \/ Josephine Thorsby \/ Gae\u0308tane Martinot<\/p><\/div><\/a><\/div>\n\n<div class=\"carousel-slider__item\">\n\t<img decoding=\"async\" width=\"2048\" height=\"1536\" src=\"https:\/\/www.ensapc.fr\/wp-content\/uploads\/2024\/06\/Nicolas-lebeau-Gaetane-Martinot-Lou-Dalifa-Josephine-Thorsby.jpg\" class=\"attachment-full size-full\" alt=\"\" srcset=\"https:\/\/www.ensapc.fr\/wp-content\/uploads\/2024\/06\/Nicolas-lebeau-Gaetane-Martinot-Lou-Dalifa-Josephine-Thorsby.jpg 2048w, https:\/\/www.ensapc.fr\/wp-content\/uploads\/2024\/06\/Nicolas-lebeau-Gaetane-Martinot-Lou-Dalifa-Josephine-Thorsby-300x225.jpg 300w, https:\/\/www.ensapc.fr\/wp-content\/uploads\/2024\/06\/Nicolas-lebeau-Gaetane-Martinot-Lou-Dalifa-Josephine-Thorsby-1024x768.jpg 1024w, https:\/\/www.ensapc.fr\/wp-content\/uploads\/2024\/06\/Nicolas-lebeau-Gaetane-Martinot-Lou-Dalifa-Josephine-Thorsby-768x576.jpg 768w, https:\/\/www.ensapc.fr\/wp-content\/uploads\/2024\/06\/Nicolas-lebeau-Gaetane-Martinot-Lou-Dalifa-Josephine-Thorsby-1536x1152.jpg 1536w\" sizes=\"(max-width: 2048px) 100vw, 2048px\" \/><div class=\"carousel-slider__caption\"><p class=\"caption\">Nicolas lebeau \/ Gae\u0308tane Martinot \/ Lou Dalifa \/ Josephine Thorsby<\/p><\/div><\/a><\/div>\n\n<div class=\"carousel-slider__item\">\n\t<img decoding=\"async\" width=\"2048\" height=\"1536\" src=\"https:\/\/www.ensapc.fr\/wp-content\/uploads\/2024\/06\/Nicolas-Lebeau-et-Lou-Dalifard.jpg\" class=\"attachment-full size-full\" alt=\"\" srcset=\"https:\/\/www.ensapc.fr\/wp-content\/uploads\/2024\/06\/Nicolas-Lebeau-et-Lou-Dalifard.jpg 2048w, https:\/\/www.ensapc.fr\/wp-content\/uploads\/2024\/06\/Nicolas-Lebeau-et-Lou-Dalifard-300x225.jpg 300w, https:\/\/www.ensapc.fr\/wp-content\/uploads\/2024\/06\/Nicolas-Lebeau-et-Lou-Dalifard-1024x768.jpg 1024w, https:\/\/www.ensapc.fr\/wp-content\/uploads\/2024\/06\/Nicolas-Lebeau-et-Lou-Dalifard-768x576.jpg 768w, https:\/\/www.ensapc.fr\/wp-content\/uploads\/2024\/06\/Nicolas-Lebeau-et-Lou-Dalifard-1536x1152.jpg 1536w\" sizes=\"(max-width: 2048px) 100vw, 2048px\" \/><div class=\"carousel-slider__caption\"><p class=\"caption\">Nicolas Lebeau et Lou Dalifard<\/p><\/div><\/a><\/div>\n\n<div class=\"carousel-slider__item\">\n\t<img decoding=\"async\" width=\"1536\" height=\"2048\" src=\"https:\/\/www.ensapc.fr\/wp-content\/uploads\/2024\/06\/Lou-Dalifard-2.jpg\" class=\"attachment-full size-full\" alt=\"\" srcset=\"https:\/\/www.ensapc.fr\/wp-content\/uploads\/2024\/06\/Lou-Dalifard-2.jpg 1536w, https:\/\/www.ensapc.fr\/wp-content\/uploads\/2024\/06\/Lou-Dalifard-2-225x300.jpg 225w, https:\/\/www.ensapc.fr\/wp-content\/uploads\/2024\/06\/Lou-Dalifard-2-768x1024.jpg 768w, https:\/\/www.ensapc.fr\/wp-content\/uploads\/2024\/06\/Lou-Dalifard-2-1152x1536.jpg 1152w\" sizes=\"(max-width: 1536px) 100vw, 1536px\" \/><div class=\"carousel-slider__caption\"><p class=\"caption\">Lou Dalifard<\/p><\/div><\/a><\/div>\n\n<div class=\"carousel-slider__item\">\n\t<img decoding=\"async\" width=\"2048\" height=\"1536\" src=\"https:\/\/www.ensapc.fr\/wp-content\/uploads\/2024\/06\/Lou-Dalifard.jpg\" class=\"attachment-full size-full\" alt=\"\" srcset=\"https:\/\/www.ensapc.fr\/wp-content\/uploads\/2024\/06\/Lou-Dalifard.jpg 2048w, https:\/\/www.ensapc.fr\/wp-content\/uploads\/2024\/06\/Lou-Dalifard-300x225.jpg 300w, https:\/\/www.ensapc.fr\/wp-content\/uploads\/2024\/06\/Lou-Dalifard-1024x768.jpg 1024w, https:\/\/www.ensapc.fr\/wp-content\/uploads\/2024\/06\/Lou-Dalifard-768x576.jpg 768w, https:\/\/www.ensapc.fr\/wp-content\/uploads\/2024\/06\/Lou-Dalifard-1536x1152.jpg 1536w\" sizes=\"(max-width: 2048px) 100vw, 2048px\" \/><div class=\"carousel-slider__caption\"><p class=\"caption\">Lou Dalifard<\/p><\/div><\/a><\/div>\n\n<div class=\"carousel-slider__item\">\n\t<img decoding=\"async\" width=\"2048\" height=\"1536\" src=\"https:\/\/www.ensapc.fr\/wp-content\/uploads\/2024\/06\/Lou-Dalifard-3.jpg\" class=\"attachment-full size-full\" alt=\"\" srcset=\"https:\/\/www.ensapc.fr\/wp-content\/uploads\/2024\/06\/Lou-Dalifard-3.jpg 2048w, https:\/\/www.ensapc.fr\/wp-content\/uploads\/2024\/06\/Lou-Dalifard-3-300x225.jpg 300w, https:\/\/www.ensapc.fr\/wp-content\/uploads\/2024\/06\/Lou-Dalifard-3-1024x768.jpg 1024w, https:\/\/www.ensapc.fr\/wp-content\/uploads\/2024\/06\/Lou-Dalifard-3-768x576.jpg 768w, https:\/\/www.ensapc.fr\/wp-content\/uploads\/2024\/06\/Lou-Dalifard-3-1536x1152.jpg 1536w\" sizes=\"(max-width: 2048px) 100vw, 2048px\" \/><div class=\"carousel-slider__caption\"><p class=\"caption\">Lou Dalifard<\/p><\/div><\/a><\/div>\n\n<div class=\"carousel-slider__item\">\n\t<img decoding=\"async\" width=\"2048\" height=\"1536\" src=\"https:\/\/www.ensapc.fr\/wp-content\/uploads\/2024\/06\/Josephine-Thorsby-2.jpg\" class=\"attachment-full size-full\" alt=\"\" srcset=\"https:\/\/www.ensapc.fr\/wp-content\/uploads\/2024\/06\/Josephine-Thorsby-2.jpg 2048w, https:\/\/www.ensapc.fr\/wp-content\/uploads\/2024\/06\/Josephine-Thorsby-2-300x225.jpg 300w, https:\/\/www.ensapc.fr\/wp-content\/uploads\/2024\/06\/Josephine-Thorsby-2-1024x768.jpg 1024w, https:\/\/www.ensapc.fr\/wp-content\/uploads\/2024\/06\/Josephine-Thorsby-2-768x576.jpg 768w, https:\/\/www.ensapc.fr\/wp-content\/uploads\/2024\/06\/Josephine-Thorsby-2-1536x1152.jpg 1536w\" sizes=\"(max-width: 2048px) 100vw, 2048px\" \/><div class=\"carousel-slider__caption\"><p class=\"caption\">Josephine Thorsby<\/p><\/div><\/a><\/div>\n\n<div class=\"carousel-slider__item\">\n\t<img decoding=\"async\" width=\"1536\" height=\"2048\" src=\"https:\/\/www.ensapc.fr\/wp-content\/uploads\/2024\/06\/Paul-Kermarec-et-Gaetane-Martinot.jpg\" class=\"attachment-full size-full\" alt=\"\" srcset=\"https:\/\/www.ensapc.fr\/wp-content\/uploads\/2024\/06\/Paul-Kermarec-et-Gaetane-Martinot.jpg 1536w, https:\/\/www.ensapc.fr\/wp-content\/uploads\/2024\/06\/Paul-Kermarec-et-Gaetane-Martinot-225x300.jpg 225w, https:\/\/www.ensapc.fr\/wp-content\/uploads\/2024\/06\/Paul-Kermarec-et-Gaetane-Martinot-768x1024.jpg 768w, https:\/\/www.ensapc.fr\/wp-content\/uploads\/2024\/06\/Paul-Kermarec-et-Gaetane-Martinot-1152x1536.jpg 1152w\" sizes=\"(max-width: 1536px) 100vw, 1536px\" \/><div class=\"carousel-slider__caption\"><p class=\"caption\">Gae\u0308tane Martinot \/ Paul Kermarec<\/p><\/div><\/a><\/div>\n\n<div class=\"carousel-slider__item\">\n\t<img decoding=\"async\" width=\"1634\" height=\"2048\" src=\"https:\/\/www.ensapc.fr\/wp-content\/uploads\/2024\/06\/Paul-Kermarec-4.jpg\" class=\"attachment-full size-full\" alt=\"\" srcset=\"https:\/\/www.ensapc.fr\/wp-content\/uploads\/2024\/06\/Paul-Kermarec-4.jpg 1634w, https:\/\/www.ensapc.fr\/wp-content\/uploads\/2024\/06\/Paul-Kermarec-4-239x300.jpg 239w, https:\/\/www.ensapc.fr\/wp-content\/uploads\/2024\/06\/Paul-Kermarec-4-817x1024.jpg 817w, https:\/\/www.ensapc.fr\/wp-content\/uploads\/2024\/06\/Paul-Kermarec-4-768x963.jpg 768w, https:\/\/www.ensapc.fr\/wp-content\/uploads\/2024\/06\/Paul-Kermarec-4-1226x1536.jpg 1226w\" sizes=\"(max-width: 1634px) 100vw, 1634px\" \/><div class=\"carousel-slider__caption\"><p class=\"caption\">Paul Kermarec<\/p><\/div><\/a><\/div>\n\n<div class=\"carousel-slider__item\">\n\t<img decoding=\"async\" width=\"2048\" height=\"1536\" src=\"https:\/\/www.ensapc.fr\/wp-content\/uploads\/2024\/06\/Marlone-Belinga-Cleon.jpg\" class=\"attachment-full size-full\" alt=\"\" srcset=\"https:\/\/www.ensapc.fr\/wp-content\/uploads\/2024\/06\/Marlone-Belinga-Cleon.jpg 2048w, https:\/\/www.ensapc.fr\/wp-content\/uploads\/2024\/06\/Marlone-Belinga-Cleon-300x225.jpg 300w, https:\/\/www.ensapc.fr\/wp-content\/uploads\/2024\/06\/Marlone-Belinga-Cleon-1024x768.jpg 1024w, https:\/\/www.ensapc.fr\/wp-content\/uploads\/2024\/06\/Marlone-Belinga-Cleon-768x576.jpg 768w, https:\/\/www.ensapc.fr\/wp-content\/uploads\/2024\/06\/Marlone-Belinga-Cleon-1536x1152.jpg 1536w\" sizes=\"(max-width: 2048px) 100vw, 2048px\" \/><div class=\"carousel-slider__caption\"><p class=\"caption\">Marlone Belinga Cleon<\/p><\/div><\/a><\/div>\n\n<div class=\"carousel-slider__item\">\n\t<img decoding=\"async\" width=\"1536\" height=\"2048\" src=\"https:\/\/www.ensapc.fr\/wp-content\/uploads\/2024\/06\/Nadia-Ermakova-3.jpg\" class=\"attachment-full size-full\" alt=\"\" srcset=\"https:\/\/www.ensapc.fr\/wp-content\/uploads\/2024\/06\/Nadia-Ermakova-3.jpg 1536w, https:\/\/www.ensapc.fr\/wp-content\/uploads\/2024\/06\/Nadia-Ermakova-3-225x300.jpg 225w, https:\/\/www.ensapc.fr\/wp-content\/uploads\/2024\/06\/Nadia-Ermakova-3-768x1024.jpg 768w, https:\/\/www.ensapc.fr\/wp-content\/uploads\/2024\/06\/Nadia-Ermakova-3-1152x1536.jpg 1152w\" sizes=\"(max-width: 1536px) 100vw, 1536px\" \/><div class=\"carousel-slider__caption\"><p class=\"caption\">Nadia Ermakova<\/p><\/div><\/a><\/div>\n\n<div class=\"carousel-slider__item\">\n\t<img decoding=\"async\" width=\"2048\" height=\"1536\" src=\"https:\/\/www.ensapc.fr\/wp-content\/uploads\/2024\/06\/Nadia-Ermakova.jpg\" class=\"attachment-full size-full\" alt=\"\" srcset=\"https:\/\/www.ensapc.fr\/wp-content\/uploads\/2024\/06\/Nadia-Ermakova.jpg 2048w, https:\/\/www.ensapc.fr\/wp-content\/uploads\/2024\/06\/Nadia-Ermakova-300x225.jpg 300w, https:\/\/www.ensapc.fr\/wp-content\/uploads\/2024\/06\/Nadia-Ermakova-1024x768.jpg 1024w, https:\/\/www.ensapc.fr\/wp-content\/uploads\/2024\/06\/Nadia-Ermakova-768x576.jpg 768w, https:\/\/www.ensapc.fr\/wp-content\/uploads\/2024\/06\/Nadia-Ermakova-1536x1152.jpg 1536w\" sizes=\"(max-width: 2048px) 100vw, 2048px\" \/><div class=\"carousel-slider__caption\"><p class=\"caption\">Nadia Ermakova<\/p><\/div><\/a><\/div>\n\n<div class=\"carousel-slider__item\">\n\t<img decoding=\"async\" width=\"2048\" height=\"1527\" src=\"https:\/\/www.ensapc.fr\/wp-content\/uploads\/2024\/06\/Ulises-Tapia-Elise-Bonnelle.jpg\" class=\"attachment-full size-full\" alt=\"\" srcset=\"https:\/\/www.ensapc.fr\/wp-content\/uploads\/2024\/06\/Ulises-Tapia-Elise-Bonnelle.jpg 2048w, https:\/\/www.ensapc.fr\/wp-content\/uploads\/2024\/06\/Ulises-Tapia-Elise-Bonnelle-300x224.jpg 300w, https:\/\/www.ensapc.fr\/wp-content\/uploads\/2024\/06\/Ulises-Tapia-Elise-Bonnelle-1024x764.jpg 1024w, https:\/\/www.ensapc.fr\/wp-content\/uploads\/2024\/06\/Ulises-Tapia-Elise-Bonnelle-768x573.jpg 768w, https:\/\/www.ensapc.fr\/wp-content\/uploads\/2024\/06\/Ulises-Tapia-Elise-Bonnelle-1536x1145.jpg 1536w\" sizes=\"(max-width: 2048px) 100vw, 2048px\" \/><div class=\"carousel-slider__caption\"><p class=\"caption\">Ulises Tapia Garcia \/ Elise Bonnelle<\/p><\/div><\/a><\/div>\n\n<div class=\"carousel-slider__item\">\n\t<img decoding=\"async\" width=\"900\" height=\"1200\" src=\"https:\/\/www.ensapc.fr\/wp-content\/uploads\/2024\/06\/Elise-bonnelle-e1773239571204.jpg\" class=\"attachment-full size-full\" alt=\"\" \/><div class=\"carousel-slider__caption\"><p class=\"caption\">E\u0301lise Bonnelle<\/p><\/div><\/a><\/div>\n\n<div class=\"carousel-slider__item\">\n\t<img decoding=\"async\" width=\"1560\" height=\"2048\" src=\"https:\/\/www.ensapc.fr\/wp-content\/uploads\/2024\/06\/Ulises-Tapia-Garcia-3.jpg\" class=\"attachment-full size-full\" alt=\"\" srcset=\"https:\/\/www.ensapc.fr\/wp-content\/uploads\/2024\/06\/Ulises-Tapia-Garcia-3.jpg 1560w, https:\/\/www.ensapc.fr\/wp-content\/uploads\/2024\/06\/Ulises-Tapia-Garcia-3-229x300.jpg 229w, https:\/\/www.ensapc.fr\/wp-content\/uploads\/2024\/06\/Ulises-Tapia-Garcia-3-780x1024.jpg 780w, https:\/\/www.ensapc.fr\/wp-content\/uploads\/2024\/06\/Ulises-Tapia-Garcia-3-768x1008.jpg 768w, https:\/\/www.ensapc.fr\/wp-content\/uploads\/2024\/06\/Ulises-Tapia-Garcia-3-1170x1536.jpg 1170w\" sizes=\"(max-width: 1560px) 100vw, 1560px\" \/><div class=\"carousel-slider__caption\"><p class=\"caption\">Ulises Tapia Garcia <\/p><\/div><\/a><\/div>\n\n<div class=\"carousel-slider__item\">\n\t<img decoding=\"async\" width=\"2048\" height=\"1536\" src=\"https:\/\/www.ensapc.fr\/wp-content\/uploads\/2024\/06\/Ulises-Tapia-Garcia-dehors.jpg\" class=\"attachment-full size-full\" alt=\"\" srcset=\"https:\/\/www.ensapc.fr\/wp-content\/uploads\/2024\/06\/Ulises-Tapia-Garcia-dehors.jpg 2048w, https:\/\/www.ensapc.fr\/wp-content\/uploads\/2024\/06\/Ulises-Tapia-Garcia-dehors-300x225.jpg 300w, https:\/\/www.ensapc.fr\/wp-content\/uploads\/2024\/06\/Ulises-Tapia-Garcia-dehors-1024x768.jpg 1024w, https:\/\/www.ensapc.fr\/wp-content\/uploads\/2024\/06\/Ulises-Tapia-Garcia-dehors-768x576.jpg 768w, https:\/\/www.ensapc.fr\/wp-content\/uploads\/2024\/06\/Ulises-Tapia-Garcia-dehors-1536x1152.jpg 1536w\" sizes=\"(max-width: 2048px) 100vw, 2048px\" \/><div class=\"carousel-slider__caption\"><p class=\"caption\">Ulises Tapia Garcia<\/p><\/div><\/a><\/div>\n\n<div class=\"carousel-slider__item\">\n\t<img decoding=\"async\" width=\"1536\" height=\"2048\" src=\"https:\/\/www.ensapc.fr\/wp-content\/uploads\/2024\/06\/Gaetane-Martinot-6.jpg\" class=\"attachment-full size-full\" alt=\"\" srcset=\"https:\/\/www.ensapc.fr\/wp-content\/uploads\/2024\/06\/Gaetane-Martinot-6.jpg 1536w, https:\/\/www.ensapc.fr\/wp-content\/uploads\/2024\/06\/Gaetane-Martinot-6-225x300.jpg 225w, https:\/\/www.ensapc.fr\/wp-content\/uploads\/2024\/06\/Gaetane-Martinot-6-768x1024.jpg 768w, https:\/\/www.ensapc.fr\/wp-content\/uploads\/2024\/06\/Gaetane-Martinot-6-1152x1536.jpg 1152w\" sizes=\"(max-width: 1536px) 100vw, 1536px\" \/><div class=\"carousel-slider__caption\"><p class=\"caption\">Gae\u0308tane Martinot<\/p><\/div><\/a><\/div>\n\n<\/div><!-- .carousel-slider-12261 -->\n<\/div><!-- .carousel-slider-outer-12261 -->\n[\/vc_column_text][\/vc_column][\/vc_row]<\/p>\n<\/div>","protected":false},"excerpt":{"rendered":"<p>[vc_row][vc_column][vc_single_image image=\u00a0\u00bb11929&Prime; img_size=\u00a0\u00bblarge\u00a0\u00bb add_caption=\u00a0\u00bbyes\u00a0\u00bb alignment=\u00a0\u00bbcenter\u00a0\u00bb][\/vc_column][\/vc_row][vc_row css=\u00a0\u00bb.vc_custom_1676554001390{padding-top: 20px !important;padding-right: 30px !important;padding-left: 30px !important;}\u00a0\u00bb][vc_column][vc_column_text]Avec Kenza Belghiti Alaoui, Marlone Belinga Cleon, \u00c9lise Bonnelle, Lou Dalifard, Nadia Ermakova, Gral, Paul Kermarec, Nicolas Lebeau, Ga\u00ebtane Martinot, C\u00e9line Rivalta, Ulises Tapia Garcia, Josephine Thorsby. Une exposition con\u00e7ue et r\u00e9alis\u00e9e avec l&rsquo;artiste St\u00e9phanie Solinas, invit\u00e9e par Christian Genty et Jeff Guess de&#8230;  <a class=\"excerpt-read-more\" href=\"https:\/\/www.ensapc.fr\/fr\/ygrec\/archives\/2024-2\/images-latentes\/\" title=\"Read IMAGES LATENTES\">Lire la suite &raquo;<\/a><\/p>\n","protected":false},"author":1,"featured_media":0,"parent":11856,"menu_order":477,"comment_status":"closed","ping_status":"closed","template":"","meta":{"footnotes":""},"class_list":["post-11973","page","type-page","status-publish","hentry"],"_links":{"self":[{"href":"https:\/\/www.ensapc.fr\/fr\/wp-json\/wp\/v2\/pages\/11973","targetHints":{"allow":["GET"]}}],"collection":[{"href":"https:\/\/www.ensapc.fr\/fr\/wp-json\/wp\/v2\/pages"}],"about":[{"href":"https:\/\/www.ensapc.fr\/fr\/wp-json\/wp\/v2\/types\/page"}],"author":[{"embeddable":true,"href":"https:\/\/www.ensapc.fr\/fr\/wp-json\/wp\/v2\/users\/1"}],"replies":[{"embeddable":true,"href":"https:\/\/www.ensapc.fr\/fr\/wp-json\/wp\/v2\/comments?post=11973"}],"version-history":[{"count":3,"href":"https:\/\/www.ensapc.fr\/fr\/wp-json\/wp\/v2\/pages\/11973\/revisions"}],"predecessor-version":[{"id":12297,"href":"https:\/\/www.ensapc.fr\/fr\/wp-json\/wp\/v2\/pages\/11973\/revisions\/12297"}],"up":[{"embeddable":true,"href":"https:\/\/www.ensapc.fr\/fr\/wp-json\/wp\/v2\/pages\/11856"}],"wp:attachment":[{"href":"https:\/\/www.ensapc.fr\/fr\/wp-json\/wp\/v2\/media?parent=11973"}],"curies":[{"name":"wp","href":"https:\/\/api.w.org\/{rel}","templated":true}]}}