{"id":12000,"date":"2024-03-06T10:34:13","date_gmt":"2024-03-06T09:34:13","guid":{"rendered":"https:\/\/www.ensapc.fr\/?page_id=12000"},"modified":"2025-10-02T12:32:43","modified_gmt":"2025-10-02T10:32:43","slug":"jagna-ciuchta","status":"publish","type":"page","link":"https:\/\/www.ensapc.fr\/fr\/jagna-ciuchta\/","title":{"rendered":"Jagna Ciuchta"},"content":{"rendered":"<div class=\"wpb-content-wrapper\"><p>[vc_row][vc_column][vc_column_text css=\u00a0\u00bb\u00a0\u00bb]Jagna Ciuchta, artiste, n\u00e9e en Pologne, vit et travaille \u00e0 Paris. Dipl\u00f4m\u00e9e de l\u2019Acad\u00e9mie des Beaux-Arts de Pozna\u0144 en Pologne en 2001, elle a soutenu la th\u00e8se pratique au sein du laboratoire doctoral SACRe \/ Universit\u00e9 Paris Sciences et Lettres \/ Beaux-arts de Paris, sous l\u2019intitul\u00e9 \u00abExpositions :\u00a0<em>je<\/em>\u00a0dilat\u00e9, images liquides et plantes carnivores\u00bb en 2019.<\/p>\n<div>\n<p>\u00ab L\u2019invitation \u00e0 d\u2019autres artistes est, chez Jagna Ciuchta, une pratique \u00e0 part enti\u00e8re qu\u2019elle d\u00e9veloppe depuis 2010. Sous la forme d\u2019expositions collectives, son \u0153uvre est un vecteur de relations affectives et esth\u00e9tiques, en m\u00eame temps qu\u2019elle interroge son rapport \u00e0 l\u2019institution et au milieu dans lequel elle s\u2019inscrit. Ses propositions mettent en sc\u00e8ne la confusion des registres r\u00e9els ou fantasm\u00e9s, des espaces int\u00e9rieurs et ext\u00e9rieurs, de soi et des autres dans une forme d\u2019hospitalit\u00e9 radicale. \u00c0 travers l\u2019incorporation d\u2019\u0153uvres dans ses sc\u00e9nographies, Jagna Ciuchta dispara\u00eet derri\u00e8re la figure du commissaire (elle parle de \u201ccommissariat na\u00eff\u201d) en jouant avec les marges de l\u2019institution qui l\u2019accueille. Son hospitalit\u00e9 charg\u00e9e d\u2019un certain \u00e9rotisme conduit \u00e0 une forme d\u2019effacement de soi, de glissement continu, d\u2019instabilit\u00e9 des formes. En effet, elle fait \u00e9voluer ses dispositifs, r\u00e9organisant continuellement l\u2019accrochage des \u0153uvres, transformant radicalement sa sc\u00e9nographie qui bat de son propre rythme de son ouverture \u00e0 sa fermeture. D\u2019un autre point de vue, comme en t\u00e9moigne la forte pr\u00e9sence plastique de ses sc\u00e9nographies, les artistes invit\u00e9\u00b7e\u00b7s sont tout autant contenue\u00b7s en elle, assimil\u00e9\u00b7e\u00b7s voire dig\u00e9r\u00e9\u00b7e\u00b7s par sa composition. S\u2019exprime alors la toute puissance de l\u2019artiste, plus libre que ne peut l\u2019\u00eatre un commissaire, de faire des choix arbitraires, de recr\u00e9er d\u2019autres syst\u00e8mes de valeurs, d\u2019agir autrement, en pleine conscience des risques de cannibalisation r\u00e9ciproque inh\u00e9rents \u00e0 l\u2019accueil ou au d\u00e9sir de l\u2019autre. L\u2019\u0153uvre de Jagna Ciuchta se tient dans la tension entre ces deux polarit\u00e9s \u00bb (Maud Jacquin).<\/p>\n<p>Elle enseigne actuellement la peinture et l&rsquo;installation \u00e0 l&rsquo;ENSAPC, son cours s&rsquo;intitule\u00a0\u00ab Drinking Paint \u00bb. Auparavant, elle a enseign\u00e9 \u00e0 l\u2019EMBA \u00c9douard-Manet \u00e0 Gennevilliers, \u00e0 la Villa Arson \u00e0 Nice et \u00e0 l\u2019universit\u00e9 am\u00e9ricaine Paris College of Art.<\/p>\n<\/div>\n<p>[\/vc_column_text][vc_btn title=\u00a0\u00bbContact\u00a0\u00bb css=\u00a0\u00bb\u00a0\u00bb link=\u00a0\u00bburl:mailto%3Ajagna.ciuchta%40ensapc.fr\u00a0\u00bb][vc_btn title=\u00a0\u00bbEn savoir plus\u00a0\u00bb css=\u00a0\u00bb\u00a0\u00bb link=\u00a0\u00bburl:https%3A%2F%2Fwww.jagnaciuchta.com%2F\u00a0\u00bb][vc_empty_space height=\u00a0\u00bb52px\u00a0\u00bb][\/vc_column][\/vc_row]<\/p>\n<\/div>","protected":false},"excerpt":{"rendered":"<p>[vc_row][vc_column][vc_column_text css=\u00a0\u00bb\u00a0\u00bb]Jagna Ciuchta, artiste, n\u00e9e en Pologne, vit et travaille \u00e0 Paris. Dipl\u00f4m\u00e9e de l\u2019Acad\u00e9mie des Beaux-Arts de Pozna\u0144 en Pologne en 2001, elle a soutenu la th\u00e8se pratique au sein du laboratoire doctoral SACRe \/ Universit\u00e9 Paris Sciences et Lettres \/ Beaux-arts de Paris, sous l\u2019intitul\u00e9 \u00abExpositions :\u00a0je\u00a0dilat\u00e9, images liquides et plantes carnivores\u00bb en&#8230;  <a class=\"excerpt-read-more\" href=\"https:\/\/www.ensapc.fr\/fr\/jagna-ciuchta\/\" title=\"Read Jagna Ciuchta\">Lire la suite &raquo;<\/a><\/p>\n","protected":false},"author":1,"featured_media":0,"parent":0,"menu_order":48,"comment_status":"closed","ping_status":"closed","template":"","meta":{"footnotes":""},"class_list":["post-12000","page","type-page","status-publish","hentry"],"_links":{"self":[{"href":"https:\/\/www.ensapc.fr\/fr\/wp-json\/wp\/v2\/pages\/12000","targetHints":{"allow":["GET"]}}],"collection":[{"href":"https:\/\/www.ensapc.fr\/fr\/wp-json\/wp\/v2\/pages"}],"about":[{"href":"https:\/\/www.ensapc.fr\/fr\/wp-json\/wp\/v2\/types\/page"}],"author":[{"embeddable":true,"href":"https:\/\/www.ensapc.fr\/fr\/wp-json\/wp\/v2\/users\/1"}],"replies":[{"embeddable":true,"href":"https:\/\/www.ensapc.fr\/fr\/wp-json\/wp\/v2\/comments?post=12000"}],"version-history":[{"count":6,"href":"https:\/\/www.ensapc.fr\/fr\/wp-json\/wp\/v2\/pages\/12000\/revisions"}],"predecessor-version":[{"id":14224,"href":"https:\/\/www.ensapc.fr\/fr\/wp-json\/wp\/v2\/pages\/12000\/revisions\/14224"}],"wp:attachment":[{"href":"https:\/\/www.ensapc.fr\/fr\/wp-json\/wp\/v2\/media?parent=12000"}],"curies":[{"name":"wp","href":"https:\/\/api.w.org\/{rel}","templated":true}]}}