{"id":12008,"date":"2024-03-06T11:04:22","date_gmt":"2024-03-06T10:04:22","guid":{"rendered":"https:\/\/www.ensapc.fr\/?page_id=12008"},"modified":"2025-10-02T13:05:22","modified_gmt":"2025-10-02T11:05:22","slug":"christophe-manon","status":"publish","type":"page","link":"https:\/\/www.ensapc.fr\/fr\/christophe-manon\/","title":{"rendered":"Christophe Manon"},"content":{"rendered":"<div class=\"wpb-content-wrapper\"><p>[vc_row][vc_column][vc_column_text css=\u00a0\u00bb\u00a0\u00bb]Christophe Manon m\u00e8ne des ateliers d&rsquo;\u00e9criture et cr\u00e9ation litt\u00e9raire \u00e0 l&rsquo;ENSAPC. Il a publi\u00e9 une vingtaine de livres parmi lesquels <em>Au nord du futur<\/em> (Nous, 2016), <em>Jours redoutables <\/em>(Les Inaper\u00e7us, 2017), <em>Vie &amp; opinions de Gottfried Gr\u00f6ll<\/em> (Dernier t\u00e9l\u00e9gramme, 2017), <em>Testament, d\u2019apr\u00e8s F. Villon <\/em>(Dernier t\u00e9l\u00e9gramme, 2020), <em>Provisoires<\/em> (Nous, 2022), <em>Signes des temps<\/em> (H\u00e9ros-Limite, 2024). Il est \u00e9galement l\u2019auteur d\u2019une trilogie aux \u00e9ditions Verdier\u00a0: <em>Extr\u00eames et lumineux<\/em> (2015), <em>P\u00e2ture de vent<\/em> (2019) et <em>Porte du Soleil<\/em> (2023). Il se produit r\u00e9guli\u00e8rement dans de nombreux pays dans le cadre de lectures publiques. En 2015, il re\u00e7oit le prix R\u00e9v\u00e9lation de la Soci\u00e9t\u00e9 des gens de lettres \u00e0 l\u2019occasion de la parution d\u2019<em>Extr\u00eames et lumineux<\/em> aux \u00e9ditions Verdier. Il est en 2023 le 25<sup>e<\/sup> laur\u00e9at du prix des D\u00e9couvreurs pour <em>Provisoires<\/em>.[\/vc_column_text][vc_btn title=\u00a0\u00bbContact\u00a0\u00bb css=\u00a0\u00bb\u00a0\u00bb link=\u00a0\u00bburl:mailto%3Achristophe.manon%40ensapc.fr%20&Prime;][vc_btn title=\u00a0\u00bbEn savoir plus\u00a0\u00bb css=\u00a0\u00bb\u00a0\u00bb link=\u00a0\u00bburl:https%3A%2F%2Ffr.wikipedia.org%2Fwiki%2FChristophe_Manon\u00a0\u00bb][\/vc_column][\/vc_row]<\/p>\n<\/div>","protected":false},"excerpt":{"rendered":"<p>[vc_row][vc_column][vc_column_text css=\u00a0\u00bb\u00a0\u00bb]Christophe Manon m\u00e8ne des ateliers d&rsquo;\u00e9criture et cr\u00e9ation litt\u00e9raire \u00e0 l&rsquo;ENSAPC. Il a publi\u00e9 une vingtaine de livres parmi lesquels Au nord du futur (Nous, 2016), Jours redoutables (Les Inaper\u00e7us, 2017), Vie &amp; opinions de Gottfried Gr\u00f6ll (Dernier t\u00e9l\u00e9gramme, 2017), Testament, d\u2019apr\u00e8s F. Villon (Dernier t\u00e9l\u00e9gramme, 2020), Provisoires (Nous, 2022), Signes des temps (H\u00e9ros-Limite,&#8230;  <a class=\"excerpt-read-more\" href=\"https:\/\/www.ensapc.fr\/fr\/christophe-manon\/\" title=\"Read Christophe Manon\">Lire la suite &raquo;<\/a><\/p>\n","protected":false},"author":1,"featured_media":0,"parent":0,"menu_order":45,"comment_status":"closed","ping_status":"closed","template":"","meta":{"footnotes":""},"class_list":["post-12008","page","type-page","status-publish","hentry"],"_links":{"self":[{"href":"https:\/\/www.ensapc.fr\/fr\/wp-json\/wp\/v2\/pages\/12008","targetHints":{"allow":["GET"]}}],"collection":[{"href":"https:\/\/www.ensapc.fr\/fr\/wp-json\/wp\/v2\/pages"}],"about":[{"href":"https:\/\/www.ensapc.fr\/fr\/wp-json\/wp\/v2\/types\/page"}],"author":[{"embeddable":true,"href":"https:\/\/www.ensapc.fr\/fr\/wp-json\/wp\/v2\/users\/1"}],"replies":[{"embeddable":true,"href":"https:\/\/www.ensapc.fr\/fr\/wp-json\/wp\/v2\/comments?post=12008"}],"version-history":[{"count":2,"href":"https:\/\/www.ensapc.fr\/fr\/wp-json\/wp\/v2\/pages\/12008\/revisions"}],"predecessor-version":[{"id":14234,"href":"https:\/\/www.ensapc.fr\/fr\/wp-json\/wp\/v2\/pages\/12008\/revisions\/14234"}],"wp:attachment":[{"href":"https:\/\/www.ensapc.fr\/fr\/wp-json\/wp\/v2\/media?parent=12008"}],"curies":[{"name":"wp","href":"https:\/\/api.w.org\/{rel}","templated":true}]}}