{"id":12024,"date":"2024-03-12T10:50:16","date_gmt":"2024-03-12T09:50:16","guid":{"rendered":"https:\/\/www.ensapc.fr\/?page_id=12024"},"modified":"2025-10-02T12:03:09","modified_gmt":"2025-10-02T10:03:09","slug":"florent-caron-darras","status":"publish","type":"page","link":"https:\/\/www.ensapc.fr\/fr\/florent-caron-darras\/","title":{"rendered":"Florent Caron Darras"},"content":{"rendered":"<div class=\"wpb-content-wrapper\"><p>[vc_row][vc_column][vc_column_text css=\u00a0\u00bb\u00a0\u00bb]<\/p>\n<div>\n<p class=\"text-align-justify\">Musicien, compositeur et artiste sonore. Agr\u00e9g\u00e9, form\u00e9 au CNSM de Paris (Prix de composition, Prix d\u2019analyse, Prix d\u2019esth\u00e9tique, Prix d\u2019improvisation), \u00e0 l\u2019IRCAM et \u00e0 l\u2019ENS-PSL (doctorat de recherche-cr\u00e9ation SACRe). Son travail actuel porte notamment sur les cons\u00e9quences formelles des analogies entre le vivant et l\u2019artifice, pour une conception du temps et de l\u2019espace sonore qui puisse \u00eatre inspir\u00e9e de mod\u00e8les environnementaux. Sa musique \u00e9tablit des liens entre les univers de l\u2019audionaturalisme (field recording, bioacoustique), de la musique spectrale, de la musique r\u00e9p\u00e9titive, ou encore des musiques \u00e9lectroniques.<\/p>\n<\/div>\n<div>\n<p class=\"text-align-justify\">Florent Caron Darras travaille avec des formations telles que l&rsquo;Ensemble intercontemporain, 2e2m, Court-Circuit, TM+, Ars Nova, Cairn, Multilat\u00e9rale, et \u00e0 l&rsquo;international avec l&rsquo;ensemble Muromachi et United instruments of Lucilin. Sa musique a \u00e9t\u00e9 diffus\u00e9e sur France Musique et sur l&rsquo;acousmonium du GRM, et interpr\u00e9t\u00e9e \u00e0 la Philharmonie de Paris, \u00e0 la Philharmonie Luxembourg, au Tokyo Bunka Kaikan, \u00e0 la St Mary Church de Tokyo, au Suginami Hall Tokyo, au National Hall Taipei, au Centre Pompidou West Bund Museum de Shanghai, au Centquatre-Paris, \u00e0 l\u2019Espace de Projection de l\u2019Ircam, \u00e0 l\u2019Arsenal de Metz, ou encore lors des festivals ManiFeste (Ircam-Centre Pompidou), Pr\u00e9sences (Radio France), Mixtur (Barcelone), et \u00e0 l&rsquo;exposition universelle de 2015 (Milan). En 2022, son installation sonore <em>Mersion<\/em> est r\u00e9alis\u00e9e en partenariat avec le Centre des Monuments Nationaux. En 2022-2024 il est compositeur en r\u00e9sidence \u00e0 la Cit\u00e9 musicale Metz et \u00e0 l\u2019Orchestre National de Metz Grand-Est.<\/p>\n<\/div>\n<div>\n<p class=\"text-align-justify\">\u00c0 l\u2019ENSAPC, son studio \u00ab\u00a0Mondes Sonores\u00a0\u00bb propose une approche du son par l\u2019articulation de savoirs techniques, d\u2019exp\u00e9rimentations pratiques et de r\u00e9flexions th\u00e9oriques.<\/p>\n<\/div>\n<p>[\/vc_column_text][vc_btn title=\u00a0\u00bbContact\u00a0\u00bb css=\u00a0\u00bb\u00a0\u00bb link=\u00a0\u00bburl:http%3A%2F%2Fflorent.caron-darras%40ensapc.fr\u00a0\u00bb][vc_btn title=\u00a0\u00bbEn savoir plus\u00a0\u00bb css=\u00a0\u00bb\u00a0\u00bb link=\u00a0\u00bburl:https%3A%2F%2Fsoundcloud.com%2Fflorentcarondarras\u00a0\u00bb][vc_empty_space height=\u00a0\u00bb52px\u00a0\u00bb][\/vc_column][\/vc_row]<\/p>\n<\/div>","protected":false},"excerpt":{"rendered":"<p>[vc_row][vc_column][vc_column_text css=\u00a0\u00bb\u00a0\u00bb] Musicien, compositeur et artiste sonore. Agr\u00e9g\u00e9, form\u00e9 au CNSM de Paris (Prix de composition, Prix d\u2019analyse, Prix d\u2019esth\u00e9tique, Prix d\u2019improvisation), \u00e0 l\u2019IRCAM et \u00e0 l\u2019ENS-PSL (doctorat de recherche-cr\u00e9ation SACRe). Son travail actuel porte notamment sur les cons\u00e9quences formelles des analogies entre le vivant et l\u2019artifice, pour une conception du temps et de l\u2019espace&#8230;  <a class=\"excerpt-read-more\" href=\"https:\/\/www.ensapc.fr\/fr\/florent-caron-darras\/\" title=\"Read Florent Caron Darras\">Lire la suite &raquo;<\/a><\/p>\n","protected":false},"author":1,"featured_media":0,"parent":0,"menu_order":44,"comment_status":"closed","ping_status":"closed","template":"","meta":{"footnotes":""},"class_list":["post-12024","page","type-page","status-publish","hentry"],"_links":{"self":[{"href":"https:\/\/www.ensapc.fr\/fr\/wp-json\/wp\/v2\/pages\/12024","targetHints":{"allow":["GET"]}}],"collection":[{"href":"https:\/\/www.ensapc.fr\/fr\/wp-json\/wp\/v2\/pages"}],"about":[{"href":"https:\/\/www.ensapc.fr\/fr\/wp-json\/wp\/v2\/types\/page"}],"author":[{"embeddable":true,"href":"https:\/\/www.ensapc.fr\/fr\/wp-json\/wp\/v2\/users\/1"}],"replies":[{"embeddable":true,"href":"https:\/\/www.ensapc.fr\/fr\/wp-json\/wp\/v2\/comments?post=12024"}],"version-history":[{"count":4,"href":"https:\/\/www.ensapc.fr\/fr\/wp-json\/wp\/v2\/pages\/12024\/revisions"}],"predecessor-version":[{"id":14216,"href":"https:\/\/www.ensapc.fr\/fr\/wp-json\/wp\/v2\/pages\/12024\/revisions\/14216"}],"wp:attachment":[{"href":"https:\/\/www.ensapc.fr\/fr\/wp-json\/wp\/v2\/media?parent=12024"}],"curies":[{"name":"wp","href":"https:\/\/api.w.org\/{rel}","templated":true}]}}