{"id":12081,"date":"2024-04-03T10:35:41","date_gmt":"2024-04-03T08:35:41","guid":{"rendered":"https:\/\/www.ensapc.fr\/?page_id=12081"},"modified":"2025-10-02T11:31:48","modified_gmt":"2025-10-02T09:31:48","slug":"carla-adra","status":"publish","type":"page","link":"https:\/\/www.ensapc.fr\/fr\/carla-adra\/","title":{"rendered":"Carla Adra"},"content":{"rendered":"<div class=\"wpb-content-wrapper\"><p>[vc_row][vc_column][vc_column_text css=\u00a0\u00bb\u00a0\u00bb]Carla Adra est une artiste fran\u00e7aise et canadienne n\u00e9e en 1993 \u00e0 Toronto (Canada).<br \/>\nElle vit et travaille \u00e0 Paris. Elle est repr\u00e9sent\u00e9e par la Galerie Valeria Cetraro, Paris. Elle a \u00e9tudi\u00e9e \u00e0 l\u2019\u00c9cole Nationale des Beaux-Arts de Lyon, 2020, \u00e0 l\u2019\u00c9cole Nationale d\u2019Art et de Design de Reims, 2018 et \u00e0 l\u2019Ontario College of Art and Design de Toronto, 2014.<\/p>\n<p>Son travail \u00e0 \u00e9t\u00e9 montr\u00e9 dans des expositions collectives, au Palais de Tokyo (Paris), au 66\u00e8 Salon de Montrouge, au Marina Abramovic Institute (Amsterdam), au MACVAL, au CAPC de Bordeaux, \u00e0 la 15\u00e8 Biennale de Lyon, au FRAC Champagne-Ardenne, \u00e0 la Cit\u00e9 Internationale des Arts de Paris, au Centre du Livre d\u2019Artistes (St-Yrieix- la-Perche), \u00e0 l\u2019espace Niemeyer (Paris).<\/p>\n<p>En 2024 elle participe aux expositions \u00ab Power Up, imaginaires techniques et utopies sociales \u00bb \u00e0 la Kunsthalle (Mulhouse), \u00ab Toucher l\u2019insens\u00e9 \u00bb au Palais de Tokyo (Paris), \u00ab Revenir du pr\u00e9sent, regards crois\u00e9s sur la sc\u00e8ne actuelle \u00bb \u00e0 la Collection Lambert (Avignon). Parmi ses expositions personnelles : en 2022 \u00ab Paroles chaudes \u00bb \u00e0 La Galerie, centre d\u2019art contemporain de Noisy-le-Sec; en 2023 \u00ab \u00c7a te colle \u00e0 la peau \u00bb \u00e0 l\u2019espace d\u2019exposition M\u00e9c\u00e8nes du Sud Montpellier-S\u00e8te- B\u00e9ziers (Montpellier); en 2024 \u00abSe perdre sans peur\u00bb au centre d\u2019art 40mcube (Rennes) et \u00ab Carnaval de chambre \u00bb \u00e0 la Galerie Valeria Cetraro (Paris). Carla Adra r\u00e9alise r\u00e9guli\u00e8rement des performances dans diff\u00e9rentes institutions comme le Palais de Tokyo (Paris) ou encore le Mus\u00e9e d\u2019art Moderne et Contemporain (Strasbourg). Son travail a r\u00e9cemment rejoint les collections du FMAC Fonds d\u2019art contemporain Paris collections, du FRAC MECA Aquitaine, du FRAC Artoth\u00e8que Nouvelle Aquitaine, du FRAC Lorraine, et du FRAC Les Abattoirs.<\/p>\n<p>Les r\u00e9cits de soi et l\u2019exp\u00e9rience de la r\u00e9ciprocit\u00e9 sont au c\u0153ur de la pratique de Carla Adra. \u00c0 travers des exp\u00e9riences performatives collectives, elle organise des moments de rencontres, dans lesquels elle laisse sa voix \u00e0 l\u2019autre et tente de rendre audible une parole souvent disqualifi\u00e9e dans la sph\u00e8re domestique, urbaine ou institutionnelle. Dans l\u2019espace public ou au sein de structures, elle collecte des paroles en \u00e9change d\u2019une histoire v\u00e9cue, elle propose de d\u00e9placer le point d\u2019\u00e9nonciation, d\u2019endosser un r\u00e9cit personnel comme on se rev\u00eatit du v\u00eatement de l\u2019autre, faisant r\u00e9sonner des t\u00e9moignages individuels avec des exp\u00e9riences partag\u00e9es. Carla Adra d\u00e9veloppe parall\u00e8lement une pratique sculpturale intimiste qui met en dialogue discours int\u00e9rieur et formes souterraines. Carla Adra dirige \u00e9galement sa pratique vers la transmission \u00e0 travers des workshops, ateliers et rencontres avec diff\u00e9rents publics, en collaborant avec diff\u00e9rentes associations et institutions telle que : TIMMY &#8211; Soutien aux Mineurs Exil\u00e9s \u00e0 Paris, Art en Partage \u00e0 Romainville, Les Ateliers M\u00e9dicis, Orange Rouge.<\/p>\n<p>[\/vc_column_text][vc_btn title=\u00a0\u00bbContact\u00a0\u00bb css=\u00a0\u00bb\u00a0\u00bb link=\u00a0\u00bburl:mailto%3Acarla.adra%40ensapc.fr%20&Prime;][vc_btn title=\u00a0\u00bbEn savoir plus\u00a0\u00bb css=\u00a0\u00bb\u00a0\u00bb link=\u00a0\u00bburl:https%3A%2F%2Fwww.carlaadra.com%2F\u00a0\u00bb][vc_empty_space height=\u00a0\u00bb52px\u00a0\u00bb][\/vc_column][\/vc_row]<\/p>\n<\/div>","protected":false},"excerpt":{"rendered":"<p>[vc_row][vc_column][vc_column_text css=\u00a0\u00bb\u00a0\u00bb]Carla Adra est une artiste fran\u00e7aise et canadienne n\u00e9e en 1993 \u00e0 Toronto (Canada). Elle vit et travaille \u00e0 Paris. Elle est repr\u00e9sent\u00e9e par la Galerie Valeria Cetraro, Paris. Elle a \u00e9tudi\u00e9e \u00e0 l\u2019\u00c9cole Nationale des Beaux-Arts de Lyon, 2020, \u00e0 l\u2019\u00c9cole Nationale d\u2019Art et de Design de Reims, 2018 et \u00e0 l\u2019Ontario College&#8230;  <a class=\"excerpt-read-more\" href=\"https:\/\/www.ensapc.fr\/fr\/carla-adra\/\" title=\"Read Carla Adra\">Lire la suite &raquo;<\/a><\/p>\n","protected":false},"author":1,"featured_media":0,"parent":0,"menu_order":41,"comment_status":"closed","ping_status":"closed","template":"","meta":{"footnotes":""},"class_list":["post-12081","page","type-page","status-publish","hentry"],"_links":{"self":[{"href":"https:\/\/www.ensapc.fr\/fr\/wp-json\/wp\/v2\/pages\/12081","targetHints":{"allow":["GET"]}}],"collection":[{"href":"https:\/\/www.ensapc.fr\/fr\/wp-json\/wp\/v2\/pages"}],"about":[{"href":"https:\/\/www.ensapc.fr\/fr\/wp-json\/wp\/v2\/types\/page"}],"author":[{"embeddable":true,"href":"https:\/\/www.ensapc.fr\/fr\/wp-json\/wp\/v2\/users\/1"}],"replies":[{"embeddable":true,"href":"https:\/\/www.ensapc.fr\/fr\/wp-json\/wp\/v2\/comments?post=12081"}],"version-history":[{"count":5,"href":"https:\/\/www.ensapc.fr\/fr\/wp-json\/wp\/v2\/pages\/12081\/revisions"}],"predecessor-version":[{"id":14207,"href":"https:\/\/www.ensapc.fr\/fr\/wp-json\/wp\/v2\/pages\/12081\/revisions\/14207"}],"wp:attachment":[{"href":"https:\/\/www.ensapc.fr\/fr\/wp-json\/wp\/v2\/media?parent=12081"}],"curies":[{"name":"wp","href":"https:\/\/api.w.org\/{rel}","templated":true}]}}